{"id":734,"date":"2022-06-17T12:40:04","date_gmt":"2022-06-17T12:40:04","guid":{"rendered":"https:\/\/carbonsdelclos.com\/sobre-nosaltres\/"},"modified":"2022-07-01T09:22:37","modified_gmt":"2022-07-01T09:22:37","slug":"sobre-nosaltres","status":"publish","type":"page","link":"https:\/\/carbonsdelclos.com\/ca\/sobre-nosaltres\/","title":{"rendered":"Sobre nosaltres"},"content":{"rendered":"\t\t<div data-elementor-type=\"wp-page\" data-elementor-id=\"734\" class=\"elementor elementor-734 elementor-9\">\n\t\t\t\t\t\t\t\t\t<section class=\"elementor-section elementor-top-section elementor-element elementor-element-927f3b7 elementor-section-boxed elementor-section-height-default elementor-section-height-default\" data-id=\"927f3b7\" data-element_type=\"section\">\n\t\t\t\t\t\t<div class=\"elementor-container elementor-column-gap-default\">\n\t\t\t\t\t<div class=\"elementor-column elementor-col-100 elementor-top-column elementor-element elementor-element-76c1168\" data-id=\"76c1168\" data-element_type=\"column\">\n\t\t\t<div class=\"elementor-widget-wrap elementor-element-populated\">\n\t\t\t\t\t\t\t\t<div class=\"elementor-element elementor-element-5500f17 elementor-widget elementor-widget-heading\" data-id=\"5500f17\" data-element_type=\"widget\" data-widget_type=\"heading.default\">\n\t\t\t\t<div class=\"elementor-widget-container\">\n\t\t\t<style>\/*! elementor - v3.16.0 - 20-09-2023 *\/\n.elementor-heading-title{padding:0;margin:0;line-height:1}.elementor-widget-heading .elementor-heading-title[class*=elementor-size-]>a{color:inherit;font-size:inherit;line-height:inherit}.elementor-widget-heading .elementor-heading-title.elementor-size-small{font-size:15px}.elementor-widget-heading .elementor-heading-title.elementor-size-medium{font-size:19px}.elementor-widget-heading .elementor-heading-title.elementor-size-large{font-size:29px}.elementor-widget-heading .elementor-heading-title.elementor-size-xl{font-size:39px}.elementor-widget-heading .elementor-heading-title.elementor-size-xxl{font-size:59px}<\/style><h2 class=\"elementor-heading-title elementor-size-default\">Sobre nosaltres<\/h2>\t\t<\/div>\n\t\t\t\t<\/div>\n\t\t\t\t\t<\/div>\n\t\t<\/div>\n\t\t\t\t\t\t\t<\/div>\n\t\t<\/section>\n\t\t\t\t<section class=\"elementor-section elementor-top-section elementor-element elementor-element-3967e37 elementor-section-boxed elementor-section-height-default elementor-section-height-default\" data-id=\"3967e37\" data-element_type=\"section\">\n\t\t\t\t\t\t<div class=\"elementor-container elementor-column-gap-default\">\n\t\t\t\t\t<div class=\"elementor-column elementor-col-50 elementor-top-column elementor-element elementor-element-66d079c\" data-id=\"66d079c\" data-element_type=\"column\">\n\t\t\t<div class=\"elementor-widget-wrap elementor-element-populated\">\n\t\t\t\t\t\t\t\t<div class=\"elementor-element elementor-element-229a621 elementor-widget elementor-widget-text-editor\" data-id=\"229a621\" data-element_type=\"widget\" data-widget_type=\"text-editor.default\">\n\t\t\t\t<div class=\"elementor-widget-container\">\n\t\t\t<style>\/*! elementor - v3.16.0 - 20-09-2023 *\/\n.elementor-widget-text-editor.elementor-drop-cap-view-stacked .elementor-drop-cap{background-color:#69727d;color:#fff}.elementor-widget-text-editor.elementor-drop-cap-view-framed .elementor-drop-cap{color:#69727d;border:3px solid;background-color:transparent}.elementor-widget-text-editor:not(.elementor-drop-cap-view-default) .elementor-drop-cap{margin-top:8px}.elementor-widget-text-editor:not(.elementor-drop-cap-view-default) .elementor-drop-cap-letter{width:1em;height:1em}.elementor-widget-text-editor .elementor-drop-cap{float:left;text-align:center;line-height:1;font-size:50px}.elementor-widget-text-editor .elementor-drop-cap-letter{display:inline-block}<\/style>\t\t\t\t<p>L&#8217;empresa Carbons i llenyes Delcl\u00f2s, fundada el 1950 per Llu\u00eds Delcl\u00f2s Puigvert, es dedica a la comercialitzaci\u00f3 de carb\u00f3 i llenya. En aquella \u00e8poca la feina era principalment repartir el g\u00e8nere per les cases, ja que el carb\u00f3 servia per cuinar, i la llenya, per escalfar-se. Amb els anys, el carb\u00f3 es va anar distribuint als restaurants per fer barbacoes. I ja al segle XXI, la biomassa s&#8217;est\u00e0 imposant a altres tipus d&#8217;energia calor\u00edfica.<\/p><p>Carbons i llenyes Delcl\u00f2s ha apostat per aquest tipus d&#8217;energia. Venem estufes de biomassa i un producte anomenat pellet, que tamb\u00e9 comercialitzem per la gran demanda d&#8217;aquests productes.<\/p><p>Despr\u00e9s de ser fundada per Llu\u00eds Delcl\u00f2s, l&#8217;empresa va ser dirigida pel seu fill Esteve Delcl\u00f2s Soler, i en l&#8217;actualitat est\u00e0 representada pel seu n\u00e9t, Llu\u00eds Delcl\u00f2s Carrer.<\/p><p>L&#8217;empresa tamb\u00e9 es dedica a la venda i instal\u00b7laci\u00f3 de tot tipus de calderes i estufes de biomassa per a les llars.<\/p><p>La nostra especialitat, per\u00f2, continua sent la venda de carb\u00f3 vegetal per als restaurants i la llenya per a les xemeneies.<\/p>\t\t\t\t\t\t<\/div>\n\t\t\t\t<\/div>\n\t\t\t\t\t<\/div>\n\t\t<\/div>\n\t\t\t\t<div class=\"elementor-column elementor-col-50 elementor-top-column elementor-element elementor-element-9faa4bc\" data-id=\"9faa4bc\" data-element_type=\"column\">\n\t\t\t<div class=\"elementor-widget-wrap elementor-element-populated\">\n\t\t\t\t\t\t\t\t<div class=\"elementor-element elementor-element-733ab6a elementor-widget elementor-widget-image\" data-id=\"733ab6a\" data-element_type=\"widget\" data-widget_type=\"image.default\">\n\t\t\t\t<div class=\"elementor-widget-container\">\n\t\t\t<style>\/*! elementor - v3.16.0 - 20-09-2023 *\/\n.elementor-widget-image{text-align:center}.elementor-widget-image a{display:inline-block}.elementor-widget-image a img[src$=\".svg\"]{width:48px}.elementor-widget-image img{vertical-align:middle;display:inline-block}<\/style>\t\t\t\t\t\t\t\t\t\t\t\t<img loading=\"lazy\" decoding=\"async\" width=\"500\" height=\"333\" src=\"https:\/\/carbonsdelclos.com\/wp-content\/uploads\/2022\/06\/CarbonsDelclos01.jpg\" class=\"attachment-large size-large wp-image-724\" alt=\"Carbons i Llenyes Delcl\u00f2s\" srcset=\"https:\/\/carbonsdelclos.com\/wp-content\/uploads\/2022\/06\/CarbonsDelclos01.jpg 500w, https:\/\/carbonsdelclos.com\/wp-content\/uploads\/2022\/06\/CarbonsDelclos01-300x200.jpg 300w\" sizes=\"auto, (max-width: 500px) 100vw, 500px\" \/>\t\t\t\t\t\t\t\t\t\t\t\t\t\t\t<\/div>\n\t\t\t\t<\/div>\n\t\t\t\t\t<\/div>\n\t\t<\/div>\n\t\t\t\t\t\t\t<\/div>\n\t\t<\/section>\n\t\t\t\t\t\t\t<\/div>\n\t\t","protected":false},"excerpt":{"rendered":"<p>Sobre nosaltres L&#8217;empresa Carbons i llenyes Delcl\u00f2s, fundada el 1950 per Llu\u00eds Delcl\u00f2s Puigvert, es dedica a la comercialitzaci\u00f3 de carb\u00f3 i llenya. En aquella \u00e8poca la feina era principalment repartir el g\u00e8nere per les cases, ja que el carb\u00f3 servia per cuinar, i la llenya, per escalfar-se. Amb els anys, el carb\u00f3 es va &hellip;<\/p>\n<p class=\"read-more\"> <a class=\"\" href=\"https:\/\/carbonsdelclos.com\/ca\/sobre-nosaltres\/\"> <span class=\"screen-reader-text\">Sobre nosaltres<\/span> Llegeix m\u00e9s &raquo;<\/a><\/p>\n","protected":false},"author":1,"featured_media":0,"parent":0,"menu_order":0,"comment_status":"closed","ping_status":"closed","template":"","meta":{"site-sidebar-layout":"no-sidebar","site-content-layout":"page-builder","ast-site-content-layout":"","site-content-style":"default","site-sidebar-style":"default","ast-global-header-display":"","ast-banner-title-visibility":"","ast-main-header-display":"","ast-hfb-above-header-display":"","ast-hfb-below-header-display":"","ast-hfb-mobile-header-display":"","site-post-title":"disabled","ast-breadcrumbs-content":"","ast-featured-img":"disabled","footer-sml-layout":"","theme-transparent-header-meta":"default","adv-header-id-meta":"","stick-header-meta":"","header-above-stick-meta":"","header-main-stick-meta":"","header-below-stick-meta":"","astra-migrate-meta-layouts":"","footnotes":""},"class_list":["post-734","page","type-page","status-publish","hentry"],"_links":{"self":[{"href":"https:\/\/carbonsdelclos.com\/ca\/wp-json\/wp\/v2\/pages\/734","targetHints":{"allow":["GET"]}}],"collection":[{"href":"https:\/\/carbonsdelclos.com\/ca\/wp-json\/wp\/v2\/pages"}],"about":[{"href":"https:\/\/carbonsdelclos.com\/ca\/wp-json\/wp\/v2\/types\/page"}],"author":[{"embeddable":true,"href":"https:\/\/carbonsdelclos.com\/ca\/wp-json\/wp\/v2\/users\/1"}],"replies":[{"embeddable":true,"href":"https:\/\/carbonsdelclos.com\/ca\/wp-json\/wp\/v2\/comments?post=734"}],"version-history":[{"count":1,"href":"https:\/\/carbonsdelclos.com\/ca\/wp-json\/wp\/v2\/pages\/734\/revisions"}],"predecessor-version":[{"id":735,"href":"https:\/\/carbonsdelclos.com\/ca\/wp-json\/wp\/v2\/pages\/734\/revisions\/735"}],"wp:attachment":[{"href":"https:\/\/carbonsdelclos.com\/ca\/wp-json\/wp\/v2\/media?parent=734"}],"curies":[{"name":"wp","href":"https:\/\/api.w.org\/{rel}","templated":true}]}}