{"id":802,"date":"2022-06-17T14:19:51","date_gmt":"2022-06-17T14:19:51","guid":{"rendered":"https:\/\/carbonsdelclos.com\/producto\/activa-solar\/"},"modified":"2022-06-17T14:19:51","modified_gmt":"2022-06-17T14:19:51","slug":"activa-solar-2","status":"publish","type":"product","link":"https:\/\/carbonsdelclos.com\/ca\/producte\/activa-solar-2\/","title":{"rendered":"Activa Solar"},"content":{"rendered":"<p>Dues versions per complementar equips solars:<\/p>\n<p>ACTIVA SOLAR AV per SOLMATIC<br \/>\nGrup t\u00e8rmic per Calefacci\u00f3 + ACS amb interacumulador d&#8217;acer inoxidable (30 litres), amb regulaci\u00f3 clim\u00e0tica, sonda ambient, sonda exterior i v\u00e0lvula termost\u00e0tica. Compleix CTE.<\/p>\n<p>ACTIVA SOLAR AC per SOLMATIC DUO<br \/>\nGrup t\u00e8rmic per Calefacci\u00f3 + ACS amb acumulador extern. (SOLMATIC DUO) inclou regulaci\u00f3 clim\u00e0tica, sonda ambient i exterior.<\/p>\n<p><strong>CARACTER\u00cdSTIQUES<\/strong><\/p>\n<p>Elevada efici\u00e8ncia energ\u00e8tica obtinguda gr\u00e0cies a les caracter\u00edstiques constructives dels cossos Lasian de gran superf\u00edcie d&#8217;intercanvi ia la minimitzaci\u00f3 de p\u00e8rdues energ\u00e8tiques en la unitat. A\u00efllament ac\u00fastic que redueix els nivells d&#8217;emissi\u00f3 de soroll. \u00d2ptim acabat exterior proporcionant major protecci\u00f3 davant d&#8217;agents ambientals. Pot\u00e8ncia \u00fatil de 27,2 kW.<\/p>\n<hr>\n<table class=\"table table-bordered\">\n<thead>\n<tr>\n<th>MODEL<\/th>\n<th>CODI<\/th>\n<th>VERSI\u00d3<\/th>\n<th>POT\u00c8NCIA \u00daTIL (kw)<\/th>\n<th>P.V.P<\/th>\n<\/tr>\n<\/thead>\n<tbody>\n<tr>\n<td>ACTIVA SOLAR AC<\/td>\n<td>1406<\/td>\n<td>Calefacci\u00f3 + ACS per acumulador extern<\/td>\n<td>27,2<\/td>\n<td>2.290<\/td>\n<\/tr>\n<tr>\n<td>ACTIVA SOLAR AV<\/td>\n<td>1407<\/td>\n<td>Calefacci\u00f3 + ACS<\/td>\n<td>27,2<\/td>\n<td>3.150<\/td>\n<\/tr>\n<\/tbody>\n<\/table>\n","protected":false},"excerpt":{"rendered":"<p>Grup t\u00e8rmic d&#8217;acer per a kit solar Solmatic<\/p>\n","protected":false},"featured_media":458,"template":"","meta":{"site-sidebar-layout":"default","site-content-layout":"default","ast-site-content-layout":"","site-content-style":"default","site-sidebar-style":"default","ast-global-header-display":"","ast-banner-title-visibility":"","ast-main-header-display":"","ast-hfb-above-header-display":"","ast-hfb-below-header-display":"","ast-hfb-mobile-header-display":"","site-post-title":"","ast-breadcrumbs-content":"","ast-featured-img":"","footer-sml-layout":"","theme-transparent-header-meta":"default","adv-header-id-meta":"","stick-header-meta":"","header-above-stick-meta":"","header-main-stick-meta":"","header-below-stick-meta":"","astra-migrate-meta-layouts":""},"product_cat":[62,58],"product_tag":[],"class_list":["post-802","product","type-product","status-publish","has-post-thumbnail","hentry","product_cat-acs-solar-ca","product_cat-gamma-domestica","desktop-align-left","tablet-align-left","mobile-align-left"],"_links":{"self":[{"href":"https:\/\/carbonsdelclos.com\/ca\/wp-json\/wp\/v2\/product\/802","targetHints":{"allow":["GET"]}}],"collection":[{"href":"https:\/\/carbonsdelclos.com\/ca\/wp-json\/wp\/v2\/product"}],"about":[{"href":"https:\/\/carbonsdelclos.com\/ca\/wp-json\/wp\/v2\/types\/product"}],"wp:featuredmedia":[{"embeddable":true,"href":"https:\/\/carbonsdelclos.com\/ca\/wp-json\/wp\/v2\/media\/458"}],"wp:attachment":[{"href":"https:\/\/carbonsdelclos.com\/ca\/wp-json\/wp\/v2\/media?parent=802"}],"wp:term":[{"taxonomy":"product_cat","embeddable":true,"href":"https:\/\/carbonsdelclos.com\/ca\/wp-json\/wp\/v2\/product_cat?post=802"},{"taxonomy":"product_tag","embeddable":true,"href":"https:\/\/carbonsdelclos.com\/ca\/wp-json\/wp\/v2\/product_tag?post=802"}],"curies":[{"name":"wp","href":"https:\/\/api.w.org\/{rel}","templated":true}]}}