{"id":806,"date":"2022-06-22T12:19:08","date_gmt":"2022-06-22T12:19:08","guid":{"rendered":"https:\/\/carbonsdelclos.com\/producto\/solmatic-duo\/"},"modified":"2022-06-22T12:19:08","modified_gmt":"2022-06-22T12:19:08","slug":"solmatic-duo-2","status":"publish","type":"product","link":"https:\/\/carbonsdelclos.com\/ca\/producte\/solmatic-duo-2\/","title":{"rendered":"Solmatic D\u00fao"},"content":{"rendered":"<p><strong>Compost per:<\/strong><\/p>\n<p>Bomba que permet una instal\u00b7laci\u00f3 m\u00e0xima de 12 metres.<br \/>\nRegulaci\u00f3 solar SOLMATIC.<br \/>\n1 o 2 captadors solars amb els accessoris necessaris per instal\u00b7lar en coberta plana o inclinada.<br \/>\nDip\u00f2sit acumulador vitrificat de 200 o 300 litres. Amb grup hidr\u00e0ulic.<br \/>\nTots els elements necessaris per al muntatge de l&#8217;equip de forma f\u00e0cil i r\u00e0pida.<br \/>\nSoportaciones, ancoratges i suport el\u00e8ctric iguals al model SOLMATIC.<\/p>\n<p><strong>CARACTER\u00cdSTIQUES<\/strong><\/p>\n<p>La regulaci\u00f3 solar SOLMATIC, s&#8217;encarrega d&#8217;aconseguir l&#8217;escalfament de l&#8217;acumulador fins a assolir la temperatura seleccionada per l&#8217;usuari, gestionant la connexi\u00f3 i desconnexi\u00f3 de la bomba solar en funci\u00f3 dels valors de programaci\u00f3 escollits. El control realitza una arrencada progressiu de la bomba per, finalment, reduir la velocitat de la mateixa una vegada s&#8217;ha aconseguit el retorn del l\u00edquid al dip\u00f2sit solar, aconseguint un funcionament silenci\u00f3s al mateix temps que suposa un estalvi en el consum el\u00e8ctric.<\/p>\n<table class=\"table table-bordered\">\n<thead>\n<tr>\n<th>MODEL<\/th>\n<th>CODI<br \/>\nINDEPENDENT<\/th>\n<th>DESCRIPCI\u00d3<\/th>\n<th>P.V.P<\/th>\n<\/tr>\n<\/thead>\n<tbody>\n<tr>\n<td>SOLMATIC D\u00daO 200<\/td>\n<td>1643<\/td>\n<td>1 Col\u00b7lector solar pla de 2 m 2 +1 Interacumulador de 200 litres + anticongelant<\/td>\n<td>2.185<\/td>\n<\/tr>\n<tr>\n<td>SOLMATIC D\u00daO 300<\/td>\n<td>1644<\/td>\n<td>1 Col\u00b7lector solar pla de 2 m 2 +1 Interacumulador de 300 litres + anticongelant<\/td>\n<td>3.172<\/td>\n<\/tr>\n<\/tbody>\n<\/table>\n","protected":false},"excerpt":{"rendered":"<p>Equip solar per a ACS Sistema Drainback<\/p>\n","protected":false},"featured_media":470,"template":"","meta":{"site-sidebar-layout":"default","site-content-layout":"default","ast-site-content-layout":"","site-content-style":"default","site-sidebar-style":"default","ast-global-header-display":"","ast-banner-title-visibility":"","ast-main-header-display":"","ast-hfb-above-header-display":"","ast-hfb-below-header-display":"","ast-hfb-mobile-header-display":"","site-post-title":"","ast-breadcrumbs-content":"","ast-featured-img":"","footer-sml-layout":"","theme-transparent-header-meta":"default","adv-header-id-meta":"","stick-header-meta":"","header-above-stick-meta":"","header-main-stick-meta":"","header-below-stick-meta":"","astra-migrate-meta-layouts":""},"product_cat":[62,58],"product_tag":[],"class_list":["post-806","product","type-product","status-publish","has-post-thumbnail","hentry","product_cat-acs-solar-ca","product_cat-gamma-domestica","desktop-align-left","tablet-align-left","mobile-align-left"],"_links":{"self":[{"href":"https:\/\/carbonsdelclos.com\/ca\/wp-json\/wp\/v2\/product\/806","targetHints":{"allow":["GET"]}}],"collection":[{"href":"https:\/\/carbonsdelclos.com\/ca\/wp-json\/wp\/v2\/product"}],"about":[{"href":"https:\/\/carbonsdelclos.com\/ca\/wp-json\/wp\/v2\/types\/product"}],"wp:featuredmedia":[{"embeddable":true,"href":"https:\/\/carbonsdelclos.com\/ca\/wp-json\/wp\/v2\/media\/470"}],"wp:attachment":[{"href":"https:\/\/carbonsdelclos.com\/ca\/wp-json\/wp\/v2\/media?parent=806"}],"wp:term":[{"taxonomy":"product_cat","embeddable":true,"href":"https:\/\/carbonsdelclos.com\/ca\/wp-json\/wp\/v2\/product_cat?post=806"},{"taxonomy":"product_tag","embeddable":true,"href":"https:\/\/carbonsdelclos.com\/ca\/wp-json\/wp\/v2\/product_tag?post=806"}],"curies":[{"name":"wp","href":"https:\/\/api.w.org\/{rel}","templated":true}]}}