{"id":808,"date":"2022-06-22T12:58:06","date_gmt":"2022-06-22T12:58:06","guid":{"rendered":"https:\/\/carbonsdelclos.com\/producto\/aqua-select\/"},"modified":"2022-06-22T12:58:06","modified_gmt":"2022-06-22T12:58:06","slug":"aqua-select-2","status":"publish","type":"product","link":"https:\/\/carbonsdelclos.com\/ca\/producte\/aqua-select-2\/","title":{"rendered":"Aqua Select"},"content":{"rendered":"<p>Dip\u00f2sits d&#8217;acer vitrificat l\u00edquid i serpent\u00ed optimitzat per proporcionar el m\u00e0xim cabal d&#8217;ACS continu amb una font de calor externa procedent de qualsevol tipus de caldera, captadors d&#8217;energia solar t\u00e8rmica, etc.<\/p>\n<p>Dissenyat especialment per utilitzar-se en instal \u00b7 lacions d&#8217;energia solar, (compleix el CTE), superant \u00e0mpliament l&#8217;exig\u00e8ncia de 0,15 m2 de superf\u00edcie d&#8217;intercanvi per cada 50 litres d&#8217;acumulaci\u00f3n\/m2 de captador solar.<\/p>\n<p><strong>CARACTER\u00cdSTIQUES<\/strong><\/p>\n<p>La protecci\u00f3 contra la corrosi\u00f3 est\u00e0 garantida per la disposici\u00f3 de l&#8217;\u00e0node de magnesi sobredimensionat.<\/p>\n<p>Tots els models admeten la possibilitat d&#8217;instal \u00b7 lar una resist\u00e8ncia el\u00e8ctrica de suport com a opci\u00f3, recordant que el CTE no permet el seu \u00fas, si s&#8217;utilitza en instal\u00b7lacions d&#8217;energia solar.<\/p>\n<p>A\u00efllat amb poliuret\u00e0 expandit lliure de CFC .. Exterior de camisa d&#8217;acer amb pintura Epoxi.<\/p>\n<h4>VERTICALS<\/h4>\n<table class=\"table table-bordered\">\n<thead>\n<tr>\n<th>MODEL<\/th>\n<th>CODI<\/th>\n<th>VOLUM LITRES<\/th>\n<th>\u00c1REA SERPENT\u00cd<br \/>\n(m2)<\/th>\n<th>CAUDAL EN CONTINU<\/th>\n<th>CONNEXIONS<br \/>\n(aigua sanit\u00e0ria)<\/th>\n<th>CONNEXIONS<br \/>\n(serpent\u00ed)<\/th>\n<th>DIMENSIONS DIP\u00d3SIT<br \/>\n(di\u00e0metre)<\/th>\n<th>DIMENSIONS DIP\u00d3SIT<br \/>\n(altura)<\/th>\n<th>PES AMB EMBALATGE<\/th>\n<th>P.V.P<\/th>\n<\/tr>\n<\/thead>\n<tbody>\n<tr>\n<td style=\"color: #3366ff;\">IAVMM 80<\/td>\n<td>53630<\/td>\n<td>80<\/td>\n<td>0,42<\/td>\n<td>340<\/td>\n<td>M 1\/2&#8221;<\/td>\n<td>M 1\/2&#8221;<\/td>\n<td>385<\/td>\n<td>1.055<\/td>\n<td>31<\/td>\n<td>258<\/td>\n<\/tr>\n<tr>\n<td style=\"color: #3366ff;\">IAVMM 120<\/td>\n<td>53631<\/td>\n<td>120<\/td>\n<td>0,53<\/td>\n<td>520<\/td>\n<td>M 1\/2&#8221;<\/td>\n<td>H 3\/4&#8221;<\/td>\n<td>480<\/td>\n<td>1.140<\/td>\n<td>46,5<\/td>\n<td>366<\/td>\n<\/tr>\n<tr>\n<td style=\"color: #3366ff;\">IAVMM 150<\/td>\n<td>53632<\/td>\n<td>150<\/td>\n<td>0,67<\/td>\n<td>580<\/td>\n<td>M 1\/2&#8221;<\/td>\n<td>H 3\/4&#8221;<\/td>\n<td>585<\/td>\n<td>1.005<\/td>\n<td>59<\/td>\n<td>452<\/td>\n<\/tr>\n<tr>\n<td style=\"color: #3366ff;\">IAVMM 200<\/td>\n<td>53633<\/td>\n<td>200<\/td>\n<td>0,67<\/td>\n<td>580<\/td>\n<td>M 1\/2&#8221;<\/td>\n<td>H 1&#8221;<\/td>\n<td>585<\/td>\n<td>1.230<\/td>\n<td>74<\/td>\n<td>583<\/td>\n<\/tr>\n<\/tbody>\n<\/table>\n<h4>HORIZONTALES<\/h4>\n<p>&nbsp;<\/p>\n<table class=\"table table-bordered\">\n<thead>\n<tr>\n<th>MODEL<\/th>\n<th>CODI<\/th>\n<th>VOLUM LITRES<\/th>\n<th>\u00c1REA SERPENT\u00cd<br \/>\n(m2)<\/th>\n<th>CAUDAL EN CONTINU<\/th>\n<th>CONNEXIONS<br \/>\n(aigua sanit\u00e0ria)<\/th>\n<th>CONNEXIONS<br \/>\n(serpent\u00ed)<\/th>\n<th>DIMENSIONS DIP\u00d3SIT<br \/>\n(di\u00e0metre)<\/th>\n<th>DIMENSIONS DIP\u00d3SIT<br \/>\n(altura)<\/th>\n<th>PES AMB EMBALATGE<\/th>\n<th>P.V.P<\/th>\n<\/tr>\n<\/thead>\n<tbody>\n<tr>\n<td style=\"color: #3366ff;\">IAVMM 80<\/td>\n<td>53630<\/td>\n<td>80<\/td>\n<td>0,42<\/td>\n<td>340<\/td>\n<td>M 1\/2&#8221;<\/td>\n<td>M 1\/2&#8221;<\/td>\n<td>385<\/td>\n<td>1.055<\/td>\n<td>31<\/td>\n<td>258<\/td>\n<\/tr>\n<tr>\n<td style=\"color: #3366ff;\">IAVMM 120<\/td>\n<td>53631<\/td>\n<td>120<\/td>\n<td>0,53<\/td>\n<td>520<\/td>\n<td>M 1\/2&#8221;<\/td>\n<td>H 3\/4&#8221;<\/td>\n<td>480<\/td>\n<td>1.140<\/td>\n<td>46,5<\/td>\n<td>366<\/td>\n<\/tr>\n<tr>\n<td style=\"color: #3366ff;\">IAVMM 150<\/td>\n<td>53632<\/td>\n<td>150<\/td>\n<td>0,67<\/td>\n<td>580<\/td>\n<td>M 1\/2&#8221;<\/td>\n<td>H 3\/4&#8221;<\/td>\n<td>585<\/td>\n<td>1.005<\/td>\n<td>59<\/td>\n<td>452<\/td>\n<\/tr>\n<tr>\n<td style=\"color: #3366ff;\">IAVMM 200<\/td>\n<td>53633<\/td>\n<td>200<\/td>\n<td>0,67<\/td>\n<td>580<\/td>\n<td>M 1\/2&#8221;<\/td>\n<td>H 1&#8221;<\/td>\n<td>585<\/td>\n<td>1.230<\/td>\n<td>74<\/td>\n<td>583<\/td>\n<\/tr>\n<\/tbody>\n<\/table>\n","protected":false},"excerpt":{"rendered":"<p>MURALS 80, 120, 150 et 200 litres<\/p>\n","protected":false},"featured_media":476,"template":"","meta":{"site-sidebar-layout":"default","site-content-layout":"default","ast-site-content-layout":"","site-content-style":"default","site-sidebar-style":"default","ast-global-header-display":"","ast-banner-title-visibility":"","ast-main-header-display":"","ast-hfb-above-header-display":"","ast-hfb-below-header-display":"","ast-hfb-mobile-header-display":"","site-post-title":"","ast-breadcrumbs-content":"","ast-featured-img":"","footer-sml-layout":"","theme-transparent-header-meta":"default","adv-header-id-meta":"","stick-header-meta":"","header-above-stick-meta":"","header-main-stick-meta":"","header-below-stick-meta":"","astra-migrate-meta-layouts":""},"product_cat":[61,58],"product_tag":[],"class_list":["post-808","product","type-product","status-publish","has-post-thumbnail","hentry","product_cat-acs-interacumuladors","product_cat-gamma-domestica","desktop-align-left","tablet-align-left","mobile-align-left"],"_links":{"self":[{"href":"https:\/\/carbonsdelclos.com\/ca\/wp-json\/wp\/v2\/product\/808","targetHints":{"allow":["GET"]}}],"collection":[{"href":"https:\/\/carbonsdelclos.com\/ca\/wp-json\/wp\/v2\/product"}],"about":[{"href":"https:\/\/carbonsdelclos.com\/ca\/wp-json\/wp\/v2\/types\/product"}],"wp:featuredmedia":[{"embeddable":true,"href":"https:\/\/carbonsdelclos.com\/ca\/wp-json\/wp\/v2\/media\/476"}],"wp:attachment":[{"href":"https:\/\/carbonsdelclos.com\/ca\/wp-json\/wp\/v2\/media?parent=808"}],"wp:term":[{"taxonomy":"product_cat","embeddable":true,"href":"https:\/\/carbonsdelclos.com\/ca\/wp-json\/wp\/v2\/product_cat?post=808"},{"taxonomy":"product_tag","embeddable":true,"href":"https:\/\/carbonsdelclos.com\/ca\/wp-json\/wp\/v2\/product_tag?post=808"}],"curies":[{"name":"wp","href":"https:\/\/api.w.org\/{rel}","templated":true}]}}