{"id":810,"date":"2022-06-22T13:01:16","date_gmt":"2022-06-22T13:01:16","guid":{"rendered":"https:\/\/carbonsdelclos.com\/producto\/aqua-select-inox\/"},"modified":"2022-06-22T13:01:16","modified_gmt":"2022-06-22T13:01:16","slug":"aqua-select-inox-2","status":"publish","type":"product","link":"https:\/\/carbonsdelclos.com\/ca\/producte\/aqua-select-inox-2\/","title":{"rendered":"Aqua Select Inox"},"content":{"rendered":"<p>Dip\u00f2sits d&#8217;acer inoxidable AISI 316-L i serpent\u00ed corrugat tamb\u00e9 d&#8217;acer inoxidable AISI 316-L, que a causa de les turbul\u00e8ncies que genera el tub corrugat i la gran superf\u00edcie d&#8217;intercanvi del mateix, proporcionen el m\u00e0xim cabal d&#8217;ACS continu amb una font d&#8217;calor externa procedent de caldera, captadors d&#8217;energia solar t\u00e8rmica o equips de aerotermia o geot\u00e8rmia.<\/p>\n<p>Dissenyat especialment per utilitzar-se en instal \u00b7 lacions d&#8217;energia solar, (compleix el CTE), superant \u00e0mpliament l&#8217;exig\u00e8ncia de 0,15 m2 de superf\u00edcie d&#8217;intercanvi per cada 50 litres d&#8217;acumulaci\u00f3n\/m2 de captador solar.<\/p>\n<p><strong>CARACTER\u00cdSTIQUES<\/strong><\/p>\n<p>Tots els models admeten la possibilitat d&#8217;instal\u00b7lar una resist\u00e8ncia el\u00e8ctrica de suport com a opci\u00f3, recordant que el CTE no permet el seu \u00fas, si s&#8217;utilitza en instal\u00b7lacions d&#8217;energia solar. A\u00efllat amb poliuret\u00e0 expandit lliure de CFC .. Exterior de camisa d&#8217;acer amb pintura Epoxi.<\/p>\n<table class=\"table table-bordered\">\n<thead>\n<tr>\n<th>MODEL<\/th>\n<th>CODI<\/th>\n<th>VOLUM LITRES<\/th>\n<th>AREA SERPENT\u00cd<br \/>\n(m2)<\/th>\n<th>CAUDAL EN CONTINU<\/th>\n<th>CONNEXIONS<br \/>\n(aigua sanit\u00e0ria)<\/th>\n<th>CONNEXIONS<br \/>\n(serpent\u00ed)<\/th>\n<th>DIMENSIONS DIPOSIT<br \/>\n(di\u00e0metre)<\/th>\n<th>DIMENSIONS DIPOSIT<br \/>\n(altura)<\/th>\n<th>PES AMB EMBALATGE<\/th>\n<th>P.V.P<\/th>\n<\/tr>\n<\/thead>\n<tbody>\n<tr>\n<td>IAVMM 80 X<\/td>\n<td>53636<\/td>\n<td>80<\/td>\n<td>0,60<\/td>\n<td>465<\/td>\n<td>M 1\/2&#8221;<\/td>\n<td>M 1\/2&#8221;<\/td>\n<td>385<\/td>\n<td>1062<\/td>\n<td>24<\/td>\n<td>469<\/td>\n<\/tr>\n<tr>\n<td>IAVMM 120X<\/td>\n<td>53637<\/td>\n<td>120<\/td>\n<td>0,87<\/td>\n<td>675<\/td>\n<td>M 1\/2&#8221;<\/td>\n<td>H 3\/4&#8221;<\/td>\n<td>460<\/td>\n<td>1165<\/td>\n<td>33<\/td>\n<td>607<\/td>\n<\/tr>\n<tr>\n<td>IAVMM 150X<\/td>\n<td>53638<\/td>\n<td>150<\/td>\n<td>1,08<\/td>\n<td>835<\/td>\n<td>M 1\/2&#8221;<\/td>\n<td>H 3\/4&#8221;<\/td>\n<td>460<\/td>\n<td>1415<\/td>\n<td>22<\/td>\n<td>841<\/td>\n<\/tr>\n<tr>\n<td>IAVMM 200X<\/td>\n<td>53639<\/td>\n<td>200<\/td>\n<td>1,11<\/td>\n<td>860<\/td>\n<td>M 1\/2&#8221;<\/td>\n<td>H 3\/4&#8221;<\/td>\n<td>586<\/td>\n<td>1255<\/td>\n<td>58<\/td>\n<td>1.000<\/td>\n<\/tr>\n<\/tbody>\n<\/table>\n","protected":false},"excerpt":{"rendered":"<p>GAMA MURAL de 80 a 200 litros.<\/p>\n","protected":false},"featured_media":482,"template":"","meta":{"site-sidebar-layout":"default","site-content-layout":"default","ast-site-content-layout":"","site-content-style":"default","site-sidebar-style":"default","ast-global-header-display":"","ast-banner-title-visibility":"","ast-main-header-display":"","ast-hfb-above-header-display":"","ast-hfb-below-header-display":"","ast-hfb-mobile-header-display":"","site-post-title":"","ast-breadcrumbs-content":"","ast-featured-img":"","footer-sml-layout":"","theme-transparent-header-meta":"default","adv-header-id-meta":"","stick-header-meta":"","header-above-stick-meta":"","header-main-stick-meta":"","header-below-stick-meta":"","astra-migrate-meta-layouts":""},"product_cat":[61,58],"product_tag":[],"class_list":["post-810","product","type-product","status-publish","has-post-thumbnail","hentry","product_cat-acs-interacumuladors","product_cat-gamma-domestica","desktop-align-left","tablet-align-left","mobile-align-left"],"_links":{"self":[{"href":"https:\/\/carbonsdelclos.com\/ca\/wp-json\/wp\/v2\/product\/810","targetHints":{"allow":["GET"]}}],"collection":[{"href":"https:\/\/carbonsdelclos.com\/ca\/wp-json\/wp\/v2\/product"}],"about":[{"href":"https:\/\/carbonsdelclos.com\/ca\/wp-json\/wp\/v2\/types\/product"}],"wp:featuredmedia":[{"embeddable":true,"href":"https:\/\/carbonsdelclos.com\/ca\/wp-json\/wp\/v2\/media\/482"}],"wp:attachment":[{"href":"https:\/\/carbonsdelclos.com\/ca\/wp-json\/wp\/v2\/media?parent=810"}],"wp:term":[{"taxonomy":"product_cat","embeddable":true,"href":"https:\/\/carbonsdelclos.com\/ca\/wp-json\/wp\/v2\/product_cat?post=810"},{"taxonomy":"product_tag","embeddable":true,"href":"https:\/\/carbonsdelclos.com\/ca\/wp-json\/wp\/v2\/product_tag?post=810"}],"curies":[{"name":"wp","href":"https:\/\/api.w.org\/{rel}","templated":true}]}}