{"id":813,"date":"2022-06-22T13:01:53","date_gmt":"2022-06-22T13:01:53","guid":{"rendered":"https:\/\/carbonsdelclos.com\/producto\/aqua-select-inox\/"},"modified":"2022-06-22T13:01:53","modified_gmt":"2022-06-22T13:01:53","slug":"aqua-select-inox-gama-suelo-2","status":"publish","type":"product","link":"https:\/\/carbonsdelclos.com\/ca\/producte\/aqua-select-inox-gama-suelo-2\/","title":{"rendered":"Aqua Select Inox"},"content":{"rendered":"<p>Dip\u00f2sits d&#8217;acer inoxidable AISI 316-L i serpent\u00ed corrugat tamb\u00e9 d&#8217;acer inoxidable AISI 316-L, que a causa de les turbul\u00e8ncies que genera el tub corrugat i la gran superf\u00edcie d&#8217;intercanvi del mateix, proporcionen el m\u00e0xim cabal d&#8217;ACS continu amb una font d&#8217;calor externa procedent de caldera, captadors d&#8217;energia solar t\u00e8rmica o equips de aerotermia o geot\u00e8rmia.<\/p>\n<p>Dissenyat especialment per utilitzar-se en instal\u00b7lacions d&#8217;energia solar, (compleix el CTE), superant \u00e0mpliament l&#8217;exig\u00e8ncia de 0,15 m2 de superf\u00edcie d&#8217;intercanvi per cada 50 litres d&#8217;acumulaci\u00f3n\/m2 de captador solar.<\/p>\n<p><strong>CARACTER\u00cdSTIQUES<\/strong><\/p>\n<p>Tots els models admeten la possibilitat d&#8217;instal\u00b7lar una resist\u00e8ncia el\u00e8ctrica de suport com a opci\u00f3, recordant que el CTE no permet el seu \u00fas, si s&#8217;utilitza en instal \u00b7 lacions d&#8217;energia solar.<\/p>\n<p>A\u00efllat amb poliuret\u00e0 expandit lliure de CFC.. Exterior de camisa d&#8217;acer amb pintura Epoxi en els models de 150 a 500 litres i en el model de 740 litres, amb camisa de PVC.<\/p>\n<table class=\"table table-bordered\">\n<thead>\n<tr>\n<th>MODEL<\/th>\n<th>CODI<\/th>\n<th>VOLUM LITRES<\/th>\n<th>AREA SERPENT\u00cd (m2)<\/th>\n<th>CAUDAL EN CONTINUO<\/th>\n<th>CONNEXIONS (aigua sanitaria)<\/th>\n<th>CONNEXIONS (serpent\u00ed)<\/th>\n<th>DIMENSIONS DIP\u00d3SIT (di\u00e0metre)<\/th>\n<th>DIMENSIONS DIP\u00d3SIT (altura)<\/th>\n<th>PES AMB EMBALATGE<\/th>\n<th>P.V.P<\/th>\n<\/tr>\n<\/thead>\n<tbody>\n<tr>\n<td>IAVSM 150X<\/td>\n<td>53653<\/td>\n<td>450<\/td>\n<td>0,94<\/td>\n<td>792<\/td>\n<td>H 3\/4&#8221;<\/td>\n<td>H 3\/4&#8221;<\/td>\n<td>565<\/td>\n<td>1.132<\/td>\n<td>59<\/td>\n<td>1.055<\/td>\n<\/tr>\n<tr>\n<td>IAVSM 200X<\/td>\n<td>53654<\/td>\n<td>200<\/td>\n<td>1,15<\/td>\n<td>969<\/td>\n<td>H 3\/4&#8221;<\/td>\n<td>H 3\/4&#8221;<\/td>\n<td>586<\/td>\n<td>1.200<\/td>\n<td>66,5<\/td>\n<td>1.246<\/td>\n<\/tr>\n<tr>\n<td>IAVSM 300X<\/td>\n<td>53655<\/td>\n<td>300<\/td>\n<td>1,29<\/td>\n<td>1.087<\/td>\n<td>H 3\/4&#8221;<\/td>\n<td>H 3\/4&#8221;<\/td>\n<td>586<\/td>\n<td>1.575<\/td>\n<td>83<\/td>\n<td>1.581<\/td>\n<\/tr>\n<tr>\n<td>IAVSM 500X<\/td>\n<td>53657<\/td>\n<td>500<\/td>\n<td>2,36<\/td>\n<td>1.988<\/td>\n<td>H 3\/4&#8221;<\/td>\n<td>H 1&#8221;<\/td>\n<td>740<\/td>\n<td>1.790<\/td>\n<td>129<\/td>\n<td>2.996<\/td>\n<\/tr>\n<tr>\n<td>IAVSM 740X<\/td>\n<td>53658<\/td>\n<td>740<\/td>\n<td>2,60<\/td>\n<td>2.191<\/td>\n<td>H 1&#8221;<\/td>\n<td>H 1&#8221;<\/td>\n<td>990<\/td>\n<td>1.665<\/td>\n<td>175,5<\/td>\n<td>4.496<\/td>\n<\/tr>\n<\/tbody>\n<\/table>\n","protected":false},"excerpt":{"rendered":"<p>GAMMA S\u00d2L De 150-740 litres<\/p>\n","protected":false},"featured_media":488,"template":"","meta":{"site-sidebar-layout":"default","site-content-layout":"default","ast-site-content-layout":"","site-content-style":"default","site-sidebar-style":"default","ast-global-header-display":"","ast-banner-title-visibility":"","ast-main-header-display":"","ast-hfb-above-header-display":"","ast-hfb-below-header-display":"","ast-hfb-mobile-header-display":"","site-post-title":"","ast-breadcrumbs-content":"","ast-featured-img":"","footer-sml-layout":"","theme-transparent-header-meta":"default","adv-header-id-meta":"","stick-header-meta":"","header-above-stick-meta":"","header-main-stick-meta":"","header-below-stick-meta":"","astra-migrate-meta-layouts":""},"product_cat":[61,58],"product_tag":[],"class_list":["post-813","product","type-product","status-publish","has-post-thumbnail","hentry","product_cat-acs-interacumuladors","product_cat-gamma-domestica","desktop-align-left","tablet-align-left","mobile-align-left"],"_links":{"self":[{"href":"https:\/\/carbonsdelclos.com\/ca\/wp-json\/wp\/v2\/product\/813","targetHints":{"allow":["GET"]}}],"collection":[{"href":"https:\/\/carbonsdelclos.com\/ca\/wp-json\/wp\/v2\/product"}],"about":[{"href":"https:\/\/carbonsdelclos.com\/ca\/wp-json\/wp\/v2\/types\/product"}],"wp:featuredmedia":[{"embeddable":true,"href":"https:\/\/carbonsdelclos.com\/ca\/wp-json\/wp\/v2\/media\/488"}],"wp:attachment":[{"href":"https:\/\/carbonsdelclos.com\/ca\/wp-json\/wp\/v2\/media?parent=813"}],"wp:term":[{"taxonomy":"product_cat","embeddable":true,"href":"https:\/\/carbonsdelclos.com\/ca\/wp-json\/wp\/v2\/product_cat?post=813"},{"taxonomy":"product_tag","embeddable":true,"href":"https:\/\/carbonsdelclos.com\/ca\/wp-json\/wp\/v2\/product_tag?post=813"}],"curies":[{"name":"wp","href":"https:\/\/api.w.org\/{rel}","templated":true}]}}