{"id":814,"date":"2022-06-22T13:04:14","date_gmt":"2022-06-22T13:04:14","guid":{"rendered":"https:\/\/carbonsdelclos.com\/producto\/aqua-select-i-aqua-select-duo\/"},"modified":"2022-06-22T13:04:14","modified_gmt":"2022-06-22T13:04:14","slug":"aqua-select-i-aqua-select-duo","status":"publish","type":"product","link":"https:\/\/carbonsdelclos.com\/ca\/producte\/aqua-select-i-aqua-select-duo\/","title":{"rendered":"Aqua Select i Aqua Select D\u00fao"},"content":{"rendered":"<p>Dip\u00f2sits d&#8217;acer vitrificat l\u00edquid i serpent\u00ed optimitzat per proporcionar el m\u00e0xim cabal d&#8217;ACS continu amb una font de calor externa procedent de qualsevol tipus de caldera, captadors d&#8217;energia solar t\u00e8rmica, etc.<\/p>\n<p>Dissenyat especialment per utilitzar-se en instal \u00b7 lacions d&#8217;energia solar, (compleix el CTE), superant \u00e0mpliament l&#8217;exig\u00e8ncia de 0,15 m2 de superf\u00edcie d&#8217;intercanvi per cada 50 litres d&#8217;acumulaci\u00f3n\/m2 de captador solar.<\/p>\n<p><strong>CARACTER\u00cdSTIQUES<\/strong><\/p>\n<p>La protecci\u00f3 contra la corrosi\u00f3 est\u00e0 garantida per la disposici\u00f3 de l&#8217;\u00e0node de magnesi sobredimensionat.<\/p>\n<p>Tots els models admeten la possibilitat d&#8217;instal\u00b7lar una resist\u00e8ncia el\u00e8ctrica de suport com a opci\u00f3, recordant que el CTE no permet el seu \u00fas, si s&#8217;utilitza en instal \u00b7 lacions d&#8217;energia solar.<\/p>\n<p>A\u00efllat amb poliuret\u00e0 expandit lliure de CFC .. Exterior de camisa d&#8217;acer amb pintura Epoxi en els models de 150 a 500 litres i en el model de 740 litres, amb camisa de PVC.<\/p>\n<table class=\"table table-bordered\">\n<thead>\n<tr>\n<th>MODEL<\/th>\n<th>CODI<\/th>\n<th>VOLUM LITRES<\/th>\n<th>AREA SERPENT\u00cd (m2)<\/th>\n<th>CAUDAL EN CONTINU<\/th>\n<th>CONNEXIONS (aigua sanit\u00e0ria)<\/th>\n<th>CONNEXIONS (serpent\u00ed)<\/th>\n<th>DIMENSIONS DIP\u00d3SIT (di\u00e0metre)<\/th>\n<th>DIMENSIONS DIP\u00d3SIT<br \/>\n(altura)<\/th>\n<th>PES AMB EMBALATGE<\/th>\n<th>P.V.P<\/th>\n<\/tr>\n<\/thead>\n<tbody>\n<tr>\n<td style=\"color: #3366ff;\">IAVSM 150<\/td>\n<td>53640<\/td>\n<td>150<\/td>\n<td>0,67<\/td>\n<td>566<\/td>\n<td>H 3\/4&#8221;<\/td>\n<td>M 1\/2&#8221;<\/td>\n<td>565<\/td>\n<td>1.132<\/td>\n<td>69,5<\/td>\n<td>461<\/td>\n<\/tr>\n<tr>\n<td style=\"color: #3366ff;\">IAVSM 200<\/td>\n<td>53641<\/td>\n<td>200<\/td>\n<td>0,86<\/td>\n<td>727<\/td>\n<td>H 3\/4&#8221;<\/td>\n<td>H 3\/4&#8221;<\/td>\n<td>586<\/td>\n<td>1.200<\/td>\n<td>83,5<\/td>\n<td>691<\/td>\n<\/tr>\n<tr>\n<td style=\"color: #3366ff;\">IAVSM 300<\/td>\n<td>53642<\/td>\n<td>300<\/td>\n<td>1,15<\/td>\n<td>972<\/td>\n<td>H 3\/4&#8221;<\/td>\n<td>H 3\/4&#8221;<\/td>\n<td>586<\/td>\n<td>1.575<\/td>\n<td>102,5<\/td>\n<td>952<\/td>\n<\/tr>\n<tr>\n<td style=\"color: #3366ff;\">IAVSM 500<\/td>\n<td>53644<\/td>\n<td>500<\/td>\n<td>1,85<\/td>\n<td>1557<\/td>\n<td>H 3\/4&#8221;<\/td>\n<td>H 1&#8221;<\/td>\n<td>740<\/td>\n<td>1.790<\/td>\n<td>207<\/td>\n<td>1.378<\/td>\n<\/tr>\n<tr>\n<td style=\"color: #3366ff;\">IAVSM 740<\/td>\n<td>53645<\/td>\n<td>740<\/td>\n<td>2,08<\/td>\n<td>1756<\/td>\n<td>H 1&#8221;<\/td>\n<td>H 1&#8221;<\/td>\n<td>990<\/td>\n<td>1.665<\/td>\n<td>219<\/td>\n<td>1.934<\/td>\n<\/tr>\n<tr>\n<td style=\"color: #3366ff;\">IAVSB 200 D\u00daO<\/td>\n<td>53647<\/td>\n<td>200<\/td>\n<td>0,35\/0,86<\/td>\n<td>1019<\/td>\n<td>H 3\/4&#8221;<\/td>\n<td>H 3\/4&#8221;<\/td>\n<td>586<\/td>\n<td>1.200<\/td>\n<td>88,5<\/td>\n<td>852<\/td>\n<\/tr>\n<tr>\n<td style=\"color: #3366ff;\">IAVSB 300 D\u00daO<\/td>\n<td>53648<\/td>\n<td>300<\/td>\n<td>0,89\/1,15<\/td>\n<td>1720<\/td>\n<td>H 3\/4&#8221;<\/td>\n<td>H 3\/4&#8221;<\/td>\n<td>586<\/td>\n<td>1.575<\/td>\n<td>115<\/td>\n<td>1.179<\/td>\n<\/tr>\n<\/tbody>\n<\/table>\n","protected":false},"excerpt":{"rendered":"<p>GAMMA DE S\u00d2L de 200-740 litres<\/p>\n","protected":false},"featured_media":494,"template":"","meta":{"site-sidebar-layout":"default","site-content-layout":"default","ast-site-content-layout":"","site-content-style":"default","site-sidebar-style":"default","ast-global-header-display":"","ast-banner-title-visibility":"","ast-main-header-display":"","ast-hfb-above-header-display":"","ast-hfb-below-header-display":"","ast-hfb-mobile-header-display":"","site-post-title":"","ast-breadcrumbs-content":"","ast-featured-img":"","footer-sml-layout":"","theme-transparent-header-meta":"default","adv-header-id-meta":"","stick-header-meta":"","header-above-stick-meta":"","header-main-stick-meta":"","header-below-stick-meta":"","astra-migrate-meta-layouts":""},"product_cat":[61,58],"product_tag":[],"class_list":["post-814","product","type-product","status-publish","has-post-thumbnail","hentry","product_cat-acs-interacumuladors","product_cat-gamma-domestica","desktop-align-left","tablet-align-left","mobile-align-left"],"_links":{"self":[{"href":"https:\/\/carbonsdelclos.com\/ca\/wp-json\/wp\/v2\/product\/814","targetHints":{"allow":["GET"]}}],"collection":[{"href":"https:\/\/carbonsdelclos.com\/ca\/wp-json\/wp\/v2\/product"}],"about":[{"href":"https:\/\/carbonsdelclos.com\/ca\/wp-json\/wp\/v2\/types\/product"}],"wp:featuredmedia":[{"embeddable":true,"href":"https:\/\/carbonsdelclos.com\/ca\/wp-json\/wp\/v2\/media\/494"}],"wp:attachment":[{"href":"https:\/\/carbonsdelclos.com\/ca\/wp-json\/wp\/v2\/media?parent=814"}],"wp:term":[{"taxonomy":"product_cat","embeddable":true,"href":"https:\/\/carbonsdelclos.com\/ca\/wp-json\/wp\/v2\/product_cat?post=814"},{"taxonomy":"product_tag","embeddable":true,"href":"https:\/\/carbonsdelclos.com\/ca\/wp-json\/wp\/v2\/product_tag?post=814"}],"curies":[{"name":"wp","href":"https:\/\/api.w.org\/{rel}","templated":true}]}}