{"id":816,"date":"2022-06-22T13:09:41","date_gmt":"2022-06-22T13:09:41","guid":{"rendered":"https:\/\/carbonsdelclos.com\/producto\/biomax-i-biomax-plus-caldera-de-biomassa\/"},"modified":"2022-06-22T13:09:41","modified_gmt":"2022-06-22T13:09:41","slug":"biomax-i-biomax-plus-caldera-de-biomassa","status":"publish","type":"product","link":"https:\/\/carbonsdelclos.com\/ca\/producte\/biomax-i-biomax-plus-caldera-de-biomassa\/","title":{"rendered":"Biomax i Biomax plus (Caldera de Biomassa)"},"content":{"rendered":"<p><strong>BIOMAX:<\/strong> Caldera amb encesa manual<br \/>\n<strong>BIOMAX PLUS:<\/strong> Caldera amb encesa autom\u00e0tic<\/p>\n<p><strong>CARACTER\u00cdSTIQUES<\/strong><\/p>\n<p>&#8211; Caldera de funcionament autom\u00e0tic per combustibles s\u00f2lids com pellets, pela d&#8217;ametlla, pinyolada, os d&#8217;oliva, etc.<br \/>\n&#8211; Regulaci\u00f3 electr\u00f2nica de f\u00e0cil maneig i ofereix 2 opcions de funcionament autom\u00e0tic ( en models PLUS ) en funci\u00f3 de l&#8217;\u00fas previst.<br \/>\n&#8211; Cos de ferro colat per elements, que afavoreix una vida m\u00e9s llarga, en reduir considerablement els danys derivats de la condensaci\u00f3.<br \/>\n&#8211; Funcionament senzill i m\u00ednim manteniment.<br \/>\n&#8211; El disseny intern del cos de caldera assegura una gran capacitat d&#8217;intercanvi de calor entre els gasos de la combusti\u00f3 i l&#8217;aigua, proporcionant elevats rendiments.<br \/>\n&#8211; Compleixen amb els requisits de la norma: A 303\/5 Calderes de calefacci\u00f3 especials per a combustibles s\u00f2lids.<br \/>\n&#8211; Baixes emissions, amb un m\u00ednim d&#8217;impacte ambiental.<br \/>\n&#8211; Les cendres de la combusti\u00f3 es dipositen en la part inferior de la caldera, on queden recollides en una safata de gran capacitat i f\u00e0cil extracci\u00f3.<br \/>\n&#8211; Pressi\u00f3 m\u00e0xima de treball 3 bar.<\/p>\n<table class=\"table table-bordered\">\n<thead>\n<tr>\n<th>MODEL<\/th>\n<th>CODI<\/th>\n<th>Pot\u00e8ncia \u00fatil<br \/>\n(KW)<\/th>\n<th>Pot\u00e8ncia \u00fatil<br \/>\n(Kcal\/h)<\/th>\n<th>Consum combustible (kg\/h)<\/th>\n<th>Volum aigua<\/th>\n<th>Pes<\/th>\n<th>P.V.P<\/th>\n<\/tr>\n<\/thead>\n<tbody>\n<tr>\n<td style=\"color: #008000;\">BIOMAX 25<\/td>\n<td>1420<\/td>\n<td>25<\/td>\n<td>21.500<\/td>\n<td>2,2-7,3<\/td>\n<td>40,9<\/td>\n<td>441<\/td>\n<td>3.350<\/td>\n<\/tr>\n<tr>\n<td style=\"color: #008000;\">BIOMAX PLUS 25<\/td>\n<td>1430<\/td>\n<td>25<\/td>\n<td>21.500<\/td>\n<td>2,2-7,3<\/td>\n<td>40,9<\/td>\n<td>441<\/td>\n<td>3.875<\/td>\n<\/tr>\n<tr>\n<td style=\"color: #008000;\">BIOMAX 35<\/td>\n<td>1421<\/td>\n<td>35<\/td>\n<td>30.100<\/td>\n<td>2,9-9,1<\/td>\n<td>50,3<\/td>\n<td>530<\/td>\n<td>3.675<\/td>\n<\/tr>\n<tr>\n<td style=\"color: #008000;\">BIOMAX PLUS 35<\/td>\n<td>1431<\/td>\n<td>35<\/td>\n<td>30.100<\/td>\n<td>2,9-9,1<\/td>\n<td>50,3<\/td>\n<td>530<\/td>\n<td>4.330<\/td>\n<\/tr>\n<tr>\n<td style=\"color: #008000;\">BIOMAX 50<\/td>\n<td>1422<\/td>\n<td>48<\/td>\n<td>41.300<\/td>\n<td>3,9-12,6<\/td>\n<td>64,4<\/td>\n<td>645<\/td>\n<td>4.180<\/td>\n<\/tr>\n<tr>\n<td style=\"color: #008000;\">BIOMAX PLUS 50<\/td>\n<td>1432<\/td>\n<td>48<\/td>\n<td>41.300<\/td>\n<td>3,9-12,6<\/td>\n<td>64,4<\/td>\n<td>645<\/td>\n<td>4.975<\/td>\n<\/tr>\n<\/tbody>\n<\/table>\n","protected":false},"excerpt":{"rendered":"<p> Caldera de ferro colat per combustibles de biomassa <\/p>\n","protected":false},"featured_media":502,"template":"","meta":{"site-sidebar-layout":"default","site-content-layout":"default","ast-site-content-layout":"","site-content-style":"default","site-sidebar-style":"default","ast-global-header-display":"","ast-banner-title-visibility":"","ast-main-header-display":"","ast-hfb-above-header-display":"","ast-hfb-below-header-display":"","ast-hfb-mobile-header-display":"","site-post-title":"","ast-breadcrumbs-content":"","ast-featured-img":"","footer-sml-layout":"","theme-transparent-header-meta":"default","adv-header-id-meta":"","stick-header-meta":"","header-above-stick-meta":"","header-main-stick-meta":"","header-below-stick-meta":"","astra-migrate-meta-layouts":""},"product_cat":[69,65,58],"product_tag":[],"class_list":["post-816","product","type-product","status-publish","has-post-thumbnail","hentry","product_cat-biomassa-gamma-domestica","product_cat-biomassa-i-solids","product_cat-gamma-domestica","desktop-align-left","tablet-align-left","mobile-align-left"],"_links":{"self":[{"href":"https:\/\/carbonsdelclos.com\/ca\/wp-json\/wp\/v2\/product\/816","targetHints":{"allow":["GET"]}}],"collection":[{"href":"https:\/\/carbonsdelclos.com\/ca\/wp-json\/wp\/v2\/product"}],"about":[{"href":"https:\/\/carbonsdelclos.com\/ca\/wp-json\/wp\/v2\/types\/product"}],"wp:featuredmedia":[{"embeddable":true,"href":"https:\/\/carbonsdelclos.com\/ca\/wp-json\/wp\/v2\/media\/502"}],"wp:attachment":[{"href":"https:\/\/carbonsdelclos.com\/ca\/wp-json\/wp\/v2\/media?parent=816"}],"wp:term":[{"taxonomy":"product_cat","embeddable":true,"href":"https:\/\/carbonsdelclos.com\/ca\/wp-json\/wp\/v2\/product_cat?post=816"},{"taxonomy":"product_tag","embeddable":true,"href":"https:\/\/carbonsdelclos.com\/ca\/wp-json\/wp\/v2\/product_tag?post=816"}],"curies":[{"name":"wp","href":"https:\/\/api.w.org\/{rel}","templated":true}]}}