{"id":818,"date":"2022-06-22T13:13:13","date_gmt":"2022-06-22T13:13:13","guid":{"rendered":"https:\/\/carbonsdelclos.com\/producto\/bioself-caldera-de-biomassa\/"},"modified":"2022-06-22T13:13:13","modified_gmt":"2022-06-22T13:13:13","slug":"bioself-caldera-de-biomassa","status":"publish","type":"product","link":"https:\/\/carbonsdelclos.com\/ca\/producte\/bioself-caldera-de-biomassa\/","title":{"rendered":"Bioself (Caldera de Biomassa)"},"content":{"rendered":"<p><strong>SISTEMA DE NETEJA AUTOM\u00c0TIC<\/strong><\/p>\n<p>Gr\u00e0cies al sistema de neteja autom\u00e0tica ia la gran capacitat del cendrer, es redueix el temps de neteja tenint la possibilitat d&#8217;utilitzar sense problemes diversos tipus de combustible, com diversos tipus de p\u00e8l \u00b7 let i altres productes no necess\u00e0riament de primera qualitat: Agripellet, pellet de caldera, pellet de baixa qualitat, os d&#8217;oliva, closca d&#8217;ametlla, nous i avellana, etc<\/p>\n<p><strong>CARACTER\u00cdSTIQUES<\/strong><\/p>\n<p>&#8211; Caldera modulant de funcionament autom\u00e0tic per a combustibles s\u00f2lids com pellets, pela de ametlla, pinyolada, os d&#8217;oliva, etc.<br \/>\n&#8211; Compacta i de redu\u00efdes dimensions, ideal per substituci\u00f3 o suport d&#8217;altres calderes.<br \/>\n&#8211; Funcionament senzill i m\u00ednim manteniment, les cendres de la combusti\u00f3 es dipositen a la part inferior de la caldera, on queden recollides en una safata de f\u00e0cil extracci\u00f3.<br \/>\n&#8211; El disseny intern del cos de caldera assegura una gran capacitat d&#8217;intercanvi de calor entre els gasosses de la combusti\u00f3 i l&#8217;aigua, proporcionant elements guals rendiments i evitant condensacions.<br \/>\n&#8211; Compleixen amb els requisits de la norma: A 303\/5 Calderes de calefacci\u00f3 especials per combustibles s\u00f2lids.<br \/>\n&#8211; Baixes emissions, amb m\u00ednim impacte ambiental.<br \/>\n&#8211; Pressi\u00f3 m\u00e0xima de treball 3 bar.<\/p>\n<table class=\"table table-bordered\">\n<thead>\n<tr>\n<th>MODEL<\/th>\n<th>Pot\u00e8ncia t\u00e8rmica<br \/>\n(al cremador min\/max KW)<\/th>\n<th>Pot\u00e8ncia t\u00e8rmica a l&#8217;aigua<br \/>\n(KW)<\/th>\n<th>Consum horari<br \/>\n(min\/max Kg\/h)<\/th>\n<th>Rendiment al m\u00e0xim<br \/>\n(%)<\/th>\n<th>Capacitat de dip\u00f2sit<br \/>\n(kg)<\/th>\n<th>Autonomia (min\/max hores)<\/th>\n<th>Consum el\u00e8ctric a r\u00e8gim<br \/>\n(W)<\/th>\n<th>Sortida fums<\/th>\n<th>Pes<\/th>\n<th>Dimensions<\/th>\n<th>P.V.P<\/th>\n<\/tr>\n<\/thead>\n<tbody>\n<tr>\n<td style=\"color: #008000;\">BIOSELF 18<\/td>\n<td>1440<\/td>\n<td>6,2-20<\/td>\n<td>16<\/td>\n<td>1,3-3,7<\/td>\n<td>&gt;92<\/td>\n<td>95<\/td>\n<td>20-57<\/td>\n<td>50-150<\/td>\n<td>80<\/td>\n<td>177<\/td>\n<td>3.950<\/td>\n<\/tr>\n<tr>\n<td style=\"color: #008000;\">BIOSELF 24<\/td>\n<td>1441<\/td>\n<td>8,5-25<\/td>\n<td>20<\/td>\n<td>1,9-5,1<\/td>\n<td>&gt;89<\/td>\n<td>95<\/td>\n<td>15-39<\/td>\n<td>50-150<\/td>\n<td>80<\/td>\n<td>182<\/td>\n<td>4.210<\/td>\n<\/tr>\n<\/tbody>\n<\/table>\n","protected":false},"excerpt":{"rendered":"<p>Grup t\u00e8rmic d&#8217;acer per combustibles de biomassa<\/p>\n","protected":false},"featured_media":510,"template":"","meta":{"site-sidebar-layout":"default","site-content-layout":"default","ast-site-content-layout":"","site-content-style":"default","site-sidebar-style":"default","ast-global-header-display":"","ast-banner-title-visibility":"","ast-main-header-display":"","ast-hfb-above-header-display":"","ast-hfb-below-header-display":"","ast-hfb-mobile-header-display":"","site-post-title":"","ast-breadcrumbs-content":"","ast-featured-img":"","footer-sml-layout":"","theme-transparent-header-meta":"default","adv-header-id-meta":"","stick-header-meta":"","header-above-stick-meta":"","header-main-stick-meta":"","header-below-stick-meta":"","astra-migrate-meta-layouts":""},"product_cat":[69,65,58],"product_tag":[],"class_list":["post-818","product","type-product","status-publish","has-post-thumbnail","hentry","product_cat-biomassa-gamma-domestica","product_cat-biomassa-i-solids","product_cat-gamma-domestica","desktop-align-left","tablet-align-left","mobile-align-left"],"_links":{"self":[{"href":"https:\/\/carbonsdelclos.com\/ca\/wp-json\/wp\/v2\/product\/818","targetHints":{"allow":["GET"]}}],"collection":[{"href":"https:\/\/carbonsdelclos.com\/ca\/wp-json\/wp\/v2\/product"}],"about":[{"href":"https:\/\/carbonsdelclos.com\/ca\/wp-json\/wp\/v2\/types\/product"}],"wp:featuredmedia":[{"embeddable":true,"href":"https:\/\/carbonsdelclos.com\/ca\/wp-json\/wp\/v2\/media\/510"}],"wp:attachment":[{"href":"https:\/\/carbonsdelclos.com\/ca\/wp-json\/wp\/v2\/media?parent=818"}],"wp:term":[{"taxonomy":"product_cat","embeddable":true,"href":"https:\/\/carbonsdelclos.com\/ca\/wp-json\/wp\/v2\/product_cat?post=818"},{"taxonomy":"product_tag","embeddable":true,"href":"https:\/\/carbonsdelclos.com\/ca\/wp-json\/wp\/v2\/product_tag?post=818"}],"curies":[{"name":"wp","href":"https:\/\/api.w.org\/{rel}","templated":true}]}}