{"id":820,"date":"2022-06-22T13:17:23","date_gmt":"2022-06-22T13:17:23","guid":{"rendered":"https:\/\/carbonsdelclos.com\/producto\/bioself-i-bioselect-plus-caldera-de-biomassa\/"},"modified":"2022-06-22T13:17:23","modified_gmt":"2022-06-22T13:17:23","slug":"bioself-i-bioselect-plus-caldera-de-biomasa","status":"publish","type":"product","link":"https:\/\/carbonsdelclos.com\/ca\/producte\/bioself-i-bioselect-plus-caldera-de-biomasa\/","title":{"rendered":"Bioself i Bioselect plus (Caldera de Biomassa)"},"content":{"rendered":"<p>BIOSELECT: Caldera amb encesa manual<br \/>\nBIOSELECT PLUS: Caldera amb encesa autom\u00e0tic<\/p>\n<p>CARACTER\u00cdSTIQUES<\/p>\n<p>&#8211; Caldera de funcionament autom\u00e0tic per a combustibles s\u00f2lids com pellets, closca d&#8217;ametlla, pinyolada, os de oliva, etc.<br \/>\n&#8211; Cos d&#8217;acer i neteja autom\u00e0tica de s\u00e8rie amb passos de fums verticals i sistema autom\u00e0tic de neteja dels mateixos.<br \/>\n&#8211; Gran compartiment per acumulaci\u00f3 de cendres de f\u00e0cil extracci\u00f3 manual, i opcionalment, sistema d&#8217;extracci\u00f3 autom\u00e0tic per a major autonomia.<br \/>\n&#8211; Regulaci\u00f3 electr\u00f2nica de f\u00e0cil maneig i ofereix 2 opcions de funcionament autom\u00e0tic (en models PLUS) en funci\u00f3 l&#8217;\u00fas previst.<br \/>\n&#8211; Funcionament senzill i amb m\u00ednim manteniment.<br \/>\n&#8211; Compleixen amb els requisits de la norma: A 303\/5 Calderes de calefacci\u00f3 especials els per a combustibles s\u00f2lids. &#8211; Pressi\u00f3 m\u00e0xima de treball 4 bar.<\/p>\n<table class=\"table table-bordered\">\n<thead>\n<tr>\n<th>MODEL<\/th>\n<th>CODI<\/th>\n<th>Pot\u00e8ncia \u00fatil<br \/>\n(KW)<\/th>\n<th>Pot\u00e8ncia \u00fatil<br \/>\n(Kcal\/h)<\/th>\n<th>Consum combustible (kg\/h)<\/th>\n<th>Volum aigua<\/th>\n<th>Pes<\/th>\n<th>P.V.P<\/th>\n<\/tr>\n<\/thead>\n<tbody>\n<tr>\n<td style=\"color: #008000;\">BIOSELCET 35<\/td>\n<td>2619<\/td>\n<td>35<\/td>\n<td>30.100<\/td>\n<td>2,9-9,1<\/td>\n<td>91<\/td>\n<td>285<\/td>\n<td>5.480<\/td>\n<\/tr>\n<tr>\n<td style=\"color: #008000;\">BIOSELCET PLUS 35<\/td>\n<td>2620<\/td>\n<td>35<\/td>\n<td>30.100<\/td>\n<td>2,9-9,1<\/td>\n<td>106<\/td>\n<td>285<\/td>\n<td>6.210<\/td>\n<\/tr>\n<tr>\n<td style=\"color: #008000;\">BIOSELCET 50<\/td>\n<td>2621<\/td>\n<td>50<\/td>\n<td>43.000<\/td>\n<td>3,9-12,6<\/td>\n<td>106<\/td>\n<td>320<\/td>\n<td>6.422<\/td>\n<\/tr>\n<tr>\n<td style=\"color: #008000;\">BIOSELCET PLUS 50<\/td>\n<td>2622<\/td>\n<td>50<\/td>\n<td>43.000<\/td>\n<td>3,9-12,6<\/td>\n<td>106<\/td>\n<td>321<\/td>\n<td>7.200<\/td>\n<\/tr>\n<tr>\n<td style=\"color: #008000;\">BIOSELCET 65<\/td>\n<td>2623<\/td>\n<td>65<\/td>\n<td>55.900<\/td>\n<td>5,9-17<\/td>\n<td>121<\/td>\n<td>370<\/td>\n<td>8.470<\/td>\n<\/tr>\n<tr>\n<td style=\"color: #008000;\">BIOSELCET PLUS 65<\/td>\n<td>2624<\/td>\n<td>65<\/td>\n<td>55.900<\/td>\n<td>5,9-17<\/td>\n<td>121<\/td>\n<td>371<\/td>\n<td>9.210<\/td>\n<\/tr>\n<\/tbody>\n<\/table>\n","protected":false},"excerpt":{"rendered":"<p>Caldera d&#8217;acer per combustibles de biomassa<\/p>\n","protected":false},"featured_media":518,"template":"","meta":{"site-sidebar-layout":"default","site-content-layout":"default","ast-site-content-layout":"","site-content-style":"default","site-sidebar-style":"default","ast-global-header-display":"","ast-banner-title-visibility":"","ast-main-header-display":"","ast-hfb-above-header-display":"","ast-hfb-below-header-display":"","ast-hfb-mobile-header-display":"","site-post-title":"","ast-breadcrumbs-content":"","ast-featured-img":"","footer-sml-layout":"","theme-transparent-header-meta":"default","adv-header-id-meta":"","stick-header-meta":"","header-above-stick-meta":"","header-main-stick-meta":"","header-below-stick-meta":"","astra-migrate-meta-layouts":""},"product_cat":[69,65,58],"product_tag":[],"class_list":["post-820","product","type-product","status-publish","has-post-thumbnail","hentry","product_cat-biomassa-gamma-domestica","product_cat-biomassa-i-solids","product_cat-gamma-domestica","desktop-align-left","tablet-align-left","mobile-align-left"],"_links":{"self":[{"href":"https:\/\/carbonsdelclos.com\/ca\/wp-json\/wp\/v2\/product\/820","targetHints":{"allow":["GET"]}}],"collection":[{"href":"https:\/\/carbonsdelclos.com\/ca\/wp-json\/wp\/v2\/product"}],"about":[{"href":"https:\/\/carbonsdelclos.com\/ca\/wp-json\/wp\/v2\/types\/product"}],"wp:featuredmedia":[{"embeddable":true,"href":"https:\/\/carbonsdelclos.com\/ca\/wp-json\/wp\/v2\/media\/518"}],"wp:attachment":[{"href":"https:\/\/carbonsdelclos.com\/ca\/wp-json\/wp\/v2\/media?parent=820"}],"wp:term":[{"taxonomy":"product_cat","embeddable":true,"href":"https:\/\/carbonsdelclos.com\/ca\/wp-json\/wp\/v2\/product_cat?post=820"},{"taxonomy":"product_tag","embeddable":true,"href":"https:\/\/carbonsdelclos.com\/ca\/wp-json\/wp\/v2\/product_tag?post=820"}],"curies":[{"name":"wp","href":"https:\/\/api.w.org\/{rel}","templated":true}]}}