{"id":822,"date":"2022-06-22T13:21:46","date_gmt":"2022-06-22T13:21:46","guid":{"rendered":"https:\/\/carbonsdelclos.com\/producto\/estufes-daire\/"},"modified":"2022-06-22T13:21:46","modified_gmt":"2022-06-22T13:21:46","slug":"estufes-d-aire","status":"publish","type":"product","link":"https:\/\/carbonsdelclos.com\/ca\/producte\/estufes-d-aire\/","title":{"rendered":"Estufes d&#8217;aire"},"content":{"rendered":"<p>Les estufes canalitzades Lasian s\u00f3n recomanables per a habitatges en les que cal escalfar diferents ambients, gr\u00e0cies a la doble canalitzaci\u00f3, es distribueix la calor de manera homog\u00e8nia augmentant el confort i el plaer de viure a casa seva.<\/p>\n<p><strong>SISTEMA DE NETEJA AUTOM\u00c0TIC<\/strong><\/p>\n<p>Gr\u00e0cies al sistema de neteja autom\u00e0tica ia la gran capacitat del cendrer, es redueix el temps de neteja tenint la possibilitat d&#8217;utilitzar sense problemes diversos tipus de combustible, com diversos tipus de p\u00e8l \u00b7 let i altres productes no necess\u00e0riament de primera qualitat: Agripellet, pellet de caldera, pellet de baixa qualitat, os d&#8217;oliva, closca d&#8217;ametlla, nous i avellana, etc<\/p>\n<h4>ESTUFES PER PELLET<\/h4>\n<table class=\"table table-bordered\">\n<thead>\n<tr>\n<th>MODEL<\/th>\n<th>Pot\u00e8ncia t\u00e8rmica<br \/>\n(min\/max Kw)<\/th>\n<th>Consum horari (min\/max Kg\/h)<\/th>\n<th>Rendiment al m\u00e0xim<br \/>\n(%)<\/th>\n<th>Capacitat de dip\u00f2sit<br \/>\n(kg)<\/th>\n<th>Autonomia<br \/>\n(min\/max hores)<\/th>\n<th>Consum el\u00e8ctric a r\u00e8gim<br \/>\n(W)<\/th>\n<th>Sortida fums<\/th>\n<th>Pes<\/th>\n<th>Dimensions<\/th>\n<th>P.V.P<\/th>\n<\/tr>\n<\/thead>\n<tbody>\n<tr>\n<td style=\"color: #008000;\">BRAVA<\/td>\n<td>2,5-6<\/td>\n<td>0,6-1,3<\/td>\n<td>&gt;84<\/td>\n<td>17<\/td>\n<td>10-23<\/td>\n<td>80-150<\/td>\n<td>80<\/td>\n<td>103<\/td>\n<td>480X516X985<\/td>\n<td>1.570<\/td>\n<\/tr>\n<tr>\n<td style=\"color: #008000;\">LLAIMA<\/td>\n<td>2,9-8<\/td>\n<td>0,7-1,7<\/td>\n<td>&gt;84<\/td>\n<td>21<\/td>\n<td>12-25<\/td>\n<td>80-150<\/td>\n<td>80<\/td>\n<td>115<\/td>\n<td>525X516X1055<\/td>\n<td>  1.675<\/td>\n<\/tr>\n<tr>\n<td style=\"color: #008000;\">ERTA<\/td>\n<td>3,8-10<\/td>\n<td>0,8-2<\/td>\n<td>&gt;85<\/td>\n<td>24<\/td>\n<td>10-26<\/td>\n<td>80-150<\/td>\n<td>80<\/td>\n<td>125<\/td>\n<td>545X525X1115<\/td>\n<td>1.855<\/td>\n<\/tr>\n<tr>\n<td style=\"color: #008000;\">ATILAN<\/td>\n<td>3,8-12<\/td>\n<td>0,8-2,4<\/td>\n<td>&gt;85<\/td>\n<td>33<\/td>\n<td>12-40<\/td>\n<td>80-150<\/td>\n<td>80<\/td>\n<td>155<\/td>\n<td>560X545X1200<\/td>\n<td>1.995<\/td>\n<\/tr>\n<tr>\n<td style=\"color: #008000;\">MUSA<\/td>\n<td>3,8-12<\/td>\n<td>0,8-2,4<\/td>\n<td>&gt;85<\/td>\n<td>33<\/td>\n<td>12-40<\/td>\n<td>80-150<\/td>\n<td>80<\/td>\n<td>170<\/td>\n<td>560X545X1200<\/td>\n<td>2.157<\/td>\n<\/tr>\n<tr>\n<td style=\"color: #008000;\">NILA<\/td>\n<td>3,8-10<\/td>\n<td>0,8-2<\/td>\n<td>&gt;84<\/td>\n<td>21<\/td>\n<td>10-24<\/td>\n<td>80-150<\/td>\n<td>80<\/td>\n<td>130<\/td>\n<td>1104X310X1113<\/td>\n<td>2.410<\/td>\n<\/tr>\n<tr>\n<td style=\"color: #008000;\">CANALIZADAS<\/td>\n<\/tr>\n<tr>\n<td style=\"color: #008000;\">ERTA PLUS<\/td>\n<td>3,8-10<\/td>\n<td>0,8-2<\/td>\n<td>&gt;85<\/td>\n<td>16<\/td>\n<td>8-20<\/td>\n<td>80-150<\/td>\n<td>80<\/td>\n<td>125<\/td>\n<td>545X525X1115<\/td>\n<td>2.265<\/td>\n<\/tr>\n<tr>\n<td style=\"color: #008000;\">ATILAN PLUS<\/td>\n<td>3,8-12<\/td>\n<td>0,8-2,4<\/td>\n<td>&gt;85<\/td>\n<td>25<\/td>\n<td>8-20<\/td>\n<td>80-150<\/td>\n<td>80<\/td>\n<td>155<\/td>\n<td>560X545X1200<\/td>\n<td>3.390<\/td>\n<\/tr>\n<tr>\n<td style=\"color: #008000;\">MUSA PLUS<\/td>\n<td>3,8-12<\/td>\n<td>0,8-2,4<\/td>\n<td>&gt;85<\/td>\n<td>25<\/td>\n<td>8-20<\/td>\n<td>80-150<\/td>\n<td>80<\/td>\n<td>170<\/td>\n<td>560X545X1200<\/td>\n<td>2.550<\/td>\n<\/tr>\n<\/tbody>\n<\/table>\n<h4>ESTUFES PER PELLET<\/h4>\n<p>&nbsp;<\/p>\n<table class=\"table table-bordered\">\n<thead>\n<tr>\n<th>MODEL<\/th>\n<th>Pot\u00e8ncia t\u00e8rmica<br \/>\n(min\/max Kw)<\/th>\n<th>Consum horari (min\/max Kg\/h)<\/th>\n<th>Rendiment al m\u00e0xim<br \/>\n(%)<\/th>\n<th>Capacitat de dip\u00f2sit<br \/>\n(kg)<\/th>\n<th>Autonomia<br \/>\n(min\/max hores)<\/th>\n<th>Consum el\u00e8ctric a r\u00e8gim<br \/>\n(W)<\/th>\n<th>Sortida fums<\/th>\n<th>Pes<\/th>\n<th>Dimensions<\/th>\n<th>P.V.P<\/th>\n<\/tr>\n<\/thead>\n<tbody>\n<tr>\n<td style=\"color: #008000;\">TELICA<\/td>\n<td>3,8-10<\/td>\n<td>0,8-2<\/td>\n<td>&gt;85<\/td>\n<td>24<\/td>\n<td>10-26<\/td>\n<td>80-150<\/td>\n<td>80<\/td>\n<td>125<\/td>\n<td>545X525X1115<\/td>\n<td>2.295<\/td>\n<\/tr>\n<tr>\n<td style=\"color: #008000;\">COLIMA<\/td>\n<td>3,8-12<\/td>\n<td>0,8-2,4<\/td>\n<td>&gt;85<\/td>\n<td>33<\/td>\n<td>12-40<\/td>\n<td>80-150<\/td>\n<td>80<\/td>\n<td>155<\/td>\n<td>560X545X1200<\/td>\n<td>2.465<\/td>\n<\/tr>\n<tr>\n<td style=\"color: #008000;\">MILOS<\/td>\n<td>3,8-12<\/td>\n<td>0,8-2,4<\/td>\n<td>&gt;85<\/td>\n<td>33<\/td>\n<td>10-40<\/td>\n<td>80-150<\/td>\n<td>80<\/td>\n<td>170<\/td>\n<td>560X545X1200<\/td>\n<td>2.588<\/td>\n<\/tr>\n<tr>\n<td style=\"color: #008000;\">YELIA<\/td>\n<td>3,8-10<\/td>\n<td>0,8-2<\/td>\n<td>&gt;84<\/td>\n<td>21<\/td>\n<td>12-24<\/td>\n<td>80-150<\/td>\n<td>80<\/td>\n<td>133<\/td>\n<td>1104X310X113<\/td>\n<td>2.940<\/td>\n<\/tr>\n<tr>\n<td style=\"color: #008000;\">CANALIZADAS<\/td>\n<\/tr>\n<tr>\n<td style=\"color: #008000;\">TELICA PLUS<\/td>\n<td>3,8-10<\/td>\n<td>0,8-2<\/td>\n<td>&gt;85<\/td>\n<td>16<\/td>\n<td>8-20<\/td>\n<td>80-150<\/td>\n<td>80<\/td>\n<td>125<\/td>\n<td>545X525X1115<\/td>\n<td>2.655<\/td>\n<\/tr>\n<tr>\n<td style=\"color: #008000;\">COLIMA PLUS<\/td>\n<td>3,8-12<\/td>\n<td>0,8-2,4<\/td>\n<td>&gt;85<\/td>\n<td>25<\/td>\n<td>8-20<\/td>\n<td>80-150<\/td>\n<td>80<\/td>\n<td>155<\/td>\n<td>560X545X1200<\/td>\n<td>2.775<\/td>\n<\/tr>\n<tr>\n<td style=\"color: #008000;\">MILOS PLUS<\/td>\n<td>3,8-12<\/td>\n<td>0,8-2,4<\/td>\n<td>&gt;85<\/td>\n<td>25<\/td>\n<td>8-20<\/td>\n<td>80-150<\/td>\n<td>80<\/td>\n<td>170<\/td>\n<td>560X545X1200<\/td>\n<td>2.980<\/td>\n<\/tr>\n<\/tbody>\n<\/table>\n","protected":false},"excerpt":{"rendered":"<p>Estufes per pellet<br \/>\nEstufes policombustibles<\/p>\n","protected":false},"featured_media":526,"template":"","meta":{"site-sidebar-layout":"default","site-content-layout":"default","ast-site-content-layout":"","site-content-style":"default","site-sidebar-style":"default","ast-global-header-display":"","ast-banner-title-visibility":"","ast-main-header-display":"","ast-hfb-above-header-display":"","ast-hfb-below-header-display":"","ast-hfb-mobile-header-display":"","site-post-title":"","ast-breadcrumbs-content":"","ast-featured-img":"","footer-sml-layout":"","theme-transparent-header-meta":"default","adv-header-id-meta":"","stick-header-meta":"","header-above-stick-meta":"","header-main-stick-meta":"","header-below-stick-meta":"","astra-migrate-meta-layouts":""},"product_cat":[69,65,58],"product_tag":[],"class_list":["post-822","product","type-product","status-publish","has-post-thumbnail","hentry","product_cat-biomassa-gamma-domestica","product_cat-biomassa-i-solids","product_cat-gamma-domestica","desktop-align-left","tablet-align-left","mobile-align-left"],"_links":{"self":[{"href":"https:\/\/carbonsdelclos.com\/ca\/wp-json\/wp\/v2\/product\/822","targetHints":{"allow":["GET"]}}],"collection":[{"href":"https:\/\/carbonsdelclos.com\/ca\/wp-json\/wp\/v2\/product"}],"about":[{"href":"https:\/\/carbonsdelclos.com\/ca\/wp-json\/wp\/v2\/types\/product"}],"wp:featuredmedia":[{"embeddable":true,"href":"https:\/\/carbonsdelclos.com\/ca\/wp-json\/wp\/v2\/media\/526"}],"wp:attachment":[{"href":"https:\/\/carbonsdelclos.com\/ca\/wp-json\/wp\/v2\/media?parent=822"}],"wp:term":[{"taxonomy":"product_cat","embeddable":true,"href":"https:\/\/carbonsdelclos.com\/ca\/wp-json\/wp\/v2\/product_cat?post=822"},{"taxonomy":"product_tag","embeddable":true,"href":"https:\/\/carbonsdelclos.com\/ca\/wp-json\/wp\/v2\/product_tag?post=822"}],"curies":[{"name":"wp","href":"https:\/\/api.w.org\/{rel}","templated":true}]}}