{"id":826,"date":"2022-06-22T14:08:27","date_gmt":"2022-06-22T14:08:27","guid":{"rendered":"https:\/\/carbonsdelclos.com\/producto\/clx-i-clx-plus\/"},"modified":"2022-06-22T14:08:27","modified_gmt":"2022-06-22T14:08:27","slug":"clx-i-clx-plus","status":"publish","type":"product","link":"https:\/\/carbonsdelclos.com\/ca\/producte\/clx-i-clx-plus\/","title":{"rendered":"CLX i CLX Plus"},"content":{"rendered":"<p><strong>CLX<\/strong><\/p>\n<p>&#8211; Cos constru\u00eft en acer d&#8217;alta qualitat.<br \/>\n&#8211; Destaca en el seu disseny la seva doble porta frontal juntament amb una llar que admet peces de llenya de grans dimensions.<br \/>\n&#8211; Regulaci\u00f3 de la combusti\u00f3 tant d&#8217;aire, en la part frontal, com del tir, a la sortida de fums.<br \/>\n&#8211; Term\u00f2metre i man\u00f2metre a la part superior.<\/p>\n<p><strong>CLX PLUS<\/strong><\/p>\n<p>&#8211; Similars caracter\u00edstiques que el model CLX, per\u00f2 amb panell electr\u00f2nic i ventilador per gestionar de forma autom\u00e0tica la combusti\u00f3.<br \/>\n&#8211; Soluciona problemes de tir en instal\u00b7lacions amb xemeneies antigues.<\/p>\n<p><strong>CARACTER\u00cdSTIQUES<\/strong><\/p>\n<p>Pressi\u00f3 de treball: 3 bar<\/p>\n<h4>CLX<\/h4>\n<table class=\"table table-bordered\">\n<thead>\n<tr>\n<th>MODEL<\/th>\n<th>CODI<\/th>\n<th>Pot\u00e8ncia \u00fatil<br \/>\n(KW)<\/th>\n<th>Pot\u00e8ncia \u00fatil<br \/>\n(Kcal\/h)<\/th>\n<th>Longitud<br \/>\n(L T mm)<\/th>\n<th>Longitud tronc<br \/>\n(cm)<\/th>\n<th>Boca de c\u00e0rrega llenya<br \/>\n(mm)<\/th>\n<th>Volum aigua<br \/>\n(l)<\/th>\n<th>Pes<\/th>\n<th>P.V.P<\/th>\n<\/tr>\n<\/thead>\n<tbody>\n<tr>\n<td style=\"color: #008000;\">CLX 25<\/td>\n<td>2790<\/td>\n<td>25<\/td>\n<td>21.500<\/td>\n<td>1044<\/td>\n<td>567<\/td>\n<td>372X410<\/td>\n<td>100<\/td>\n<td>379<\/td>\n<td>1.820<\/td>\n<\/tr>\n<tr>\n<td style=\"color: #008000;\">CLX 33<\/td>\n<td>2791<\/td>\n<td>33<\/td>\n<td>28.380<\/td>\n<td>1234<\/td>\n<td>757<\/td>\n<td>372X410<\/td>\n<td>127<\/td>\n<td>450<\/td>\n<td>1.990<\/td>\n<\/tr>\n<tr>\n<td style=\"color: #008000;\">CLX 40<\/td>\n<td>2792<\/td>\n<td>41<\/td>\n<td>35.260<\/td>\n<td>1424<\/td>\n<td>947<\/td>\n<td>372X410<\/td>\n<td>154<\/td>\n<td>520<\/td>\n<td>2.230<\/td>\n<\/tr>\n<\/tbody>\n<\/table>\n<h4>CLX PLUS<\/h4>\n<table class=\"table table-bordered\">\n<tbody>\n<tr>\n<th>MODEL<\/th>\n<th>CODI<\/th>\n<th>Pot\u00e8ncia \u00fatil<br \/>\n(KW)<\/th>\n<th>Pot\u00e8ncia \u00fatil<br \/>\n(Kcal\/h)<\/th>\n<th>Longitud<br \/>\n(L T mm)<\/th>\n<th>Longitud tronc<br \/>\n(cm)<\/th>\n<th>Boca de c\u00e0rrega llenya<br \/>\n(mm)<\/th>\n<th>Volum aigua<br \/>\n(l)<\/th>\n<th>Pes<\/th>\n<th>P.V.P<\/th>\n<\/tr>\n<tr>\n<td><span style=\"color: #008000;\">CLX PLUS 25<br \/>\n<\/span><\/td>\n<td>2793<\/td>\n<td>25<\/td>\n<td>21.500<\/td>\n<td>1044<\/td>\n<td>567<\/td>\n<td>372X410<\/td>\n<td>100<\/td>\n<td>379<\/td>\n<td>2.150<\/td>\n<\/tr>\n<tr>\n<td style=\"color: #008000;\">CLX PLUS 33<\/td>\n<td>2794<\/td>\n<td>33<\/td>\n<td>28.380<\/td>\n<td>1234<\/td>\n<td>757<\/td>\n<td>372X410<\/td>\n<td>127<\/td>\n<td>450<\/td>\n<td>2.420<\/td>\n<\/tr>\n<tr>\n<td style=\"color: #008000;\">CLX PLUS 40<\/td>\n<td>2795<\/td>\n<td>41<\/td>\n<td>35.260<\/td>\n<td>1424<\/td>\n<td>947<\/td>\n<td>372X410<\/td>\n<td>154<\/td>\n<td>520<\/td>\n<td>2.800<\/td>\n<\/tr>\n<\/tbody>\n<\/table>\n","protected":false},"excerpt":{"rendered":"<p>Caldera d&#8217;acer policombustibles<br \/>\n(llenya + gasoil)<\/p>\n","protected":false},"featured_media":542,"template":"","meta":{"site-sidebar-layout":"default","site-content-layout":"default","ast-site-content-layout":"","site-content-style":"default","site-sidebar-style":"default","ast-global-header-display":"","ast-banner-title-visibility":"","ast-main-header-display":"","ast-hfb-above-header-display":"","ast-hfb-below-header-display":"","ast-hfb-mobile-header-display":"","site-post-title":"","ast-breadcrumbs-content":"","ast-featured-img":"","footer-sml-layout":"","theme-transparent-header-meta":"default","adv-header-id-meta":"","stick-header-meta":"","header-above-stick-meta":"","header-main-stick-meta":"","header-below-stick-meta":"","astra-migrate-meta-layouts":""},"product_cat":[65,58,70],"product_tag":[],"class_list":["post-826","product","type-product","status-publish","has-post-thumbnail","hentry","product_cat-biomassa-i-solids","product_cat-gamma-domestica","product_cat-solids-i-llenya","desktop-align-left","tablet-align-left","mobile-align-left"],"_links":{"self":[{"href":"https:\/\/carbonsdelclos.com\/ca\/wp-json\/wp\/v2\/product\/826","targetHints":{"allow":["GET"]}}],"collection":[{"href":"https:\/\/carbonsdelclos.com\/ca\/wp-json\/wp\/v2\/product"}],"about":[{"href":"https:\/\/carbonsdelclos.com\/ca\/wp-json\/wp\/v2\/types\/product"}],"wp:featuredmedia":[{"embeddable":true,"href":"https:\/\/carbonsdelclos.com\/ca\/wp-json\/wp\/v2\/media\/542"}],"wp:attachment":[{"href":"https:\/\/carbonsdelclos.com\/ca\/wp-json\/wp\/v2\/media?parent=826"}],"wp:term":[{"taxonomy":"product_cat","embeddable":true,"href":"https:\/\/carbonsdelclos.com\/ca\/wp-json\/wp\/v2\/product_cat?post=826"},{"taxonomy":"product_tag","embeddable":true,"href":"https:\/\/carbonsdelclos.com\/ca\/wp-json\/wp\/v2\/product_tag?post=826"}],"curies":[{"name":"wp","href":"https:\/\/api.w.org\/{rel}","templated":true}]}}