{"id":828,"date":"2022-06-22T14:15:37","date_gmt":"2022-06-22T14:15:37","guid":{"rendered":"https:\/\/carbonsdelclos.com\/producto\/cmx\/"},"modified":"2022-06-22T14:15:37","modified_gmt":"2022-06-22T14:15:37","slug":"cmx-2","status":"publish","type":"product","link":"https:\/\/carbonsdelclos.com\/ca\/producte\/cmx-2\/","title":{"rendered":"CMX"},"content":{"rendered":"<p>Consta de dues llars independents. Un per llenya i l&#8217;altre per gasoil.<\/p>\n<p><strong>CARACTER\u00cdSTIQUES<\/strong><\/p>\n<p>&#8211; Les caracter\u00edstiques de la part de llenya s\u00f3n similars a la s\u00e8rie Lasian CLX.<br \/>\n&#8211; El funcionament en modalitat MIXTA es concep per als casos en qu\u00e8 la demanda de calor supera la capacitat de l&#8217;energia calor\u00edfica que aporta la llar de llenya. En aquests casos, de forma autom\u00e0tica, entra en funcionament el cremador de gasoil ajustant-se a la demanda de la instal\u00b7laci\u00f3.<br \/>\n&#8211; Cos constru\u00eft en acer d&#8217;alta qualitat.<br \/>\n&#8211; Sistema d&#8217;evacuaci\u00f3 de gasos de les dues cambres de combusti\u00f3 en una \u00fanica connexi\u00f3 per a la llar de foc exterior.<br \/>\n&#8211; Gran versatilitat de funcionament:<br \/>\nFuncionament nom\u00e9s llenya.<br \/>\nFuncionament nom\u00e9s gasoil.<br \/>\nFuncionament mixt.<br \/>\n&#8211; Complet quadre de comandaments<br \/>\n&#8211; Term\u00f2stats de treball i de seguretat.<\/p>\n<table class=\"table table-bordered\">\n<thead>\n<tr>\n<th>MODEL<\/th>\n<th>Pot\u00e8ncia \u00fatil<br \/>\n(Kw)<\/th>\n<th>Pot\u00e8ncia \u00fatil<br \/>\n(Kcal\/h)<\/th>\n<th>Longitud<br \/>\n(L T mm)<\/th>\n<th>Longitud<br \/>\n(L mm)<\/th>\n<th>Longitud tronc<br \/>\n(cm)<\/th>\n<th>Boca de c\u00e0rrega llenya<br \/>\n(mm)<\/th>\n<th>Volum aigua<br \/>\n(l)<\/th>\n<th>Pes<\/th>\n<th colspan=\"2\">Sense cremador<br \/>\nCodi\/P.V.P<\/th>\n<th colspan=\"2\">Amb cremador<br \/>\nCodi\/P.V.P<\/th>\n<\/tr>\n<\/thead>\n<tbody>\n<tr>\n<td style=\"color: #008000;\">CMX 25<\/td>\n<td>25<\/td>\n<td>21.500<\/td>\n<td>1029<\/td>\n<td>960<\/td>\n<td>567<\/td>\n<td>372X410<\/td>\n<td>116<\/td>\n<td>455<\/td>\n<td>2803<\/td>\n<td>2.985<\/td>\n<td>2800<\/td>\n<td>3.560<\/td>\n<\/tr>\n<tr>\n<td style=\"color: #008000;\">CMX 33<\/td>\n<td>33<\/td>\n<td>28.380<\/td>\n<td>1222<\/td>\n<td>951<\/td>\n<td>757<\/td>\n<td>372X410<\/td>\n<td>149<\/td>\n<td>535<\/td>\n<td>2804<\/td>\n<td>3.197<\/td>\n<td>2801<\/td>\n<td>3.760<\/td>\n<\/tr>\n<tr>\n<td style=\"color: #008000;\">CMX 40<\/td>\n<td>41<\/td>\n<td>35.260<\/td>\n<td>1412<\/td>\n<td>1141<\/td>\n<td>947<\/td>\n<td>372X410<\/td>\n<td>181<\/td>\n<td>615<\/td>\n<td>2805<\/td>\n<td>3.470<\/td>\n<td>2802<\/td>\n<td>3.997<\/td>\n<\/tr>\n<\/tbody>\n<\/table>\n","protected":false},"excerpt":{"rendered":"<p>Caldera d&#8217;acer policombustibles<br \/>\n(llenya + gasoil)<\/p>\n","protected":false},"featured_media":550,"template":"","meta":{"site-sidebar-layout":"default","site-content-layout":"default","ast-site-content-layout":"","site-content-style":"default","site-sidebar-style":"default","ast-global-header-display":"","ast-banner-title-visibility":"","ast-main-header-display":"","ast-hfb-above-header-display":"","ast-hfb-below-header-display":"","ast-hfb-mobile-header-display":"","site-post-title":"","ast-breadcrumbs-content":"","ast-featured-img":"","footer-sml-layout":"","theme-transparent-header-meta":"default","adv-header-id-meta":"","stick-header-meta":"","header-above-stick-meta":"","header-main-stick-meta":"","header-below-stick-meta":"","astra-migrate-meta-layouts":""},"product_cat":[65,58,70],"product_tag":[],"class_list":["post-828","product","type-product","status-publish","has-post-thumbnail","hentry","product_cat-biomassa-i-solids","product_cat-gamma-domestica","product_cat-solids-i-llenya","desktop-align-left","tablet-align-left","mobile-align-left"],"_links":{"self":[{"href":"https:\/\/carbonsdelclos.com\/ca\/wp-json\/wp\/v2\/product\/828","targetHints":{"allow":["GET"]}}],"collection":[{"href":"https:\/\/carbonsdelclos.com\/ca\/wp-json\/wp\/v2\/product"}],"about":[{"href":"https:\/\/carbonsdelclos.com\/ca\/wp-json\/wp\/v2\/types\/product"}],"wp:featuredmedia":[{"embeddable":true,"href":"https:\/\/carbonsdelclos.com\/ca\/wp-json\/wp\/v2\/media\/550"}],"wp:attachment":[{"href":"https:\/\/carbonsdelclos.com\/ca\/wp-json\/wp\/v2\/media?parent=828"}],"wp:term":[{"taxonomy":"product_cat","embeddable":true,"href":"https:\/\/carbonsdelclos.com\/ca\/wp-json\/wp\/v2\/product_cat?post=828"},{"taxonomy":"product_tag","embeddable":true,"href":"https:\/\/carbonsdelclos.com\/ca\/wp-json\/wp\/v2\/product_tag?post=828"}],"curies":[{"name":"wp","href":"https:\/\/api.w.org\/{rel}","templated":true}]}}