{"id":830,"date":"2022-06-27T13:12:30","date_gmt":"2022-06-27T13:12:30","guid":{"rendered":"https:\/\/carbonsdelclos.com\/producto\/megasolid\/"},"modified":"2022-06-27T13:12:30","modified_gmt":"2022-06-27T13:12:30","slug":"megasolid-2","status":"publish","type":"product","link":"https:\/\/carbonsdelclos.com\/ca\/producte\/megasolid-2\/","title":{"rendered":"MEGASOLID"},"content":{"rendered":"<p><strong>CARACTER\u00cdSTIQUES<\/strong><\/p>\n<p>&#8211; Caldera d&#8217;acer per a s\u00f2lids ( troncs de llenya ) de flama invertida o gasificaci\u00f3, per combusti\u00f3 pirol\u00edtica. El seu disseny i gran superf\u00edcie d&#8217;intercanvi t\u00e8rmic permet, en combinaci\u00f3 amb la gesti\u00f3 electr\u00f2nica que modula constantment la velocitat de l&#8217;extractor de fums, aconseguir rendiments del 90%.<br \/>\n&#8211; \u00c0mplies portes: Una per a la c\u00e0rrega de troncs de fusta amb detector d&#8217;obertura , una altra per a acc\u00e9s al cremador i la seva encesa i la inferior per a la recollida de cendres, que faciliten les operacions de c\u00e0rrega i neteja.<br \/>\n&#8211; Gran autonomia: Amb plena c\u00e0rrega de combustible, es disposa d&#8217;una autonomia de funcionament aproximadament de 5 a 8 hores ( * ) en tots els models.<br \/>\n&#8211; Extractor de fums: Funcionament modulant , per incrementar l&#8217;efici\u00e8ncia de la combusti\u00f3 , soluciona problemes de tir en instal\u00b7lacions amb xemeneies antigues, i no cal tornar a encendre la caldera si es disposa d&#8217;un m\u00ednim de caliu.<br \/>\n&#8211; Pressi\u00f3 m\u00e0xima de treball : 3 bar<br \/>\n&#8211; Funcionament senzill i amb m\u00ednim manteniment.<\/p>\n<table class=\"table table-bordered\">\n<thead>\n<tr>\n<th>MODEL<\/th>\n<th>CODI<\/th>\n<th>Pot\u00e8ncia \u00fatil<br \/>\n(KW)<\/th>\n<th>Pot\u00e8ncia \u00fatil<br \/>\n(Kcal\/h)<\/th>\n<th>Rendiment<\/th>\n<th>Longitud tronc<br \/>\n(cm)<\/th>\n<th>Capacitat troncs (dm3)<\/th>\n<th>Volum aigua<br \/>\n(l)<\/th>\n<th>Pes<\/th>\n<th>P.V.P<\/th>\n<\/tr>\n<\/thead>\n<tbody>\n<tr>\n<td style=\"color: #008000;\">MEGASOLID 30<\/td>\n<td>2850<\/td>\n<td>32<\/td>\n<td>27.520<\/td>\n<td>90<\/td>\n<td>55<\/td>\n<td>128,5<\/td>\n<td>100<\/td>\n<td>410<\/td>\n<td>3.590<\/td>\n<\/tr>\n<tr>\n<td style=\"color: #008000;\">MEGASOLID 40<\/td>\n<td>2851<\/td>\n<td>40<\/td>\n<td>34.400<\/td>\n<td>90<\/td>\n<td>70<\/td>\n<td>187,8<\/td>\n<td>110<\/td>\n<td>470<\/td>\n<td>3.985<\/td>\n<\/tr>\n<tr>\n<td style=\"color: #008000;\">MEGASOLID 50<\/td>\n<td>2852<\/td>\n<td>50<\/td>\n<td>43.000<\/td>\n<td>90<\/td>\n<td>80<\/td>\n<td>304,9<\/td>\n<td>132<\/td>\n<td>550<\/td>\n<td>4.410<\/td>\n<\/tr>\n<tr>\n<td style=\"color: #008000;\">MEGASOLID 70<\/td>\n<td>2853<\/td>\n<td>70<\/td>\n<td>60.200<\/td>\n<td>90<\/td>\n<td>95<\/td>\n<td>402,9<\/td>\n<td>170<\/td>\n<td>650<\/td>\n<td>5.110<\/td>\n<\/tr>\n<tr>\n<td style=\"color: #008000;\">MEGASOLID 100<\/td>\n<td>2854<\/td>\n<td>100<\/td>\n<td>86.000<\/td>\n<td>90<\/td>\n<td>110<\/td>\n<td>520<\/td>\n<td>215<\/td>\n<td>820<\/td>\n<td>6.675<\/td>\n<\/tr>\n<\/tbody>\n<\/table>\n","protected":false},"excerpt":{"rendered":"<p>Calderes d&#8217;acer per s\u00f2lids<br \/>\n(llenya) de flama invertida<\/p>\n","protected":false},"featured_media":558,"template":"","meta":{"site-sidebar-layout":"default","site-content-layout":"default","ast-site-content-layout":"","site-content-style":"default","site-sidebar-style":"default","ast-global-header-display":"","ast-banner-title-visibility":"","ast-main-header-display":"","ast-hfb-above-header-display":"","ast-hfb-below-header-display":"","ast-hfb-mobile-header-display":"","site-post-title":"","ast-breadcrumbs-content":"","ast-featured-img":"","footer-sml-layout":"","theme-transparent-header-meta":"default","adv-header-id-meta":"","stick-header-meta":"","header-above-stick-meta":"","header-main-stick-meta":"","header-below-stick-meta":"","astra-migrate-meta-layouts":""},"product_cat":[65,58,70],"product_tag":[],"class_list":["post-830","product","type-product","status-publish","has-post-thumbnail","hentry","product_cat-biomassa-i-solids","product_cat-gamma-domestica","product_cat-solids-i-llenya","desktop-align-left","tablet-align-left","mobile-align-left"],"_links":{"self":[{"href":"https:\/\/carbonsdelclos.com\/ca\/wp-json\/wp\/v2\/product\/830","targetHints":{"allow":["GET"]}}],"collection":[{"href":"https:\/\/carbonsdelclos.com\/ca\/wp-json\/wp\/v2\/product"}],"about":[{"href":"https:\/\/carbonsdelclos.com\/ca\/wp-json\/wp\/v2\/types\/product"}],"wp:featuredmedia":[{"embeddable":true,"href":"https:\/\/carbonsdelclos.com\/ca\/wp-json\/wp\/v2\/media\/558"}],"wp:attachment":[{"href":"https:\/\/carbonsdelclos.com\/ca\/wp-json\/wp\/v2\/media?parent=830"}],"wp:term":[{"taxonomy":"product_cat","embeddable":true,"href":"https:\/\/carbonsdelclos.com\/ca\/wp-json\/wp\/v2\/product_cat?post=830"},{"taxonomy":"product_tag","embeddable":true,"href":"https:\/\/carbonsdelclos.com\/ca\/wp-json\/wp\/v2\/product_tag?post=830"}],"curies":[{"name":"wp","href":"https:\/\/api.w.org\/{rel}","templated":true}]}}