{"id":832,"date":"2022-06-27T13:16:04","date_gmt":"2022-06-27T13:16:04","guid":{"rendered":"https:\/\/carbonsdelclos.com\/producto\/solimax-i-solimax-plus\/"},"modified":"2022-06-27T13:16:04","modified_gmt":"2022-06-27T13:16:04","slug":"solimax-i-solimax-plus","status":"publish","type":"product","link":"https:\/\/carbonsdelclos.com\/ca\/producte\/solimax-i-solimax-plus\/","title":{"rendered":"SOLIMAX i SOLIMAX Plus"},"content":{"rendered":"<p>Cos de ferro colat, format per elements units mitjan\u00e7ant casquets d&#8217;acer, d&#8217;alta efici\u00e8ncia t\u00e8rmica.<\/p>\n<p><strong>SOLIMAX:<\/strong><br \/>\n&#8211; Doble porta frontal de c\u00e0rrega i neteja.<br \/>\n&#8211; Graelles refrigerades per aigua que eviten el deteriorament especialment amb carb\u00f3.<br \/>\n&#8211; Regulaci\u00f3 de la combusti\u00f3 tant d&#8217;aire, en la part frontal, com del tir, a la sortida de fums.<br \/>\n&#8211; Admet trossos de fusta de grans dimensions per la seva \u00e0mplia boca de c\u00e0rrega 322 x 318 mm.<\/p>\n<p><strong>SOLIMAX PLUS:<\/strong><br \/>\n&#8211; Similars caracter\u00edstiques que el model SOLIMAX, per\u00f2 amb panell electr\u00f2nic i ventilador per gestionar de forma autom\u00e0tica la combusti\u00f3.<br \/>\n&#8211; Soluciona problemes de tir en instal \u00b7 lacions amb xemeneies antigues.<\/p>\n<p><strong>CARACTER\u00cdSTIQUES<\/strong><br \/>\nPressi\u00f3 de treball: 4 bar.<\/p>\n<hr>\n<h4>SOLIMAX<\/h4>\n<table class=\"table table-bordered\">\n<thead>\n<tr>\n<th>MODEL<\/th>\n<th>CODI<\/th>\n<th>N\u00ba ELEMENTS<\/th>\n<th>Pot\u00e8ncia \u00fatil fusta<br \/>\n(KW)<\/th>\n<th>Pot\u00e8ncia \u00fatil fusta<br \/>\n(Kcal\/h)<\/th>\n<th>Pot\u00e8ncia \u00fatil carb\u00f3<br \/>\n(KW)<\/th>\n<th>Pot\u00e8ncia \u00fatil carb\u00f3<br \/>\n(Kcal\/h)<\/th>\n<th>Sotida gasos<\/th>\n<th>Volum aigua<br \/>\n(l)<\/th>\n<th>Profunditat c\u00e0mera<br \/>\n(mm)<\/th>\n<th>Boca de carga llenya<br \/>\n(mm)<\/th>\n<th>Pes<\/th>\n<th>P.V.P<\/th>\n<\/tr>\n<\/thead>\n<tbody>\n<tr>\n<td style=\"color: #008000;\">SOLIMAX 20<\/td>\n<td>1829<\/td>\n<td>4<\/td>\n<td>23<\/td>\n<td>19.780<\/td>\n<td>27<\/td>\n<td>23.220<\/td>\n<td>175<\/td>\n<td>22<\/td>\n<td>320<\/td>\n<td>322&#215;318<\/td>\n<td>213<\/td>\n<td>1.280<\/td>\n<\/tr>\n<tr>\n<td style=\"color: #008000;\">SOLIMAX 30<\/td>\n<td>1830<\/td>\n<td>5<\/td>\n<td>30<\/td>\n<td>25.800<\/td>\n<td>34<\/td>\n<td>29.240<\/td>\n<td>175<\/td>\n<td>27<\/td>\n<td>420<\/td>\n<td>322&#215;318<\/td>\n<td>248<\/td>\n<td>1.460<\/td>\n<\/tr>\n<tr>\n<td style=\"color: #008000;\">SOLIMAX 40<\/td>\n<td>1831<\/td>\n<td>7<\/td>\n<td>43<\/td>\n<td>36.980<\/td>\n<td>48<\/td>\n<td>41.280<\/td>\n<td>175<\/td>\n<td>37<\/td>\n<td>620<\/td>\n<td>322&#215;318<\/td>\n<td>318<\/td>\n<td>1.800<\/td>\n<\/tr>\n<tr>\n<td style=\"color: #008000;\">SOLIMAX 50<\/td>\n<td>1832<\/td>\n<td>8<\/td>\n<td>51<\/td>\n<td>43.860<\/td>\n<td>56<\/td>\n<td>48.160<\/td>\n<td>175<\/td>\n<td>42<\/td>\n<td>720<\/td>\n<td>322&#215;318<\/td>\n<td>353<\/td>\n<td>2.000<\/td>\n<\/tr>\n<\/tbody>\n<\/table>\n<h4>SOLIMAX PLUS<\/h4>\n<table class=\"table table-bordered\">\n<thead>\n<tr>\n<th>MODEL<\/th>\n<th>CODI<\/th>\n<th>N\u00ba ELEMENTS<\/th>\n<th>Pot\u00e8ncia \u00fatil fusta<br \/>\n(KW)<\/th>\n<th>Pot\u00e8ncia \u00fatil fusta<br \/>\n(Kcal\/h)<\/th>\n<th>Pot\u00e8ncia \u00fatil carb\u00f3<br \/>\n(KW)<\/th>\n<th>Pot\u00e8ncia \u00fatil carb\u00f3<br \/>\n(Kcal\/h)<\/th>\n<th>Sotida gasos<\/th>\n<th>Volum aigua<br \/>\n(l)<\/th>\n<th>Profunditat c\u00e0mera<br \/>\n(mm)<\/th>\n<th>Boca de carga llenya<br \/>\n(mm)<\/th>\n<th>Pes<\/th>\n<th>P.V.P<\/th>\n<\/tr>\n<\/thead>\n<tbody>\n<tr>\n<td style=\"color: #008000;\">SOLIMAX 30 PLUS<\/td>\n<td>1840<\/td>\n<td>5<\/td>\n<td>30<\/td>\n<td>25.800<\/td>\n<td>34<\/td>\n<td>29.240<\/td>\n<td>175<\/td>\n<td>27<\/td>\n<td>420<\/td>\n<td>322&#215;318<\/td>\n<td>253<\/td>\n<td>2.026<\/td>\n<\/tr>\n<tr>\n<td style=\"color: #008000;\">SOLIMAX 40 PLUS<\/td>\n<td>1841<\/td>\n<td>7<\/td>\n<td>43<\/td>\n<td>36.980<\/td>\n<td>48<\/td>\n<td>41.280<\/td>\n<td>175<\/td>\n<td>37<\/td>\n<td>620<\/td>\n<td>322&#215;318<\/td>\n<td>323<\/td>\n<td>2.380<\/td>\n<\/tr>\n<tr>\n<td style=\"color: #008000;\">SOLIMAX 50 PLUS<\/td>\n<td>1842<\/td>\n<td>8<\/td>\n<td>51<\/td>\n<td>43.860<\/td>\n<td>56<\/td>\n<td>48.160<\/td>\n<td>175<\/td>\n<td>42<\/td>\n<td>720<\/td>\n<td>322&#215;318<\/td>\n<td>358<\/td>\n<td>2.598<\/td>\n<\/tr>\n<tr>\n<td style=\"color: #008000;\">SOLIMAX 65 PLUS<\/td>\n<td>1843<\/td>\n<td>10<\/td>\n<td>65<\/td>\n<td>55.900<\/td>\n<td>70<\/td>\n<td>60.200<\/td>\n<td>175<\/td>\n<td>52<\/td>\n<td>920<\/td>\n<td>322&#215;318<\/td>\n<td>428<\/td>\n<td>2.976<\/td>\n<\/tr>\n<\/tbody>\n<\/table>\n","protected":false},"excerpt":{"rendered":"<p>Calderes de ferro colat combustibles s\u00f2lids (llenya i carb\u00f3)<\/p>\n","protected":false},"featured_media":566,"template":"","meta":{"site-sidebar-layout":"default","site-content-layout":"default","ast-site-content-layout":"","site-content-style":"default","site-sidebar-style":"default","ast-global-header-display":"","ast-banner-title-visibility":"","ast-main-header-display":"","ast-hfb-above-header-display":"","ast-hfb-below-header-display":"","ast-hfb-mobile-header-display":"","site-post-title":"","ast-breadcrumbs-content":"","ast-featured-img":"","footer-sml-layout":"","theme-transparent-header-meta":"default","adv-header-id-meta":"","stick-header-meta":"","header-above-stick-meta":"","header-main-stick-meta":"","header-below-stick-meta":"","astra-migrate-meta-layouts":""},"product_cat":[65,58,70],"product_tag":[],"class_list":["post-832","product","type-product","status-publish","has-post-thumbnail","hentry","product_cat-biomassa-i-solids","product_cat-gamma-domestica","product_cat-solids-i-llenya","desktop-align-left","tablet-align-left","mobile-align-left"],"_links":{"self":[{"href":"https:\/\/carbonsdelclos.com\/ca\/wp-json\/wp\/v2\/product\/832","targetHints":{"allow":["GET"]}}],"collection":[{"href":"https:\/\/carbonsdelclos.com\/ca\/wp-json\/wp\/v2\/product"}],"about":[{"href":"https:\/\/carbonsdelclos.com\/ca\/wp-json\/wp\/v2\/types\/product"}],"wp:featuredmedia":[{"embeddable":true,"href":"https:\/\/carbonsdelclos.com\/ca\/wp-json\/wp\/v2\/media\/566"}],"wp:attachment":[{"href":"https:\/\/carbonsdelclos.com\/ca\/wp-json\/wp\/v2\/media?parent=832"}],"wp:term":[{"taxonomy":"product_cat","embeddable":true,"href":"https:\/\/carbonsdelclos.com\/ca\/wp-json\/wp\/v2\/product_cat?post=832"},{"taxonomy":"product_tag","embeddable":true,"href":"https:\/\/carbonsdelclos.com\/ca\/wp-json\/wp\/v2\/product_tag?post=832"}],"curies":[{"name":"wp","href":"https:\/\/api.w.org\/{rel}","templated":true}]}}