{"id":834,"date":"2022-06-27T13:22:15","date_gmt":"2022-06-27T13:22:15","guid":{"rendered":"https:\/\/carbonsdelclos.com\/producto\/activa-i-activa-plus\/"},"modified":"2022-06-27T13:22:15","modified_gmt":"2022-06-27T13:22:15","slug":"activa-i-activa-plus","status":"publish","type":"product","link":"https:\/\/carbonsdelclos.com\/ca\/producte\/activa-i-activa-plus\/","title":{"rendered":"ACTIVA i ACTIVA Plus"},"content":{"rendered":"<h4>ACTIVA<\/h4>\n<p>&#8211; Elevada efici\u00e8ncia energ\u00e8tica obtinguda gr\u00e0cies a les caracter\u00edstiques constructives dels cos Lasian de gran superf\u00edcie d&#8217;intercanvi ia la minimitzaci\u00f3 de p\u00e8rdues energ\u00e8tiques en la unitat.<br \/>\n&#8211; Sistema de regulaci\u00f3 de sortida dels gasos de la combusti\u00f3 incorporat, mitjan\u00e7ant retenidors en cada pas de fums.<br \/>\n&#8211; Disseny i construcci\u00f3 concebuts per facilitar les operacions de manteniment i neteja.<br \/>\n&#8211; A\u00efllament ac\u00fastic que redueix els nivells d&#8217;emissi\u00f3 de soroll del conjunt.<br \/>\n&#8211; \u00d2ptim acabat exterior proporcionant major protecci\u00f3 enfront d&#8217;agents ambientals.<br \/>\n&#8211; Pot\u00e8ncies \u00fatils de 27,2 kW i 37,5 kW.<br \/>\n&#8211; Dues versions disponibles en grups t\u00e8rmics ACTIVA:<br \/>\nACTIVA C: Nom\u00e9s calefacci\u00f3<br \/>\nACTIVA A: Calefacci\u00f3 i producci\u00f3 instant\u00e0nia d&#8217;ACS<\/p>\n<table class=\"table table-bordered\">\n<thead>\n<tr>\n<th>MODEL<\/th>\n<th>CODI<\/th>\n<th>Versi\u00f3<\/th>\n<th>Pot\u00e8ncia \u00fatil<br \/>\n(KW)<\/th>\n<th>Pot\u00e8ncia \u00fatil<br \/>\n(Kcal\/h)<\/th>\n<th>Aigua calenta<\/th>\n<th>Pes<\/th>\n<th>P.V.P<\/th>\n<\/tr>\n<\/thead>\n<tbody>\n<tr>\n<td style=\"color: #ff0000;\">ACTIVA 30 A<\/td>\n<td>1501<\/td>\n<td>Calefacci\u00f3 + ACS<\/td>\n<td>27,2<\/td>\n<td>23.375<\/td>\n<td>11,8<\/td>\n<td>115<\/td>\n<td>1.590<\/td>\n<\/tr>\n<tr>\n<td style=\"color: #ff0000;\">ACTIVA 30 C<\/td>\n<td>1502<\/td>\n<td>Nom\u00e9s calefacci\u00f3<\/td>\n<td>27,2<\/td>\n<td>23.375<\/td>\n<td>&#8211;<\/td>\n<td>104<\/td>\n<td>1.390<\/td>\n<\/tr>\n<tr>\n<td style=\"color: #ff0000;\">ACTIVA 40 A<\/td>\n<td>1503<\/td>\n<td>Calefacci\u00f3 + ACS<\/td>\n<td>37,5<\/td>\n<td>23.375<\/td>\n<td>14,4<\/td>\n<td>136<\/td>\n<td>1.785<\/td>\n<\/tr>\n<tr>\n<td style=\"color: #ff0000;\">ACTIVA 40 A<\/td>\n<td>1504<\/td>\n<td>Nom\u00e9s calefacci\u00f3<\/td>\n<td>37,5<\/td>\n<td>23.375<\/td>\n<td>&#8211;<\/td>\n<td>125<\/td>\n<td>1.583<\/td>\n<\/tr>\n<\/tbody>\n<\/table>\n<h4>ACTIVA PLUS<\/h4>\n<p>&#8211; Elevada efici\u00e8ncia energ\u00e8tica obtinguda gr\u00e0cies a les caracter\u00edstiques constructives dels cossos Lasian de gran superf\u00edcie d&#8217;intercanvi ia la minimitzaci\u00f3 de p\u00e8rdues energ\u00e8tiques en la unitat.<br \/>\n&#8211; Sistema de regulaci\u00f3 de sortida dels gasos de la combusti\u00f3 incorporat, mitjan\u00e7ant retenidors en cada pas de fums.<br \/>\n&#8211; La sortida de fums est\u00e0ndard est\u00e0 a la part posterior del grup t\u00e8rmic. Si s&#8217;especifica en la comanda es pot subministrar amb sortida a la part superior, nom\u00e9s en el model ACTIVA PLUS 30.<br \/>\n&#8211; Disseny i construcci\u00f3 concebuts per facilitar les operacions de manteniment i neteja.<br \/>\n&#8211; A\u00efllament ac\u00fastic que redueix els nivells d&#8217;emissi\u00f3 de soroll del conjunt.<br \/>\n&#8211; \u00d2ptim acabat exterior proporcionant major protecci\u00f3 enfront d&#8217;agents ambientals.<br \/>\n&#8211; Pot\u00e8ncies \u00fatils de 27,2 kW i 37,5 kW.<\/p>\n<table class=\"table table-bordered\">\n<thead>\n<tr>\n<th>MODEL<\/th>\n<th>CODI<\/th>\n<th>Versi\u00f3<\/th>\n<th>Pot\u00e8ncia \u00fatil<br \/>\n(KW)<\/th>\n<th>Pot\u00e8ncia \u00fatil<br \/>\n(Kcal\/h)<\/th>\n<th>Aigua calenta<\/th>\n<th>Pes<\/th>\n<th>P.V.P<\/th>\n<\/tr>\n<\/thead>\n<tbody>\n<tr>\n<td style=\"color: #ff0000;\">ACTIVA PLUS 30<\/td>\n<td>1507<\/td>\n<td>Calefacci\u00f3 + ACS<\/td>\n<td>27,2<\/td>\n<td>23.375<\/td>\n<td>11,8<\/td>\n<td>115<\/td>\n<td>1.755<\/td>\n<\/tr>\n<tr>\n<td style=\"color: #ff0000;\">ACTIVA PLUS 40<\/td>\n<td>1508<\/td>\n<td>Calefacci\u00f3 + ACS<\/td>\n<td>37,5<\/td>\n<td>23.375<\/td>\n<td>14,4<\/td>\n<td>136<\/td>\n<td>1.905<\/td>\n<\/tr>\n<\/tbody>\n<\/table>\n","protected":false},"excerpt":{"rendered":"<p>Grup t\u00e8rmic d&#8217;acer alt rendiment<\/p>\n","protected":false},"featured_media":574,"template":"","meta":{"site-sidebar-layout":"default","site-content-layout":"default","ast-site-content-layout":"","site-content-style":"default","site-sidebar-style":"default","ast-global-header-display":"","ast-banner-title-visibility":"","ast-main-header-display":"","ast-hfb-above-header-display":"","ast-hfb-below-header-display":"","ast-hfb-mobile-header-display":"","site-post-title":"","ast-breadcrumbs-content":"","ast-featured-img":"","footer-sml-layout":"","theme-transparent-header-meta":"default","adv-header-id-meta":"","stick-header-meta":"","header-above-stick-meta":"","header-main-stick-meta":"","header-below-stick-meta":"","astra-migrate-meta-layouts":""},"product_cat":[58,75],"product_tag":[],"class_list":["post-834","product","type-product","status-publish","has-post-thumbnail","hentry","product_cat-gamma-domestica","product_cat-grups-termics-gasoil","desktop-align-left","tablet-align-left","mobile-align-left"],"_links":{"self":[{"href":"https:\/\/carbonsdelclos.com\/ca\/wp-json\/wp\/v2\/product\/834","targetHints":{"allow":["GET"]}}],"collection":[{"href":"https:\/\/carbonsdelclos.com\/ca\/wp-json\/wp\/v2\/product"}],"about":[{"href":"https:\/\/carbonsdelclos.com\/ca\/wp-json\/wp\/v2\/types\/product"}],"wp:featuredmedia":[{"embeddable":true,"href":"https:\/\/carbonsdelclos.com\/ca\/wp-json\/wp\/v2\/media\/574"}],"wp:attachment":[{"href":"https:\/\/carbonsdelclos.com\/ca\/wp-json\/wp\/v2\/media?parent=834"}],"wp:term":[{"taxonomy":"product_cat","embeddable":true,"href":"https:\/\/carbonsdelclos.com\/ca\/wp-json\/wp\/v2\/product_cat?post=834"},{"taxonomy":"product_tag","embeddable":true,"href":"https:\/\/carbonsdelclos.com\/ca\/wp-json\/wp\/v2\/product_tag?post=834"}],"curies":[{"name":"wp","href":"https:\/\/api.w.org\/{rel}","templated":true}]}}