{"id":836,"date":"2022-06-27T13:26:42","date_gmt":"2022-06-27T13:26:42","guid":{"rendered":"https:\/\/carbonsdelclos.com\/producto\/climacomby-i-climacomby-s\/"},"modified":"2022-06-27T13:26:42","modified_gmt":"2022-06-27T13:26:42","slug":"climacomby-i-climacomby-s","status":"publish","type":"product","link":"https:\/\/carbonsdelclos.com\/ca\/producte\/climacomby-i-climacomby-s\/","title":{"rendered":"CLIMACOMBY i CLIMACOMBY-S"},"content":{"rendered":"<h3>CLIMACOMBY &#8211; GRUP T\u00c8RMIC, AMB CONTROL ANAL\u00d2GIC<\/h3>\n<p>&#8211; Grup t\u00e8rmic de calefacci\u00f3 i producci\u00f3 instant\u00e0nia d&#8217;ACS amb una pot\u00e8ncia de 23.220 kcal\/h.<br \/>\n&#8211; Constru\u00eft amb elements de ferro colat de tres passos de fums que optimitzen el rendiment energ\u00e8tic del grup t\u00e8rmic.<br \/>\n&#8211; Disseny i construcci\u00f3 concebuts per facilitar les operacions de manteniment i neteja.<br \/>\n&#8211; Inclou intercanviador d&#8217;ACS de tipus serpent\u00ed per una major autonomia de funcionament i durabilitat.<br \/>\n&#8211; A\u00efllats t\u00e8rmica i ac\u00fasticament.<br \/>\n&#8211; \u00d2ptim acabat exterior proporcionant una elevada protecci\u00f3 enfront dels atacs dels agents ambientals externs.<br \/>\n&#8211; Control de la unitat mitjan\u00e7ant comandaments anal\u00f2gics i term\u00f2stats.<\/p>\n<table class=\"table table-bordered\">\n<thead>\n<tr>\n<th>MODEL<\/th>\n<th>CODI<\/th>\n<th>Versi\u00f3<\/th>\n<th>Pot\u00e8ncia \u00fatil<br \/>\n(KW)<\/th>\n<th>Pot\u00e8ncia \u00fatil<br \/>\n(Kcal\/h)<\/th>\n<th>Aigua calenta<\/th>\n<th>P.V.P<\/th>\n<\/tr>\n<\/thead>\n<tbody>\n<tr>\n<td style=\"color: #ff0000;\">CLIMACOMBY 30 A<\/td>\n<td>1475<\/td>\n<td>27<\/td>\n<td>23.220<\/td>\n<td>13<\/td>\n<td>168<\/td>\n<td>1.590<\/td>\n<\/tr>\n<\/tbody>\n<\/table>\n<h3>CLIMACOMBY-S CALDERA AMB CONTROL ANAL\u00d2GIC<\/h3>\n<p>&#8211; Calderes compostes per:<br \/>\n&#8211; Cos de ferro colat<br \/>\n&#8211; Quadre de comandaments<br \/>\n&#8211; Envolvents muntats<br \/>\n&#8211; Constru\u00efdes amb elements de ferro colat de tres passos de fums que optimitzen el rendiment energ\u00e8tic.<br \/>\n&#8211; A\u00efllades t\u00e8rmica i ac\u00fasticament.<br \/>\n&#8211; \u00d2ptim acabat exterior proporcionant una elevada protecci\u00f3 enfront dels atacs dels agents ambientals externs.<br \/>\n&#8211; Control de la unitat mitjan\u00e7ant comandaments anal\u00f2gics i term\u00f2stats.<\/p>\n<table class=\"table table-bordered\">\n<thead>\n<tr>\n<th>MODEL<\/th>\n<th>CODI<\/th>\n<th>Versi\u00f3<\/th>\n<th>Pot\u00e8ncia \u00fatil<br \/>\n(KW)<\/th>\n<th>Pot\u00e8ncia \u00fatil<br \/>\n(Kcal\/h)<\/th>\n<th>Aigua calenta<\/th>\n<th>P.V.P<\/th>\n<\/tr>\n<\/thead>\n<tbody>\n<tr>\n<td style=\"color: #ff0000;\">CLIMACOMBY-S 30<\/td>\n<td>1450<\/td>\n<td>27<\/td>\n<td>23.220<\/td>\n<td>123<\/td>\n<td>810<\/td>\n<td>1.190<\/td>\n<\/tr>\n<tr>\n<td style=\"color: #ff0000;\">CLIMACOMBY-S 40<\/td>\n<td>1451<\/td>\n<td>36<\/td>\n<td>30.960<\/td>\n<td>145<\/td>\n<td>910<\/td>\n<td>1.260<\/td>\n<\/tr>\n<tr>\n<td style=\"color: #ff0000;\">CLIMACOMBY-S 50<\/td>\n<td>1452<\/td>\n<td>46<\/td>\n<td>39.560<\/td>\n<td>167<\/td>\n<td>998<\/td>\n<td>1.368<\/td>\n<\/tr>\n<\/tbody>\n<\/table>\n","protected":false},"excerpt":{"rendered":"<p>Grup t\u00e8rmic de de ferro colat &#8211; Gasoil<\/p>\n","protected":false},"featured_media":582,"template":"","meta":{"site-sidebar-layout":"default","site-content-layout":"default","ast-site-content-layout":"","site-content-style":"default","site-sidebar-style":"default","ast-global-header-display":"","ast-banner-title-visibility":"","ast-main-header-display":"","ast-hfb-above-header-display":"","ast-hfb-below-header-display":"","ast-hfb-mobile-header-display":"","site-post-title":"","ast-breadcrumbs-content":"","ast-featured-img":"","footer-sml-layout":"","theme-transparent-header-meta":"default","adv-header-id-meta":"","stick-header-meta":"","header-above-stick-meta":"","header-main-stick-meta":"","header-below-stick-meta":"","astra-migrate-meta-layouts":""},"product_cat":[58,75],"product_tag":[],"class_list":["post-836","product","type-product","status-publish","has-post-thumbnail","hentry","product_cat-gamma-domestica","product_cat-grups-termics-gasoil","desktop-align-left","tablet-align-left","mobile-align-left"],"_links":{"self":[{"href":"https:\/\/carbonsdelclos.com\/ca\/wp-json\/wp\/v2\/product\/836","targetHints":{"allow":["GET"]}}],"collection":[{"href":"https:\/\/carbonsdelclos.com\/ca\/wp-json\/wp\/v2\/product"}],"about":[{"href":"https:\/\/carbonsdelclos.com\/ca\/wp-json\/wp\/v2\/types\/product"}],"wp:featuredmedia":[{"embeddable":true,"href":"https:\/\/carbonsdelclos.com\/ca\/wp-json\/wp\/v2\/media\/582"}],"wp:attachment":[{"href":"https:\/\/carbonsdelclos.com\/ca\/wp-json\/wp\/v2\/media?parent=836"}],"wp:term":[{"taxonomy":"product_cat","embeddable":true,"href":"https:\/\/carbonsdelclos.com\/ca\/wp-json\/wp\/v2\/product_cat?post=836"},{"taxonomy":"product_tag","embeddable":true,"href":"https:\/\/carbonsdelclos.com\/ca\/wp-json\/wp\/v2\/product_tag?post=836"}],"curies":[{"name":"wp","href":"https:\/\/api.w.org\/{rel}","templated":true}]}}