{"id":839,"date":"2022-06-27T13:30:55","date_gmt":"2022-06-27T13:30:55","guid":{"rendered":"https:\/\/carbonsdelclos.com\/producto\/climaterm-i-climaterm-av\/"},"modified":"2022-06-27T13:30:55","modified_gmt":"2022-06-27T13:30:55","slug":"climaterm-i-climaterm-av","status":"publish","type":"product","link":"https:\/\/carbonsdelclos.com\/ca\/producte\/climaterm-i-climaterm-av\/","title":{"rendered":"CLIMATERM i CLIMATERM AV"},"content":{"rendered":"<h3>CLIMATERM<\/h3>\n<p>&#8211; Elevada efici\u00e8ncia energ\u00e8tica obtinguda gr\u00e0cies a les caracter\u00edstiques constructives dels cos Lasian de gran superf\u00edcie d&#8217;intercanvi ia la minimitzaci\u00f3 de p\u00e8rdues energ\u00e8tiques en la unitat.<br \/>\n&#8211; Sistema de regulaci\u00f3 de sortida dels gasos de la combusti\u00f3 incorporat, mitjan\u00e7ant retenidors en cada pas de fums.<br \/>\n&#8211; Disseny i construcci\u00f3 concebuts per facilitar les operacions de manteniment i neteja.<br \/>\n&#8211; A\u00efllament ac\u00fastic que redueix els nivells d&#8217;emissi\u00f3 de soroll del conjunt.<br \/>\n&#8211; \u00d2ptim acabat exterior proporcionant major protecci\u00f3 enfront d&#8217;agents ambientals.<br \/>\n&#8211; Pot\u00e8ncies \u00fatils de 27,2 kW i 37,5 kW.<br \/>\n&#8211; Dues versions disponibles en grups t\u00e8rmics ACTIVA:<br \/>\n<strong>ACTIVA C:<\/strong> Nom\u00e9s calefacci\u00f3<br \/>\n<strong>ACTIVA A:<\/strong> Calefacci\u00f3 i producci\u00f3 instant\u00e0nia d&#8217;ACS<\/p>\n<table class=\"table table-bordered\">\n<thead>\n<tr>\n<th>MODEL<\/th>\n<th>CODI<\/th>\n<th>Versi\u00f3<\/th>\n<th>Pot\u00e8ncia \u00fatil<br \/>\n(KW)<\/th>\n<th>Pot\u00e8ncia \u00fatil<br \/>\n(Kcal\/h)<\/th>\n<th>Aigua calenta<\/th>\n<th>Pes<\/th>\n<th>P.V.P<\/th>\n<\/tr>\n<\/thead>\n<tbody>\n<tr>\n<td style=\"color: #ff0000;\">CLIMATERM 30 A<\/td>\n<td>1460<\/td>\n<td rowspan=\"2\">Calefacci\u00f3 + ACS instant\u00e0nia<\/td>\n<td>27<\/td>\n<td>23.220<\/td>\n<td>13<\/td>\n<td>162<\/td>\n<td>1.660<\/td>\n<\/tr>\n<tr>\n<td style=\"color: #ff0000;\">CLIMATERM 40 A<\/td>\n<td>1465<\/td>\n<td>36<\/td>\n<td>30.960<\/td>\n<td>15,3<\/td>\n<td>202<\/td>\n<td>1.807<\/td>\n<\/tr>\n<tr>\n<td style=\"color: #ff0000;\">CLIMATERM 30 C<\/td>\n<td>1461<\/td>\n<td rowspan=\"2\">Nom\u00e9s calefacci\u00f3<\/td>\n<td>27<\/td>\n<td>23.220<\/td>\n<td>&#8211;<\/td>\n<td>150<\/td>\n<td>1.506<\/td>\n<\/tr>\n<tr>\n<td style=\"color: #ff0000;\">CLIMATERM40 C<\/td>\n<td>1466<\/td>\n<td>36<\/td>\n<td>30.960<\/td>\n<td>&#8211;<\/td>\n<td>190<\/td>\n<td>1.644<\/td>\n<\/tr>\n<\/tbody>\n<\/table>\n<h3>CLIMATERM AV<\/h3>\n<p>&#8211; Elevada efici\u00e8ncia energ\u00e8tica obtinguda gr\u00e0cies a les caracter\u00edstiques constructives dels cossos Lasian de gran superf\u00edcie d&#8217;intercanvi ia la minimitzaci\u00f3 de p\u00e8rdues energ\u00e8tiques en la unitat.<br \/>\n&#8211; Sistema de regulaci\u00f3 de sortida dels gasos de la combusti\u00f3 incorporat, mitjan\u00e7ant retenidors en cada pas de fums.<br \/>\n&#8211; La sortida de fums est\u00e0ndard est\u00e0 a la part posterior del grup t\u00e8rmic. Si s&#8217;especifica en la comanda es pot subministrar amb sortida a la part superior, nom\u00e9s en el model ACTIVA PLUS 30.<br \/>\n&#8211; Disseny i construcci\u00f3 concebuts per facilitar les operacions de manteniment i neteja.<br \/>\n&#8211; A\u00efllament ac\u00fastic que redueix els nivells d&#8217;emissi\u00f3 de soroll del conjunt.<br \/>\n&#8211; \u00d2ptim acabat exterior proporcionant major protecci\u00f3 enfront d&#8217;agents ambientals.<br \/>\n&#8211; Pot\u00e8ncies \u00fatils de 27,2 kW i 37,5 kW.<br \/>\n&#8211; La targeta electr\u00f2nica ofereix 3 modes de funcionament i disposa de funcions addicionals que milloren les prestacions de la caldera i permeten un major estalvi. L&#8217;usuari sap en tot moment els valors de temperatura i pressi\u00f3, i mitjan\u00e7ant missatges de text se l&#8217;informa de qualsevol incid\u00e8ncia.<\/p>\n<table class=\"table table-bordered\">\n<thead>\n<tr>\n<th>MODEL<\/th>\n<th>CODI<\/th>\n<th>Versi\u00f3<\/th>\n<th>Pot\u00e8ncia \u00fatil<br \/>\n(KW)<\/th>\n<th>Pot\u00e8ncia \u00fatil<br \/>\n(Kcal\/h)<\/th>\n<th>Aigua calenta<\/th>\n<th>Pes<\/th>\n<th>P.V.P<\/th>\n<\/tr>\n<\/thead>\n<tbody>\n<tr>\n<td style=\"color: #ff0000;\" rowspan=\"2\">CLIMATERM AV 30<\/td>\n<td>2150<\/td>\n<td>Vitrificat<\/td>\n<td>27<\/td>\n<td>23.220<\/td>\n<td>720<\/td>\n<td>265<\/td>\n<td>2.134<\/td>\n<\/tr>\n<tr>\n<td>2151<\/td>\n<td>Inoxidable<\/td>\n<td>27<\/td>\n<td>23.220<\/td>\n<td>732<\/td>\n<td>265<\/td>\n<td>2.401<\/td>\n<\/tr>\n<tr>\n<td style=\"color: #ff0000;\" rowspan=\"2\">CLIMATERM AV 40<\/td>\n<td>2152<\/td>\n<td>Vitrificat<\/td>\n<td>36<\/td>\n<td>30.960<\/td>\n<td>870<\/td>\n<td>277<\/td>\n<td>2.289<\/td>\n<\/tr>\n<tr>\n<td>2153<\/td>\n<td>Inoxidable<\/td>\n<td>36<\/td>\n<td>30.960<\/td>\n<td>912<\/td>\n<td>277<\/td>\n<td>2.495<\/td>\n<\/tr>\n<tr>\n<td style=\"color: #ff0000;\" rowspan=\"2\">CLIMATERM AV SR 30<\/td>\n<td>2154<\/td>\n<td>Vitrificat<\/td>\n<td>27<\/td>\n<td>23.220<\/td>\n<td>720<\/td>\n<td>267<\/td>\n<td>2.580<\/td>\n<\/tr>\n<tr>\n<td>2155<\/td>\n<td>Inoxidable<\/td>\n<td>27<\/td>\n<td>23.220<\/td>\n<td>732<\/td>\n<td>267<\/td>\n<td>2.730<\/td>\n<\/tr>\n<tr>\n<td style=\"color: #ff0000;\" rowspan=\"2\">CLIMATERM AV SR 40<\/td>\n<td>2156<\/td>\n<td>Vitrificat<\/td>\n<td>36<\/td>\n<td>30.960<\/td>\n<td>870<\/td>\n<td>279<\/td>\n<td>2.700<\/td>\n<\/tr>\n<tr>\n<td>2157<\/td>\n<td>Inoxidable<\/td>\n<td>36<\/td>\n<td>30.960<\/td>\n<td>912<\/td>\n<td>279<\/td>\n<td>2.820<\/td>\n<\/tr>\n<\/tbody>\n<\/table>\n","protected":false},"excerpt":{"rendered":"<p>Grup t\u00e8rmic de de ferro colat &#8211; Gasoil<\/p>\n","protected":false},"featured_media":590,"template":"","meta":{"site-sidebar-layout":"default","site-content-layout":"default","ast-site-content-layout":"","site-content-style":"default","site-sidebar-style":"default","ast-global-header-display":"","ast-banner-title-visibility":"","ast-main-header-display":"","ast-hfb-above-header-display":"","ast-hfb-below-header-display":"","ast-hfb-mobile-header-display":"","site-post-title":"","ast-breadcrumbs-content":"","ast-featured-img":"","footer-sml-layout":"","theme-transparent-header-meta":"default","adv-header-id-meta":"","stick-header-meta":"","header-above-stick-meta":"","header-main-stick-meta":"","header-below-stick-meta":"","astra-migrate-meta-layouts":""},"product_cat":[58,75],"product_tag":[],"class_list":["post-839","product","type-product","status-publish","has-post-thumbnail","hentry","product_cat-gamma-domestica","product_cat-grups-termics-gasoil","desktop-align-left","tablet-align-left","mobile-align-left"],"_links":{"self":[{"href":"https:\/\/carbonsdelclos.com\/ca\/wp-json\/wp\/v2\/product\/839","targetHints":{"allow":["GET"]}}],"collection":[{"href":"https:\/\/carbonsdelclos.com\/ca\/wp-json\/wp\/v2\/product"}],"about":[{"href":"https:\/\/carbonsdelclos.com\/ca\/wp-json\/wp\/v2\/types\/product"}],"wp:featuredmedia":[{"embeddable":true,"href":"https:\/\/carbonsdelclos.com\/ca\/wp-json\/wp\/v2\/media\/590"}],"wp:attachment":[{"href":"https:\/\/carbonsdelclos.com\/ca\/wp-json\/wp\/v2\/media?parent=839"}],"wp:term":[{"taxonomy":"product_cat","embeddable":true,"href":"https:\/\/carbonsdelclos.com\/ca\/wp-json\/wp\/v2\/product_cat?post=839"},{"taxonomy":"product_tag","embeddable":true,"href":"https:\/\/carbonsdelclos.com\/ca\/wp-json\/wp\/v2\/product_tag?post=839"}],"curies":[{"name":"wp","href":"https:\/\/api.w.org\/{rel}","templated":true}]}}