{"id":841,"date":"2022-06-27T13:37:26","date_gmt":"2022-06-27T13:37:26","guid":{"rendered":"https:\/\/carbonsdelclos.com\/producto\/climatronic-i-climatronic-av\/"},"modified":"2022-06-27T13:37:26","modified_gmt":"2022-06-27T13:37:26","slug":"climatronic-i-climatronic-av","status":"publish","type":"product","link":"https:\/\/carbonsdelclos.com\/ca\/producte\/climatronic-i-climatronic-av\/","title":{"rendered":"CLIMATRONIC i CLIMATRONIC AV"},"content":{"rendered":"<h3>CLIMATRONIC<\/h3>\n<p>&#8211; Grups t\u00e8rmics constru\u00efts amb elements de ferro colat de tres passos de fums que optimitzen el rendiment energ\u00e8tic. A m\u00e9s, les seves caracter\u00edstiques constructives li proporcionen una excel\u00b7lent visi\u00f3 de la flama de combusti\u00f3.<br \/>\n&#8211; Disseny i construcci\u00f3 que faciliten les operacions de manteniment i neteja.<br \/>\n&#8211; Diferents versions per a un rang de pot\u00e8ncies \u00fatils de 23.220-30.690 kcal\/h.<br \/>\n<strong>CLIMATRONIC A:<\/strong> Mixta instant\u00e0nia: Calefacci\u00f3 + producci\u00f3 instant\u00e0nia d&#8217;ACS de tipus serpent\u00ed per a m\u00e9s autonomia de funcionament i durabilitat.<br \/>\n<strong>CLIMATRONIC AC:<\/strong> Calefacci\u00f3 + ACS amb interacumulador extern (no incl\u00f2s en el subministrament).<br \/>\n&#8211; A\u00efllats t\u00e8rmica i ac\u00fasticament.<br \/>\n&#8211; \u00d2ptim acabat exterior proporcionant una elevada protecci\u00f3 enfront dels atacs dels agents ambientals externs. &#8211; La targeta electr\u00f2nica ofereix 3 modes de funcionament i disposa de funcions addicionals que milloren les prestacions de la caldera i permeten un major estalvi. L&#8217;usuari sap en tot moment els valors de temperatura i pressi\u00f3 , i mitjan\u00e7ant missatges de text se l&#8217;informa de qualsevol incid\u00e8ncia.<\/p>\n<table class=\"table table-bordered\">\n<thead>\n<tr>\n<th>MODEL<\/th>\n<th>CODI<\/th>\n<th>Versi\u00f3<\/th>\n<th>Pot\u00e8ncia \u00fatil<br \/>\n(KW)<\/th>\n<th>Pot\u00e8ncia \u00fatil<br \/>\n(Kcal\/h)<\/th>\n<th>Aigua calenta<\/th>\n<th>Pes<\/th>\n<th>P.V.P<\/th>\n<\/tr>\n<\/thead>\n<tbody>\n<tr>\n<td style=\"color: #ff0000;\">CLIMATRONIC 30 A<\/td>\n<td>1462<\/td>\n<td rowspan=\"2\">Calefacci\u00f3 + ACS instant\u00e0nia<\/td>\n<td>27<\/td>\n<td>23.220<\/td>\n<td>  13<\/td>\n<td>  162<\/td>\n<td>1.730<\/td>\n<\/tr>\n<tr>\n<td style=\"color: #ff0000;\">CLIMATRONIC 40 A<\/td>\n<td>1467<\/td>\n<td>36<\/td>\n<td>30.960<\/td>\n<td>15,3<\/td>\n<td>202<\/td>\n<td>1.893<\/td>\n<\/tr>\n<tr>\n<td style=\"color: #ff0000;\">CLIMATRONIC 30 AC<\/td>\n<td>1463<\/td>\n<td rowspan=\"2\">Calefacci\u00f3 + ACS per a acumulador extern<\/td>\n<td>27<\/td>\n<td>23.220<\/td>\n<td>&#8211;<\/td>\n<td>155<\/td>\n<td>1.678<\/td>\n<\/tr>\n<tr>\n<td style=\"color: #ff0000;\">CLIMATRONIC 40 AC<\/td>\n<td>1468<\/td>\n<td>36<\/td>\n<td>30.960<\/td>\n<td>&#8211;<\/td>\n<td>195<\/td>\n<td>1.850<\/td>\n<\/tr>\n<\/tbody>\n<\/table>\n<h3>CLIMATRONIC AV<\/h3>\n<p>&#8211; Grups t\u00e8rmics dissenyats i constru\u00efts sobre la base de la gamma Climatronic que incorporen un sistema d&#8217;ACS mitjan\u00e7ant acumulaci\u00f3 incl\u00f2s dins de la unitat, disposant d&#8217;elevats cabals per al servei d&#8217;ACS.<br \/>\n&#8211; Pot\u00e8ncies \u00fatils de 23.220 i 30.960 kcal\/H .<br \/>\n&#8211; Hi ha dues versions d&#8217;interacumulador vertical dins de la gamma AV TRONIC. L&#8217;\u00fas de cada tipus vindr\u00e0 recomanat en funci\u00f3 de les caracter\u00edstiques l&#8217;aigua.<br \/>\n<strong>100 litres:<\/strong> En acer inoxidable AISI 316 L.<br \/>\n<strong>100 litres:<\/strong>Amb recobriment vitrificat amb \u00e0node de magnesi.<\/p>\n<table class=\"table table-bordered\">\n<thead>\n<tr>\n<th>MODEL<\/th>\n<th>CODI<\/th>\n<th>Versi\u00f3<\/th>\n<th>Pot\u00e8ncia \u00fatil<br \/>\n(KW)<\/th>\n<th>Pot\u00e8ncia \u00fatil<br \/>\n(Kcal\/h)<\/th>\n<th>Aigua calenta<\/th>\n<th>Pes<\/th>\n<th>P.V.P<\/th>\n<\/tr>\n<\/thead>\n<tbody>\n<tr>\n<td style=\"color: #ff0000;\" rowspan=\"2\">CLIMATRONICAV 30<\/td>\n<td>2160<\/td>\n<td>Vitrificat<\/td>\n<td>27<\/td>\n<td>23.220<\/td>\n<td>720<\/td>\n<td>265<\/td>\n<td>2.323<\/td>\n<\/tr>\n<tr>\n<td>2161<\/td>\n<td>Inoxidable<\/td>\n<td>27<\/td>\n<td>23.220<\/td>\n<td>732<\/td>\n<td>265<\/td>\n<td>2.521<\/td>\n<\/tr>\n<tr>\n<td style=\"color: #ff0000;\" rowspan=\"2\">CLIMATRONICAV 40<\/td>\n<td>2162<\/td>\n<td>Vitrificat<\/td>\n<td>36<\/td>\n<td>30.960<\/td>\n<td>870<\/td>\n<td>277<\/td>\n<td>2.564<\/td>\n<\/tr>\n<tr>\n<td>2163<\/td>\n<td>Inoxidable<\/td>\n<td>36<\/td>\n<td>30.960<\/td>\n<td>912<\/td>\n<td>277<\/td>\n<td>2.754<\/td>\n<\/tr>\n<\/tbody>\n<\/table>\n","protected":false},"excerpt":{"rendered":"<p>Grup t\u00e8rmic de de ferro colat &#8211; Gasoil<\/p>\n","protected":false},"featured_media":598,"template":"","meta":{"site-sidebar-layout":"default","site-content-layout":"default","ast-site-content-layout":"","site-content-style":"default","site-sidebar-style":"default","ast-global-header-display":"","ast-banner-title-visibility":"","ast-main-header-display":"","ast-hfb-above-header-display":"","ast-hfb-below-header-display":"","ast-hfb-mobile-header-display":"","site-post-title":"","ast-breadcrumbs-content":"","ast-featured-img":"","footer-sml-layout":"","theme-transparent-header-meta":"default","adv-header-id-meta":"","stick-header-meta":"","header-above-stick-meta":"","header-main-stick-meta":"","header-below-stick-meta":"","astra-migrate-meta-layouts":""},"product_cat":[58,75],"product_tag":[],"class_list":["post-841","product","type-product","status-publish","has-post-thumbnail","hentry","product_cat-gamma-domestica","product_cat-grups-termics-gasoil","desktop-align-left","tablet-align-left","mobile-align-left"],"_links":{"self":[{"href":"https:\/\/carbonsdelclos.com\/ca\/wp-json\/wp\/v2\/product\/841","targetHints":{"allow":["GET"]}}],"collection":[{"href":"https:\/\/carbonsdelclos.com\/ca\/wp-json\/wp\/v2\/product"}],"about":[{"href":"https:\/\/carbonsdelclos.com\/ca\/wp-json\/wp\/v2\/types\/product"}],"wp:featuredmedia":[{"embeddable":true,"href":"https:\/\/carbonsdelclos.com\/ca\/wp-json\/wp\/v2\/media\/598"}],"wp:attachment":[{"href":"https:\/\/carbonsdelclos.com\/ca\/wp-json\/wp\/v2\/media?parent=841"}],"wp:term":[{"taxonomy":"product_cat","embeddable":true,"href":"https:\/\/carbonsdelclos.com\/ca\/wp-json\/wp\/v2\/product_cat?post=841"},{"taxonomy":"product_tag","embeddable":true,"href":"https:\/\/carbonsdelclos.com\/ca\/wp-json\/wp\/v2\/product_tag?post=841"}],"curies":[{"name":"wp","href":"https:\/\/api.w.org\/{rel}","templated":true}]}}