{"id":847,"date":"2022-06-27T13:55:37","date_gmt":"2022-06-27T13:55:37","guid":{"rendered":"https:\/\/carbonsdelclos.com\/producto\/nostalgia\/"},"modified":"2022-06-27T13:55:37","modified_gmt":"2022-06-27T13:55:37","slug":"nostalgia-2","status":"publish","type":"product","link":"https:\/\/carbonsdelclos.com\/ca\/producte\/nostalgia-2\/","title":{"rendered":"NOSTALGIA"},"content":{"rendered":"<h3>NOSTALGIA<\/h3>\n<p>&#8211; La gamma de radiadors Lasian NOST\u00c0LGIA combina l&#8217;est\u00e8tica de els primers emissors d&#8217;inicis del segle XX, amb unes prestacions energ\u00e8tiques d&#8217;acord amb les necessitats actuals.<br \/>\n&#8211; La gamma es compon de:<br \/>\n2 columnes amb decoraci\u00f3, i 2 altures, 760 i 950 mm.<br \/>\n3 columnes amb decoraci\u00f3, i 2 altures, 760 i 950 mm.<br \/>\n&#8211; Acabat exterior en color gris de fosa natural, que li confereix una est\u00e8tica \u00fanica.<br \/>\n&#8211; Les emissions energ\u00e8tiques dels radiadors NOST\u00c0LGIA s\u00f3n conformes a la Directiva Europea EN 442.<br \/>\n&#8211; Pressi\u00f3 m\u00e0xima de treball 8 bar.<br \/>\n&#8211; Temperatura m\u00e0xima de treball 95\u00ba C.<br \/>\n&#8211; Ensamblat d&#8217;elements segons petici\u00f3 del client, amb un m\u00e0xim de 20 elements per bateria. El conjunt es compon d&#8217;elements amb potes en els extrems. Per bateries superiors a 14 elements, se subministraran amb una pota interm\u00e8dia, de manera que es recomana triar un nombre imparell d&#8217;elements perqu\u00e8 la pota central quedi al centre de la bateria.<br \/>\n&#8211; El subministrament inclou 4 reduccions de 1\/2&#8243; muntades, per bateria.<\/p>\n<table class=\"table table-bordered\">\n<thead>\n<tr>\n<th style=\"color: #7311d4;\"><span style=\"color: #ffffff;\">MODEL<\/span><\/th>\n<th style=\"color: #7311d4;\"><span style=\"color: #ffffff;\">CODE<\/span><\/th>\n<th style=\"color: #7311d4;\"><span style=\"color: #ffffff;\">PES<\/span><br \/>\n<span style=\"color: #ffffff;\"> (kg)<\/span><\/th>\n<th style=\"color: #7311d4;\"><span style=\"color: #ffffff;\">VOLUM AIGUA <\/span><br \/>\n<span style=\"color: #ffffff;\">(l)<\/span><\/th>\n<th style=\"color: #7311d4;\"><span style=\"color: #ffffff;\">POT\u00c8NCIA <\/span><br \/>\n<span style=\"color: #ffffff;\">(w At 50\u00baC)<\/span><\/th>\n<th style=\"color: #7311d4;\"><span style=\"color: #ffffff;\">A <\/span><br \/>\n<span style=\"color: #ffffff;\">(mm)<\/span><\/th>\n<th style=\"color: #7311d4;\"><span style=\"color: #ffffff;\">B<\/span><br \/>\n<span style=\"color: #ffffff;\"> (mm)<\/span><\/th>\n<th style=\"color: #7311d4;\"><span style=\"color: #ffffff;\">C<\/span><br \/>\n<span style=\"color: #ffffff;\"> (mm)<\/span><\/th>\n<th style=\"color: #7311d4;\"><span style=\"color: #ffffff;\">D<\/span><br \/>\n<span style=\"color: #ffffff;\"> (mm)<\/span><\/th>\n<th style=\"color: #7311d4;\"><span style=\"color: #ffffff;\">P.V.P<\/span><\/th>\n<\/tr>\n<\/thead>\n<tbody>\n<tr>\n<td style=\"color: #7311d4;\" colspan=\"10\">NOSTALGIA 2 COLUMNES AMB DECORACI\u00d3<\/td>\n<\/tr>\n<tr>\n<td style=\"color: #7311d4;\">600 intermedi<\/td>\n<td>62006<\/td>\n<td>11,8<\/td>\n<td>2,52<\/td>\n<td>143<\/td>\n<td>695<\/td>\n<td>600<\/td>\n<td>183<\/td>\n<td>76<\/td>\n<td>73,90<\/td>\n<\/tr>\n<tr>\n<td style=\"color: #7311d4;\">600 potes<\/td>\n<td>62005<\/td>\n<td>13,78<\/td>\n<td>2,52<\/td>\n<td>143<\/td>\n<td>760<\/td>\n<td>600<\/td>\n<td>183<\/td>\n<td>76<\/td>\n<td>82,20<\/td>\n<\/tr>\n<tr>\n<td style=\"color: #7311d4;\">800 intermedi<\/td>\n<td>62008<\/td>\n<td>14,47<\/td>\n<td>3,28<\/td>\n<td>168<\/td>\n<td>890<\/td>\n<td>795<\/td>\n<td>183<\/td>\n<td>76<\/td>\n<td>88,50<\/td>\n<\/tr>\n<tr>\n<td style=\"color: #7311d4;\">800 potes<\/td>\n<td>62007<\/td>\n<td>16,08<\/td>\n<td>3,28<\/td>\n<td>168<\/td>\n<td>955<\/td>\n<td>795<\/td>\n<td>183<\/td>\n<td>76<\/td>\n<td>96,80<\/td>\n<\/tr>\n<tr>\n<td style=\"color: #7311d4;\" colspan=\"10\">NOSTALGIA 2 COLUMNES AMB DECORACI\u00d3<\/td>\n<\/tr>\n<tr>\n<td style=\"color: #7311d4;\">600 intermedi<\/td>\n<td>62254<\/td>\n<td>12,78<\/td>\n<td>3,05<\/td>\n<td>145<\/td>\n<td>713<\/td>\n<td>600<\/td>\n<td>226<\/td>\n<td>78<\/td>\n<td>82,20<\/td>\n<\/tr>\n<tr>\n<td style=\"color: #7311d4;\">600 potes<\/td>\n<td>62255<\/td>\n<td>13,61<\/td>\n<td>3,05<\/td>\n<td>145<\/td>\n<td>768<\/td>\n<td>600<\/td>\n<td>226<\/td>\n<td>78<\/td>\n<td>90,50<\/td>\n<\/tr>\n<tr>\n<td style=\"color: #7311d4;\">800 intermedi<\/td>\n<td>62256<\/td>\n<td>17,78<\/td>\n<td>3,50<\/td>\n<td>221<\/td>\n<td>907<\/td>\n<td>795<\/td>\n<td>226<\/td>\n<td>78<\/td>\n<td>108,20<\/td>\n<\/tr>\n<tr>\n<td style=\"color: #7311d4;\">800 potes<\/td>\n<td>62257<\/td>\n<td>18,61<\/td>\n<td>3,50<\/td>\n<td>221<\/td>\n<td>961<\/td>\n<td>795<\/td>\n<td>226<\/td>\n<td>78<\/td>\n<td>116,50<\/td>\n<\/tr>\n<\/tbody>\n<\/table>\n","protected":false},"excerpt":{"rendered":"<p>Radiadors amb decoraci\u00f3<\/p>\n","protected":false},"featured_media":628,"template":"","meta":{"site-sidebar-layout":"default","site-content-layout":"default","ast-site-content-layout":"","site-content-style":"default","site-sidebar-style":"default","ast-global-header-display":"","ast-banner-title-visibility":"","ast-main-header-display":"","ast-hfb-above-header-display":"","ast-hfb-below-header-display":"","ast-hfb-mobile-header-display":"","site-post-title":"","ast-breadcrumbs-content":"","ast-featured-img":"","footer-sml-layout":"","theme-transparent-header-meta":"default","adv-header-id-meta":"","stick-header-meta":"","header-above-stick-meta":"","header-main-stick-meta":"","header-below-stick-meta":"","astra-migrate-meta-layouts":""},"product_cat":[72,58],"product_tag":[],"class_list":["post-847","product","type-product","status-publish","has-post-thumbnail","hentry","product_cat-emissors","product_cat-gamma-domestica","desktop-align-left","tablet-align-left","mobile-align-left"],"_links":{"self":[{"href":"https:\/\/carbonsdelclos.com\/ca\/wp-json\/wp\/v2\/product\/847","targetHints":{"allow":["GET"]}}],"collection":[{"href":"https:\/\/carbonsdelclos.com\/ca\/wp-json\/wp\/v2\/product"}],"about":[{"href":"https:\/\/carbonsdelclos.com\/ca\/wp-json\/wp\/v2\/types\/product"}],"wp:featuredmedia":[{"embeddable":true,"href":"https:\/\/carbonsdelclos.com\/ca\/wp-json\/wp\/v2\/media\/628"}],"wp:attachment":[{"href":"https:\/\/carbonsdelclos.com\/ca\/wp-json\/wp\/v2\/media?parent=847"}],"wp:term":[{"taxonomy":"product_cat","embeddable":true,"href":"https:\/\/carbonsdelclos.com\/ca\/wp-json\/wp\/v2\/product_cat?post=847"},{"taxonomy":"product_tag","embeddable":true,"href":"https:\/\/carbonsdelclos.com\/ca\/wp-json\/wp\/v2\/product_tag?post=847"}],"curies":[{"name":"wp","href":"https:\/\/api.w.org\/{rel}","templated":true}]}}