{"id":851,"date":"2022-06-27T14:11:32","date_gmt":"2022-06-27T14:11:32","guid":{"rendered":"https:\/\/carbonsdelclos.com\/producto\/ridem\/"},"modified":"2022-06-27T14:11:32","modified_gmt":"2022-06-27T14:11:32","slug":"ridem-2","status":"publish","type":"product","link":"https:\/\/carbonsdelclos.com\/ca\/producte\/ridem-2\/","title":{"rendered":"RIDEM"},"content":{"rendered":"<h3>RIDEM<\/h3>\n<p>&#8211; Radiadors de ferro fos en 3 i 4 columnes, dissenyats per obtenir el m\u00e0xim rendiment en la transmissi\u00f3 de calor per convecci\u00f3 i radiaci\u00f3.<br \/>\n&#8211; Elegant disseny, resist\u00e8ncia a la corrosi\u00f3, f\u00e0cil instal\u00b7laci\u00f3 i neteja.<br \/>\n&#8211; Protegits i acabat en imprimaci\u00f3 blanca.<br \/>\n&#8211; Les emissions energ\u00e8tiques dels radiadors TERMO s\u00f3n conformes a la Directiva Europea EN 442.<br \/>\n&#8211; Es subministren en bateries est\u00e0ndard de 10 elements. Per bateries a mida consultar.<\/p>\n<table class=\"table table-bordered\">\n<thead>\n<tr>\n<th style=\"color: #7311d4;\"><span style=\"color: #ffffff;\">MODEL<\/span><\/th>\n<th style=\"color: #7311d4;\"><span style=\"color: #ffffff;\">CODI<\/span><\/th>\n<th style=\"color: #7311d4;\"><span style=\"color: #ffffff;\">PES<\/span><br \/><span style=\"color: #ffffff;\"> (kg)<\/span><\/th>\n<th style=\"color: #7311d4;\"><span style=\"color: #ffffff;\">VOLUM AIGUA <\/span><br \/><span style=\"color: #ffffff;\">(l)<\/span><\/th>\n<th style=\"color: #7311d4;\"><span style=\"color: #ffffff;\">POT\u00c8NCIA <\/span><br \/><span style=\"color: #ffffff;\">(w At 50\u00baC)<\/span><\/th>\n<th style=\"color: #7311d4;\"><span style=\"color: #ffffff;\">A <\/span><br \/><span style=\"color: #ffffff;\">(mm)<\/span><\/th>\n<th style=\"color: #7311d4;\"><span style=\"color: #ffffff;\">B<\/span><br \/><span style=\"color: #ffffff;\"> (mm)<\/span><\/th>\n<th style=\"color: #7311d4;\"><span style=\"color: #ffffff;\">C<\/span><br \/><span style=\"color: #ffffff;\"> (mm)<\/span><\/th>\n<th style=\"color: #7311d4;\"><span style=\"color: #ffffff;\">D<\/span><br \/><span style=\"color: #ffffff;\"> (mm)<\/span><\/th>\n<th style=\"color: #7311d4;\"><span style=\"color: #ffffff;\">P.V.P<\/span><\/th>\n<\/tr>\n<\/thead>\n<tbody>\n<tr>\n<td style=\"color: #7311d4;\" colspan=\"10\">RIDEM<\/td>\n<\/tr>\n<tr>\n<td style=\"color: #7311d4;\">RIDEM 2\/813<\/td>\n<td>62105<\/td>\n<td>5,20<\/td>\n<td>0,71<\/td>\n<td>84<\/td>\n<td>885<\/td>\n<td>813<\/td>\n<td>62,4<\/td>\n<td>60<\/td>\n<td>20,80<\/td>\n<\/tr>\n<tr>\n<td style=\"color: #7311d4;\">RIDEM 3\/350<\/td>\n<td>62106<\/td>\n<td>3,90<\/td>\n<td>0,56<\/td>\n<td>58<\/td>\n<td>442<\/td>\n<td>350<\/td>\n<td>98,2<\/td>\n<td>60<\/td>\n<td>15,20<\/td>\n<\/tr>\n<tr>\n<td style=\"color: #7311d4;\">RIDEM 3\/500<\/td>\n<td>62132<\/td>\n<td>4,30<\/td>\n<td>0,65<\/td>\n<td>77<\/td>\n<td>890<\/td>\n<td>500<\/td>\n<td>92<\/td>\n<td>60<\/td>\n<td>19,00<\/td>\n<\/tr>\n<tr>\n<td style=\"color: #7311d4;\">RIDEM 3\/623<\/td>\n<td>62133<\/td>\n<td>5,09<\/td>\n<td>0,72<\/td>\n<td>91<\/td>\n<td>955<\/td>\n<td>623<\/td>\n<td>92<\/td>\n<td>60<\/td>\n<td>22,00<\/td>\n<\/tr>\n<tr>\n<td style=\"color: #7311d4;\">RIDEM 3\/813<\/td>\n<td>62134<\/td>\n<td>6,63<\/td>\n<td>0,99<\/td>\n<td>112<\/td>\n<td>713<\/td>\n<td>813<\/td>\n<td>92<\/td>\n<td>60<\/td>\n<td>27,50<\/td>\n<\/tr>\n<\/tbody>\n<\/table>\n","protected":false},"excerpt":{"rendered":"<p> Radiadors de ferro colat <\/p>\n","protected":false},"featured_media":642,"template":"","meta":{"site-sidebar-layout":"default","site-content-layout":"default","ast-site-content-layout":"","site-content-style":"default","site-sidebar-style":"default","ast-global-header-display":"","ast-banner-title-visibility":"","ast-main-header-display":"","ast-hfb-above-header-display":"","ast-hfb-below-header-display":"","ast-hfb-mobile-header-display":"","site-post-title":"","ast-breadcrumbs-content":"","ast-featured-img":"","footer-sml-layout":"","theme-transparent-header-meta":"default","adv-header-id-meta":"","stick-header-meta":"","header-above-stick-meta":"","header-main-stick-meta":"","header-below-stick-meta":"","astra-migrate-meta-layouts":""},"product_cat":[72,58],"product_tag":[],"class_list":["post-851","product","type-product","status-publish","has-post-thumbnail","hentry","product_cat-emissors","product_cat-gamma-domestica","desktop-align-left","tablet-align-left","mobile-align-left"],"_links":{"self":[{"href":"https:\/\/carbonsdelclos.com\/ca\/wp-json\/wp\/v2\/product\/851","targetHints":{"allow":["GET"]}}],"collection":[{"href":"https:\/\/carbonsdelclos.com\/ca\/wp-json\/wp\/v2\/product"}],"about":[{"href":"https:\/\/carbonsdelclos.com\/ca\/wp-json\/wp\/v2\/types\/product"}],"wp:featuredmedia":[{"embeddable":true,"href":"https:\/\/carbonsdelclos.com\/ca\/wp-json\/wp\/v2\/media\/642"}],"wp:attachment":[{"href":"https:\/\/carbonsdelclos.com\/ca\/wp-json\/wp\/v2\/media?parent=851"}],"wp:term":[{"taxonomy":"product_cat","embeddable":true,"href":"https:\/\/carbonsdelclos.com\/ca\/wp-json\/wp\/v2\/product_cat?post=851"},{"taxonomy":"product_tag","embeddable":true,"href":"https:\/\/carbonsdelclos.com\/ca\/wp-json\/wp\/v2\/product_tag?post=851"}],"curies":[{"name":"wp","href":"https:\/\/api.w.org\/{rel}","templated":true}]}}