{"id":853,"date":"2022-06-27T14:13:28","date_gmt":"2022-06-27T14:13:28","guid":{"rendered":"https:\/\/carbonsdelclos.com\/producto\/tekno-electric\/"},"modified":"2022-06-27T14:13:28","modified_gmt":"2022-06-27T14:13:28","slug":"tekno-electric","status":"publish","type":"product","link":"https:\/\/carbonsdelclos.com\/ca\/producte\/tekno-electric\/","title":{"rendered":"TEKNO EL\u00c8CTRIC"},"content":{"rendered":"<h3>TEKNO EL\u00c8CTRIC<\/h3>\n<p><strong>Tovalloler el\u00e8ctric<\/strong><br \/>\nTovalloler el\u00e8ctric amb resist\u00e8ncia on \/ off termolimitada a 90\u00b0.<br \/>\nEmplenat amb l\u00edquid calefactor diat\u00e8rmic.<br \/>\nL&#8217;embalatge inclou suports i joc de muntatge a paret.<br \/>\nDisponible en: Blanc RAL 9010 i Cromat.<\/p>\n<p><strong>Tovalloler el\u00e8ctric amb term\u00f2stat digital<\/strong><br \/>\nTovalloler el\u00e8ctric amb resist\u00e8ncia i term\u00f2stat digital regulable, cable en espiral.<br \/>\nEmplenat amb l\u00edquid calefactor diat\u00e8rmic.<br \/>\nL&#8217;embalatge inclou suports i joc de muntatge a paret.<br \/>\nDisponible en: Blanc RAL 9010 i Cromat.<\/p>\n<table class=\"table table-bordered\">\n<thead>\n<tr>\n<th style=\"color: #7311d4;\"><span style=\"color: #ffffff;\">MODEL<\/span><\/th>\n<th style=\"color: #7311d4;\"><span style=\"color: #ffffff;\">CODI<\/span><\/th>\n<th style=\"color: #7311d4;\"><span style=\"color: #ffffff;\">ALT <\/span><br \/><span style=\"color: #ffffff;\">(mm)<\/span><\/th>\n<th style=\"color: #7311d4;\"><span style=\"color: #ffffff;\">AMPLE<\/span><br \/><span style=\"color: #ffffff;\"> (mm)<\/span><\/th>\n<th style=\"color: #7311d4;\"><span style=\"color: #ffffff;\">Tubs<\/span><br \/><span style=\"color: #ffffff;\"> (di\u00e0metre mm)<\/span><\/th>\n<th style=\"color: #7311d4;\"><span style=\"color: #ffffff;\">Kg<\/span><\/th>\n<th style=\"color: #7311d4;\"><span style=\"color: #ffffff;\">Wats<\/span><\/th>\n<th style=\"color: #7311d4;\"><span style=\"color: #ffffff;\">P.V.P<\/span><\/th>\n<\/tr>\n<\/thead>\n<tbody>\n<tr>\n<td style=\"color: #7311d4;\">TEKNO EL\u00c8CTRIC BLANC 500-770<\/td>\n<td>63012<\/td>\n<td>770<\/td>\n<td>500<\/td>\n<td>22<\/td>\n<td>10,4<\/td>\n<td>300<\/td>\n<td>179<\/td>\n<\/tr>\n<tr>\n<td style=\"color: #7311d4;\">TEKNO EL\u00c8CTRIC BLANC 500-1200<\/td>\n<td>63013<\/td>\n<td>1200<\/td>\n<td>500<\/td>\n<td>22<\/td>\n<td>15,4<\/td>\n<td>500<\/td>\n<td>205<\/td>\n<\/tr>\n<tr>\n<td style=\"color: #7311d4;\">TEKNO EL\u00c8CTRIC BLANC 500-1500<\/td>\n<td>63014<\/td>\n<td>1500<\/td>\n<td>500<\/td>\n<td>22<\/td>\n<td>19,8<\/td>\n<td>500<\/td>\n<td>232<\/td>\n<\/tr>\n<tr>\n<td style=\"color: #7311d4;\">TEKNO EL\u00c8CTRIC CROMAT 500-770<\/td>\n<td>63024<\/td>\n<td>770<\/td>\n<td>500<\/td>\n<td>19<\/td>\n<td>8,6<\/td>\n<td>150<\/td>\n<td>290<\/td>\n<\/tr>\n<tr>\n<td style=\"color: #7311d4;\">TEKNO EL\u00c8CTRIC CROMAT 500-1200<\/td>\n<td>63025<\/td>\n<td>1200<\/td>\n<td>500<\/td>\n<td>19<\/td>\n<td>13,5<\/td>\n<td>300<\/td>\n<td>387<\/td>\n<\/tr>\n<tr>\n<td style=\"color: #7311d4;\">TEKNO EL\u00c8CTRIC CROMAT 500-1500<\/td>\n<td>63026<\/td>\n<td>1500<\/td>\n<td>500<\/td>\n<td>19<\/td>\n<td>17,1<\/td>\n<td>300<\/td>\n<td>430<\/td>\n<\/tr>\n<tr>\n<td style=\"color: #7311d4;\" colspan=\"8\">TEKNO EL\u00c8CTRIC AMB TERMOSTAT DIGITAL<\/td>\n<\/tr>\n<tr>\n<td style=\"color: #7311d4;\">TEKNO EL\u00c8CTRIC BLANC DIGITAL 500-770<\/td>\n<td>63203<\/td>\n<td>770<\/td>\n<td>500<\/td>\n<td>22<\/td>\n<td>10,4<\/td>\n<td>300<\/td>\n<td>356<\/td>\n<\/tr>\n<tr>\n<td style=\"color: #7311d4;\">TEKNO EL\u00c8CTRIC BLANC DIGITAL 500-1200<\/td>\n<td>63204<\/td>\n<td>1200<\/td>\n<td>500<\/td>\n<td>22<\/td>\n<td>15,4<\/td>\n<td>600<\/td>\n<td>398<\/td>\n<\/tr>\n<tr>\n<td style=\"color: #7311d4;\">TEKNO EL\u00c8CTRIC BLANC DIGITAL 500-1500<\/td>\n<td>63205<\/td>\n<td>1500<\/td>\n<td>500<\/td>\n<td>22<\/td>\n<td>19,8<\/td>\n<td>600<\/td>\n<td>437<\/td>\n<\/tr>\n<tr>\n<td style=\"color: #7311d4;\">TEKNO EL\u00c8CTRIC CROMAT DIGITAL 500-770<\/td>\n<td>63206<\/td>\n<td>770<\/td>\n<td>500<\/td>\n<td>19<\/td>\n<td>8,6<\/td>\n<td>200<\/td>\n<td>444<\/td>\n<\/tr>\n<tr>\n<td style=\"color: #7311d4;\">TEKNO EL\u00c8CTRIC CROMAT DIGITAL 500-1200<\/td>\n<td>63207<\/td>\n<td>1200<\/td>\n<td>500<\/td>\n<td>19<\/td>\n<td>13,5<\/td>\n<td>300<\/td>\n<td>529<\/td>\n<\/tr>\n<tr>\n<td style=\"color: #7311d4;\">TEKNO EL\u00c8CTRIC CROMAT DIGITAL 500-1500<\/td>\n<td>63208<\/td>\n<td>1500<\/td>\n<td>500<\/td>\n<td>19<\/td>\n<td>17,1<\/td>\n<td>300<\/td>\n<td>599<\/td>\n<\/tr>\n<\/tbody>\n<\/table>\n","protected":false},"excerpt":{"rendered":"<p> Tovalloler el\u00e8ctric <\/p>\n","protected":false},"featured_media":648,"template":"","meta":{"site-sidebar-layout":"default","site-content-layout":"default","ast-site-content-layout":"","site-content-style":"default","site-sidebar-style":"default","ast-global-header-display":"","ast-banner-title-visibility":"","ast-main-header-display":"","ast-hfb-above-header-display":"","ast-hfb-below-header-display":"","ast-hfb-mobile-header-display":"","site-post-title":"","ast-breadcrumbs-content":"","ast-featured-img":"","footer-sml-layout":"","theme-transparent-header-meta":"default","adv-header-id-meta":"","stick-header-meta":"","header-above-stick-meta":"","header-main-stick-meta":"","header-below-stick-meta":"","astra-migrate-meta-layouts":""},"product_cat":[72,58],"product_tag":[],"class_list":["post-853","product","type-product","status-publish","has-post-thumbnail","hentry","product_cat-emissors","product_cat-gamma-domestica","desktop-align-left","tablet-align-left","mobile-align-left"],"_links":{"self":[{"href":"https:\/\/carbonsdelclos.com\/ca\/wp-json\/wp\/v2\/product\/853","targetHints":{"allow":["GET"]}}],"collection":[{"href":"https:\/\/carbonsdelclos.com\/ca\/wp-json\/wp\/v2\/product"}],"about":[{"href":"https:\/\/carbonsdelclos.com\/ca\/wp-json\/wp\/v2\/types\/product"}],"wp:featuredmedia":[{"embeddable":true,"href":"https:\/\/carbonsdelclos.com\/ca\/wp-json\/wp\/v2\/media\/648"}],"wp:attachment":[{"href":"https:\/\/carbonsdelclos.com\/ca\/wp-json\/wp\/v2\/media?parent=853"}],"wp:term":[{"taxonomy":"product_cat","embeddable":true,"href":"https:\/\/carbonsdelclos.com\/ca\/wp-json\/wp\/v2\/product_cat?post=853"},{"taxonomy":"product_tag","embeddable":true,"href":"https:\/\/carbonsdelclos.com\/ca\/wp-json\/wp\/v2\/product_tag?post=853"}],"curies":[{"name":"wp","href":"https:\/\/api.w.org\/{rel}","templated":true}]}}