{"id":857,"date":"2022-06-27T14:18:13","date_gmt":"2022-06-27T14:18:13","guid":{"rendered":"https:\/\/carbonsdelclos.com\/producto\/biocompact\/"},"modified":"2022-06-27T14:18:13","modified_gmt":"2022-06-27T14:18:13","slug":"biocompact-2","status":"publish","type":"product","link":"https:\/\/carbonsdelclos.com\/ca\/producte\/biocompact-2\/","title":{"rendered":"BIOCOMPACT"},"content":{"rendered":"<h3>BIOCOMPACT<\/h3>\n<p>&#8211; Caldera de funcionament f\u00e0cil i senzill fabricada en acer, amb 3 passos de fums horitzontals, neteja manual de l&#8217;intercanviador i recollida manual de cendres.<br \/>\n&#8211; Es compon de 3 parts:<br \/>\nS\u00f2col (base de caldera) amb cremador de aflorament.<br \/>\nCaldera<br \/>\nInjector amb tremuja de combustible<br \/>\n&#8211; Pressi\u00f3 m\u00e0xima de servei:<br \/>\nEst\u00e0ndard: 3 bar<br \/>\nPer altres pressions consultar<br \/>\n&#8211; Cremador de biomassa de aflorament constru\u00eft en acer inoxidable d&#8217;alta qualitat i fosa.<br \/>\n&#8211; Injector de combustible amb sistemes actius i passius per evitar retorn de flama, disposa d&#8217;un control de nivell de combustible en el salt de l&#8217;injector mitjan\u00e7ant sonda capacitiva.<br \/>\n&#8211; Regulaci\u00f3: Control de totes les funcions pr\u00f2pies de la caldera, inclou programaci\u00f3 atur-marxa i visualitzaci\u00f3 de totes els par\u00e0metres de funcionament.<br \/>\n&#8211; Regulaci\u00f3 proporcional segons pot\u00e8ncia demandada.<br \/>\n&#8211; \u00c0mplies portes de cambra de combusti\u00f3 i del intercanviador que faciliten la seva neteja i manteniment.<br \/>\n&#8211; Admet combustibles de biomassa com pellets, pela de ametlla, os d&#8217;oliva, etc.<\/p>\n<table class=\"table table-bordered\">\n<thead>\n<tr>\n<th style=\"color: #99cc00;\" rowspan=\"2\"><span style=\"color: #ffffff;\">MODEL<\/span><\/th>\n<th style=\"color: #99cc00;\" rowspan=\"2\"><span style=\"color: #ffffff;\">POT\u00c8NCIA \u00daTIL<\/span><br \/><span style=\"color: #ffffff;\"> (kw)<\/span><\/th>\n<th style=\"color: #99cc00;\" rowspan=\"2\"><span style=\"color: #ffffff;\">POT\u00c8NCIA \u00daTIL<\/span><br \/><span style=\"color: #ffffff;\"> (kcal\/h)<\/span><\/th>\n<th style=\"color: #99cc00;\" rowspan=\"2\"><span style=\"color: #ffffff;\">CONNEXIONS<\/span><br \/><span style=\"color: #ffffff;\"> (anada i tornada)<\/span><\/th>\n<th style=\"color: #99cc00;\" rowspan=\"2\"><span style=\"color: #ffffff;\">A<\/span><br \/><span style=\"color: #ffffff;\"> (mm)<\/span><\/th>\n<th colspan=\"4\">INJECTOR DEVANTER<\/th>\n<th colspan=\"5\">INJECTOR DARRERA<\/th>\n<th style=\"color: #99cc00;\" rowspan=\"2\"><span style=\"color: #ffffff;\">CODI<\/span><\/th>\n<th style=\"color: #99cc00;\" rowspan=\"2\"><span style=\"color: #ffffff;\">P.V.P<\/span><\/th>\n<\/tr>\n<tr>\n<th style=\"color: #99cc00;\"><span style=\"color: #ffffff;\">B1 <\/span><br \/><span style=\"color: #ffffff;\">(mm)<\/span><\/th>\n<th style=\"color: #99cc00;\"><span style=\"color: #ffffff;\">B2 <\/span><br \/><span style=\"color: #ffffff;\">(mm)<\/span><\/th>\n<th style=\"color: #99cc00;\"><span style=\"color: #ffffff;\">C1 <\/span><br \/><span style=\"color: #ffffff;\">(mm)<\/span><\/th>\n<th style=\"color: #99cc00;\"><span style=\"color: #ffffff;\">C2 <\/span><br \/><span style=\"color: #ffffff;\">(mm)<\/span><\/th>\n<th style=\"color: #99cc00;\"><span style=\"color: #ffffff;\">B1 <\/span><br \/><span style=\"color: #ffffff;\">(mm)<\/span><\/th>\n<th style=\"color: #99cc00;\"><span style=\"color: #ffffff;\">B2 <\/span><br \/><span style=\"color: #ffffff;\">(mm)<\/span><\/th>\n<th style=\"color: #99cc00;\"><span style=\"color: #ffffff;\">D1<\/span><br \/><span style=\"color: #ffffff;\"> (mm)<\/span><\/th>\n<th style=\"color: #99cc00;\"><span style=\"color: #ffffff;\">D2 <\/span><br \/><span style=\"color: #ffffff;\">(mm)<\/span><\/th>\n<th style=\"color: #99cc00;\"><span style=\"color: #ffffff;\">E <\/span><br \/><span style=\"color: #ffffff;\">(diam.)<\/span><\/th>\n<\/tr>\n<\/thead>\n<tbody>\n<tr>\n<td style=\"color: #99cc00;\">BIOCOMPACT 100<\/td>\n<td>100<\/td>\n<td>86.000<\/td>\n<td>DN 60<\/td>\n<td>1690<\/td>\n<td>2060<\/td>\n<td>910<\/td>\n<td>1970<\/td>\n<td>3580<\/td>\n<td>2060<\/td>\n<td>910<\/td>\n<td>2370<\/td>\n<td>3980<\/td>\n<td>3980<\/td>\n<td>2905<\/td>\n<td>12.563<\/td>\n<\/tr>\n<tr>\n<td style=\"color: #99cc00;\">BIOCOMPACT 150<\/td>\n<td>150<\/td>\n<td>129.000<\/td>\n<td>DN 60<\/td>\n<td>1690<\/td>\n<td>2060<\/td>\n<td>910<\/td>\n<td>2595<\/td>\n<td>4205<\/td>\n<td>2060<\/td>\n<td>910<\/td>\n<td>3045<\/td>\n<td>4655<\/td>\n<td>4655<\/td>\n<td>2906<\/td>\n<td>15.566<\/td>\n<\/tr>\n<tr>\n<td style=\"color: #99cc00;\">BIOCOMPACT 200<\/td>\n<td>200<\/td>\n<td>172.000<\/td>\n<td>DN 65<\/td>\n<td>2150<\/td>\n<td>2250<\/td>\n<td>1100<\/td>\n<td>2380<\/td>\n<td>3990<\/td>\n<td>2250<\/td>\n<td>1100<\/td>\n<td>2880<\/td>\n<td>4490<\/td>\n<td>4490<\/td>\n<td>2907<\/td>\n<td>18.411<\/td>\n<\/tr>\n<tr>\n<td style=\"color: #99cc00;\">BIOCOMPACT 250<\/td>\n<td>250<\/td>\n<td>215.000<\/td>\n<td>DN 65<\/td>\n<td>2150<\/td>\n<td>2250<\/td>\n<td>1100<\/td>\n<td>2720<\/td>\n<td>4330<\/td>\n<td>2250<\/td>\n<td>1100<\/td>\n<td>3220<\/td>\n<td>4830<\/td>\n<td>4890<\/td>\n<td>2908<\/td>\n<td>21.711<\/td>\n<\/tr>\n<tr>\n<td style=\"color: #99cc00;\">BIOCOMPACT 325<\/td>\n<td>325<\/td>\n<td>279.000<\/td>\n<td>DN 80<\/td>\n<td>2420<\/td>\n<td>2185<\/td>\n<td>1260<\/td>\n<td>2625<\/td>\n<td>4015<\/td>\n<td>2185<\/td>\n<td>1260<\/td>\n<td>3125<\/td>\n<td>4515<\/td>\n<td>4515<\/td>\n<td>2909<\/td>\n<td>27.705<\/td>\n<\/tr>\n<tr>\n<td style=\"color: #99cc00;\">BIOCOMPACT 400<\/td>\n<td>400<\/td>\n<td>344.000<\/td>\n<td>DN 80<\/td>\n<td>2420<\/td>\n<td>2185<\/td>\n<td>1260<\/td>\n<td>2995<\/td>\n<td>4385<\/td>\n<td>2185<\/td>\n<td>1260<\/td>\n<td>3495<\/td>\n<td>4885<\/td>\n<td>4885<\/td>\n<td>2910<\/td>\n<td>36.839<\/td>\n<\/tr>\n<tr>\n<td style=\"color: #99cc00;\">BIOCOMPACT 500<\/td>\n<td>500<\/td>\n<td>430.000<\/td>\n<td>DN 80<\/td>\n<td>2420<\/td>\n<td>2185<\/td>\n<td>1260<\/td>\n<td>3425<\/td>\n<td>4815<\/td>\n<td>2185<\/td>\n<td>1260<\/td>\n<td>3925<\/td>\n<td>5315<\/td>\n<td>5315<\/td>\n<td>2911<\/td>\n<td>46.910<\/td>\n<\/tr>\n<tr>\n<td style=\"color: #99cc00;\">BIOCOMPACT 650<\/td>\n<td>650<\/td>\n<td>559.000<\/td>\n<td>DN 100<\/td>\n<td>2900<\/td>\n<td>3335<\/td>\n<td>1580<\/td>\n<td>3305<\/td>\n<td>5105<\/td>\n<td>3335<\/td>\n<td>1580<\/td>\n<td>3955<\/td>\n<td>5755<\/td>\n<td>5755<\/td>\n<td>2912<\/td>\n<td>52.480<\/td>\n<\/tr>\n<tr>\n<td style=\"color: #99cc00;\">BIOCOMPACT 800<\/td>\n<td>800<\/td>\n<td>688.000<\/td>\n<td>DN 100<\/td>\n<td>2900<\/td>\n<td>3335<\/td>\n<td>1580<\/td>\n<td>3670<\/td>\n<td>5605<\/td>\n<td>3335<\/td>\n<td>1580<\/td>\n<td>4320<\/td>\n<td>6255<\/td>\n<td>6255<\/td>\n<td>2913<\/td>\n<td>60.585<\/td>\n<\/tr>\n<tr>\n<td style=\"color: #99cc00;\">BIOCOMPACT 1000<\/td>\n<td>1000<\/td>\n<td>860.000<\/td>\n<td>DN 125<\/td>\n<td>3250<\/td>\n<td>3770<\/td>\n<td>2435<\/td>\n<td>4170<\/td>\n<td>5780<\/td>\n<td>3770<\/td>\n<td>2435<\/td>\n<td>4870<\/td>\n<td>6480<\/td>\n<td>6480<\/td>\n<td>2914<\/td>\n<td>67.117<\/td>\n<\/tr>\n<tr>\n<td style=\"color: #99cc00;\">BIOCOMPACT 1200<\/td>\n<td>1200<\/td>\n<td>1.032.000<\/td>\n<td>DN 125<\/td>\n<td>3250<\/td>\n<td>3770<\/td>\n<td>2435<\/td>\n<td>4290<\/td>\n<td>6280<\/td>\n<td>3770<\/td>\n<td>2435<\/td>\n<td>4990<\/td>\n<td>6980<\/td>\n<td>6980<\/td>\n<td>2915<\/td>\n<td>74.569<\/td>\n<\/tr>\n<tr>\n<td style=\"color: #99cc00;\">BIOCOMPACT 1600<\/td>\n<td>1600<\/td>\n<td>1.376.000<\/td>\n<td>DN 125<\/td>\n<td>3759<\/td>\n<td>4135<\/td>\n<td>2890<\/td>\n<td>4560<\/td>\n<td>6455<\/td>\n<td>4135<\/td>\n<td>2890<\/td>\n<td>5410<\/td>\n<td>7305<\/td>\n<td>7305<\/td>\n<td>2916<\/td>\n<td>84.129<\/td>\n<\/tr>\n<tr>\n<td style=\"color: #99cc00;\">BIOCOMPACT 2000<\/td>\n<td>2000<\/td>\n<td>1.720.000<\/td>\n<td>DN 150<\/td>\n<td>3759<\/td>\n<td>4370<\/td>\n<td>3125<\/td>\n<td>5080<\/td>\n<td>7150<\/td>\n<td>4370<\/td>\n<td>3125<\/td>\n<td>5390<\/td>\n<td>8000<\/td>\n<td>8000<\/td>\n<td>2917<\/td>\n<td>97.729<\/td>\n<\/tr>\n<tr>\n<td style=\"color: #99cc00;\">BIOCOMPACT2500<\/td>\n<td>2500<\/td>\n<td>2.150.000<\/td>\n<td>DN 150<\/td>\n<td>4200<\/td>\n<td>4370<\/td>\n<td>3125<\/td>\n<td>5580<\/td>\n<td>7650<\/td>\n<td>4370<\/td>\n<td>3125<\/td>\n<td>6430<\/td>\n<td>8500<\/td>\n<td>8500<\/td>\n<td>2918<\/td>\n<td>125.312<\/td>\n<\/tr>\n<\/tbody>\n<\/table>\n","protected":false},"excerpt":{"rendered":"<p> Caldera d&#8217;acer per a combustibles biomassa de 100 a 2325 KW <\/p>\n","protected":false},"featured_media":658,"template":"","meta":{"site-sidebar-layout":"default","site-content-layout":"default","ast-site-content-layout":"","site-content-style":"default","site-sidebar-style":"default","ast-global-header-display":"","ast-banner-title-visibility":"","ast-main-header-display":"","ast-hfb-above-header-display":"","ast-hfb-below-header-display":"","ast-hfb-mobile-header-display":"","site-post-title":"","ast-breadcrumbs-content":"","ast-featured-img":"","footer-sml-layout":"","theme-transparent-header-meta":"default","adv-header-id-meta":"","stick-header-meta":"","header-above-stick-meta":"","header-main-stick-meta":"","header-below-stick-meta":"","astra-migrate-meta-layouts":""},"product_cat":[78,76],"product_tag":[],"class_list":["post-857","product","type-product","status-publish","has-post-thumbnail","hentry","product_cat-biomassa-gamma-industrial","product_cat-gamma-industrial","desktop-align-left","tablet-align-left","mobile-align-left"],"_links":{"self":[{"href":"https:\/\/carbonsdelclos.com\/ca\/wp-json\/wp\/v2\/product\/857","targetHints":{"allow":["GET"]}}],"collection":[{"href":"https:\/\/carbonsdelclos.com\/ca\/wp-json\/wp\/v2\/product"}],"about":[{"href":"https:\/\/carbonsdelclos.com\/ca\/wp-json\/wp\/v2\/types\/product"}],"wp:featuredmedia":[{"embeddable":true,"href":"https:\/\/carbonsdelclos.com\/ca\/wp-json\/wp\/v2\/media\/658"}],"wp:attachment":[{"href":"https:\/\/carbonsdelclos.com\/ca\/wp-json\/wp\/v2\/media?parent=857"}],"wp:term":[{"taxonomy":"product_cat","embeddable":true,"href":"https:\/\/carbonsdelclos.com\/ca\/wp-json\/wp\/v2\/product_cat?post=857"},{"taxonomy":"product_tag","embeddable":true,"href":"https:\/\/carbonsdelclos.com\/ca\/wp-json\/wp\/v2\/product_tag?post=857"}],"curies":[{"name":"wp","href":"https:\/\/api.w.org\/{rel}","templated":true}]}}