{"id":859,"date":"2022-06-27T14:20:39","date_gmt":"2022-06-27T14:20:39","guid":{"rendered":"https:\/\/carbonsdelclos.com\/producto\/bioselect\/"},"modified":"2022-07-06T14:09:10","modified_gmt":"2022-07-06T14:09:10","slug":"bioselect","status":"publish","type":"product","link":"https:\/\/carbonsdelclos.com\/ca\/producte\/bioselect\/","title":{"rendered":"BIOSELECT"},"content":{"rendered":"<h3>BIOSELECT<\/h3>\n<p>&#8211; Caldera d&#8217;acer amb 3 passos de fums verticals amb sistema d&#8217;autoneteja.<br \/>\n&#8211; Constru\u00efda mitjan\u00e7ant m\u00f2duls independents que s&#8217;acoblen, i que faciliten la seva instal\u00b7laci\u00f3 en llocs de dif\u00edcil acc\u00e9s.<br \/>\n&#8211; Pressi\u00f3 m\u00e0xima de servei:<br \/>\nEst\u00e0ndard: 4 bar<br \/>\nPer altres pressions consultar:<br \/>\n&#8211; Cremador de biomassa en cascada, modulant PID amb un camp de modulaci\u00f3 del 25% al 100%, encesa autom\u00e0tica, empenyedor de cendres, visor de flama i acc\u00e9s c\u00f2mode per a la seva neteja i manteniment en els models BIOSELECT 100 a BIOSELECT 500.<br \/>\n&#8211; Cremador de aflorament en els models BIOSELECT 650 a BIOSELECT 2650.<br \/>\n&#8211; Recollida de cendres autom\u00e0tica mitjan\u00e7ant infinitat de s\u00e8rie en tots els models.<br \/>\n&#8211; Regulaci\u00f3: Control de totes les funcions pr\u00f2pies de la caldera i transport de combustible en armari amb display. Opcionalment disposa d&#8217;un sistema de telegesti\u00f3 sota comanda.<br \/>\n&#8211; Permet diferents tipus de biomassa, com p\u00e8l\u00b7let, agripellet, ossos, closques&#8230; etc.<br \/>\nEl subministrament compr\u00e8n:<br \/>\n&#8211; Cos de caldera muntada sobre bastidor, en un o diversos cossos, segons model.<br \/>\n&#8211; Cremador complet en embalatge individual.<br \/>\n&#8211; Armari de control i maniobra integrat en la caldera.<br \/>\n&#8211; Envolvents en embalatge individual.<br \/>\nOpcionalment, es pot subministrar la caldera en diversos m\u00f2duls per empla\u00e7aments de dif\u00edcil acc\u00e9s.<\/p>\n<h3>AVANTATGES DE LES CALDERES BIOSELECT<\/h3>\n<p>1.Caldera amb sistema de combusti\u00f3 modulant PID (regulaci\u00f3 proporcional integral derivada) amb un camp de modulaci\u00f3 del 25% al 100 %.<br \/>\nGraella de ferro fos intercanviable preparada per a altes temperatures.<br \/>\nSistema de neteja de la graella per empenta (actuador lineal) per evitar la fatiga de materials per les vibracions. Subministrament variable d&#8217;aire primari i secundari a trav\u00e9s del control de la sobrepressi\u00f3 de la llar i de les revolucions del extractor en cua.<br \/>\nIntercanviador de calor amb tres passos de fums i llar sobredimensionat per facilitar la no emissi\u00f3 de NOx. Per la configuraci\u00f3 espec\u00edfica de l&#8217;intercanviador de calor ( sistema Bioselect ) la caldera est\u00e0 preparada per suportar retorns d&#8217;aigua de 40 graus, de manera que pot treballar perfectament amb sistemes de baixa temperatura.<br \/>\n2. Neteja autom\u00e0tica del intercanviador de calor mitjan\u00e7ant els retenidors i un sistema de cop que desincrusta la cendra, exclusiu de Lasian.<br \/>\n3. Extractor de cendres autom\u00e0tic mitjan\u00e7ant motoreductor i infinitat. El dip\u00f2sit de cendres va equipat amb un sistema de connexi\u00f3 r\u00e0pida i rodes per facilitar les operacions de manteniment. 4. Quadre el\u00e8ctric equipat amb PLC i pantalla digital t\u00e0ctil, controlant totes les funcions espec\u00edfiques de la caldera. Es controla tamb\u00e9 des del quadre el transport de combustible d&#8217; sitja a caldera, i les bombes de primari i anticondensados. Programari de telegesti\u00f3 (opcional).<br \/>\n5. Control de combusti\u00f3 mitjan\u00e7ant regulaci\u00f3 autom\u00e0tica de l&#8217;aire d&#8217;aportaci\u00f3 (primari i secundari), en funci\u00f3 de la demanda de pot\u00e8ncia. Depressi\u00f3 constant a la cambra de combusti\u00f3 mitjan\u00e7ant sonda de pressi\u00f3 i variaci\u00f3 autom\u00e0tica del gir del extractor de fums.<br \/>\n6. Doble sistema seguretat antiretroc\u00e9s de flama mitjan\u00e7ant term\u00f2stat i v\u00e0lvula d&#8217;inundaci\u00f3 mec\u00e0nica que garanteix el funcionament fins i tot davant eventuals talls de subministrament el\u00e8ctric. 7. Cicl\u00f3 d&#8217;alta efici\u00e8ncia per evitar l&#8217;emissi\u00f3 de part\u00edcules s\u00f2lides (opcional).<br \/>\n8. Encesa autom\u00e0tica amb Control de flama mitjan\u00e7ant c\u00e8l\u00b7lula fotoel\u00e8ctrica per optimitzar el funcionament i evitar encesos innecessaris.<\/p>\n<table class=\"table table-bordered\">\n<thead>\n<tr>\n<th style=\"color: #99cc00;\"><span style=\"color: #ffffff;\">MODEL<\/span><\/th>\n<th style=\"color: #99cc00;\"><span style=\"color: #ffffff;\">POT\u00c8NCIA \u00daTIL <\/span><br \/><span style=\"color: #ffffff;\">(kw)<\/span><\/th>\n<th style=\"color: #99cc00;\"><span style=\"color: #ffffff;\">POT\u00c8NCIA \u00daTIL<\/span><br \/><span style=\"color: #ffffff;\"> (kcal\/h)<\/span><\/th>\n<th style=\"color: #99cc00;\"><span style=\"color: #ffffff;\">CONNEXIONS<\/span><br \/><span style=\"color: #ffffff;\">(anada i tornada)<\/span><\/th>\n<th style=\"color: #99cc00;\"><span style=\"color: #ffffff;\">A<\/span><br \/><span style=\"color: #ffffff;\"> (mm)<\/span><\/th>\n<th style=\"color: #99cc00;\"><span style=\"color: #ffffff;\">B<\/span><br \/><span style=\"color: #ffffff;\"> (mm)<\/span><\/th>\n<th style=\"color: #99cc00;\"><span style=\"color: #ffffff;\">C <\/span><br \/><span style=\"color: #ffffff;\">(mm)<\/span><\/th>\n<th style=\"color: #99cc00;\"><span style=\"color: #ffffff;\">D <\/span><br \/><span style=\"color: #ffffff;\">(mm)<\/span><\/th>\n<th style=\"color: #99cc00;\"><span style=\"color: #ffffff;\">E <\/span><br \/><span style=\"color: #ffffff;\">(mm)<\/span><\/th>\n<th style=\"color: #99cc00;\"><span style=\"color: #ffffff;\">F<\/span><br \/><span style=\"color: #ffffff;\"> (mm)<\/span><\/th>\n<th style=\"color: #99cc00;\"><span style=\"color: #ffffff;\">G<\/span><br \/><span style=\"color: #ffffff;\"> (mm)<\/span><\/th>\n<th style=\"color: #99cc00;\"><span style=\"color: #ffffff;\">CHEMENEIA <\/span><br \/><span style=\"color: #ffffff;\">(di\u00e0metre)<\/span><\/th>\n<th style=\"color: #99cc00;\"><span style=\"color: #ffffff;\">CODI<\/span><\/th>\n<th style=\"color: #99cc00;\"><span style=\"color: #ffffff;\">P.V.P<\/span><\/th>\n<\/tr>\n<\/thead>\n<tbody>\n<tr>\n<td style=\"color: #99cc00;\">BIOSELECT 100<\/td>\n<td>100<\/td>\n<td>86.000<\/td>\n<td>DN 50<\/td>\n<td>1883<\/td>\n<td>963<\/td>\n<td>712<\/td>\n<td>630<\/td>\n<td>1460<\/td>\n<td>850<\/td>\n<td>250<\/td>\n<td>200<\/td>\n<td>2625<\/td>\n<td>23.560<\/td>\n<\/tr>\n<tr>\n<td style=\"color: #99cc00;\">BIOSELECT 150<\/td>\n<td>150<\/td>\n<td>129.000<\/td>\n<td>DN 80<\/td>\n<td>1888<\/td>\n<td>1014<\/td>\n<td>647<\/td>\n<td>601<\/td>\n<td>2490<\/td>\n<td>743<\/td>\n<td>250<\/td>\n<td>200<\/td>\n<td>2626<\/td>\n<td>34.478<\/td>\n<\/tr>\n<tr>\n<td style=\"color: #99cc00;\">BIOSELECT 200<\/td>\n<td>200<\/td>\n<td>172.000<\/td>\n<td>DN 80<\/td>\n<td>1981<\/td>\n<td>1014<\/td>\n<td>704<\/td>\n<td>601<\/td>\n<td>2490<\/td>\n<td>743<\/td>\n<td>250<\/td>\n<td>200<\/td>\n<td>2627<\/td>\n<td>39.103<\/td>\n<\/tr>\n<tr>\n<td style=\"color: #99cc00;\">BIOSELECT 250<\/td>\n<td>250<\/td>\n<td>215.000<\/td>\n<td>DN 80<\/td>\n<td>1981<\/td>\n<td>1077<\/td>\n<td>704<\/td>\n<td>636<\/td>\n<td>2490<\/td>\n<td>751<\/td>\n<td>250<\/td>\n<td>250<\/td>\n<td>2628<\/td>\n<td>45.897<\/td>\n<\/tr>\n<tr>\n<td style=\"color: #99cc00;\">BIOSELECT 325<\/td>\n<td>325<\/td>\n<td>279.000<\/td>\n<td>DN 80<\/td>\n<td>2205<\/td>\n<td>1077<\/td>\n<td>704<\/td>\n<td>636<\/td>\n<td>2490<\/td>\n<td>751<\/td>\n<td>250<\/td>\n<td>250<\/td>\n<td>2629<\/td>\n<td>55.572<\/td>\n<\/tr>\n<tr>\n<td style=\"color: #99cc00;\">BIOSELECT 400<\/td>\n<td>400<\/td>\n<td>344.000<\/td>\n<td>DN 80<\/td>\n<td>2205<\/td>\n<td>1170<\/td>\n<td>704<\/td>\n<td>636<\/td>\n<td>2490<\/td>\n<td>751<\/td>\n<td>250<\/td>\n<td>300<\/td>\n<td>2630<\/td>\n<td>71.615<\/td>\n<\/tr>\n<tr>\n<td style=\"color: #99cc00;\">BIOSELECT 500<\/td>\n<td>500<\/td>\n<td>430.000<\/td>\n<td>DN 80<\/td>\n<td>2205<\/td>\n<td>1374<\/td>\n<td>704<\/td>\n<td>636<\/td>\n<td>2490<\/td>\n<td>751<\/td>\n<td>250<\/td>\n<td>300<\/td>\n<td>2631<\/td>\n<td>83.010<\/td>\n<\/tr>\n<tr>\n<td style=\"color: #99cc00;\">BIOSELECT 650<\/td>\n<td>650<\/td>\n<td>559.000<\/td>\n<td>DN 100<\/td>\n<td>2500<\/td>\n<td>1374<\/td>\n<td>704<\/td>\n<td>636<\/td>\n<td>2490<\/td>\n<td>751<\/td>\n<td>250<\/td>\n<td>300<\/td>\n<td>2632<\/td>\n<td>90.500<\/td>\n<\/tr>\n<tr>\n<td style=\"color: #99cc00;\">BIOSELECT 800<\/td>\n<td>800<\/td>\n<td>688.000<\/td>\n<td>DN 100<\/td>\n<td>3420<\/td>\n<td>2150<\/td>\n<td>1360<\/td>\n<td>636<\/td>\n<td>4010<\/td>\n<td>910<\/td>\n<td>250<\/td>\n<td>400<\/td>\n<td>2633<\/td>\n<td>104.722<\/td>\n<\/tr>\n<tr>\n<td style=\"color: #99cc00;\">BIOSELECT 1000<\/td>\n<td>1000<\/td>\n<td>860.000<\/td>\n<td>DN 100<\/td>\n<td>3420<\/td>\n<td>2200<\/td>\n<td>2000<\/td>\n<td>1400<\/td>\n<td>4800<\/td>\n<td>910<\/td>\n<td>250<\/td>\n<td>400<\/td>\n<td>2634<\/td>\n<td>113.583<\/td>\n<\/tr>\n<tr>\n<td style=\"color: #99cc00;\">BIOSELECT 1160<\/td>\n<td>1160<\/td>\n<td>997.600<\/td>\n<td>DN 125<\/td>\n<td>3500<\/td>\n<td>2200<\/td>\n<td>2000<\/td>\n<td>1400<\/td>\n<td>4900<\/td>\n<td>910<\/td>\n<td>250<\/td>\n<td>400<\/td>\n<td>2635<\/td>\n<td>128.184<\/td>\n<\/tr>\n<tr>\n<td style=\"color: #99cc00;\">BIOSELECT 1500<\/td>\n<td>1500<\/td>\n<td>1.290.000<\/td>\n<td>DN 150<\/td>\n<td>3600<\/td>\n<td>2200<\/td>\n<td>2000<\/td>\n<td>1400<\/td>\n<td>6000<\/td>\n<td>910<\/td>\n<td>250<\/td>\n<td>500<\/td>\n<td>2690<\/td>\n<td>138.169<\/td>\n<\/tr>\n<tr>\n<td style=\"color: #99cc00;\">BIOSELECT 1750<\/td>\n<td>1750<\/td>\n<td>1.505.000<\/td>\n<td>DN 150<\/td>\n<td>3700<\/td>\n<td>2200<\/td>\n<td>2000<\/td>\n<td>1400<\/td>\n<td>6000<\/td>\n<td>910<\/td>\n<td>250<\/td>\n<td>500<\/td>\n<td>2691<\/td>\n<td>148.471<\/td>\n<\/tr>\n<tr>\n<td style=\"color: #99cc00;\">BIOSELECT 2100<\/td>\n<td>2100<\/td>\n<td>1.806.00<\/td>\n<td>DN 200<\/td>\n<td>3800<\/td>\n<td>2200<\/td>\n<td>2000<\/td>\n<td>1400<\/td>\n<td>6000<\/td>\n<td>910<\/td>\n<td>250<\/td>\n<td>600<\/td>\n<td>2692<\/td>\n<td>178.939<\/td>\n<\/tr>\n<tr>\n<td style=\"color: #99cc00;\">BIOSELECT 2325<\/td>\n<td>2325<\/td>\n<td>1.999.500<\/td>\n<td>DN 200<\/td>\n<td>3800<\/td>\n<td>2200<\/td>\n<td>2000<\/td>\n<td>1400<\/td>\n<td>6000<\/td>\n<td>910<\/td>\n<td>250<\/td>\n<td>600<\/td>\n<td>2693<\/td>\n<td>199.487<\/td>\n<\/tr>\n<\/tbody>\n<\/table>\n","protected":false},"excerpt":{"rendered":"<p> Caldera d&#8217;acer per combustibles biomassa de 100 a 2325 kw <\/p>\n","protected":false},"featured_media":666,"template":"","meta":{"site-sidebar-layout":"default","site-content-layout":"default","ast-site-content-layout":"","site-content-style":"default","site-sidebar-style":"default","ast-global-header-display":"","ast-banner-title-visibility":"","ast-main-header-display":"","ast-hfb-above-header-display":"","ast-hfb-below-header-display":"","ast-hfb-mobile-header-display":"","site-post-title":"","ast-breadcrumbs-content":"","ast-featured-img":"","footer-sml-layout":"","theme-transparent-header-meta":"default","adv-header-id-meta":"","stick-header-meta":"","header-above-stick-meta":"","header-main-stick-meta":"","header-below-stick-meta":"","astra-migrate-meta-layouts":""},"product_cat":[78,76],"product_tag":[],"class_list":["post-859","product","type-product","status-publish","has-post-thumbnail","hentry","product_cat-biomassa-gamma-industrial","product_cat-gamma-industrial","desktop-align-left","tablet-align-left","mobile-align-left"],"_links":{"self":[{"href":"https:\/\/carbonsdelclos.com\/ca\/wp-json\/wp\/v2\/product\/859","targetHints":{"allow":["GET"]}}],"collection":[{"href":"https:\/\/carbonsdelclos.com\/ca\/wp-json\/wp\/v2\/product"}],"about":[{"href":"https:\/\/carbonsdelclos.com\/ca\/wp-json\/wp\/v2\/types\/product"}],"wp:featuredmedia":[{"embeddable":true,"href":"https:\/\/carbonsdelclos.com\/ca\/wp-json\/wp\/v2\/media\/666"}],"wp:attachment":[{"href":"https:\/\/carbonsdelclos.com\/ca\/wp-json\/wp\/v2\/media?parent=859"}],"wp:term":[{"taxonomy":"product_cat","embeddable":true,"href":"https:\/\/carbonsdelclos.com\/ca\/wp-json\/wp\/v2\/product_cat?post=859"},{"taxonomy":"product_tag","embeddable":true,"href":"https:\/\/carbonsdelclos.com\/ca\/wp-json\/wp\/v2\/product_tag?post=859"}],"curies":[{"name":"wp","href":"https:\/\/api.w.org\/{rel}","templated":true}]}}