{"id":863,"date":"2022-06-27T14:25:23","date_gmt":"2022-06-27T14:25:23","guid":{"rendered":"https:\/\/carbonsdelclos.com\/producto\/climatrex\/"},"modified":"2022-06-27T14:25:23","modified_gmt":"2022-06-27T14:25:23","slug":"climatrex-2","status":"publish","type":"product","link":"https:\/\/carbonsdelclos.com\/ca\/producte\/climatrex-2\/","title":{"rendered":"CLIMATREX"},"content":{"rendered":"<h3>CLIMATREX<\/h3>\n<p>&#8211; CLIMATREX \u00e9s la soluci\u00f3 per als que opten per una caldera de 3 passos de fums i altes prestacions a un cost redu\u00eft.<br \/>\n\u2022 Alta efici\u00e8ncia (&gt;91,5%)<br \/>\n\u2022 Baixes emissions de NOx<br \/>\n\u2022 Conformitat amb els est\u00e0ndard EN 303<br \/>\ni amb la directiva 92\/42\/CE, que regulen la fabricaci\u00f3, efici\u00e8ncia, i la consideraci\u00f3 del funcionament en baixa temperatura &#8220;de les calderes.<br \/>\n&#8211; L&#8217;evoluci\u00f3 t\u00e8cnica de les calderes CLIMATREX satisf\u00e0 completament les condicions de funcionament que requereix la tecnologia actual de sistemes de calefacci\u00f3.<br \/>\n&#8211; Adequaci\u00f3 d&#8217;un rang de pot\u00e8ncies, el que permet, per a un model determinat, treballar a diverses pot\u00e8ncies dins del rang adm\u00e8s, sempre amb alts nivells de efici\u00e8ncia.<br \/>\n&#8211; Possibilitat de treballar amb cremadors de baixes emissions, gr\u00e0cies als 3 passos de fums sense retorn de flama a la llar.<\/p>\n<h3>CARACTER\u00cdSTIQUES T\u00c8CNIQUES<\/h3>\n<p>Les calderes CLIMATREX amb 3 passos de fums estan conformades per:<br \/>\n&#8211; Una llar de forma oval.<br \/>\n&#8211; Cambra de combusti\u00f3 cil\u00edndrica completament submergida on es realitza el primer pas de fums.<br \/>\n&#8211; Ubicaci\u00f3 dels tubs a la part superior per al segon i tercer passos de fums.<br \/>\n&#8211; Un col\u00b7lector\/distribu\u00efdor especial que s&#8217;estratifica adequadament les temperatures optimitzant la circulaci\u00f3 de l&#8217;aigua.<br \/>\n&#8211; Els tubs es col\u00b7loquen a la part superior ia major temperatura de la caldera per reduir la difer\u00e8ncia de temperatura entre els gasos de combusti\u00f3 i l&#8217;aigua de la caldera, i aix\u00ed evitar la formaci\u00f3 de condensacions, origen i causa de la corrosi\u00f3 i del r\u00e0pid deteriorament de les calderes tradicionals.<\/p>\n<table class=\"table table-bordered\">\n<thead>\n<tr>\n<th style=\"color: #ff0000;\" rowspan=\"2\"><span style=\"color: #ffffff;\">MODEL<\/span><\/th>\n<th style=\"color: #ff0000;\"><span style=\"color: #ffffff;\">POT\u00c8NCIA \u00daTIL <\/span> <br \/> <span style=\"color: #ffffff;\">(KW)<\/span><\/th>\n<th style=\"color: #ff0000;\" rowspan=\"2\"><span style=\"color: #ffffff;\">CODI CALDERA<\/span><\/th>\n<th style=\"color: #ff0000;\" rowspan=\"2\"><span style=\"color: #ffffff;\">P.V.P <\/span> <br \/> <span style=\"color: #ffffff;\">nom\u00e9s caldera<\/span><\/th>\n<\/tr>\n<\/thead>\n<tbody>\n<tr>\n<td style=\"color: #ff0000;\">CLIMATREX 65<\/td>\n<td>65<\/td>\n<td>2122<\/td>\n<td>3.245<\/td>\n<\/tr>\n<tr>\n<td style=\"color: #ff0000;\">CLIMATREX 85<\/td>\n<td>85<\/td>\n<td>2123<\/td>\n<td>3.565<\/td>\n<\/tr>\n<tr>\n<td style=\"color: #ff0000;\">CLIMATREX 110<\/td>\n<td>110<\/td>\n<td>2124<\/td>\n<td>4.305<\/td>\n<\/tr>\n<tr>\n<td style=\"color: #ff0000;\">CLIMATREX 150<\/td>\n<td>150<\/td>\n<td>2125<\/td>\n<td>4.604<\/td>\n<\/tr>\n<tr>\n<td style=\"color: #ff0000;\">CLIMATREX 185<\/td>\n<td>185<\/td>\n<td>2126<\/td>\n<td>5.169<\/td>\n<\/tr>\n<tr>\n<td style=\"color: #ff0000;\">CLIMATREX 225<\/td>\n<td>225<\/td>\n<td>2127<\/td>\n<td>5.417<\/td>\n<\/tr>\n<tr>\n<td style=\"color: #ff0000;\">CLIMATREX 300<\/td>\n<td>300<\/td>\n<td>2128<\/td>\n<td>7.504<\/td>\n<\/tr>\n<tr>\n<td style=\"color: #ff0000;\">CLIMATREX 380<\/td>\n<td>380<\/td>\n<td>2129<\/td>\n<td>7.963<\/td>\n<\/tr>\n<tr>\n<td style=\"color: #ff0000;\">CLIMATREX 500<\/td>\n<td>500<\/td>\n<td>2130<\/td>\n<td>10.395<\/td>\n<\/tr>\n<tr>\n<td style=\"color: #ff0000;\">CLIMATREX 630<\/td>\n<td>630<\/td>\n<td>2131<\/td>\n<td>12.005<\/td>\n<\/tr>\n<tr>\n<td style=\"color: #ff0000;\">CLIMATREX 730<\/td>\n<td>730<\/td>\n<td>2132<\/td>\n<td>12.199<\/td>\n<\/tr>\n<tr>\n<td style=\"color: #ff0000;\">CLIMATREX 840<\/td>\n<td>840<\/td>\n<td>2133<\/td>\n<td>15.818<\/td>\n<\/tr>\n<tr>\n<td style=\"color: #ff0000;\">CLIMATREX 1100<\/td>\n<td>1000<\/td>\n<td>2134<\/td>\n<td>22.343<\/td>\n<\/tr>\n<tr>\n<td style=\"color: #ff0000;\">CLIMATREX 1320<\/td>\n<td>1320<\/td>\n<td>2135<\/td>\n<td>25.108<\/td>\n<\/tr>\n<tr>\n<td style=\"color: #ff0000;\">CLIMATREX 1600<\/td>\n<td>1600<\/td>\n<td>2136<\/td>\n<td>30.869<\/td>\n<\/tr>\n<tr>\n<td style=\"color: #ff0000;\">CLIMATREX 1900<\/td>\n<td>1900<\/td>\n<td>2137<\/td>\n<td>33.276<\/td>\n<\/tr>\n<\/tbody>\n<\/table>\n","protected":false},"excerpt":{"rendered":"<p> Calderes d&#8217;acer de 3 passos de fums combustibles l\u00edquids i gasosos de 65-1900 kw <\/p>\n","protected":false},"featured_media":680,"template":"","meta":{"site-sidebar-layout":"default","site-content-layout":"default","ast-site-content-layout":"","site-content-style":"default","site-sidebar-style":"default","ast-global-header-display":"","ast-banner-title-visibility":"","ast-main-header-display":"","ast-hfb-above-header-display":"","ast-hfb-below-header-display":"","ast-hfb-mobile-header-display":"","site-post-title":"","ast-breadcrumbs-content":"","ast-featured-img":"","footer-sml-layout":"","theme-transparent-header-meta":"default","adv-header-id-meta":"","stick-header-meta":"","header-above-stick-meta":"","header-main-stick-meta":"","header-below-stick-meta":"","astra-migrate-meta-layouts":""},"product_cat":[76,83],"product_tag":[],"class_list":["post-863","product","type-product","status-publish","has-post-thumbnail","hentry","product_cat-gamma-industrial","product_cat-gas-i-gasoil","desktop-align-left","tablet-align-left","mobile-align-left"],"_links":{"self":[{"href":"https:\/\/carbonsdelclos.com\/ca\/wp-json\/wp\/v2\/product\/863","targetHints":{"allow":["GET"]}}],"collection":[{"href":"https:\/\/carbonsdelclos.com\/ca\/wp-json\/wp\/v2\/product"}],"about":[{"href":"https:\/\/carbonsdelclos.com\/ca\/wp-json\/wp\/v2\/types\/product"}],"wp:featuredmedia":[{"embeddable":true,"href":"https:\/\/carbonsdelclos.com\/ca\/wp-json\/wp\/v2\/media\/680"}],"wp:attachment":[{"href":"https:\/\/carbonsdelclos.com\/ca\/wp-json\/wp\/v2\/media?parent=863"}],"wp:term":[{"taxonomy":"product_cat","embeddable":true,"href":"https:\/\/carbonsdelclos.com\/ca\/wp-json\/wp\/v2\/product_cat?post=863"},{"taxonomy":"product_tag","embeddable":true,"href":"https:\/\/carbonsdelclos.com\/ca\/wp-json\/wp\/v2\/product_tag?post=863"}],"curies":[{"name":"wp","href":"https:\/\/api.w.org\/{rel}","templated":true}]}}