{"id":865,"date":"2022-06-28T12:57:24","date_gmt":"2022-06-28T12:57:24","guid":{"rendered":"https:\/\/carbonsdelclos.com\/producto\/hd-jetstream\/"},"modified":"2022-06-28T12:57:24","modified_gmt":"2022-06-28T12:57:24","slug":"hd-jetstream-2","status":"publish","type":"product","link":"https:\/\/carbonsdelclos.com\/ca\/producte\/hd-jetstream-2\/","title":{"rendered":"HD JETSTREAM"},"content":{"rendered":"<h3>HD JETSTREAM<\/h3>\n<p>&#8211; Caldera composta per elements de ferro fos amb tres passos de fums que li confereixen un elevat rendiment.<br \/>\n&#8211; S\u00f3n conformes amb les directives:<br \/>\n 92\/42 CE sobre rendiment energ\u00e8tic.<br \/>\n 90\/396 CE d&#8217;aparells a gas.<br \/>\n&#8211; La pressi\u00f3 m\u00e0xima de servei \u00e9s de 4 bar.<br \/>\n&#8211; Combustibles utilitzables s\u00f3n: Gas natural, prop\u00e0, gasoil i fuel. &#8211; Admet funcionament en Baixa Temperatura. En aquests casos, les temperatures de retorn no han de ser inferiors a 40 \u00ba C, gas natural i prop\u00e0, i de 30 \u00ba C, gasoil i fuel-oil, llevat que el salt t\u00e8rmic entre anada i retorn sigui superior a 10 \u00ba C.<br \/>\n&#8211; A petici\u00f3 del client pot subministrar la versi\u00f3 MD amb el bloc d&#8217;elements acoblament i provat hidr\u00e0ulicament sobre bastidor.<\/p>\n<table class=\"table table-bordered\">\n<thead>\n<tr>\n<th style=\"color: #ff0000;\" rowspan=\"2\"><span style=\"color: #ffffff;\">MODEL<\/span><\/th>\n<th style=\"color: #ff0000;\" colspan=\"2\"><span style=\"color: #ffffff;\">POTENCIA UTIL<\/span><\/th>\n<th style=\"color: #ff0000;\" rowspan=\"2\"><span style=\"color: #ffffff;\">PERDUA PRESI\u00d3 GASOS<\/span><br \/><span style=\"color: #ffffff;\"> (mbar)<\/span><\/th>\n<th style=\"color: #ff0000;\" rowspan=\"2\"><span style=\"color: #ffffff;\">CAMBRA COMBUSTI\u00d3 <\/span><br \/><span style=\"color: #ffffff;\">LONGITUD\/DIAM.<\/span><\/th>\n<th style=\"color: #ff0000;\" rowspan=\"2\"><span style=\"color: #ffffff;\">TEMPERATURA<\/span><br \/><span style=\"color: #ffffff;\"> (\u00bac)<\/span><\/th>\n<th style=\"color: #ff0000;\" rowspan=\"2\"><span style=\"color: #ffffff;\">VOLUM AIGUA <\/span><br \/><span style=\"color: #ffffff;\">(l<\/span><\/th>\n<th style=\"color: #ff0000;\" rowspan=\"2\"><span style=\"color: #ffffff;\">PES<\/span><br \/><span style=\"color: #ffffff;\"> (l)<\/span><\/th>\n<th style=\"color: #ff0000;\" colspan=\"2\"><span style=\"color: #ffffff;\">NOM\u00c9S CALDERA<\/span><\/th>\n<th style=\"color: #ff0000;\" colspan=\"2\"><span style=\"color: #ffffff;\">CREMADOR DE GASOIL<\/span><\/th>\n<th style=\"color: #ff0000;\" colspan=\"2\"><span style=\"color: #ffffff;\">CREMADOR DE GAS<\/span><\/th>\n<\/tr>\n<tr>\n<th style=\"color: #ff0000;\"><span style=\"color: #ffffff;\">KW<\/span><\/th>\n<th style=\"color: #ff0000;\"><span style=\"color: #ffffff;\">kcal\/h<\/span><\/th>\n<th style=\"color: #ff0000;\"><span style=\"color: #ffffff;\">CODI<\/span><\/th>\n<th style=\"color: #ff0000;\"><span style=\"color: #ffffff;\">P.V.P<\/span><\/th>\n<th style=\"color: #ff0000;\"><span style=\"color: #ffffff;\">CODI<\/span><\/th>\n<th style=\"color: #ff0000;\"><span style=\"color: #ffffff;\">P.V.P<\/span><\/th>\n<th style=\"color: #ff0000;\"><span style=\"color: #ffffff;\">CODI<\/span><\/th>\n<th style=\"color: #ff0000;\"><span style=\"color: #ffffff;\">P.V.P<\/span><\/th>\n<\/tr>\n<\/thead>\n<tbody>\n<tr>\n<td style=\"color: #ff0000;\">HD-5<\/td>\n<td>48,8<\/td>\n<td>42.000<\/td>\n<td>0,61-0,89<\/td>\n<td>480\/290<\/td>\n<td>170-182<\/td>\n<td>21<\/td>\n<td>202<\/td>\n<td>1351<\/td>\n<td>1.500<\/td>\n<td>50443<\/td>\n<td>510<\/td>\n<td>50469<\/td>\n<td>1.143<\/td>\n<\/tr>\n<tr>\n<td style=\"color: #ff0000;\">HD-6<\/td>\n<td>58,7<\/td>\n<td>50.500<\/td>\n<td>0,84-1,25<\/td>\n<td>580\/290<\/td>\n<td>169-181<\/td>\n<td>25<\/td>\n<td>229<\/td>\n<td>1352<\/td>\n<td>1.650<\/td>\n<td>50443<\/td>\n<td>510<\/td>\n<td>50472<\/td>\n<td>1.329<\/td>\n<\/tr>\n<tr>\n<td style=\"color: #ff0000;\">HD-7<\/td>\n<td>68,6<\/td>\n<td>59.000<\/td>\n<td>1,02-1,37<\/td>\n<td>680\/290<\/td>\n<td>167-180<\/td>\n<td>29<\/td>\n<td>256<\/td>\n<td>1353<\/td>\n<td>1.800<\/td>\n<td>50444<\/td>\n<td>990<\/td>\n<td>50472<\/td>\n<td>1.329<\/td>\n<\/tr>\n<tr>\n<td style=\"color: #ff0000;\">HD-8<\/td>\n<td>78,5<\/td>\n<td>67.500<\/td>\n<td>1,19-1,56<\/td>\n<td>780\/290<\/td>\n<td>163-176<\/td>\n<td>32<\/td>\n<td>283<\/td>\n<td>1354<\/td>\n<td>1.950<\/td>\n<td>50445<\/td>\n<td>1.020<\/td>\n<td>50473<\/td>\n<td>1.957<\/td>\n<\/tr>\n<\/tbody>\n<\/table>\n","protected":false},"excerpt":{"rendered":"<p> Caldera de ferro colat combustibles l\u00edquids i gasosos de 105 kw a 300 kw <\/p>\n","protected":false},"featured_media":686,"template":"","meta":{"site-sidebar-layout":"default","site-content-layout":"default","ast-site-content-layout":"","site-content-style":"default","site-sidebar-style":"default","ast-global-header-display":"","ast-banner-title-visibility":"","ast-main-header-display":"","ast-hfb-above-header-display":"","ast-hfb-below-header-display":"","ast-hfb-mobile-header-display":"","site-post-title":"","ast-breadcrumbs-content":"","ast-featured-img":"","footer-sml-layout":"","theme-transparent-header-meta":"default","adv-header-id-meta":"","stick-header-meta":"","header-above-stick-meta":"","header-main-stick-meta":"","header-below-stick-meta":"","astra-migrate-meta-layouts":""},"product_cat":[76,83],"product_tag":[],"class_list":["post-865","product","type-product","status-publish","has-post-thumbnail","hentry","product_cat-gamma-industrial","product_cat-gas-i-gasoil","desktop-align-left","tablet-align-left","mobile-align-left"],"_links":{"self":[{"href":"https:\/\/carbonsdelclos.com\/ca\/wp-json\/wp\/v2\/product\/865","targetHints":{"allow":["GET"]}}],"collection":[{"href":"https:\/\/carbonsdelclos.com\/ca\/wp-json\/wp\/v2\/product"}],"about":[{"href":"https:\/\/carbonsdelclos.com\/ca\/wp-json\/wp\/v2\/types\/product"}],"wp:featuredmedia":[{"embeddable":true,"href":"https:\/\/carbonsdelclos.com\/ca\/wp-json\/wp\/v2\/media\/686"}],"wp:attachment":[{"href":"https:\/\/carbonsdelclos.com\/ca\/wp-json\/wp\/v2\/media?parent=865"}],"wp:term":[{"taxonomy":"product_cat","embeddable":true,"href":"https:\/\/carbonsdelclos.com\/ca\/wp-json\/wp\/v2\/product_cat?post=865"},{"taxonomy":"product_tag","embeddable":true,"href":"https:\/\/carbonsdelclos.com\/ca\/wp-json\/wp\/v2\/product_tag?post=865"}],"curies":[{"name":"wp","href":"https:\/\/api.w.org\/{rel}","templated":true}]}}