{"id":867,"date":"2022-06-28T13:01:03","date_gmt":"2022-06-28T13:01:03","guid":{"rendered":"https:\/\/carbonsdelclos.com\/producto\/md-jetstream\/"},"modified":"2022-06-28T13:01:03","modified_gmt":"2022-06-28T13:01:03","slug":"md-jetstream-2","status":"publish","type":"product","link":"https:\/\/carbonsdelclos.com\/ca\/producte\/md-jetstream-2\/","title":{"rendered":"MD JETSTREAM"},"content":{"rendered":"<h3>MD JETSTREAM<\/h3>\n<p>&#8211; Caldera composta per elements de ferro fos amb tres passos de fums que li confereixen un elevat rendiment.<br \/>\n&#8211; S\u00f3n conformes amb les directives:<br \/>\n 92\/42 CE sobre rendiment energ\u00e8tic.<br \/>\n 90\/396 CE d&#8217;aparells a gas.<br \/>\n&#8211; La pressi\u00f3 m\u00e0xima de servei \u00e9s de 4 bar.<br \/>\n&#8211; Combustibles utilitzables s\u00f3n: Gas natural, prop\u00e0, gasoil i fuel.<br \/>\n&#8211; Admet funcionament en Baixa Temperatura. En aquests casos, les temperatures de retorn no han de ser inferiors a 40\u00ba C, gas natural i prop\u00e0, i de 30\u00ba C, gasoil i fuel-oil, llevat que el salt t\u00e8rmic entre anada i retorn sigui superior a 10\u00ba C.<br \/>\n&#8211; A petici\u00f3 del client pot subministrar la versi\u00f3 MD amb el bloc d&#8217;elements acoblament i provat hidr\u00e0ulicament sobre bastidor.<\/p>\n<table class=\"table table-bordered\">\n<thead>\n<tr>\n<th style=\"color: #ff0000;\" rowspan=\"2\"><span style=\"color: #ffffff;\">MODEL<\/span><\/th>\n<th style=\"color: #ff0000;\"><span style=\"color: #ffffff;\">POT\u00c8NCIA \u00daTIL <\/span> <br \/> <span style=\"color: #ffffff;\">(KW)<\/span><\/th>\n<th style=\"color: #ff0000;\" rowspan=\"2\"><span style=\"color: #ffffff;\">CODI CALDERA<\/span><\/th>\n<th style=\"color: #ff0000;\" rowspan=\"2\"><span style=\"color: #ffffff;\">P.V.P <\/span> <br \/> <span style=\"color: #ffffff;\">nom\u00e9s caldera sense muntar<\/span><\/th>\n<th style=\"color: #ff0000;\" rowspan=\"2\"><span style=\"color: #ffffff;\">P.V.P.<\/span> <br \/> <span style=\"color: #ffffff;\">nom\u00e9s caldera muntada<\/span><\/th>\n<\/tr>\n<\/thead>\n<tbody>\n<tr>\n<td style=\"color: #ff0000;\">MD 4<\/td>\n<td>105<\/td>\n<td>1301<\/td>\n<td>3.135<\/td>\n<td>3.740<\/td>\n<\/tr>\n<tr>\n<td style=\"color: #ff0000;\">MD 5<\/td>\n<td>144<\/td>\n<td>1302<\/td>\n<td>3.605<\/td>\n<td>4.222<\/td>\n<\/tr>\n<tr>\n<td style=\"color: #ff0000;\">MD 6<\/td>\n<td>184<\/td>\n<td>1303<\/td>\n<td>4.003<\/td>\n<td>4.693<\/td>\n<\/tr>\n<tr>\n<td style=\"color: #ff0000;\">MD 7<\/td>\n<td>223<\/td>\n<td>1304<\/td>\n<td>4.395<\/td>\n<td>5.154<\/td>\n<\/tr>\n<tr>\n<td style=\"color: #ff0000;\">MD 8<\/td>\n<td>262<\/td>\n<td>1305<\/td>\n<td>4.798<\/td>\n<td>5.624<\/td>\n<\/tr>\n<tr>\n<td style=\"color: #ff0000;\">MD 9<\/td>\n<td>300<\/td>\n<td>1306<\/td>\n<td>5.192<\/td>\n<td>6.080<\/td>\n<\/tr>\n<\/tbody>\n<\/table>\n","protected":false},"excerpt":{"rendered":"<p> Caldera de ferro colat combustibles l\u00edquids i gasosos de 105 kw a 300 kw <\/p>\n","protected":false},"featured_media":690,"template":"","meta":{"site-sidebar-layout":"default","site-content-layout":"default","ast-site-content-layout":"","site-content-style":"default","site-sidebar-style":"default","ast-global-header-display":"","ast-banner-title-visibility":"","ast-main-header-display":"","ast-hfb-above-header-display":"","ast-hfb-below-header-display":"","ast-hfb-mobile-header-display":"","site-post-title":"","ast-breadcrumbs-content":"","ast-featured-img":"","footer-sml-layout":"","theme-transparent-header-meta":"default","adv-header-id-meta":"","stick-header-meta":"","header-above-stick-meta":"","header-main-stick-meta":"","header-below-stick-meta":"","astra-migrate-meta-layouts":""},"product_cat":[76,83],"product_tag":[],"class_list":["post-867","product","type-product","status-publish","has-post-thumbnail","hentry","product_cat-gamma-industrial","product_cat-gas-i-gasoil","desktop-align-left","tablet-align-left","mobile-align-left"],"_links":{"self":[{"href":"https:\/\/carbonsdelclos.com\/ca\/wp-json\/wp\/v2\/product\/867","targetHints":{"allow":["GET"]}}],"collection":[{"href":"https:\/\/carbonsdelclos.com\/ca\/wp-json\/wp\/v2\/product"}],"about":[{"href":"https:\/\/carbonsdelclos.com\/ca\/wp-json\/wp\/v2\/types\/product"}],"wp:featuredmedia":[{"embeddable":true,"href":"https:\/\/carbonsdelclos.com\/ca\/wp-json\/wp\/v2\/media\/690"}],"wp:attachment":[{"href":"https:\/\/carbonsdelclos.com\/ca\/wp-json\/wp\/v2\/media?parent=867"}],"wp:term":[{"taxonomy":"product_cat","embeddable":true,"href":"https:\/\/carbonsdelclos.com\/ca\/wp-json\/wp\/v2\/product_cat?post=867"},{"taxonomy":"product_tag","embeddable":true,"href":"https:\/\/carbonsdelclos.com\/ca\/wp-json\/wp\/v2\/product_tag?post=867"}],"curies":[{"name":"wp","href":"https:\/\/api.w.org\/{rel}","templated":true}]}}