{"id":869,"date":"2022-06-28T13:02:43","date_gmt":"2022-06-28T13:02:43","guid":{"rendered":"https:\/\/carbonsdelclos.com\/producto\/ymk-jetstream\/"},"modified":"2022-06-28T13:02:43","modified_gmt":"2022-06-28T13:02:43","slug":"ymk-jetstream-2","status":"publish","type":"product","link":"https:\/\/carbonsdelclos.com\/ca\/producte\/ymk-jetstream-2\/","title":{"rendered":"YMK JETSTREAM"},"content":{"rendered":"<h3>YMK JETSTREAM<\/h3>\n<p>&#8211; Caldera composta per elements de ferro fos amb tres passos de fums que li confereixen un elevat rendiment.<br \/>\n&#8211; S\u00f3n conformes amb les directives:<br \/>\n 92\/42 CE sobre rendiment energ\u00e8tic.<br \/>\n 90\/396 CE d&#8217;aparells a gas.<br \/>\n&#8211; La pressi\u00f3 m\u00e0xima de servei \u00e9s de 4 bar.<br \/>\n&#8211; Combustibles utilitzables s\u00f3n: Gas natural, prop\u00e0, gasoil i fuel.<br \/>\n&#8211; Admet funcionament en Baixa Temperatura. En aquests casos, les temperatures de retorn no han de ser inferiors a 40\u00ba C, gas natural i prop\u00e0, i de 30\u00ba C, gasoil i fuel-oil, llevat que el salt t\u00e8rmic entre anada i retorn sigui superior a 10\u00ba C.<\/p>\n<table class=\"table table-bordered\">\n<thead>\n<tr>\n<th style=\"color: #ff0000;\" rowspan=\"2\"><span style=\"color: #ffffff;\">MODEL<\/span><\/th>\n<th style=\"color: #ff0000;\"><span style=\"color: #ffffff;\">POT\u00c8NCIA \u00daTIL <\/span> <br \/> <span style=\"color: #ffffff;\">(KW)<\/span><\/th>\n<th style=\"color: #ff0000;\" rowspan=\"2\"><span style=\"color: #ffffff;\">CODI CALDERA<\/span><\/th>\n<th style=\"color: #ff0000;\" rowspan=\"2\"><span style=\"color: #ffffff;\">P.V.P <\/span> <br \/> <span style=\"color: #ffffff;\">nom\u00e9s caldera sense muntar<\/span><\/th>\n<\/tr>\n<\/thead>\n<tbody>\n<tr>\n<td style=\"color: #ff0000;\">YMK 8<\/td>\n<td>320<\/td>\n<td>1680<\/td>\n<td>7.146<\/td>\n<\/tr>\n<tr>\n<td style=\"color: #ff0000;\">YMK 9<\/td>\n<td>378<\/td>\n<td>1681<\/td>\n<td>7.702<\/td>\n<\/tr>\n<tr>\n<td style=\"color: #ff0000;\">YMK 10<\/td>\n<td>436<\/td>\n<td>1682<\/td>\n<td>8.282<\/td>\n<\/tr>\n<tr>\n<td style=\"color: #ff0000;\">YMK 11<\/td>\n<td>494<\/td>\n<td>1683<\/td>\n<td>8.908<\/td>\n<\/tr>\n<tr>\n<td style=\"color: #ff0000;\">YMK 12<\/td>\n<td>552<\/td>\n<td>1684<\/td>\n<td>9.879<\/td>\n<\/tr>\n<tr>\n<td style=\"color: #ff0000;\">YMK 13<\/td>\n<td>611<\/td>\n<td>1685<\/td>\n<td>10.464<\/td>\n<\/tr>\n<tr>\n<td style=\"color: #ff0000;\">YMK 14<\/td>\n<td>669<\/td>\n<td>1686<\/td>\n<td>11.40<\/td>\n<\/tr>\n<\/tbody>\n<\/table>\n","protected":false},"excerpt":{"rendered":"<p>Caldera de ferro colat combustibles l\u00edquids i gasosos de 320 kw a 669 kw<\/p>\n","protected":false},"featured_media":694,"template":"","meta":{"site-sidebar-layout":"default","site-content-layout":"default","ast-site-content-layout":"","site-content-style":"default","site-sidebar-style":"default","ast-global-header-display":"","ast-banner-title-visibility":"","ast-main-header-display":"","ast-hfb-above-header-display":"","ast-hfb-below-header-display":"","ast-hfb-mobile-header-display":"","site-post-title":"","ast-breadcrumbs-content":"","ast-featured-img":"","footer-sml-layout":"","theme-transparent-header-meta":"default","adv-header-id-meta":"","stick-header-meta":"","header-above-stick-meta":"","header-main-stick-meta":"","header-below-stick-meta":"","astra-migrate-meta-layouts":""},"product_cat":[76,83],"product_tag":[],"class_list":["post-869","product","type-product","status-publish","has-post-thumbnail","hentry","product_cat-gamma-industrial","product_cat-gas-i-gasoil","desktop-align-left","tablet-align-left","mobile-align-left"],"_links":{"self":[{"href":"https:\/\/carbonsdelclos.com\/ca\/wp-json\/wp\/v2\/product\/869","targetHints":{"allow":["GET"]}}],"collection":[{"href":"https:\/\/carbonsdelclos.com\/ca\/wp-json\/wp\/v2\/product"}],"about":[{"href":"https:\/\/carbonsdelclos.com\/ca\/wp-json\/wp\/v2\/types\/product"}],"wp:featuredmedia":[{"embeddable":true,"href":"https:\/\/carbonsdelclos.com\/ca\/wp-json\/wp\/v2\/media\/694"}],"wp:attachment":[{"href":"https:\/\/carbonsdelclos.com\/ca\/wp-json\/wp\/v2\/media?parent=869"}],"wp:term":[{"taxonomy":"product_cat","embeddable":true,"href":"https:\/\/carbonsdelclos.com\/ca\/wp-json\/wp\/v2\/product_cat?post=869"},{"taxonomy":"product_tag","embeddable":true,"href":"https:\/\/carbonsdelclos.com\/ca\/wp-json\/wp\/v2\/product_tag?post=869"}],"curies":[{"name":"wp","href":"https:\/\/api.w.org\/{rel}","templated":true}]}}