{"id":873,"date":"2022-06-28T13:07:25","date_gmt":"2022-06-28T13:07:25","guid":{"rendered":"https:\/\/carbonsdelclos.com\/producto\/acumuladors-inox\/"},"modified":"2022-06-28T13:07:25","modified_gmt":"2022-06-28T13:07:25","slug":"acumuladors-inox","status":"publish","type":"product","link":"https:\/\/carbonsdelclos.com\/ca\/producte\/acumuladors-inox\/","title":{"rendered":"Acumuladors Inox"},"content":{"rendered":"<h3>ACUMULACI\u00d3<\/h3>\n<p>&#8211; Fabricats d&#8217;acord amb les directives de pressi\u00f3 PED 97\/23\/CE art. 3.3 i d&#8217;idone\u00eftat de contacte amb l&#8217;aigua potable DM 174\/04 o 1935\/04\/CE.<br \/>\n&#8211; DIP\u00d2SIT: Constru\u00eft amb acer al carboni i tractament intern consistent en un esmaltat CERAMIX, admetent temperatures de -5 \u00ba C a +95 \u00ba C i un tractament extern antioxidant, amb una garantia de 5 anys.<br \/>\n&#8211; A\u00cfLLAMENT T\u00c8RMIC: En poliuret\u00e0 flexible de 100 mm de gruix i acabat en camisa de PVC.<br \/>\n&#8211; De s\u00e8rie es subministra amb \u00e0node de magnesi amb tap i term\u00f2metre.<br \/>\nOpcions:<br \/>\n \u2022 \u00c0node de magnesi amb testimoni<br \/>\n \u2022 \u00c0node electr\u00f2nic<br \/>\nCondicions de treball dip\u00f2sit:<br \/>\n \u2022 Temperatura m\u00e0xima 95\u00ba C<br \/>\n \u2022 Pressi\u00f3 m\u00e0xima 8 bar<br \/>\n \u2022 Pressi\u00f3 de prova: 12 bar<\/p>\n<table class=\"table table-bordered\">\n<thead>\n<tr>\n<th rowspan=\"2\">Dip\u00f2sit vertical<\/th>\n<th style=\"color: #3366ff;\" colspan=\"2\"><span style=\"color: #ffffff;\">DAV-X 1000<\/span><\/th>\n<th style=\"color: #3366ff;\" colspan=\"2\"><span style=\"color: #ffffff;\">DAV-X 1500<\/span><\/th>\n<th style=\"color: #3366ff;\" colspan=\"2\"><span style=\"color: #ffffff;\">DAV-X 2000<\/span><\/th>\n<th style=\"color: #3366ff;\" colspan=\"2\"><span style=\"color: #ffffff;\">DAV-X 2500<\/span><\/th>\n<th style=\"color: #3366ff;\" colspan=\"2\"><span style=\"color: #ffffff;\">DAV-X 3000<\/span><\/th>\n<th style=\"color: #3366ff;\" colspan=\"2\"><span style=\"color: #ffffff;\">DAV-X 4000<\/span><\/th>\n<th style=\"color: #3366ff;\" colspan=\"2\"><span style=\"color: #ffffff;\">DAV-X 5000<\/span><\/th>\n<\/tr>\n<tr>\n<th style=\"color: #3366ff;\"><span style=\"color: #ffffff;\">CODI<\/span><\/th>\n<th style=\"color: #3366ff;\"><span style=\"color: #ffffff;\">P.V.P<\/span><\/th>\n<th style=\"color: #3366ff;\"><span style=\"color: #ffffff;\">CODI<\/span><\/th>\n<th style=\"color: #3366ff;\"><span style=\"color: #ffffff;\">P.V.P<\/span><\/th>\n<th style=\"color: #3366ff;\"><span style=\"color: #ffffff;\">CODI<\/span><\/th>\n<th style=\"color: #3366ff;\"><span style=\"color: #ffffff;\">P.V.P<\/span><\/th>\n<th style=\"color: #3366ff;\"><span style=\"color: #ffffff;\">CODI<\/span><\/th>\n<th style=\"color: #3366ff;\"><span style=\"color: #ffffff;\">P.V.P<\/span><\/th>\n<th style=\"color: #3366ff;\"><span style=\"color: #ffffff;\">CODI<\/span><\/th>\n<th style=\"color: #3366ff;\"><span style=\"color: #ffffff;\">P.V.P<\/span><\/th>\n<th style=\"color: #3366ff;\"><span style=\"color: #ffffff;\">CODI<\/span><\/th>\n<th style=\"color: #3366ff;\"><span style=\"color: #ffffff;\">P.V.P<\/span><\/th>\n<th style=\"color: #3366ff;\"><span style=\"color: #ffffff;\">CODI<\/span><\/th>\n<th style=\"color: #3366ff;\"><span style=\"color: #ffffff;\">P.V.P<\/span><\/th>\n<\/tr>\n<\/thead>\n<tbody>\n<tr>\n<td style=\"color: #3366ff;\">Acumulador est\u00e0ndard<\/td>\n<td>65234<\/td>\n<td>4.684<\/td>\n<td>65238<\/td>\n<td>7.744<\/td>\n<td>65242<\/td>\n<td>8.992<\/td>\n<td>65246<\/td>\n<td>10.948<\/td>\n<td>65250<\/td>\n<td>12.365<\/td>\n<td>65254<\/td>\n<td>15.637<\/td>\n<td>65258<\/td>\n<td>19.013<\/td>\n<\/tr>\n<\/tbody>\n<\/table>\n<table class=\"table table-bordered\">\n<thead>\n<tr>\n<th rowspan=\"2\">Dip\u00f2sit horitzontal<\/th>\n<th style=\"color: #3366ff;\" colspan=\"2\"><span style=\"color: #ffffff;\">DAH-X 1000<\/span><\/th>\n<th style=\"color: #3366ff;\" colspan=\"2\"><span style=\"color: #ffffff;\">DAH-X 1500<\/span><\/th>\n<th style=\"color: #3366ff;\" colspan=\"2\"><span style=\"color: #ffffff;\">DAH-X 2000<\/span><\/th>\n<th style=\"color: #3366ff;\" colspan=\"2\"><span style=\"color: #ffffff;\">DAH-X 2500<\/span><\/th>\n<th style=\"color: #3366ff;\" colspan=\"2\"><span style=\"color: #ffffff;\">DAH-X 3000<\/span><\/th>\n<th style=\"color: #3366ff;\" colspan=\"2\"><span style=\"color: #ffffff;\">DAH-X 4000<\/span><\/th>\n<th style=\"color: #3366ff;\" colspan=\"2\"><span style=\"color: #ffffff;\">DAH-X 5000<\/span><\/th>\n<\/tr>\n<tr>\n<th style=\"color: #3366ff;\"><span style=\"color: #ffffff;\">CODI<\/span><\/th>\n<th style=\"color: #3366ff;\"><span style=\"color: #ffffff;\">P.V.P<\/span><\/th>\n<th style=\"color: #3366ff;\"><span style=\"color: #ffffff;\">CODI<\/span><\/th>\n<th style=\"color: #3366ff;\"><span style=\"color: #ffffff;\">P.V.P<\/span><\/th>\n<th style=\"color: #3366ff;\"><span style=\"color: #ffffff;\">CODI<\/span><\/th>\n<th style=\"color: #3366ff;\"><span style=\"color: #ffffff;\">P.V.P<\/span><\/th>\n<th style=\"color: #3366ff;\"><span style=\"color: #ffffff;\">CODI<\/span><\/th>\n<th style=\"color: #3366ff;\"><span style=\"color: #ffffff;\">P.V.P<\/span><\/th>\n<th style=\"color: #3366ff;\"><span style=\"color: #ffffff;\">CODI<\/span><\/th>\n<th style=\"color: #3366ff;\"><span style=\"color: #ffffff;\">P.V.P<\/span><\/th>\n<th style=\"color: #3366ff;\"><span style=\"color: #ffffff;\">CODI<\/span><\/th>\n<th style=\"color: #3366ff;\"><span style=\"color: #ffffff;\">P.V.P<\/span><\/th>\n<th style=\"color: #3366ff;\"><span style=\"color: #ffffff;\">CODI<\/span><\/th>\n<th style=\"color: #3366ff;\"><span style=\"color: #ffffff;\">P.V.P<\/span><\/th>\n<\/tr>\n<\/thead>\n<tbody>\n<tr>\n<td style=\"color: #3366ff;\">Acumulador est\u00e0ndard<\/td>\n<td>65236<\/td>\n<td>4.684<\/td>\n<td>65240<\/td>\n<td>7.744<\/td>\n<td>65244<\/td>\n<td>8.992<\/td>\n<td>65248<\/td>\n<td>10.948<\/td>\n<td>65252<\/td>\n<td>12.365<\/td>\n<td>65256<\/td>\n<td>15.637<\/td>\n<td>65260<\/td>\n<td>19.013<\/td>\n<\/tr>\n<\/tbody>\n<\/table>\n","protected":false},"excerpt":{"rendered":"<p>Acumulaci\u00f3 d&#8217;ACS <\/p>\n","protected":false},"featured_media":702,"template":"","meta":{"site-sidebar-layout":"default","site-content-layout":"default","ast-site-content-layout":"","site-content-style":"default","site-sidebar-style":"default","ast-global-header-display":"","ast-banner-title-visibility":"","ast-main-header-display":"","ast-hfb-above-header-display":"","ast-hfb-below-header-display":"","ast-hfb-mobile-header-display":"","site-post-title":"","ast-breadcrumbs-content":"","ast-featured-img":"","footer-sml-layout":"","theme-transparent-header-meta":"default","adv-header-id-meta":"","stick-header-meta":"","header-above-stick-meta":"","header-main-stick-meta":"","header-below-stick-meta":"","astra-migrate-meta-layouts":""},"product_cat":[80,76],"product_tag":[],"class_list":["post-873","product","type-product","status-publish","has-post-thumbnail","hentry","product_cat-diposits-acs","product_cat-gamma-industrial","desktop-align-left","tablet-align-left","mobile-align-left"],"_links":{"self":[{"href":"https:\/\/carbonsdelclos.com\/ca\/wp-json\/wp\/v2\/product\/873","targetHints":{"allow":["GET"]}}],"collection":[{"href":"https:\/\/carbonsdelclos.com\/ca\/wp-json\/wp\/v2\/product"}],"about":[{"href":"https:\/\/carbonsdelclos.com\/ca\/wp-json\/wp\/v2\/types\/product"}],"wp:featuredmedia":[{"embeddable":true,"href":"https:\/\/carbonsdelclos.com\/ca\/wp-json\/wp\/v2\/media\/702"}],"wp:attachment":[{"href":"https:\/\/carbonsdelclos.com\/ca\/wp-json\/wp\/v2\/media?parent=873"}],"wp:term":[{"taxonomy":"product_cat","embeddable":true,"href":"https:\/\/carbonsdelclos.com\/ca\/wp-json\/wp\/v2\/product_cat?post=873"},{"taxonomy":"product_tag","embeddable":true,"href":"https:\/\/carbonsdelclos.com\/ca\/wp-json\/wp\/v2\/product_tag?post=873"}],"curies":[{"name":"wp","href":"https:\/\/api.w.org\/{rel}","templated":true}]}}