{"id":877,"date":"2022-06-28T13:11:37","date_gmt":"2022-06-28T13:11:37","guid":{"rendered":"https:\/\/carbonsdelclos.com\/producto\/interacumuladors-inox\/"},"modified":"2022-06-28T13:11:37","modified_gmt":"2022-06-28T13:11:37","slug":"interacumuladors-inox","status":"publish","type":"product","link":"https:\/\/carbonsdelclos.com\/ca\/producte\/interacumuladors-inox\/","title":{"rendered":"Interacumuladors Inox"},"content":{"rendered":"<h3>ACUMULACI\u00d3 I PRODUCCI\u00d3 D&#8217;ACS<\/h3>\n<p>&#8211; Fabricats d&#8217;acord amb les directives de pressi\u00f3 PED 97\/23\/CE art. 3.3 i de idone\u00eftat de contacte amb l&#8217;aigua potable D.M. 174\/04 o 1935\/04\/CE.<br \/>\n&#8211; DIP\u00d2SIT: Constru\u00eft amb acer al carboni i tractament intern consistent en un esmaltat CERAMIX, admetent temperatures de -5 \u00ba C a +95 \u00ba C i un tractament extern antioxidant, amb una garantia de 5 anys.<br \/>\n&#8211; A\u00cfLLAMENT T\u00c8RMIC: En poliuret\u00e0 flexible de 100 mm de gruix i acabat en camisa de PVC.<br \/>\n&#8211; INTERCANVIADOR: Extra\u00efble i constru\u00eft en acer inoxidable 316 L De s\u00e8rie es subministra amb \u00e0node de magnesi amb tap i term\u00f2metre. Opcions:<br \/>\n \u2022 \u00c0node de magnesi amb testimoni<br \/>\n \u2022 \u00c0node electr\u00f2nic<br \/>\n&#8211; Condicions de treball dip\u00f2sit:<br \/>\n \u2022 Temperatura m\u00e0xima 95 \u00ba C<br \/>\n \u2022 Pressi\u00f3 m\u00e0xima 8 bar<br \/>\n \u2022 Pressi\u00f3 de prova: 12 bar<br \/>\n&#8211; Condicions de treball de l&#8217;intercanviador:<br \/>\n \u2022 Temperatura m\u00e0xima 99 \u00ba C<br \/>\n \u2022 Pressi\u00f3 m\u00e0xima 12 bar<\/p>\n<table class=\"table table-bordered\">\n<thead>\n<tr>\n<th rowspan=\"2\">Dip\u00f2sit vertical<\/th>\n<th style=\"color: #3366ff;\" colspan=\"2\"><span style=\"color: #ffffff;\">DIAV-X 1000<\/span><\/th>\n<th style=\"color: #3366ff;\" colspan=\"2\"><span style=\"color: #ffffff;\">DIAV-X 1500<\/span><\/th>\n<th style=\"color: #3366ff;\" colspan=\"2\"><span style=\"color: #ffffff;\">DIAV-X 2000<\/span><\/th>\n<th style=\"color: #3366ff;\" colspan=\"2\"><span style=\"color: #ffffff;\">DIAV-X 2500<\/span><\/th>\n<th style=\"color: #3366ff;\" colspan=\"2\"><span style=\"color: #ffffff;\">DIAV-X 3000<\/span><\/th>\n<th style=\"color: #3366ff;\" colspan=\"2\"><span style=\"color: #ffffff;\">DIAV-X 4000<\/span><\/th>\n<th style=\"color: #3366ff;\" colspan=\"2\"><span style=\"color: #ffffff;\">DIAV-X 5000<\/span><\/th>\n<\/tr>\n<tr>\n<th style=\"color: #3366ff;\"><span style=\"color: #ffffff;\">CODI<\/span><\/th>\n<th style=\"color: #3366ff;\"><span style=\"color: #ffffff;\">P.V.P<\/span><\/th>\n<th style=\"color: #3366ff;\"><span style=\"color: #ffffff;\">CODI<\/span><\/th>\n<th style=\"color: #3366ff;\"><span style=\"color: #ffffff;\">P.V.P<\/span><\/th>\n<th style=\"color: #3366ff;\"><span style=\"color: #ffffff;\">CODI<\/span><\/th>\n<th style=\"color: #3366ff;\"><span style=\"color: #ffffff;\">P.V.P<\/span><\/th>\n<th style=\"color: #3366ff;\"><span style=\"color: #ffffff;\">CODI<\/span><\/th>\n<th style=\"color: #3366ff;\"><span style=\"color: #ffffff;\">P.V.P<\/span><\/th>\n<th style=\"color: #3366ff;\"><span style=\"color: #ffffff;\">CODI<\/span><\/th>\n<th style=\"color: #3366ff;\"><span style=\"color: #ffffff;\">P.V.P<\/span><\/th>\n<th style=\"color: #3366ff;\"><span style=\"color: #ffffff;\">CODI<\/span><\/th>\n<th style=\"color: #3366ff;\"><span style=\"color: #ffffff;\">P.V.P<\/span><\/th>\n<th style=\"color: #3366ff;\"><span style=\"color: #ffffff;\">CODI<\/span><\/th>\n<th style=\"color: #3366ff;\"><span style=\"color: #ffffff;\">P.V.P<\/span><\/th>\n<\/tr>\n<\/thead>\n<tbody>\n<tr>\n<td style=\"color: #3366ff;\">Serpent\u00ed est\u00e0ndard<\/td>\n<td>65206<\/td>\n<td>5.398<\/td>\n<td>65210<\/td>\n<td>8.512<\/td>\n<td>65214<\/td>\n<td>10.221<\/td>\n<td>65218<\/td>\n<td>12.178<\/td>\n<td>65222<\/td>\n<td>13.895<\/td>\n<td>65226<\/td>\n<td>17.167<\/td>\n<td>65230<\/td>\n<td>21.445<\/td>\n<\/tr>\n<tr>\n<td style=\"color: #3366ff;\">Seprent\u00ed solar<\/td>\n<td>65276<\/td>\n<td>5.914<\/td>\n<td>65280<\/td>\n<td>8.974<\/td>\n<td>65284<\/td>\n<td>10.522<\/td>\n<td>65288<\/td>\n<td>12.479<\/td>\n<td>65292<\/td>\n<td>14.797<\/td>\n<td>65296<\/td>\n<td>18.069<\/td>\n<td>65300<\/td>\n<td>23.631<\/td>\n<\/tr>\n<\/tbody>\n<\/table>\n<table class=\"table table-bordered\">\n<thead>\n<tr>\n<th rowspan=\"2\">Dip\u00f2sit horitzontal<\/th>\n<th style=\"color: #3366ff;\" colspan=\"2\"><span style=\"color: #ffffff;\">DIAH-X 1000<\/span><\/th>\n<th style=\"color: #3366ff;\" colspan=\"2\"><span style=\"color: #ffffff;\">DIAH-X 1500<\/span><\/th>\n<th style=\"color: #3366ff;\" colspan=\"2\"><span style=\"color: #ffffff;\">DIAH-X 2000<\/span><\/th>\n<th style=\"color: #3366ff;\" colspan=\"2\"><span style=\"color: #ffffff;\">DIAH-X 2500<\/span><\/th>\n<th style=\"color: #3366ff;\" colspan=\"2\"><span style=\"color: #ffffff;\">DIAH-X 3000<\/span><\/th>\n<th style=\"color: #3366ff;\" colspan=\"2\"><span style=\"color: #ffffff;\">DIAH-X 4000<\/span><\/th>\n<th style=\"color: #3366ff;\" colspan=\"2\"><span style=\"color: #ffffff;\">DIAH-X 5000<\/span><\/th>\n<\/tr>\n<tr>\n<th style=\"color: #3366ff;\"><span style=\"color: #ffffff;\">CODI<\/span><\/th>\n<th style=\"color: #3366ff;\"><span style=\"color: #ffffff;\">P.V.P<\/span><\/th>\n<th style=\"color: #3366ff;\"><span style=\"color: #ffffff;\">CODI<\/span><\/th>\n<th style=\"color: #3366ff;\"><span style=\"color: #ffffff;\">P.V.P<\/span><\/th>\n<th style=\"color: #3366ff;\"><span style=\"color: #ffffff;\">CODI<\/span><\/th>\n<th style=\"color: #3366ff;\"><span style=\"color: #ffffff;\">P.V.P<\/span><\/th>\n<th style=\"color: #3366ff;\"><span style=\"color: #ffffff;\">CODI<\/span><\/th>\n<th style=\"color: #3366ff;\"><span style=\"color: #ffffff;\">P.V.P<\/span><\/th>\n<th style=\"color: #3366ff;\"><span style=\"color: #ffffff;\">CODI<\/span><\/th>\n<th style=\"color: #3366ff;\"><span style=\"color: #ffffff;\">P.V.P<\/span><\/th>\n<th style=\"color: #3366ff;\"><span style=\"color: #ffffff;\">CODI<\/span><\/th>\n<th style=\"color: #3366ff;\"><span style=\"color: #ffffff;\">P.V.P<\/span><\/th>\n<th style=\"color: #3366ff;\"><span style=\"color: #ffffff;\">CODI<\/span><\/th>\n<th style=\"color: #3366ff;\"><span style=\"color: #ffffff;\">P.V.P<\/span><\/th>\n<\/tr>\n<\/thead>\n<tbody>\n<tr>\n<td style=\"color: #3366ff;\">Serpent\u00ed est\u00e0ndard<\/td>\n<td>65208<\/td>\n<td>5.398<\/td>\n<td>65212<\/td>\n<td>8.512<\/td>\n<td>65216<\/td>\n<td>10.221<\/td>\n<td>65220<\/td>\n<td>12.178<\/td>\n<td>65224<\/td>\n<td>13.895<\/td>\n<td>65228<\/td>\n<td>17.167<\/td>\n<td>65232<\/td>\n<td>21.445<\/td>\n<\/tr>\n<tr>\n<td style=\"color: #3366ff;\">Seprent\u00ed solar<\/td>\n<td>65278<\/td>\n<td>5.914<\/td>\n<td>65282<\/td>\n<td>8.974<\/td>\n<td>65286<\/td>\n<td>10.522<\/td>\n<td>65290<\/td>\n<td>12.479<\/td>\n<td>65294<\/td>\n<td>14.797<\/td>\n<td>65298<\/td>\n<td>18.069<\/td>\n<td>65302<\/td>\n<td>23.631<\/td>\n<\/tr>\n<\/tbody>\n<\/table>\n","protected":false},"excerpt":{"rendered":"<p> Interacumuladors est\u00e0ndard i producci\u00f3 solar (Segons C.T.E.) <\/p>\n","protected":false},"featured_media":714,"template":"","meta":{"site-sidebar-layout":"default","site-content-layout":"default","ast-site-content-layout":"","site-content-style":"default","site-sidebar-style":"default","ast-global-header-display":"","ast-banner-title-visibility":"","ast-main-header-display":"","ast-hfb-above-header-display":"","ast-hfb-below-header-display":"","ast-hfb-mobile-header-display":"","site-post-title":"","ast-breadcrumbs-content":"","ast-featured-img":"","footer-sml-layout":"","theme-transparent-header-meta":"default","adv-header-id-meta":"","stick-header-meta":"","header-above-stick-meta":"","header-main-stick-meta":"","header-below-stick-meta":"","astra-migrate-meta-layouts":""},"product_cat":[80,76],"product_tag":[],"class_list":["post-877","product","type-product","status-publish","has-post-thumbnail","hentry","product_cat-diposits-acs","product_cat-gamma-industrial","desktop-align-left","tablet-align-left","mobile-align-left"],"_links":{"self":[{"href":"https:\/\/carbonsdelclos.com\/ca\/wp-json\/wp\/v2\/product\/877","targetHints":{"allow":["GET"]}}],"collection":[{"href":"https:\/\/carbonsdelclos.com\/ca\/wp-json\/wp\/v2\/product"}],"about":[{"href":"https:\/\/carbonsdelclos.com\/ca\/wp-json\/wp\/v2\/types\/product"}],"wp:featuredmedia":[{"embeddable":true,"href":"https:\/\/carbonsdelclos.com\/ca\/wp-json\/wp\/v2\/media\/714"}],"wp:attachment":[{"href":"https:\/\/carbonsdelclos.com\/ca\/wp-json\/wp\/v2\/media?parent=877"}],"wp:term":[{"taxonomy":"product_cat","embeddable":true,"href":"https:\/\/carbonsdelclos.com\/ca\/wp-json\/wp\/v2\/product_cat?post=877"},{"taxonomy":"product_tag","embeddable":true,"href":"https:\/\/carbonsdelclos.com\/ca\/wp-json\/wp\/v2\/product_tag?post=877"}],"curies":[{"name":"wp","href":"https:\/\/api.w.org\/{rel}","templated":true}]}}