{"id":738,"date":"2022-06-17T12:40:04","date_gmt":"2022-06-17T12:40:04","guid":{"rendered":"https:\/\/carbonsdelclos.com\/qui-sommes-nous\/"},"modified":"2022-07-01T09:23:50","modified_gmt":"2022-07-01T09:23:50","slug":"qui-sommes-nous","status":"publish","type":"page","link":"https:\/\/carbonsdelclos.com\/fr\/qui-sommes-nous\/","title":{"rendered":"Qui sommes-nous"},"content":{"rendered":"\t\t<div data-elementor-type=\"wp-page\" data-elementor-id=\"738\" class=\"elementor elementor-738 elementor-9\">\n\t\t\t\t\t\t\t\t\t<section class=\"elementor-section elementor-top-section elementor-element elementor-element-927f3b7 elementor-section-boxed elementor-section-height-default elementor-section-height-default\" data-id=\"927f3b7\" data-element_type=\"section\">\n\t\t\t\t\t\t<div class=\"elementor-container elementor-column-gap-default\">\n\t\t\t\t\t<div class=\"elementor-column elementor-col-100 elementor-top-column elementor-element elementor-element-76c1168\" data-id=\"76c1168\" data-element_type=\"column\">\n\t\t\t<div class=\"elementor-widget-wrap elementor-element-populated\">\n\t\t\t\t\t\t\t\t<div class=\"elementor-element elementor-element-5500f17 elementor-widget elementor-widget-heading\" data-id=\"5500f17\" data-element_type=\"widget\" data-widget_type=\"heading.default\">\n\t\t\t\t<div class=\"elementor-widget-container\">\n\t\t\t<style>\/*! elementor - v3.16.0 - 20-09-2023 *\/\n.elementor-heading-title{padding:0;margin:0;line-height:1}.elementor-widget-heading .elementor-heading-title[class*=elementor-size-]>a{color:inherit;font-size:inherit;line-height:inherit}.elementor-widget-heading .elementor-heading-title.elementor-size-small{font-size:15px}.elementor-widget-heading .elementor-heading-title.elementor-size-medium{font-size:19px}.elementor-widget-heading .elementor-heading-title.elementor-size-large{font-size:29px}.elementor-widget-heading .elementor-heading-title.elementor-size-xl{font-size:39px}.elementor-widget-heading .elementor-heading-title.elementor-size-xxl{font-size:59px}<\/style><h2 class=\"elementor-heading-title elementor-size-default\">Qui sommes-nous<\/h2>\t\t<\/div>\n\t\t\t\t<\/div>\n\t\t\t\t\t<\/div>\n\t\t<\/div>\n\t\t\t\t\t\t\t<\/div>\n\t\t<\/section>\n\t\t\t\t<section class=\"elementor-section elementor-top-section elementor-element elementor-element-3967e37 elementor-section-boxed elementor-section-height-default elementor-section-height-default\" data-id=\"3967e37\" data-element_type=\"section\">\n\t\t\t\t\t\t<div class=\"elementor-container elementor-column-gap-default\">\n\t\t\t\t\t<div class=\"elementor-column elementor-col-50 elementor-top-column elementor-element elementor-element-66d079c\" data-id=\"66d079c\" data-element_type=\"column\">\n\t\t\t<div class=\"elementor-widget-wrap elementor-element-populated\">\n\t\t\t\t\t\t\t\t<div class=\"elementor-element elementor-element-229a621 elementor-widget elementor-widget-text-editor\" data-id=\"229a621\" data-element_type=\"widget\" data-widget_type=\"text-editor.default\">\n\t\t\t\t<div class=\"elementor-widget-container\">\n\t\t\t<style>\/*! elementor - v3.16.0 - 20-09-2023 *\/\n.elementor-widget-text-editor.elementor-drop-cap-view-stacked .elementor-drop-cap{background-color:#69727d;color:#fff}.elementor-widget-text-editor.elementor-drop-cap-view-framed .elementor-drop-cap{color:#69727d;border:3px solid;background-color:transparent}.elementor-widget-text-editor:not(.elementor-drop-cap-view-default) .elementor-drop-cap{margin-top:8px}.elementor-widget-text-editor:not(.elementor-drop-cap-view-default) .elementor-drop-cap-letter{width:1em;height:1em}.elementor-widget-text-editor .elementor-drop-cap{float:left;text-align:center;line-height:1;font-size:50px}.elementor-widget-text-editor .elementor-drop-cap-letter{display:inline-block}<\/style>\t\t\t\t<p>L&rsquo;entreprise Carbons et llenyes Delcl\u00f2s, fond\u00e9e en 1950 par Llu\u00eds Delcl\u00f2s Puigvert, est engag\u00e9e dans la commercialisation du charbon et du bois de chauffage. Au moment o\u00f9 le travail a \u00e9t\u00e9 principalement distribu\u00e9 genre pour les maisons car le charbon utilis\u00e9 pour la cuisine et du bois pour se r\u00e9chauffer. Au fil des ans, le charbon a \u00e9t\u00e9 distribu\u00e9 aux restaurants pour les barbecues. Et le vingt et uni\u00e8me si\u00e8cle, la biomasse est la capture d&rsquo;autres types d&rsquo;\u00e9nergie thermique.<\/p><p>Du charbon et de bois de chauffage Delclos ont opt\u00e9 pour ce type d&rsquo;\u00e9nergie. Po\u00eales \u00e0 biomasse et vendent un produit appel\u00e9 pastilles, qui vendent \u00e9galement de la forte demande pour ces produits.<\/p><p>Apr\u00e8s avoir \u00e9t\u00e9 fond\u00e9 par Llu\u00eds Delcl\u00f2s, la soci\u00e9t\u00e9 a \u00e9t\u00e9 dirig\u00e9e par son fils Stephen Delclos Soler, et aujourd&rsquo;hui est repr\u00e9sent\u00e9 par son petit-fils, Llu\u00eds Delcl\u00f2s Carrer.<\/p><p>La soci\u00e9t\u00e9 s&rsquo;engage \u00e9galement dans la vente et l&rsquo;installation de tous les types de chaudi\u00e8res et de po\u00eales \u00e0 biomasse pour les m\u00e9nages.<\/p><p>Notre sp\u00e9cialit\u00e9, cependant, se vend encore du charbon de bois pour les restaurants et le bois de chauffage pour les foyers.<\/p>\t\t\t\t\t\t<\/div>\n\t\t\t\t<\/div>\n\t\t\t\t\t<\/div>\n\t\t<\/div>\n\t\t\t\t<div class=\"elementor-column elementor-col-50 elementor-top-column elementor-element elementor-element-9faa4bc\" data-id=\"9faa4bc\" data-element_type=\"column\">\n\t\t\t<div class=\"elementor-widget-wrap elementor-element-populated\">\n\t\t\t\t\t\t\t\t<div class=\"elementor-element elementor-element-733ab6a elementor-widget elementor-widget-image\" data-id=\"733ab6a\" data-element_type=\"widget\" data-widget_type=\"image.default\">\n\t\t\t\t<div class=\"elementor-widget-container\">\n\t\t\t<style>\/*! elementor - v3.16.0 - 20-09-2023 *\/\n.elementor-widget-image{text-align:center}.elementor-widget-image a{display:inline-block}.elementor-widget-image a img[src$=\".svg\"]{width:48px}.elementor-widget-image img{vertical-align:middle;display:inline-block}<\/style>\t\t\t\t\t\t\t\t\t\t\t\t<img loading=\"lazy\" decoding=\"async\" width=\"500\" height=\"333\" src=\"https:\/\/carbonsdelclos.com\/wp-content\/uploads\/2022\/06\/CarbonsDelclos01.jpg\" class=\"attachment-large size-large wp-image-725\" alt=\"Carbons i Llenyes Delcl\u00f2s\" srcset=\"https:\/\/carbonsdelclos.com\/wp-content\/uploads\/2022\/06\/CarbonsDelclos01.jpg 500w, https:\/\/carbonsdelclos.com\/wp-content\/uploads\/2022\/06\/CarbonsDelclos01-300x200.jpg 300w\" sizes=\"auto, (max-width: 500px) 100vw, 500px\" \/>\t\t\t\t\t\t\t\t\t\t\t\t\t\t\t<\/div>\n\t\t\t\t<\/div>\n\t\t\t\t\t<\/div>\n\t\t<\/div>\n\t\t\t\t\t\t\t<\/div>\n\t\t<\/section>\n\t\t\t\t\t\t\t<\/div>\n\t\t","protected":false},"excerpt":{"rendered":"<p>Qui sommes-nous L&rsquo;entreprise Carbons et llenyes Delcl\u00f2s, fond\u00e9e en 1950 par Llu\u00eds Delcl\u00f2s Puigvert, est engag\u00e9e dans la commercialisation du charbon et du bois de chauffage. Au moment o\u00f9 le travail a \u00e9t\u00e9 principalement distribu\u00e9 genre pour les maisons car le charbon utilis\u00e9 pour la cuisine et du bois pour se r\u00e9chauffer. Au fil des &hellip;<\/p>\n<p class=\"read-more\"> <a class=\"\" href=\"https:\/\/carbonsdelclos.com\/fr\/qui-sommes-nous\/\"> <span class=\"screen-reader-text\">Qui sommes-nous<\/span> Lire la suite\u00a0\u00bb<\/a><\/p>\n","protected":false},"author":1,"featured_media":0,"parent":0,"menu_order":0,"comment_status":"closed","ping_status":"closed","template":"","meta":{"site-sidebar-layout":"no-sidebar","site-content-layout":"page-builder","ast-site-content-layout":"","site-content-style":"default","site-sidebar-style":"default","ast-global-header-display":"","ast-banner-title-visibility":"","ast-main-header-display":"","ast-hfb-above-header-display":"","ast-hfb-below-header-display":"","ast-hfb-mobile-header-display":"","site-post-title":"disabled","ast-breadcrumbs-content":"","ast-featured-img":"disabled","footer-sml-layout":"","theme-transparent-header-meta":"default","adv-header-id-meta":"","stick-header-meta":"","header-above-stick-meta":"","header-main-stick-meta":"","header-below-stick-meta":"","astra-migrate-meta-layouts":"","footnotes":""},"class_list":["post-738","page","type-page","status-publish","hentry"],"_links":{"self":[{"href":"https:\/\/carbonsdelclos.com\/fr\/wp-json\/wp\/v2\/pages\/738","targetHints":{"allow":["GET"]}}],"collection":[{"href":"https:\/\/carbonsdelclos.com\/fr\/wp-json\/wp\/v2\/pages"}],"about":[{"href":"https:\/\/carbonsdelclos.com\/fr\/wp-json\/wp\/v2\/types\/page"}],"author":[{"embeddable":true,"href":"https:\/\/carbonsdelclos.com\/fr\/wp-json\/wp\/v2\/users\/1"}],"replies":[{"embeddable":true,"href":"https:\/\/carbonsdelclos.com\/fr\/wp-json\/wp\/v2\/comments?post=738"}],"version-history":[{"count":1,"href":"https:\/\/carbonsdelclos.com\/fr\/wp-json\/wp\/v2\/pages\/738\/revisions"}],"predecessor-version":[{"id":739,"href":"https:\/\/carbonsdelclos.com\/fr\/wp-json\/wp\/v2\/pages\/738\/revisions\/739"}],"wp:attachment":[{"href":"https:\/\/carbonsdelclos.com\/fr\/wp-json\/wp\/v2\/media?parent=738"}],"curies":[{"name":"wp","href":"https:\/\/api.w.org\/{rel}","templated":true}]}}