{"id":803,"date":"2022-06-17T14:19:51","date_gmt":"2022-06-17T14:19:51","guid":{"rendered":"https:\/\/carbonsdelclos.com\/producto\/activa-solar\/"},"modified":"2022-06-17T14:19:51","modified_gmt":"2022-06-17T14:19:51","slug":"activa-solar-2","status":"publish","type":"product","link":"https:\/\/carbonsdelclos.com\/fr\/produit\/activa-solar-2\/","title":{"rendered":"Activa Solar"},"content":{"rendered":"<p>Deux versions pour compl\u00e9ter l&rsquo;\u00e9quipement solaire:<\/p>\n<p>ACTIVE SOLMATIC AV SOLAIRE<br \/>\nChauffage thermique de Groupe Canal + ECS ACS en acier inoxydable (30 litres), avec contr\u00f4le de temp\u00e9rature, capteur de temp\u00e9rature ambiante, sonde ext\u00e9rieure et vanne thermostatique. Conforme aux CTE.<\/p>\n<p>AC solaire actif \u00e0 SOLMATIC DUO<br \/>\nGroupe thermique de chauffage pour ACS + batterie externe. (SOLMATIC DUO) comprend le contr\u00f4le du climat, des sondes et \u00e0 l&rsquo;\u00e9tranger.<\/p>\n<p><strong>CARACT\u00c9RISTIQUES<\/strong><\/p>\n<p>Un rendement \u00e9nerg\u00e9tique \u00e9lev\u00e9 obtenu par les caract\u00e9ristiques structurelles des organes LASIAN grande surface d&rsquo;\u00e9change et de minimiser les pertes d&rsquo;\u00e9nergie dans l&rsquo;appareil. Isolation acoustique qui r\u00e9duit les niveaux d&rsquo;\u00e9mission de bruit. Bonne finition ext\u00e9rieure offrant une plus grande protection contre les agents de l&rsquo;environnement. Puissance de sortie de 27,2 kW.<\/p>\n<hr>\n<table class=\"table table-bordered\">\n<thead>\n<tr>\n<th>MODEL<\/th>\n<th>CODE<\/th>\n<th>DESCRIPTION<\/th>\n<th>PUISSANCE \u00daTILE (kw)<\/th>\n<th>P.V.P<\/th>\n<\/tr>\n<\/thead>\n<tbody>\n<tr>\n<td>ACTIVA SOLAR AC<\/td>\n<td>1406<\/td>\n<td>Chauffage + ACS pour accumulateur externe<\/td>\n<td>27,2<\/td>\n<td>2.290<\/td>\n<\/tr>\n<tr>\n<td>ACTIVA SOLAR AV<\/td>\n<td>1407<\/td>\n<td>Chauffage + ECS<\/td>\n<td>27,2<\/td>\n<td>3.150<\/td>\n<\/tr>\n<\/tbody>\n<\/table>\n","protected":false},"excerpt":{"rendered":"<p>Steel group solaire thermique kit Solmatic<\/p>\n","protected":false},"featured_media":459,"template":"","meta":{"site-sidebar-layout":"default","site-content-layout":"default","ast-site-content-layout":"","site-content-style":"default","site-sidebar-style":"default","ast-global-header-display":"","ast-banner-title-visibility":"","ast-main-header-display":"","ast-hfb-above-header-display":"","ast-hfb-below-header-display":"","ast-hfb-mobile-header-display":"","site-post-title":"","ast-breadcrumbs-content":"","ast-featured-img":"","footer-sml-layout":"","theme-transparent-header-meta":"default","adv-header-id-meta":"","stick-header-meta":"","header-above-stick-meta":"","header-main-stick-meta":"","header-below-stick-meta":"","astra-migrate-meta-layouts":""},"product_cat":[63,59],"product_tag":[],"class_list":["post-803","product","type-product","status-publish","has-post-thumbnail","hentry","product_cat-acs-solar-fr","product_cat-gamme-domestique","desktop-align-left","tablet-align-left","mobile-align-left"],"_links":{"self":[{"href":"https:\/\/carbonsdelclos.com\/fr\/wp-json\/wp\/v2\/product\/803","targetHints":{"allow":["GET"]}}],"collection":[{"href":"https:\/\/carbonsdelclos.com\/fr\/wp-json\/wp\/v2\/product"}],"about":[{"href":"https:\/\/carbonsdelclos.com\/fr\/wp-json\/wp\/v2\/types\/product"}],"wp:featuredmedia":[{"embeddable":true,"href":"https:\/\/carbonsdelclos.com\/fr\/wp-json\/wp\/v2\/media\/459"}],"wp:attachment":[{"href":"https:\/\/carbonsdelclos.com\/fr\/wp-json\/wp\/v2\/media?parent=803"}],"wp:term":[{"taxonomy":"product_cat","embeddable":true,"href":"https:\/\/carbonsdelclos.com\/fr\/wp-json\/wp\/v2\/product_cat?post=803"},{"taxonomy":"product_tag","embeddable":true,"href":"https:\/\/carbonsdelclos.com\/fr\/wp-json\/wp\/v2\/product_tag?post=803"}],"curies":[{"name":"wp","href":"https:\/\/api.w.org\/{rel}","templated":true}]}}