{"id":805,"date":"2022-06-17T14:45:44","date_gmt":"2022-06-17T14:45:44","guid":{"rendered":"https:\/\/carbonsdelclos.com\/producto\/solmatic\/"},"modified":"2022-06-17T14:45:44","modified_gmt":"2022-06-17T14:45:44","slug":"solmatic-2","status":"publish","type":"product","link":"https:\/\/carbonsdelclos.com\/fr\/produit\/solmatic-2\/","title":{"rendered":"Solmatic"},"content":{"rendered":"<p>Domestique solaire Kit 1 bobine, comprenant:<\/p>\n<p>&#8211; Pomp equipermet une installation maximalede 10m.<br \/>\n&#8211; Contr\u00f4le solaire SOLMATIC<br \/>\n&#8211; 1 \u00e0 2capteurs solaires avec lesaccessoires n\u00e9cessaires pour l&rsquo;installation sur le toit plat ou en pente.<br \/>\n&#8211; Aculumador vitrifi\u00e9s-citernes 150, 200 ou 300 litres. Avec l&rsquo;unit\u00e9 hydraulique.<br \/>\n&#8211; Tous les articles du mat\u00e9riel de montage n\u00e9cessaire rapidement et facilement.<br \/>\n&#8211; Adaptable aux installations qui ont d\u00e9j\u00e0 chaudi\u00e8res.<\/p>\n<p><strong>CARACT\u00c9RISTIQUES<\/strong><\/p>\n<p>R\u00e9gulation solaire SOLMATIC, est responsable de l&rsquo;obtention de la batterie de chauffage jusqu&rsquo;\u00e0 la temp\u00e9rature choisie par l&rsquo;utilisateur, la gestion de la connexion et la d\u00e9connexion de la pompe solaire en fonction de la programmation des valeurs choisies. Le contr\u00f4le prend un bon d\u00e9part de la pompe progressive pour finalement ralentir une fois qu&rsquo;il a atteint le retour du liquide dans le r\u00e9servoir solaire, obtenir un fonctionnement silencieux tout en une \u00e9conomie de la consommation d&rsquo;\u00e9lectricit\u00e9.<\/p>\n<table class=\"table table-bordered\">\n<thead>\n<tr>\n<th>MODEL<\/th>\n<th>CODE<br \/>\nINDEPENDANT<\/th>\n<th>CODE<br \/>\nACTIVA SOLAR<\/th>\n<th>DESCRIPTION<\/th>\n<th>P.V.P<\/th>\n<\/tr>\n<\/thead>\n<tbody>\n<tr>\n<td>SOLMATIC 150<\/td>\n<td>1640<\/td>\n<td>1645<\/td>\n<td>1 capteur solaire plan intercomulador 2m2 + 1 + 150 litres d&rsquo;antigel<\/td>\n<td>1.790<\/td>\n<\/tr>\n<tr>\n<td>SOLMATIC 200<\/td>\n<td>1641<\/td>\n<td>1646<\/td>\n<td>1 capteur solaire plan intercomulador 2m2 + 1 + 200 litres d&rsquo;antigel<\/td>\n<td>1.995<\/td>\n<\/tr>\n<tr>\n<td>SOLMATIC 300<\/td>\n<td>1642<\/td>\n<td>1647<\/td>\n<td>1 capteur solaire plan intercomulador 2m2 + 1 + 300 litres d&rsquo;antigel<\/td>\n<td>2.740<\/td>\n<\/tr>\n<\/tbody>\n<\/table>\n","protected":false},"excerpt":{"rendered":"<p>\u00c9quipement pour le<br \/>\nsyst\u00e8me solaire ACS Drainback<\/p>\n","protected":false},"featured_media":469,"template":"","meta":{"site-sidebar-layout":"default","site-content-layout":"default","ast-site-content-layout":"","site-content-style":"default","site-sidebar-style":"default","ast-global-header-display":"","ast-banner-title-visibility":"","ast-main-header-display":"","ast-hfb-above-header-display":"","ast-hfb-below-header-display":"","ast-hfb-mobile-header-display":"","site-post-title":"","ast-breadcrumbs-content":"","ast-featured-img":"","footer-sml-layout":"","theme-transparent-header-meta":"default","adv-header-id-meta":"","stick-header-meta":"","header-above-stick-meta":"","header-main-stick-meta":"","header-below-stick-meta":"","astra-migrate-meta-layouts":""},"product_cat":[63,59],"product_tag":[],"class_list":["post-805","product","type-product","status-publish","has-post-thumbnail","hentry","product_cat-acs-solar-fr","product_cat-gamme-domestique","desktop-align-left","tablet-align-left","mobile-align-left"],"_links":{"self":[{"href":"https:\/\/carbonsdelclos.com\/fr\/wp-json\/wp\/v2\/product\/805","targetHints":{"allow":["GET"]}}],"collection":[{"href":"https:\/\/carbonsdelclos.com\/fr\/wp-json\/wp\/v2\/product"}],"about":[{"href":"https:\/\/carbonsdelclos.com\/fr\/wp-json\/wp\/v2\/types\/product"}],"wp:featuredmedia":[{"embeddable":true,"href":"https:\/\/carbonsdelclos.com\/fr\/wp-json\/wp\/v2\/media\/469"}],"wp:attachment":[{"href":"https:\/\/carbonsdelclos.com\/fr\/wp-json\/wp\/v2\/media?parent=805"}],"wp:term":[{"taxonomy":"product_cat","embeddable":true,"href":"https:\/\/carbonsdelclos.com\/fr\/wp-json\/wp\/v2\/product_cat?post=805"},{"taxonomy":"product_tag","embeddable":true,"href":"https:\/\/carbonsdelclos.com\/fr\/wp-json\/wp\/v2\/product_tag?post=805"}],"curies":[{"name":"wp","href":"https:\/\/api.w.org\/{rel}","templated":true}]}}