{"id":807,"date":"2022-06-22T12:19:08","date_gmt":"2022-06-22T12:19:08","guid":{"rendered":"https:\/\/carbonsdelclos.com\/producto\/solmatic-duo\/"},"modified":"2022-06-22T12:19:08","modified_gmt":"2022-06-22T12:19:08","slug":"solmatic-duo-2","status":"publish","type":"product","link":"https:\/\/carbonsdelclos.com\/fr\/produit\/solmatic-duo-2\/","title":{"rendered":"Solmatic D\u00fao"},"content":{"rendered":"<p><strong>Compos\u00e9 par:<\/strong><\/p>\n<p>Pompe permet une installation maximale de 12 m\u00e8tres.<br \/>\nSolaire SOLMATIC de commande.<br \/>\nDe 1 \u00e0 2 capteurs solaires avec les accessoires n\u00e9cessaires pour l&rsquo;installation sur le toit plat ou en pente.<br \/>\nStockage vitrifi\u00e9s r\u00e9servoir de 200 ou 300 litres. Avec l&rsquo;unit\u00e9 hydraulique.<br \/>\nTous les \u00e9l\u00e9ments n\u00e9cessaires pour le montage de l&rsquo;\u00e9quipement rapidement et facilement.<br \/>\nSoportaciones, ancres et support \u00e9lectrique SOLMATIC m\u00eame mod\u00e8le.<\/p>\n<p><strong>CARACT\u00c9RISTIQUES<\/strong><\/p>\n<p>R\u00e9gulation solaire SOLMATIC, est responsable de l&rsquo;obtention de la batterie de chauffage jusqu&rsquo;\u00e0 la temp\u00e9rature choisie par l&rsquo;utilisateur, la gestion de la connexion et la d\u00e9connexion de la pompe solaire en fonction de la programmation des valeurs choisies. Le contr\u00f4le prend un bon d\u00e9part de la pompe progressive pour finalement ralentir une fois qu&rsquo;il a atteint le retour du liquide dans le r\u00e9servoir solaire, obtenir un fonctionnement silencieux tout en une \u00e9conomie de la consommation d&rsquo;\u00e9lectricit\u00e9.<\/p>\n<table class=\"table table-bordered\">\n<thead>\n<tr>\n<th>MODEL<\/th>\n<th>CODE<br \/>\nIND\u00c9PENDANT<\/th>\n<th>DESCRIPTION<\/th>\n<th>P.V.P<\/th>\n<\/tr>\n<\/thead>\n<tbody>\n<tr>\n<td>SOLMATIC D\u00daO 200<\/td>\n<td>1643<\/td>\n<td>1 capteur solaire plan 2 m 2 + 1 + 200 litres d&rsquo;eau chaude sanitaire antigel<\/td>\n<td>2.185<\/td>\n<\/tr>\n<tr>\n<td>SOLMATIC D\u00daO 300<\/td>\n<td>1644<\/td>\n<td>1 capteur solaire plan 2 m 2 + 1 + 300 litres d&rsquo;eau chaude sanitaire antigel<\/td>\n<td>3.172<\/td>\n<\/tr>\n<\/tbody>\n<\/table>\n","protected":false},"excerpt":{"rendered":"<p>\u00c9quipement pour le syst\u00e8me solaire ACS Drainback<\/p>\n","protected":false},"featured_media":471,"template":"","meta":{"site-sidebar-layout":"default","site-content-layout":"default","ast-site-content-layout":"","site-content-style":"default","site-sidebar-style":"default","ast-global-header-display":"","ast-banner-title-visibility":"","ast-main-header-display":"","ast-hfb-above-header-display":"","ast-hfb-below-header-display":"","ast-hfb-mobile-header-display":"","site-post-title":"","ast-breadcrumbs-content":"","ast-featured-img":"","footer-sml-layout":"","theme-transparent-header-meta":"default","adv-header-id-meta":"","stick-header-meta":"","header-above-stick-meta":"","header-main-stick-meta":"","header-below-stick-meta":"","astra-migrate-meta-layouts":""},"product_cat":[63,59],"product_tag":[],"class_list":["post-807","product","type-product","status-publish","has-post-thumbnail","hentry","product_cat-acs-solar-fr","product_cat-gamme-domestique","desktop-align-left","tablet-align-left","mobile-align-left"],"_links":{"self":[{"href":"https:\/\/carbonsdelclos.com\/fr\/wp-json\/wp\/v2\/product\/807","targetHints":{"allow":["GET"]}}],"collection":[{"href":"https:\/\/carbonsdelclos.com\/fr\/wp-json\/wp\/v2\/product"}],"about":[{"href":"https:\/\/carbonsdelclos.com\/fr\/wp-json\/wp\/v2\/types\/product"}],"wp:featuredmedia":[{"embeddable":true,"href":"https:\/\/carbonsdelclos.com\/fr\/wp-json\/wp\/v2\/media\/471"}],"wp:attachment":[{"href":"https:\/\/carbonsdelclos.com\/fr\/wp-json\/wp\/v2\/media?parent=807"}],"wp:term":[{"taxonomy":"product_cat","embeddable":true,"href":"https:\/\/carbonsdelclos.com\/fr\/wp-json\/wp\/v2\/product_cat?post=807"},{"taxonomy":"product_tag","embeddable":true,"href":"https:\/\/carbonsdelclos.com\/fr\/wp-json\/wp\/v2\/product_tag?post=807"}],"curies":[{"name":"wp","href":"https:\/\/api.w.org\/{rel}","templated":true}]}}