{"id":811,"date":"2022-06-22T13:01:16","date_gmt":"2022-06-22T13:01:16","guid":{"rendered":"https:\/\/carbonsdelclos.com\/producto\/aqua-select-inox\/"},"modified":"2022-06-22T13:01:16","modified_gmt":"2022-06-22T13:01:16","slug":"aqua-select-inox-2","status":"publish","type":"product","link":"https:\/\/carbonsdelclos.com\/fr\/produit\/aqua-select-inox-2\/","title":{"rendered":"Aqua Select Inox"},"content":{"rendered":"<p>Les d\u00e9p\u00f4ts en acier inoxydable AISI 316 L-bobine et \u00e9galement en acier inoxydable ondul\u00e9 AISI 316-L, qui en raison de la turbulence g\u00e9n\u00e9r\u00e9e par le tube ondul\u00e9 et la grande surface d&rsquo;\u00e9change de celui-ci, \u00e0 condition que le d\u00e9bit maximal de ACS continu avec une source d&rsquo;chaleur externe de la chaudi\u00e8re, capteurs solaires thermiques ou de l&rsquo;\u00e9quipement g\u00e9othermique ou a\u00e9rothermique.<\/p>\n<p>Con\u00e7u sp\u00e9cialement pour l&rsquo;utilisation de l&rsquo;\u00e9nergie solaire (rencontre CTE), d\u00e9passant l&rsquo;exigence de 0,15 m2 d&rsquo;\u00e9change pour tous les 50 litres d&rsquo;acumulaci\u00f3n\/m2 collecteur solaire.<\/p>\n<p><strong>CARACT\u00c9RISTIQUES<\/strong><\/p>\n<p>Tous les mod\u00e8les prennent en charge la possibilit\u00e9 d&rsquo;installer une r\u00e9sistance \u00e9lectrique en option, en rappelant que la CCE ne permet pas son utilisation, si elles sont utilis\u00e9es dans l&rsquo;\u00e9nergie solaire. Isol\u00e9 avec gaine en polyur\u00e9thane sans CFC de .. Ext\u00e9rieur peinture \u00e9poxy en acier.<\/p>\n<table class=\"table table-bordered\">\n<thead>\n<tr>\n<th>MODEL<\/th>\n<th>CODE<\/th>\n<th>VOLUME LITRES<\/th>\n<th>AREA BOBINE<br \/>\n(m2)<\/th>\n<th>CAUDAL CONTINUE<\/th>\n<th>CONNECTIONS<br \/>\n(eau sanitaire)<\/th>\n<th>CONNECTIONS<br \/>\n(bobine)<\/th>\n<th>DIMENSIONS D\u00c9P\u00d4T<br \/>\n(diam\u00e8tre)<\/th>\n<th>DIMENSIONS D\u00c9P\u00d4T<br \/>\n(hauteur)<\/th>\n<th>POID<\/th>\n<th>P.V.P<\/th>\n<\/tr>\n<\/thead>\n<tbody>\n<tr>\n<td>IAVMM 80 X<\/td>\n<td>53636<\/td>\n<td>80<\/td>\n<td>0,60<\/td>\n<td>465<\/td>\n<td>M 1\/2\u00a0\u00bb<\/td>\n<td>M 1\/2\u00a0\u00bb<\/td>\n<td>385<\/td>\n<td>1062<\/td>\n<td>24<\/td>\n<td>469<\/td>\n<\/tr>\n<tr>\n<td>IAVMM 120X<\/td>\n<td>53637<\/td>\n<td>120<\/td>\n<td>0,87<\/td>\n<td>675<\/td>\n<td>M 1\/2\u00a0\u00bb<\/td>\n<td>H 3\/4\u00a0\u00bb<\/td>\n<td>460<\/td>\n<td>1165<\/td>\n<td>33<\/td>\n<td>607<\/td>\n<\/tr>\n<tr>\n<td>IAVMM 150X<\/td>\n<td>53638<\/td>\n<td>150<\/td>\n<td>1,08<\/td>\n<td>835<\/td>\n<td>M 1\/2\u00a0\u00bb<\/td>\n<td>H 3\/4\u00a0\u00bb<\/td>\n<td>460<\/td>\n<td>1415<\/td>\n<td>22<\/td>\n<td>841<\/td>\n<\/tr>\n<tr>\n<td>IAVMM 200X<\/td>\n<td>53639<\/td>\n<td>200<\/td>\n<td>1,11<\/td>\n<td>860<\/td>\n<td>M 1\/2\u00a0\u00bb<\/td>\n<td>H 3\/4\u00a0\u00bb<\/td>\n<td>586<\/td>\n<td>1255<\/td>\n<td>58<\/td>\n<td>1.000<\/td>\n<\/tr>\n<\/tbody>\n<\/table>\n","protected":false},"excerpt":{"rendered":"<p>MUR GAMME 80 \u00e0 200 litres<\/p>\n","protected":false},"featured_media":483,"template":"","meta":{"site-sidebar-layout":"default","site-content-layout":"default","ast-site-content-layout":"","site-content-style":"default","site-sidebar-style":"default","ast-global-header-display":"","ast-banner-title-visibility":"","ast-main-header-display":"","ast-hfb-above-header-display":"","ast-hfb-below-header-display":"","ast-hfb-mobile-header-display":"","site-post-title":"","ast-breadcrumbs-content":"","ast-featured-img":"","footer-sml-layout":"","theme-transparent-header-meta":"default","adv-header-id-meta":"","stick-header-meta":"","header-above-stick-meta":"","header-main-stick-meta":"","header-below-stick-meta":"","astra-migrate-meta-layouts":""},"product_cat":[59,60],"product_tag":[],"class_list":["post-811","product","type-product","status-publish","has-post-thumbnail","hentry","product_cat-gamme-domestique","product_cat-interaccumulators-acs","desktop-align-left","tablet-align-left","mobile-align-left"],"_links":{"self":[{"href":"https:\/\/carbonsdelclos.com\/fr\/wp-json\/wp\/v2\/product\/811","targetHints":{"allow":["GET"]}}],"collection":[{"href":"https:\/\/carbonsdelclos.com\/fr\/wp-json\/wp\/v2\/product"}],"about":[{"href":"https:\/\/carbonsdelclos.com\/fr\/wp-json\/wp\/v2\/types\/product"}],"wp:featuredmedia":[{"embeddable":true,"href":"https:\/\/carbonsdelclos.com\/fr\/wp-json\/wp\/v2\/media\/483"}],"wp:attachment":[{"href":"https:\/\/carbonsdelclos.com\/fr\/wp-json\/wp\/v2\/media?parent=811"}],"wp:term":[{"taxonomy":"product_cat","embeddable":true,"href":"https:\/\/carbonsdelclos.com\/fr\/wp-json\/wp\/v2\/product_cat?post=811"},{"taxonomy":"product_tag","embeddable":true,"href":"https:\/\/carbonsdelclos.com\/fr\/wp-json\/wp\/v2\/product_tag?post=811"}],"curies":[{"name":"wp","href":"https:\/\/api.w.org\/{rel}","templated":true}]}}