{"id":812,"date":"2022-06-22T13:01:53","date_gmt":"2022-06-22T13:01:53","guid":{"rendered":"https:\/\/carbonsdelclos.com\/producto\/aqua-select-inox\/"},"modified":"2022-06-22T13:01:53","modified_gmt":"2022-06-22T13:01:53","slug":"aqua-select-inox-gama-suelo-2","status":"publish","type":"product","link":"https:\/\/carbonsdelclos.com\/fr\/produit\/aqua-select-inox-gama-suelo-2\/","title":{"rendered":"Aqua Select Inox"},"content":{"rendered":"<p>Les d\u00e9p\u00f4ts en acier inoxydable AISI 316 L-bobine et \u00e9galement en acier inoxydable ondul\u00e9 AISI 316-L, qui en raison de la turbulence g\u00e9n\u00e9r\u00e9e par le tube ondul\u00e9 et la grande surface d&rsquo;\u00e9change de celui-ci, \u00e0 condition que le d\u00e9bit maximal de ACS continu avec une source d&rsquo;chaleur externe de la chaudi\u00e8re, capteurs solaires thermiques ou de l&rsquo;\u00e9quipement g\u00e9othermique ou a\u00e9rothermique.<\/p>\n<p>Con\u00e7u sp\u00e9cialement pour l&rsquo;utilisation de l&rsquo;\u00e9nergie solaire (rencontre CTE), d\u00e9passant l&rsquo;exigence de 0,15 m2 d&rsquo;\u00e9change pour tous les 50 litres d&rsquo;acumulaci\u00f3n\/m2 collecteur solaire.<\/p>\n<p><strong>CARACT\u00c9RISTIQUES<\/strong><\/p>\n<p>Tous les mod\u00e8les prennent en charge la possibilit\u00e9 d&rsquo;installer une r\u00e9sistance \u00e9lectrique en option, en rappelant que la CCE ne permet pas son utilisation, si elles sont utilis\u00e9es dans l&rsquo;\u00e9nergie solaire.<\/p>\n<p>Isol\u00e9 avec gaine en polyur\u00e9thane sans CFC de .. Ext\u00e9rieur peinture \u00e9poxy en acier sur les mod\u00e8les 150 \u00e0 500 litres et 740 litres mod\u00e8le, gaine en PVC.<\/p>\n<table class=\"table table-bordered\">\n<thead>\n<tr>\n<th>MODEL<\/th>\n<th>CODE<\/th>\n<th>VOLUME LITRES<\/th>\n<th>AREA BOBINE (m2)<\/th>\n<th>CAUDALE CONTINUE<\/th>\n<th>CONNECTIONS (eau sanitaire)<\/th>\n<th>CONNECTIONS (bobine)<\/th>\n<th>DIMENSIONS D\u00c9P\u00d4TS (diam\u00e8tro)<\/th>\n<th>DIMENSIONS D\u00c9P\u00d4TS (hauter)<\/th>\n<th>POID<\/th>\n<th>P.V.P<\/th>\n<\/tr>\n<\/thead>\n<tbody>\n<tr>\n<td>IAVSM 150X<\/td>\n<td>53653<\/td>\n<td>450<\/td>\n<td>0,94<\/td>\n<td>792<\/td>\n<td>H 3\/4\u00a0\u00bb<\/td>\n<td>H 3\/4\u00a0\u00bb<\/td>\n<td>565<\/td>\n<td>1.132<\/td>\n<td>59<\/td>\n<td>1.055<\/td>\n<\/tr>\n<tr>\n<td>IAVSM 200X<\/td>\n<td>53654<\/td>\n<td>200<\/td>\n<td>1,15<\/td>\n<td>969<\/td>\n<td>H 3\/4\u00a0\u00bb<\/td>\n<td>H 3\/4\u00a0\u00bb<\/td>\n<td>586<\/td>\n<td>1.200<\/td>\n<td>66,5<\/td>\n<td>1.246<\/td>\n<\/tr>\n<tr>\n<td>IAVSM 300X<\/td>\n<td>53655<\/td>\n<td>300<\/td>\n<td>1,29<\/td>\n<td>1.087<\/td>\n<td>H 3\/4\u00a0\u00bb<\/td>\n<td>H 3\/4\u00a0\u00bb<\/td>\n<td>586<\/td>\n<td>1.575<\/td>\n<td>83<\/td>\n<td>1.581<\/td>\n<\/tr>\n<tr>\n<td>IAVSM 500X<\/td>\n<td>53657<\/td>\n<td>500<\/td>\n<td>2,36<\/td>\n<td>1.988<\/td>\n<td>H 3\/4\u00a0\u00bb<\/td>\n<td>H 1\u00a0\u00bb<\/td>\n<td>740<\/td>\n<td>1.790<\/td>\n<td>129<\/td>\n<td>2.996<\/td>\n<\/tr>\n<tr>\n<td>IAVSM 740X<\/td>\n<td>53658<\/td>\n<td>740<\/td>\n<td>2,60<\/td>\n<td>2.191<\/td>\n<td>H 1\u00a0\u00bb<\/td>\n<td>H 1\u00a0\u00bb<\/td>\n<td>990<\/td>\n<td>1.665<\/td>\n<td>175,5<\/td>\n<td>4.496<\/td>\n<\/tr>\n<\/tbody>\n<\/table>\n","protected":false},"excerpt":{"rendered":"<p>GAMME DE SOL 150 \u00e0 740 litres<\/p>\n","protected":false},"featured_media":489,"template":"","meta":{"site-sidebar-layout":"default","site-content-layout":"default","ast-site-content-layout":"","site-content-style":"default","site-sidebar-style":"default","ast-global-header-display":"","ast-banner-title-visibility":"","ast-main-header-display":"","ast-hfb-above-header-display":"","ast-hfb-below-header-display":"","ast-hfb-mobile-header-display":"","site-post-title":"","ast-breadcrumbs-content":"","ast-featured-img":"","footer-sml-layout":"","theme-transparent-header-meta":"default","adv-header-id-meta":"","stick-header-meta":"","header-above-stick-meta":"","header-main-stick-meta":"","header-below-stick-meta":"","astra-migrate-meta-layouts":""},"product_cat":[59,60],"product_tag":[],"class_list":["post-812","product","type-product","status-publish","has-post-thumbnail","hentry","product_cat-gamme-domestique","product_cat-interaccumulators-acs","desktop-align-left","tablet-align-left","mobile-align-left"],"_links":{"self":[{"href":"https:\/\/carbonsdelclos.com\/fr\/wp-json\/wp\/v2\/product\/812","targetHints":{"allow":["GET"]}}],"collection":[{"href":"https:\/\/carbonsdelclos.com\/fr\/wp-json\/wp\/v2\/product"}],"about":[{"href":"https:\/\/carbonsdelclos.com\/fr\/wp-json\/wp\/v2\/types\/product"}],"wp:featuredmedia":[{"embeddable":true,"href":"https:\/\/carbonsdelclos.com\/fr\/wp-json\/wp\/v2\/media\/489"}],"wp:attachment":[{"href":"https:\/\/carbonsdelclos.com\/fr\/wp-json\/wp\/v2\/media?parent=812"}],"wp:term":[{"taxonomy":"product_cat","embeddable":true,"href":"https:\/\/carbonsdelclos.com\/fr\/wp-json\/wp\/v2\/product_cat?post=812"},{"taxonomy":"product_tag","embeddable":true,"href":"https:\/\/carbonsdelclos.com\/fr\/wp-json\/wp\/v2\/product_tag?post=812"}],"curies":[{"name":"wp","href":"https:\/\/api.w.org\/{rel}","templated":true}]}}