{"id":815,"date":"2022-06-22T13:04:14","date_gmt":"2022-06-22T13:04:14","guid":{"rendered":"https:\/\/carbonsdelclos.com\/producto\/aqua-select-et-aqua-select-duo\/"},"modified":"2022-06-22T13:04:14","modified_gmt":"2022-06-22T13:04:14","slug":"aqua-select-y-aqua-select-duo-2","status":"publish","type":"product","link":"https:\/\/carbonsdelclos.com\/fr\/produit\/aqua-select-y-aqua-select-duo-2\/","title":{"rendered":"Aqua Select et Aqua Select D\u00fao"},"content":{"rendered":"<p>D\u00e9p\u00f4ts vitrifi\u00e9s acier liquide et optimis\u00e9es pour flux continu maximale ACS avec une chaleur externe de tout type de chaudi\u00e8re, capteurs solaires thermiques, etc bobine.<\/p>\n<p>Con\u00e7u sp\u00e9cialement pour l&rsquo;utilisation de l&rsquo;\u00e9nergie solaire (rencontre CTE), d\u00e9passant l&rsquo;exigence de 0,15 m2 d&rsquo;\u00e9change pour tous les 50 litres d&rsquo;acumulaci\u00f3n\/m2 collecteur solaire.<\/p>\n<p><strong>CARACT\u00c9RISTIQUES<\/strong><\/p>\n<p>La protection contre la corrosion est assur\u00e9e par la disposition de l&rsquo;anode en magn\u00e9sium surdimensionn\u00e9.<\/p>\n<p>Tous les mod\u00e8les prennent en charge la possibilit\u00e9 d&rsquo;installer une r\u00e9sistance \u00e9lectrique comme une option de support, en rappelant que la CCE ne permet pas son utilisation si elle est utilis\u00e9e dans les installations solaires.<\/p>\n<p>Isol\u00e9 avec gaine en polyur\u00e9thane sans CFC de .. Ext\u00e9rieur peinture \u00e9poxy en acier sur les mod\u00e8les 150 \u00e0 500 litres et 740 litres mod\u00e8le, gaine en PVC.<\/p>\n<table class=\"table table-bordered\">\n<thead>\n<tr>\n<th>MODEL<\/th>\n<th>CODE<\/th>\n<th>VOLUME LITRES<\/th>\n<th>AREA BOBINE (m2)<\/th>\n<th>CAUDALE CONTINUE<\/th>\n<th>CONNECTIONS (eau sanitaire)<\/th>\n<th>CONNECTIONS (bobine)<\/th>\n<th>DIMENSIONS DEP\u00d4IT (diam\u00e8tre)<\/th>\n<th>DIMENSIONS DEP\u00d4IT<br \/>\n(hauteur)<\/th>\n<th>POID<\/th>\n<th>P.V.P<\/th>\n<\/tr>\n<\/thead>\n<tbody>\n<tr>\n<td style=\"color: #3366ff;\">IAVSM 150<\/td>\n<td>53640<\/td>\n<td>150<\/td>\n<td>0,67<\/td>\n<td>566<\/td>\n<td>H 3\/4\u00a0\u00bb<\/td>\n<td>M 1\/2\u00a0\u00bb<\/td>\n<td>565<\/td>\n<td>1.132<\/td>\n<td>69,5<\/td>\n<td>461<\/td>\n<\/tr>\n<tr>\n<td style=\"color: #3366ff;\">IAVSM 200<\/td>\n<td>53641<\/td>\n<td>200<\/td>\n<td>0,86<\/td>\n<td>727<\/td>\n<td>H 3\/4\u00a0\u00bb<\/td>\n<td>H 3\/4\u00a0\u00bb<\/td>\n<td>586<\/td>\n<td>1.200<\/td>\n<td>83,5<\/td>\n<td>691<\/td>\n<\/tr>\n<tr>\n<td style=\"color: #3366ff;\">IAVSM 300<\/td>\n<td>53642<\/td>\n<td>300<\/td>\n<td>1,15<\/td>\n<td>972<\/td>\n<td>H 3\/4\u00a0\u00bb<\/td>\n<td>H 3\/4\u00a0\u00bb<\/td>\n<td>586<\/td>\n<td>1.575<\/td>\n<td>102,5<\/td>\n<td>952<\/td>\n<\/tr>\n<tr>\n<td style=\"color: #3366ff;\">IAVSM 500<\/td>\n<td>53644<\/td>\n<td>500<\/td>\n<td>1,85<\/td>\n<td>1557<\/td>\n<td>H 3\/4\u00a0\u00bb<\/td>\n<td>H 1\u00a0\u00bb<\/td>\n<td>740<\/td>\n<td>1.790<\/td>\n<td>207<\/td>\n<td>1.378<\/td>\n<\/tr>\n<tr>\n<td style=\"color: #3366ff;\">IAVSM 740<\/td>\n<td>53645<\/td>\n<td>740<\/td>\n<td>2,08<\/td>\n<td>1756<\/td>\n<td>H 1\u00a0\u00bb<\/td>\n<td>H 1\u00a0\u00bb<\/td>\n<td>990<\/td>\n<td>1.665<\/td>\n<td>219<\/td>\n<td>1.934<\/td>\n<\/tr>\n<tr>\n<td style=\"color: #3366ff;\">IAVSB 200 D\u00daO<\/td>\n<td>53647<\/td>\n<td>200<\/td>\n<td>0,35\/0,86<\/td>\n<td>1019<\/td>\n<td>H 3\/4\u00a0\u00bb<\/td>\n<td>H 3\/4\u00a0\u00bb<\/td>\n<td>586<\/td>\n<td>1.200<\/td>\n<td>88,5<\/td>\n<td>852<\/td>\n<\/tr>\n<tr>\n<td style=\"color: #3366ff;\">IAVSB 300 D\u00daO<\/td>\n<td>53648<\/td>\n<td>300<\/td>\n<td>0,89\/1,15<\/td>\n<td>1720<\/td>\n<td>H 3\/4\u00a0\u00bb<\/td>\n<td>H 3\/4\u00a0\u00bb<\/td>\n<td>586<\/td>\n<td>1.575<\/td>\n<td>115<\/td>\n<td>1.179<\/td>\n<\/tr>\n<\/tbody>\n<\/table>\n","protected":false},"excerpt":{"rendered":"<p>GAMA DE SUELO de 200 a 740 litros<\/p>\n","protected":false},"featured_media":495,"template":"","meta":{"site-sidebar-layout":"default","site-content-layout":"default","ast-site-content-layout":"","site-content-style":"default","site-sidebar-style":"default","ast-global-header-display":"","ast-banner-title-visibility":"","ast-main-header-display":"","ast-hfb-above-header-display":"","ast-hfb-below-header-display":"","ast-hfb-mobile-header-display":"","site-post-title":"","ast-breadcrumbs-content":"","ast-featured-img":"","footer-sml-layout":"","theme-transparent-header-meta":"default","adv-header-id-meta":"","stick-header-meta":"","header-above-stick-meta":"","header-main-stick-meta":"","header-below-stick-meta":"","astra-migrate-meta-layouts":""},"product_cat":[59,60],"product_tag":[],"class_list":["post-815","product","type-product","status-publish","has-post-thumbnail","hentry","product_cat-gamme-domestique","product_cat-interaccumulators-acs","desktop-align-left","tablet-align-left","mobile-align-left"],"_links":{"self":[{"href":"https:\/\/carbonsdelclos.com\/fr\/wp-json\/wp\/v2\/product\/815","targetHints":{"allow":["GET"]}}],"collection":[{"href":"https:\/\/carbonsdelclos.com\/fr\/wp-json\/wp\/v2\/product"}],"about":[{"href":"https:\/\/carbonsdelclos.com\/fr\/wp-json\/wp\/v2\/types\/product"}],"wp:featuredmedia":[{"embeddable":true,"href":"https:\/\/carbonsdelclos.com\/fr\/wp-json\/wp\/v2\/media\/495"}],"wp:attachment":[{"href":"https:\/\/carbonsdelclos.com\/fr\/wp-json\/wp\/v2\/media?parent=815"}],"wp:term":[{"taxonomy":"product_cat","embeddable":true,"href":"https:\/\/carbonsdelclos.com\/fr\/wp-json\/wp\/v2\/product_cat?post=815"},{"taxonomy":"product_tag","embeddable":true,"href":"https:\/\/carbonsdelclos.com\/fr\/wp-json\/wp\/v2\/product_tag?post=815"}],"curies":[{"name":"wp","href":"https:\/\/api.w.org\/{rel}","templated":true}]}}