{"id":817,"date":"2022-06-22T13:09:41","date_gmt":"2022-06-22T13:09:41","guid":{"rendered":"https:\/\/carbonsdelclos.com\/producto\/biomax-et-biomax-plus-chaudiere-biomasse\/"},"modified":"2022-06-22T13:09:41","modified_gmt":"2022-06-22T13:09:41","slug":"biomax-et-biomax-plus-chaudiere-biomasse","status":"publish","type":"product","link":"https:\/\/carbonsdelclos.com\/fr\/produit\/biomax-et-biomax-plus-chaudiere-biomasse\/","title":{"rendered":"Biomax et Biomax plus (chaudi\u00e8re biomasse)"},"content":{"rendered":"<p><strong>BIOMAX:<\/strong> Chaudi\u00e8re avec allumage manuel<br \/>\n<strong>BIOMAX PLUS:<\/strong> Chaudi\u00e8re allumage automatique<\/p>\n<p><strong>CARACT\u00c9RISTIQUES<\/strong><\/p>\n<p>&#8211; Chaudi\u00e8re fonctionnement automatique pour combustibles solides tels que les pellets, des coques d&rsquo;amande, marc, pierre d&rsquo;olive, etc.<br \/>\n&#8211; Commande \u00e9lectronique facile \u00e0 utiliser et offre 2 options de fonctionnement automatique (mod\u00e8les PLUS) en fonction de l&rsquo;utilisation pr\u00e9vue.<br \/>\n&#8211; Corps en fonte pour les \u00e9l\u00e9ments qui favorisent CE une vie plus longue, r\u00e9duisant consid\u00e9rablement les dommages caus\u00e9s par la condensation.<br \/>\n&#8211; Fonctionnement simple et un minimum d&rsquo;entretien.<br \/>\n&#8211; La structure interne du corps de la chaudi\u00e8re assure une grande capacit\u00e9 d&rsquo;\u00e9change thermique entre l&rsquo; les gaz de combustion et l&rsquo;eau, fournissant avec des rendements \u00e9lev\u00e9s.<br \/>\n&#8211; R\u00e9pondre aux exigences de la norme: EN 303\/5 Sp\u00e9cialit\u00e9 chaudi\u00e8res de chauffage pour les combustibles solides.<br \/>\n&#8211; Faibles \u00e9missions, avec un impact minimal l&rsquo;environnement.<br \/>\n&#8211; Cendres de combustion sont d\u00e9pos\u00e9s le fond de la chaudi\u00e8re , o\u00f9 ils sont recueillies dans un magasin grande capacit\u00e9 et un retrait facile.<br \/>\n&#8211; Pression de service maximale de 3 bars.<\/p>\n<table class=\"table table-bordered\">\n<thead>\n<tr>\n<th>MODEL<\/th>\n<th>CODE<\/th>\n<th>Potencia \u00fatil<br \/>\n(KW)<\/th>\n<th>Potencia \u00fatil<br \/>\n(Kcal\/h)<\/th>\n<th>Consumo combustible (kg\/h)<\/th>\n<th>Volumen agua<\/th>\n<th>Peso<\/th>\n<th>P.V.P<\/th>\n<\/tr>\n<\/thead>\n<tbody>\n<tr>\n<td style=\"color: #008000;\">BIOMAX 25<\/td>\n<td>1420<\/td>\n<td>25<\/td>\n<td>21.500<\/td>\n<td>2,2-7,3<\/td>\n<td>40,9<\/td>\n<td>441<\/td>\n<td>3.350<\/td>\n<\/tr>\n<tr>\n<td style=\"color: #008000;\">BIOMAX PLUS 25<\/td>\n<td>1430<\/td>\n<td>25<\/td>\n<td>21.500<\/td>\n<td>2,2-7,3<\/td>\n<td>40,9<\/td>\n<td>441<\/td>\n<td>3.875<\/td>\n<\/tr>\n<tr>\n<td style=\"color: #008000;\">BIOMAX 35<\/td>\n<td>1421<\/td>\n<td>35<\/td>\n<td>30.100<\/td>\n<td>2,9-9,1<\/td>\n<td>50,3<\/td>\n<td>530<\/td>\n<td>3.675<\/td>\n<\/tr>\n<tr>\n<td style=\"color: #008000;\">BIOMAX PLUS 35<\/td>\n<td>1431<\/td>\n<td>35<\/td>\n<td>30.100<\/td>\n<td>2,9-9,1<\/td>\n<td>50,3<\/td>\n<td>530<\/td>\n<td>4.330<\/td>\n<\/tr>\n<tr>\n<td style=\"color: #008000;\">BIOMAX 50<\/td>\n<td>1422<\/td>\n<td>48<\/td>\n<td>41.300<\/td>\n<td>3,9-12,6<\/td>\n<td>64,4<\/td>\n<td>645<\/td>\n<td>4.180<\/td>\n<\/tr>\n<tr>\n<td style=\"color: #008000;\">BIOMAX PLUS 50<\/td>\n<td>1432<\/td>\n<td>48<\/td>\n<td>41.300<\/td>\n<td>3,9-12,6<\/td>\n<td>64,4<\/td>\n<td>645<\/td>\n<td>4.975<\/td>\n<\/tr>\n<\/tbody>\n<\/table>\n","protected":false},"excerpt":{"rendered":"<p> Bouilloire pour les biocombustibles <\/p>\n","protected":false},"featured_media":503,"template":"","meta":{"site-sidebar-layout":"default","site-content-layout":"default","ast-site-content-layout":"","site-content-style":"default","site-sidebar-style":"default","ast-global-header-display":"","ast-banner-title-visibility":"","ast-main-header-display":"","ast-hfb-above-header-display":"","ast-hfb-below-header-display":"","ast-hfb-mobile-header-display":"","site-post-title":"","ast-breadcrumbs-content":"","ast-featured-img":"","footer-sml-layout":"","theme-transparent-header-meta":"default","adv-header-id-meta":"","stick-header-meta":"","header-above-stick-meta":"","header-main-stick-meta":"","header-below-stick-meta":"","astra-migrate-meta-layouts":""},"product_cat":[68,64,59],"product_tag":[],"class_list":["post-817","product","type-product","status-publish","has-post-thumbnail","hentry","product_cat-biomasse-gamme-domestique","product_cat-biomasse-et-solide","product_cat-gamme-domestique","desktop-align-left","tablet-align-left","mobile-align-left"],"_links":{"self":[{"href":"https:\/\/carbonsdelclos.com\/fr\/wp-json\/wp\/v2\/product\/817","targetHints":{"allow":["GET"]}}],"collection":[{"href":"https:\/\/carbonsdelclos.com\/fr\/wp-json\/wp\/v2\/product"}],"about":[{"href":"https:\/\/carbonsdelclos.com\/fr\/wp-json\/wp\/v2\/types\/product"}],"wp:featuredmedia":[{"embeddable":true,"href":"https:\/\/carbonsdelclos.com\/fr\/wp-json\/wp\/v2\/media\/503"}],"wp:attachment":[{"href":"https:\/\/carbonsdelclos.com\/fr\/wp-json\/wp\/v2\/media?parent=817"}],"wp:term":[{"taxonomy":"product_cat","embeddable":true,"href":"https:\/\/carbonsdelclos.com\/fr\/wp-json\/wp\/v2\/product_cat?post=817"},{"taxonomy":"product_tag","embeddable":true,"href":"https:\/\/carbonsdelclos.com\/fr\/wp-json\/wp\/v2\/product_tag?post=817"}],"curies":[{"name":"wp","href":"https:\/\/api.w.org\/{rel}","templated":true}]}}