{"id":819,"date":"2022-06-22T13:13:13","date_gmt":"2022-06-22T13:13:13","guid":{"rendered":"https:\/\/carbonsdelclos.com\/producto\/bioself-chaudiere-biomasse\/"},"modified":"2022-06-22T13:13:13","modified_gmt":"2022-06-22T13:13:13","slug":"bioself-chaudiere-biomasse","status":"publish","type":"product","link":"https:\/\/carbonsdelclos.com\/fr\/produit\/bioself-chaudiere-biomasse\/","title":{"rendered":"Bioself (chaudi\u00e8re biomasse)"},"content":{"rendered":"<p><strong>SYST\u00c8ME DE NETTOYAGE AUTOMATIQUE<\/strong><\/p>\n<p>Merci au syst\u00e8me de nettoyage automatique des cendres et de haute capacit\u00e9, de r\u00e9duire le temps Je nettoyais toujours \u00eatre en mesure d&rsquo;utiliser sans probl\u00e8mes plusieurs types de combustibles, tels que les diff\u00e9rents types de granul\u00e9s et autres produits pas forc\u00e9ment premium: Agripellet, granul\u00e9s chaudi\u00e8re, granul\u00e9s de faible qualit\u00e9 pierre d&rsquo;olive, des coquilles d&rsquo;amandes, de noix et de noisette, etc<\/p>\n<p><strong>CARACT\u00c9RISTIQUES<\/strong><\/p>\n<p>&#8211; Moduler le fonctionnement automatique de la chaudi\u00e8re des combustibles solides tels que des pastilles, des obus amande, g\u00e2teau d&rsquo;olive, pierre d&rsquo;olive, etc<br \/>\n&#8211; Compact et compact, id\u00e9al pour remplacement ou le soutien d&rsquo;autres chaudi\u00e8res.<br \/>\n&#8211; Fonctionnement simple et entretien minimal cendres de combustion d\u00e9pos\u00e9e sur la partie fond de la chaudi\u00e8re o\u00f9 vous sont recueillies dans un plateau pour un retrait facile.<br \/>\n&#8211; La structure interne du corps de la chaudi\u00e8re assure une grande capacit\u00e9 d&rsquo;\u00e9change thermique entre les session de la combustion et de l&rsquo;eau, fournissant \u00e9l\u00e9ment gu\u00e9s rendements et \u00e9viter la condensation.<br \/>\n&#8211; R\u00e9pondre aux exigences de la norme: EN 303\/5 chaudi\u00e8res de chauffage sp\u00e9ciales les combustibles solides.<br \/>\n&#8211; Faibles \u00e9missions, avec un impact minimal sur l&rsquo;environnement.<br \/>\n&#8211; Pression de service maximale de 3 bars.<\/p>\n<table class=\"table table-bordered\">\n<thead>\n<tr>\n<th>MODEL<\/th>\n<th>Puissance thermique<br \/>\n(br\u00fbleur min\/max KW)<\/th>\n<th>Puissance thermique \u00e0 eau<br \/>\n(KW)<\/th>\n<th>Consommation Temps<br \/>\n(min\/max Kg\/h)<\/th>\n<th>Performance maximale<br \/>\n(%)<\/th>\n<th>R\u00e9servoir<br \/>\n(kg)<\/th>\n<th>Autonomie (min\/max heures)<\/th>\n<th>Consommation en electric<br \/>\n(W)<\/th>\n<th>Sorti fume<\/th>\n<th>Poid<\/th>\n<th>Dimensions<\/th>\n<th>P.V.P<\/th>\n<\/tr>\n<\/thead>\n<tbody>\n<tr>\n<td style=\"color: #008000;\">BIOSELF 18<\/td>\n<td>1440<\/td>\n<td>6,2-20<\/td>\n<td>16<\/td>\n<td>1,3-3,7<\/td>\n<td>&gt;92<\/td>\n<td>95<\/td>\n<td>20-57<\/td>\n<td>50-150<\/td>\n<td>80<\/td>\n<td>177<\/td>\n<td>3.950<\/td>\n<\/tr>\n<tr>\n<td style=\"color: #008000;\">BIOSELF 24<\/td>\n<td>1441<\/td>\n<td>8,5-25<\/td>\n<td>20<\/td>\n<td>1,9-5,1<\/td>\n<td>&gt;89<\/td>\n<td>95<\/td>\n<td>15-39<\/td>\n<td>50-150<\/td>\n<td>80<\/td>\n<td>182<\/td>\n<td>4.210<\/td>\n<\/tr>\n<\/tbody>\n<\/table>\n","protected":false},"excerpt":{"rendered":"<p>Groupe d&rsquo;acier thermique pour les biocombustibles<\/p>\n","protected":false},"featured_media":511,"template":"","meta":{"site-sidebar-layout":"default","site-content-layout":"default","ast-site-content-layout":"","site-content-style":"default","site-sidebar-style":"default","ast-global-header-display":"","ast-banner-title-visibility":"","ast-main-header-display":"","ast-hfb-above-header-display":"","ast-hfb-below-header-display":"","ast-hfb-mobile-header-display":"","site-post-title":"","ast-breadcrumbs-content":"","ast-featured-img":"","footer-sml-layout":"","theme-transparent-header-meta":"default","adv-header-id-meta":"","stick-header-meta":"","header-above-stick-meta":"","header-main-stick-meta":"","header-below-stick-meta":"","astra-migrate-meta-layouts":""},"product_cat":[68,64,59],"product_tag":[],"class_list":["post-819","product","type-product","status-publish","has-post-thumbnail","hentry","product_cat-biomasse-gamme-domestique","product_cat-biomasse-et-solide","product_cat-gamme-domestique","desktop-align-left","tablet-align-left","mobile-align-left"],"_links":{"self":[{"href":"https:\/\/carbonsdelclos.com\/fr\/wp-json\/wp\/v2\/product\/819","targetHints":{"allow":["GET"]}}],"collection":[{"href":"https:\/\/carbonsdelclos.com\/fr\/wp-json\/wp\/v2\/product"}],"about":[{"href":"https:\/\/carbonsdelclos.com\/fr\/wp-json\/wp\/v2\/types\/product"}],"wp:featuredmedia":[{"embeddable":true,"href":"https:\/\/carbonsdelclos.com\/fr\/wp-json\/wp\/v2\/media\/511"}],"wp:attachment":[{"href":"https:\/\/carbonsdelclos.com\/fr\/wp-json\/wp\/v2\/media?parent=819"}],"wp:term":[{"taxonomy":"product_cat","embeddable":true,"href":"https:\/\/carbonsdelclos.com\/fr\/wp-json\/wp\/v2\/product_cat?post=819"},{"taxonomy":"product_tag","embeddable":true,"href":"https:\/\/carbonsdelclos.com\/fr\/wp-json\/wp\/v2\/product_tag?post=819"}],"curies":[{"name":"wp","href":"https:\/\/api.w.org\/{rel}","templated":true}]}}