{"id":821,"date":"2022-06-22T13:17:23","date_gmt":"2022-06-22T13:17:23","guid":{"rendered":"https:\/\/carbonsdelclos.com\/producto\/bioself-et-bioselect-plus-chaudiere-biomasse\/"},"modified":"2022-06-22T13:17:23","modified_gmt":"2022-06-22T13:17:23","slug":"bioself-et-bioselect-plus-chaudiere-biomasse","status":"publish","type":"product","link":"https:\/\/carbonsdelclos.com\/fr\/produit\/bioself-et-bioselect-plus-chaudiere-biomasse\/","title":{"rendered":"Bioself et Bioselect plus (chaudi\u00e8re biomasse)"},"content":{"rendered":"<p>BIOSELECT: Chaudi\u00e8re avec allumage manuel<br \/>\nBIOSELECT PLUS: Chaudi\u00e8re allumage automatique<\/p>\n<p>CARACT\u00c9RISTIQUES<\/p>\n<p>&#8211; Fonctionnement automatique de la chaudi\u00e8re des combustibles solides tels que des pastilles, les coques d&rsquo;amandes, g\u00e2teau d&rsquo;olive, de l&rsquo;os l&rsquo;huile d&rsquo;olive, etc.<br \/>\n&#8211; Corps en acier et le nettoyage automatique en s\u00e9rie dans les \u00e9tapes de conduit vertical et nettoyage automatique m\u00eame.<br \/>\n&#8211; Grand compartiment pour l&rsquo;accumulation enl\u00e8vement des cendres manuel facile, et, facultativement, le syst\u00e8me d&rsquo;extraction automatique pour une plus grande autonomie.<br \/>\n&#8211; Commande \u00e9lectronique facile \u00e0 manipuler offre deux options de fonctionnement automatique (PLUS mod\u00e8les) en fonction l&rsquo;utilisation pr\u00e9vue.<br \/>\n&#8211; Fonctionnement simple et minimal maintenance.<br \/>\n&#8211; R\u00e9pondre aux exigences de la norme: EN 303\/5 \u00e9pices chaudi\u00e8res de chauffage les combustibles solides. &#8211; Pression de service maximale de 4 bar.<\/p>\n<table class=\"table table-bordered\">\n<thead>\n<tr>\n<th>MODEL<\/th>\n<th>CODE<\/th>\n<th>Puissance<br \/>\n(KW)<\/th>\n<th>Puissance<br \/>\n(Kcal\/h)<\/th>\n<th>Consommation de carburant (kg\/h)<\/th>\n<th>Volume d&rsquo;eau<\/th>\n<th>Poid<\/th>\n<th>P.V.P<\/th>\n<\/tr>\n<\/thead>\n<tbody>\n<tr>\n<td style=\"color: #008000;\">BIOSELCET 35<\/td>\n<td>2619<\/td>\n<td>35<\/td>\n<td>30.100<\/td>\n<td>2,9-9,1<\/td>\n<td>91<\/td>\n<td>285<\/td>\n<td>5.480<\/td>\n<\/tr>\n<tr>\n<td style=\"color: #008000;\">BIOSELCET PLUS 35<\/td>\n<td>2620<\/td>\n<td>35<\/td>\n<td>30.100<\/td>\n<td>2,9-9,1<\/td>\n<td>106<\/td>\n<td>285<\/td>\n<td>6.210<\/td>\n<\/tr>\n<tr>\n<td style=\"color: #008000;\">BIOSELCET 50<\/td>\n<td>2621<\/td>\n<td>50<\/td>\n<td>43.000<\/td>\n<td>3,9-12,6<\/td>\n<td>106<\/td>\n<td>320<\/td>\n<td>6.422<\/td>\n<\/tr>\n<tr>\n<td style=\"color: #008000;\">BIOSELCET PLUS 50<\/td>\n<td>2622<\/td>\n<td>50<\/td>\n<td>43.000<\/td>\n<td>3,9-12,6<\/td>\n<td>106<\/td>\n<td>321<\/td>\n<td>7.200<\/td>\n<\/tr>\n<tr>\n<td style=\"color: #008000;\">BIOSELCET 65<\/td>\n<td>2623<\/td>\n<td>65<\/td>\n<td>55.900<\/td>\n<td>5,9-17<\/td>\n<td>121<\/td>\n<td>370<\/td>\n<td>8.470<\/td>\n<\/tr>\n<tr>\n<td style=\"color: #008000;\">BIOSELCET PLUS 65<\/td>\n<td>2624<\/td>\n<td>65<\/td>\n<td>55.900<\/td>\n<td>5,9-17<\/td>\n<td>121<\/td>\n<td>371<\/td>\n<td>9.210<\/td>\n<\/tr>\n<\/tbody>\n<\/table>\n","protected":false},"excerpt":{"rendered":"<p>Chaudiere acier pour les biocombustibles<\/p>\n","protected":false},"featured_media":519,"template":"","meta":{"site-sidebar-layout":"default","site-content-layout":"default","ast-site-content-layout":"","site-content-style":"default","site-sidebar-style":"default","ast-global-header-display":"","ast-banner-title-visibility":"","ast-main-header-display":"","ast-hfb-above-header-display":"","ast-hfb-below-header-display":"","ast-hfb-mobile-header-display":"","site-post-title":"","ast-breadcrumbs-content":"","ast-featured-img":"","footer-sml-layout":"","theme-transparent-header-meta":"default","adv-header-id-meta":"","stick-header-meta":"","header-above-stick-meta":"","header-main-stick-meta":"","header-below-stick-meta":"","astra-migrate-meta-layouts":""},"product_cat":[68,64,59],"product_tag":[],"class_list":["post-821","product","type-product","status-publish","has-post-thumbnail","hentry","product_cat-biomasse-gamme-domestique","product_cat-biomasse-et-solide","product_cat-gamme-domestique","desktop-align-left","tablet-align-left","mobile-align-left"],"_links":{"self":[{"href":"https:\/\/carbonsdelclos.com\/fr\/wp-json\/wp\/v2\/product\/821","targetHints":{"allow":["GET"]}}],"collection":[{"href":"https:\/\/carbonsdelclos.com\/fr\/wp-json\/wp\/v2\/product"}],"about":[{"href":"https:\/\/carbonsdelclos.com\/fr\/wp-json\/wp\/v2\/types\/product"}],"wp:featuredmedia":[{"embeddable":true,"href":"https:\/\/carbonsdelclos.com\/fr\/wp-json\/wp\/v2\/media\/519"}],"wp:attachment":[{"href":"https:\/\/carbonsdelclos.com\/fr\/wp-json\/wp\/v2\/media?parent=821"}],"wp:term":[{"taxonomy":"product_cat","embeddable":true,"href":"https:\/\/carbonsdelclos.com\/fr\/wp-json\/wp\/v2\/product_cat?post=821"},{"taxonomy":"product_tag","embeddable":true,"href":"https:\/\/carbonsdelclos.com\/fr\/wp-json\/wp\/v2\/product_tag?post=821"}],"curies":[{"name":"wp","href":"https:\/\/api.w.org\/{rel}","templated":true}]}}