{"id":823,"date":"2022-06-22T13:21:46","date_gmt":"2022-06-22T13:21:46","guid":{"rendered":"https:\/\/carbonsdelclos.com\/producto\/poeles-air\/"},"modified":"2022-06-22T13:21:46","modified_gmt":"2022-06-22T13:21:46","slug":"poeles-air","status":"publish","type":"product","link":"https:\/\/carbonsdelclos.com\/fr\/produit\/poeles-air\/","title":{"rendered":"Po\u00eales air"},"content":{"rendered":"<p>Po\u00eales canalis\u00e9s LASIAN sont recommand\u00e9s pour les maisons qui est n\u00e9cessaire pour chauffer des environnements diff\u00e9rents, gr\u00e2ce au double pipeline, la chaleur est r\u00e9partie de fa\u00e7on homog\u00e8ne augmentant confort et le plaisir de vivre dans votre maison.<\/p>\n<p><strong>SYST\u00c8ME DE NETTOYAGE AUTOMATIQUE<\/strong><\/p>\n<p>Merci au syst\u00e8me de nettoyage automatique des cendres et de haute capacit\u00e9, de r\u00e9duire le temps Je nettoyais toujours \u00eatre en mesure d&rsquo;utiliser sans probl\u00e8mes plusieurs types de combustibles, tels que les diff\u00e9rents types de granul\u00e9s et autres produits pas forc\u00e9ment premium: Agripellet, granul\u00e9s chaudi\u00e8re, granul\u00e9s de faible qualit\u00e9 pierre d&rsquo;olive, des coquilles d&rsquo;amandes, de noix et de noisette, etc<\/p>\n<h4>POUR PO\u00caLE \u00c0 PELLETS<\/h4>\n<table class=\"table table-bordered\">\n<thead>\n<tr>\n<th>MODEL<\/th>\n<th>Puissance thermique<br \/>\n(min\/max Kw)<\/th>\n<th>La consommation par heure (min\/max Kg\/h)<\/th>\n<th>Le rendement maximal<br \/>\n(%)<\/th>\n<th>Capacit\u00e9 du r\u00e9servoir<br \/>\n(kg)<\/th>\n<th>Autonomie<br \/>\n(min\/max heures)<\/th>\n<th>Taux de consommation d&rsquo;\u00e9lectricit\u00e9<br \/>\n(W)<\/th>\n<th>Sortie de fum\u00e9e<\/th>\n<th>Poid<\/th>\n<th>Dimensions<\/th>\n<th>P.V.P<\/th>\n<\/tr>\n<\/thead>\n<tbody>\n<tr>\n<td style=\"color: #008000;\">BRAVA<\/td>\n<td>2,5-6<\/td>\n<td>0,6-1,3<\/td>\n<td>&gt;84<\/td>\n<td>17<\/td>\n<td>10-23<\/td>\n<td>80-150<\/td>\n<td>80<\/td>\n<td>103<\/td>\n<td>480X516X985<\/td>\n<td>1.570<\/td>\n<\/tr>\n<tr>\n<td style=\"color: #008000;\">LLAIMA<\/td>\n<td>2,9-8<\/td>\n<td>0,7-1,7<\/td>\n<td>&gt;84<\/td>\n<td>21<\/td>\n<td>12-25<\/td>\n<td>80-150<\/td>\n<td>80<\/td>\n<td>115<\/td>\n<td>525X516X1055<\/td>\n<td>  1.675<\/td>\n<\/tr>\n<tr>\n<td style=\"color: #008000;\">ERTA<\/td>\n<td>3,8-10<\/td>\n<td>0,8-2<\/td>\n<td>&gt;85<\/td>\n<td>24<\/td>\n<td>10-26<\/td>\n<td>80-150<\/td>\n<td>80<\/td>\n<td>125<\/td>\n<td>545X525X1115<\/td>\n<td>1.855<\/td>\n<\/tr>\n<tr>\n<td style=\"color: #008000;\">ATILAN<\/td>\n<td>3,8-12<\/td>\n<td>0,8-2,4<\/td>\n<td>&gt;85<\/td>\n<td>33<\/td>\n<td>12-40<\/td>\n<td>80-150<\/td>\n<td>80<\/td>\n<td>155<\/td>\n<td>560X545X1200<\/td>\n<td>1.995<\/td>\n<\/tr>\n<tr>\n<td style=\"color: #008000;\">MUSA<\/td>\n<td>3,8-12<\/td>\n<td>0,8-2,4<\/td>\n<td>&gt;85<\/td>\n<td>33<\/td>\n<td>12-40<\/td>\n<td>80-150<\/td>\n<td>80<\/td>\n<td>170<\/td>\n<td>560X545X1200<\/td>\n<td>2.157<\/td>\n<\/tr>\n<tr>\n<td style=\"color: #008000;\">NILA<\/td>\n<td>3,8-10<\/td>\n<td>0,8-2<\/td>\n<td>&gt;84<\/td>\n<td>21<\/td>\n<td>10-24<\/td>\n<td>80-150<\/td>\n<td>80<\/td>\n<td>130<\/td>\n<td>1104X310X1113<\/td>\n<td>2.410<\/td>\n<\/tr>\n<tr>\n<td style=\"color: #008000;\">CANALIZADAS<\/td>\n<\/tr>\n<tr>\n<td style=\"color: #008000;\">ERTA PLUS<\/td>\n<td>3,8-10<\/td>\n<td>0,8-2<\/td>\n<td>&gt;85<\/td>\n<td>16<\/td>\n<td>8-20<\/td>\n<td>80-150<\/td>\n<td>80<\/td>\n<td>125<\/td>\n<td>545X525X1115<\/td>\n<td>2.265<\/td>\n<\/tr>\n<tr>\n<td style=\"color: #008000;\">ATILAN PLUS<\/td>\n<td>3,8-12<\/td>\n<td>0,8-2,4<\/td>\n<td>&gt;85<\/td>\n<td>25<\/td>\n<td>8-20<\/td>\n<td>80-150<\/td>\n<td>80<\/td>\n<td>155<\/td>\n<td>560X545X1200<\/td>\n<td>3.390<\/td>\n<\/tr>\n<tr>\n<td style=\"color: #008000;\">MUSA PLUS<\/td>\n<td>3,8-12<\/td>\n<td>0,8-2,4<\/td>\n<td>&gt;85<\/td>\n<td>25<\/td>\n<td>8-20<\/td>\n<td>80-150<\/td>\n<td>80<\/td>\n<td>170<\/td>\n<td>560X545X1200<\/td>\n<td>2.550<\/td>\n<\/tr>\n<\/tbody>\n<\/table>\n<h4>POUR PO\u00caLE \u00c0 PELLETS<\/h4>\n<p>&nbsp;<\/p>\n<table class=\"table table-bordered\">\n<thead>\n<tr>\n<th>MODEL<\/th>\n<th>Puissance thermique<br \/>\n(min\/max Kw)<\/th>\n<th>La consommation par heure (min\/max Kg\/h)<\/th>\n<th>Le rendement maximal<br \/>\n(%)<\/th>\n<th>Capacit\u00e9 du r\u00e9servoir<br \/>\n(kg)<\/th>\n<th>Autonomie<br \/>\n(min\/max heures)<\/th>\n<th>Taux de consommation d&rsquo;\u00e9lectricit\u00e9<br \/>\n(W)<\/th>\n<th>Sortie de fum\u00e9e<\/th>\n<th>Poid<\/th>\n<th>Dimensions<\/th>\n<th>P.V.P<\/th>\n<\/tr>\n<\/thead>\n<tbody>\n<tr>\n<td style=\"color: #008000;\">TELICA<\/td>\n<td>3,8-10<\/td>\n<td>0,8-2<\/td>\n<td>&gt;85<\/td>\n<td>24<\/td>\n<td>10-26<\/td>\n<td>80-150<\/td>\n<td>80<\/td>\n<td>125<\/td>\n<td>545X525X1115<\/td>\n<td>2.295<\/td>\n<\/tr>\n<tr>\n<td style=\"color: #008000;\">COLIMA<\/td>\n<td>3,8-12<\/td>\n<td>0,8-2,4<\/td>\n<td>&gt;85<\/td>\n<td>33<\/td>\n<td>12-40<\/td>\n<td>80-150<\/td>\n<td>80<\/td>\n<td>155<\/td>\n<td>560X545X1200<\/td>\n<td>2.465<\/td>\n<\/tr>\n<tr>\n<td style=\"color: #008000;\">MILOS<\/td>\n<td>3,8-12<\/td>\n<td>0,8-2,4<\/td>\n<td>&gt;85<\/td>\n<td>33<\/td>\n<td>10-40<\/td>\n<td>80-150<\/td>\n<td>80<\/td>\n<td>170<\/td>\n<td>560X545X1200<\/td>\n<td>2.588<\/td>\n<\/tr>\n<tr>\n<td style=\"color: #008000;\">YELIA<\/td>\n<td>3,8-10<\/td>\n<td>0,8-2<\/td>\n<td>&gt;84<\/td>\n<td>21<\/td>\n<td>12-24<\/td>\n<td>80-150<\/td>\n<td>80<\/td>\n<td>133<\/td>\n<td>1104X310X113<\/td>\n<td>2.940<\/td>\n<\/tr>\n<tr>\n<td style=\"color: #008000;\">CANALIZADAS<\/td>\n<\/tr>\n<tr>\n<td style=\"color: #008000;\">TELICA PLUS<\/td>\n<td>3,8-10<\/td>\n<td>0,8-2<\/td>\n<td>&gt;85<\/td>\n<td>16<\/td>\n<td>8-20<\/td>\n<td>80-150<\/td>\n<td>80<\/td>\n<td>125<\/td>\n<td>545X525X1115<\/td>\n<td>2.655<\/td>\n<\/tr>\n<tr>\n<td style=\"color: #008000;\">COLIMA PLUS<\/td>\n<td>3,8-12<\/td>\n<td>0,8-2,4<\/td>\n<td>&gt;85<\/td>\n<td>25<\/td>\n<td>8-20<\/td>\n<td>80-150<\/td>\n<td>80<\/td>\n<td>155<\/td>\n<td>560X545X1200<\/td>\n<td>2.775<\/td>\n<\/tr>\n<tr>\n<td style=\"color: #008000;\">MILOS PLUS<\/td>\n<td>3,8-12<\/td>\n<td>0,8-2,4<\/td>\n<td>&gt;85<\/td>\n<td>25<\/td>\n<td>8-20<\/td>\n<td>80-150<\/td>\n<td>80<\/td>\n<td>170<\/td>\n<td>560X545X1200<\/td>\n<td>2.980<\/td>\n<\/tr>\n<\/tbody>\n<\/table>\n","protected":false},"excerpt":{"rendered":"<p>Po\u00eales \u00e0 granul\u00e9s po\u00eales<br \/>\nPo\u00eales polycombustible<\/p>\n","protected":false},"featured_media":527,"template":"","meta":{"site-sidebar-layout":"default","site-content-layout":"default","ast-site-content-layout":"","site-content-style":"default","site-sidebar-style":"default","ast-global-header-display":"","ast-banner-title-visibility":"","ast-main-header-display":"","ast-hfb-above-header-display":"","ast-hfb-below-header-display":"","ast-hfb-mobile-header-display":"","site-post-title":"","ast-breadcrumbs-content":"","ast-featured-img":"","footer-sml-layout":"","theme-transparent-header-meta":"default","adv-header-id-meta":"","stick-header-meta":"","header-above-stick-meta":"","header-main-stick-meta":"","header-below-stick-meta":"","astra-migrate-meta-layouts":""},"product_cat":[68,64,59],"product_tag":[],"class_list":["post-823","product","type-product","status-publish","has-post-thumbnail","hentry","product_cat-biomasse-gamme-domestique","product_cat-biomasse-et-solide","product_cat-gamme-domestique","desktop-align-left","tablet-align-left","mobile-align-left"],"_links":{"self":[{"href":"https:\/\/carbonsdelclos.com\/fr\/wp-json\/wp\/v2\/product\/823","targetHints":{"allow":["GET"]}}],"collection":[{"href":"https:\/\/carbonsdelclos.com\/fr\/wp-json\/wp\/v2\/product"}],"about":[{"href":"https:\/\/carbonsdelclos.com\/fr\/wp-json\/wp\/v2\/types\/product"}],"wp:featuredmedia":[{"embeddable":true,"href":"https:\/\/carbonsdelclos.com\/fr\/wp-json\/wp\/v2\/media\/527"}],"wp:attachment":[{"href":"https:\/\/carbonsdelclos.com\/fr\/wp-json\/wp\/v2\/media?parent=823"}],"wp:term":[{"taxonomy":"product_cat","embeddable":true,"href":"https:\/\/carbonsdelclos.com\/fr\/wp-json\/wp\/v2\/product_cat?post=823"},{"taxonomy":"product_tag","embeddable":true,"href":"https:\/\/carbonsdelclos.com\/fr\/wp-json\/wp\/v2\/product_tag?post=823"}],"curies":[{"name":"wp","href":"https:\/\/api.w.org\/{rel}","templated":true}]}}