{"id":825,"date":"2022-06-22T13:26:10","date_gmt":"2022-06-22T13:26:10","guid":{"rendered":"https:\/\/carbonsdelclos.com\/producto\/hydro-poeles\/"},"modified":"2022-06-22T13:26:10","modified_gmt":"2022-06-22T13:26:10","slug":"poeles-hydro","status":"publish","type":"product","link":"https:\/\/carbonsdelclos.com\/fr\/produit\/poeles-hydro\/","title":{"rendered":"Hydro Po\u00eales"},"content":{"rendered":"<p><strong>SYST\u00c8ME DE NETTOYAGE AUTOMATIQUE<\/strong><\/p>\n<p>Merci au syst\u00e8me de nettoyage automatique des cendres et de haute capacit\u00e9, de r\u00e9duire le temps Je nettoyais toujours \u00eatre en mesure d&rsquo;utiliser sans probl\u00e8mes plusieurs types de combustibles, tels que les diff\u00e9rents types de granul\u00e9s et autres produits pas forc\u00e9ment premium: Agripellet, granul\u00e9s chaudi\u00e8re, granul\u00e9s de faible qualit\u00e9 pierre d&rsquo;olive, des coquilles d&rsquo;amandes, de noix et de noisette, etc<\/p>\n<p><strong>CARACT\u00c9RISTIQUES<\/strong><\/p>\n<p>Tous les po\u00eales int\u00e8grent bloc d&rsquo;alimentation Hydro:<br \/>\n&#8211; Pompe<br \/>\n&#8211; Vase d&rsquo;expansion<br \/>\n&#8211; Soupape de s\u00e9curit\u00e9<br \/>\n&#8211; Pi\u00e8ge<br \/>\n&#8211; Capteur de pression<\/p>\n<h4>POUR PO\u00caLE \u00c0 PELLETS<\/h4>\n<table class=\"table table-bordered\">\n<thead>\n<tr>\n<th>MODEL<\/th>\n<th>Puissance thermique<br \/>\n(br\u00fbleur min\/max KW)<\/th>\n<th>Puissance thermique \u00e0 eau<br \/>\n(KW)<\/th>\n<th>Puissance thermique Environnement<br \/>\n(KW)<\/th>\n<th>Consommation Temps<br \/>\n(min\/max Kg\/h)<\/th>\n<th>Performance maximale<br \/>\n(%)<\/th>\n<th>R\u00e9servoir<br \/>\n(kg)<\/th>\n<th>Autonomie (min\/max heures)<\/th>\n<th>Consommation en electric<br \/>\n(W)<\/th>\n<th>Sortie de fum\u00e9e<\/th>\n<th>Poid<\/th>\n<th>Dimensions<\/th>\n<th>P.V.P<\/th>\n<\/tr>\n<\/thead>\n<tbody>\n<tr>\n<td style=\"color: #008000;\">BELLY<\/td>\n<td>4,8-15<\/td>\n<td>10<\/td>\n<td>4,5<\/td>\n<td>1,0-3,1<\/td>\n<td>&gt;91,5<\/td>\n<td>25<\/td>\n<td>8-24<\/td>\n<td>50-150<\/td>\n<td>80<\/td>\n<td>152<\/td>\n<td>570x580x1158<\/td>\n<td>2.980<\/td>\n<\/tr>\n<tr>\n<td style=\"color: #008000;\">BORA<\/td>\n<td>6,2-18<\/td>\n<td>12<\/td>\n<td>5,5<\/td>\n<td>1,3-3,7<\/td>\n<td>&gt;91,5<\/td>\n<td>25<\/td>\n<td>6-19<\/td>\n<td>50-150<\/td>\n<td>80<\/td>\n<td>152<\/td>\n<td>570x580x1158<\/td>\n<td>3.210<\/td>\n<\/tr>\n<tr>\n<td style=\"color: #008000;\">DANA<\/td>\n<td>8,5-25<\/td>\n<td>20<\/td>\n<td>2,8<\/td>\n<td>1,9-5,1<\/td>\n<td>&gt;90<\/td>\n<td>35<\/td>\n<td>6,5-18<\/td>\n<td>50-150<\/td>\n<td>80<\/td>\n<td>176<\/td>\n<td>570x580x1258<\/td>\n<td>3.880<\/td>\n<\/tr>\n<\/tbody>\n<\/table>\n<h4>PO\u00caLES POLYCOMBUSTIBLE<\/h4>\n<p>&nbsp;<\/p>\n<table class=\"table table-bordered\">\n<thead>\n<tr>\n<th>MODEL<\/th>\n<th>Puissance thermique<br \/>\n(br\u00fbleur min\/max KW)<\/th>\n<th>Puissance thermique \u00e0 eau<br \/>\n(KW)<\/th>\n<th>Puissance thermique Environnement<br \/>\n(KW)<\/th>\n<th>Consommation Temps<br \/>\n(min\/max Kg\/h)<\/th>\n<th>Performance maximale<br \/>\n(%)<\/th>\n<th>R\u00e9servoir<br \/>\n(kg)<\/th>\n<th>Autonomie (min\/max heures)<\/th>\n<th>Consommation en electric<br \/>\n(W)<\/th>\n<th>Sortie de fum\u00e9e<\/th>\n<th>Poid<\/th>\n<th>Dimensions<\/th>\n<th>P.V.P<\/th>\n<\/tr>\n<\/thead>\n<tbody>\n<tr>\n<td style=\"color: #008000;\">OPALA<\/td>\n<td>6,2-20<\/td>\n<td>16<\/td>\n<td>2,3<\/td>\n<td>1,3-3,7<\/td>\n<td>&gt;91<\/td>\n<td>25<\/td>\n<td>6-19<\/td>\n<td>50-150<\/td>\n<td>80<\/td>\n<td>152<\/td>\n<td>570x580x1258<\/td>\n<td>3.655<\/td>\n<\/tr>\n<tr>\n<td style=\"color: #008000;\">SABA<\/td>\n<td>8,5-25<\/td>\n<td>20<\/td>\n<td>2,8<\/td>\n<td>1,9-5,1<\/td>\n<td>&gt;90<\/td>\n<td>35<\/td>\n<td>6,5-18<\/td>\n<td>50-150<\/td>\n<td>80<\/td>\n<td>176<\/td>\n<td>570x580x1258<\/td>\n<td>4.140<\/td>\n<\/tr>\n<\/tbody>\n<\/table>\n","protected":false},"excerpt":{"rendered":"<p>Po\u00eales \u00e0 granul\u00e9s po\u00eales<br \/>\nPo\u00eales polycombustible<\/p>\n","protected":false},"featured_media":535,"template":"","meta":{"site-sidebar-layout":"default","site-content-layout":"default","ast-site-content-layout":"","site-content-style":"default","site-sidebar-style":"default","ast-global-header-display":"","ast-banner-title-visibility":"","ast-main-header-display":"","ast-hfb-above-header-display":"","ast-hfb-below-header-display":"","ast-hfb-mobile-header-display":"","site-post-title":"","ast-breadcrumbs-content":"","ast-featured-img":"","footer-sml-layout":"","theme-transparent-header-meta":"default","adv-header-id-meta":"","stick-header-meta":"","header-above-stick-meta":"","header-main-stick-meta":"","header-below-stick-meta":"","astra-migrate-meta-layouts":""},"product_cat":[68,64,59],"product_tag":[],"class_list":["post-825","product","type-product","status-publish","has-post-thumbnail","hentry","product_cat-biomasse-gamme-domestique","product_cat-biomasse-et-solide","product_cat-gamme-domestique","desktop-align-left","tablet-align-left","mobile-align-left"],"_links":{"self":[{"href":"https:\/\/carbonsdelclos.com\/fr\/wp-json\/wp\/v2\/product\/825","targetHints":{"allow":["GET"]}}],"collection":[{"href":"https:\/\/carbonsdelclos.com\/fr\/wp-json\/wp\/v2\/product"}],"about":[{"href":"https:\/\/carbonsdelclos.com\/fr\/wp-json\/wp\/v2\/types\/product"}],"wp:featuredmedia":[{"embeddable":true,"href":"https:\/\/carbonsdelclos.com\/fr\/wp-json\/wp\/v2\/media\/535"}],"wp:attachment":[{"href":"https:\/\/carbonsdelclos.com\/fr\/wp-json\/wp\/v2\/media?parent=825"}],"wp:term":[{"taxonomy":"product_cat","embeddable":true,"href":"https:\/\/carbonsdelclos.com\/fr\/wp-json\/wp\/v2\/product_cat?post=825"},{"taxonomy":"product_tag","embeddable":true,"href":"https:\/\/carbonsdelclos.com\/fr\/wp-json\/wp\/v2\/product_tag?post=825"}],"curies":[{"name":"wp","href":"https:\/\/api.w.org\/{rel}","templated":true}]}}