{"id":827,"date":"2022-06-22T14:08:27","date_gmt":"2022-06-22T14:08:27","guid":{"rendered":"https:\/\/carbonsdelclos.com\/producto\/clx-et-clx-plus\/"},"modified":"2022-06-22T14:08:27","modified_gmt":"2022-06-22T14:08:27","slug":"clx-et-clx-plus","status":"publish","type":"product","link":"https:\/\/carbonsdelclos.com\/fr\/produit\/clx-et-clx-plus\/","title":{"rendered":"CLX et CLX Plus"},"content":{"rendered":"<p><strong>CLX<\/strong><\/p>\n<p>&#8211; Corps construit en acier de haute qualit\u00e9.<br \/>\n&#8211; Souligne dans la conception de sa porte d&rsquo;entr\u00e9e double avec un remplacement de la maison qui prend en charge grand bois.<br \/>\n&#8211; R\u00e9glage de l&rsquo;air de combustion \u00e0 la fois \u00e0 l&rsquo;avant, comme une balle dans la chemin\u00e9e.<br \/>\n&#8211; Thermom\u00e8tre et manom\u00e8tre sur le dessus.<\/p>\n<p><strong>CLX PLUS<\/strong><\/p>\n<p>&#8211; Caract\u00e9ristiques similaires comme la CLX, mais avec le panneau \u00e9lectronique et le ventilateur de g\u00e9rer automatiquement la combustion.<br \/>\n&#8211; Corrections prises dans des installations avec des chemin\u00e9es anciennes.<\/p>\n<p><strong>CARACT\u00c9RISTIQUES<\/strong><\/p>\n<p>Pression: 3 bar<\/p>\n<h4>CLX<\/h4>\n<table class=\"table table-bordered\">\n<thead>\n<tr>\n<th>MODEL<\/th>\n<th>CODE<\/th>\n<th>Puissance \u00fatil<br \/>\n(KW)<\/th>\n<th>Puissance \u00fatil<br \/>\n(Kcal\/h)<\/th>\n<th>Longueur<br \/>\n(L T mm)<\/th>\n<th>Longueur tronc<br \/>\n(cm)<\/th>\n<th>Capacit\u00e9 tronc<br \/>\n(mm)<\/th>\n<th>Eau Volumn<br \/>\n(l)<\/th>\n<th>Poid<\/th>\n<th>P.V.P<\/th>\n<\/tr>\n<\/thead>\n<tbody>\n<tr>\n<td style=\"color: #008000;\">CLX 25<\/td>\n<td>2790<\/td>\n<td>25<\/td>\n<td>21.500<\/td>\n<td>1044<\/td>\n<td>567<\/td>\n<td>372X410<\/td>\n<td>100<\/td>\n<td>379<\/td>\n<td>1.820<\/td>\n<\/tr>\n<tr>\n<td style=\"color: #008000;\">CLX 33<\/td>\n<td>2791<\/td>\n<td>33<\/td>\n<td>28.380<\/td>\n<td>1234<\/td>\n<td>757<\/td>\n<td>372X410<\/td>\n<td>127<\/td>\n<td>450<\/td>\n<td>1.990<\/td>\n<\/tr>\n<tr>\n<td style=\"color: #008000;\">CLX 40<\/td>\n<td>2792<\/td>\n<td>41<\/td>\n<td>35.260<\/td>\n<td>1424<\/td>\n<td>947<\/td>\n<td>372X410<\/td>\n<td>154<\/td>\n<td>520<\/td>\n<td>2.230<\/td>\n<\/tr>\n<\/tbody>\n<\/table>\n<h4>CLX PLUS<\/h4>\n<table class=\"table table-bordered\">\n<tbody>\n<tr>\n<th>MODEL<\/th>\n<th>CODE<\/th>\n<th>Puissance \u00fatil<br \/>\n(KW)<\/th>\n<th>Puissance \u00fatil<br \/>\n(Kcal\/h)<\/th>\n<th>Longueur<br \/>\n(L T mm)<\/th>\n<th>Longueur tronc<br \/>\n(cm)<\/th>\n<th>Capacit\u00e9 tronc<br \/>\n(mm)<\/th>\n<th>Eau Volumn<br \/>\n(l)<\/th>\n<th>Poid<\/th>\n<th>P.V.P<\/th>\n<\/tr>\n<tr>\n<td><span style=\"color: #008000;\">CLX PLUS 25<br \/>\n<\/span><\/td>\n<td>2793<\/td>\n<td>25<\/td>\n<td>21.500<\/td>\n<td>1044<\/td>\n<td>567<\/td>\n<td>372X410<\/td>\n<td>100<\/td>\n<td>379<\/td>\n<td>2.150<\/td>\n<\/tr>\n<tr>\n<td style=\"color: #008000;\">CLX PLUS 33<\/td>\n<td>2794<\/td>\n<td>33<\/td>\n<td>28.380<\/td>\n<td>1234<\/td>\n<td>757<\/td>\n<td>372X410<\/td>\n<td>127<\/td>\n<td>450<\/td>\n<td>2.420<\/td>\n<\/tr>\n<tr>\n<td style=\"color: #008000;\">CLX PLUS 40<\/td>\n<td>2795<\/td>\n<td>41<\/td>\n<td>35.260<\/td>\n<td>1424<\/td>\n<td>947<\/td>\n<td>372X410<\/td>\n<td>154<\/td>\n<td>520<\/td>\n<td>2.800<\/td>\n<\/tr>\n<\/tbody>\n<\/table>\n","protected":false},"excerpt":{"rendered":"<p>Chaudi\u00e8re en acier polycombustible<br \/>\n(bois + oil)<\/p>\n","protected":false},"featured_media":543,"template":"","meta":{"site-sidebar-layout":"default","site-content-layout":"default","ast-site-content-layout":"","site-content-style":"default","site-sidebar-style":"default","ast-global-header-display":"","ast-banner-title-visibility":"","ast-main-header-display":"","ast-hfb-above-header-display":"","ast-hfb-below-header-display":"","ast-hfb-mobile-header-display":"","site-post-title":"","ast-breadcrumbs-content":"","ast-featured-img":"","footer-sml-layout":"","theme-transparent-header-meta":"default","adv-header-id-meta":"","stick-header-meta":"","header-above-stick-meta":"","header-main-stick-meta":"","header-below-stick-meta":"","astra-migrate-meta-layouts":""},"product_cat":[64,59,71],"product_tag":[],"class_list":["post-827","product","type-product","status-publish","has-post-thumbnail","hentry","product_cat-biomasse-et-solide","product_cat-gamme-domestique","product_cat-solides-et-bois","desktop-align-left","tablet-align-left","mobile-align-left"],"_links":{"self":[{"href":"https:\/\/carbonsdelclos.com\/fr\/wp-json\/wp\/v2\/product\/827","targetHints":{"allow":["GET"]}}],"collection":[{"href":"https:\/\/carbonsdelclos.com\/fr\/wp-json\/wp\/v2\/product"}],"about":[{"href":"https:\/\/carbonsdelclos.com\/fr\/wp-json\/wp\/v2\/types\/product"}],"wp:featuredmedia":[{"embeddable":true,"href":"https:\/\/carbonsdelclos.com\/fr\/wp-json\/wp\/v2\/media\/543"}],"wp:attachment":[{"href":"https:\/\/carbonsdelclos.com\/fr\/wp-json\/wp\/v2\/media?parent=827"}],"wp:term":[{"taxonomy":"product_cat","embeddable":true,"href":"https:\/\/carbonsdelclos.com\/fr\/wp-json\/wp\/v2\/product_cat?post=827"},{"taxonomy":"product_tag","embeddable":true,"href":"https:\/\/carbonsdelclos.com\/fr\/wp-json\/wp\/v2\/product_tag?post=827"}],"curies":[{"name":"wp","href":"https:\/\/api.w.org\/{rel}","templated":true}]}}