{"id":829,"date":"2022-06-22T14:15:37","date_gmt":"2022-06-22T14:15:37","guid":{"rendered":"https:\/\/carbonsdelclos.com\/producto\/cmx\/"},"modified":"2022-06-22T14:15:37","modified_gmt":"2022-06-22T14:15:37","slug":"cmx-2","status":"publish","type":"product","link":"https:\/\/carbonsdelclos.com\/fr\/produit\/cmx-2\/","title":{"rendered":"CMX"},"content":{"rendered":"<p>Avec deux foyers ind\u00e9pendants. Une pour le bois et l`autre pour le gazole.<\/p>\n<p><strong>CARACT\u00c9RISTIQUES<\/strong><\/p>\n<p>&#8211; Les caract\u00e9ristiques de la partie de la bois sont les m\u00eames \u00e0 la s\u00e9rie LASIAN CLX.<br \/>\n&#8211; Le fonctionnement modalit\u00e9 MIXTA est con\u00e7u pour les cas o\u00f9 la demande de chaleur d\u00e9passe la capacit\u00e9 de l`\u00e9nergie calorifique apport\u00e9e par le foyer du bois. Dans ces cas, automatiquement, le br\u00fbleur de gazole entre en fonctionnement r\u00e9gl\u00e9 sur la demande de l`installation.<br \/>\n&#8211; Corps construit en acier de bonne qualit\u00e9.<br \/>\n&#8211; Syst\u00e8me d&rsquo;\u00e9vacuation des gaz des deux foyers en un seul raccordement pour la chemin\u00e9e ext\u00e9rieure.<br \/>\n&#8211; Grande versatilit\u00e9 de fonctionnement:<br \/>\nFonctionnement seulement avec du bois.<br \/>\nFonctionnement seulement gazole.<br \/>\nFonctionnement mixte.<br \/>\n&#8211; Avec un tableau de bord complet<br \/>\n&#8211; Thermostats de travail et de s\u00e9curit\u00e9.<\/p>\n<table class=\"table table-bordered\">\n<thead>\n<tr>\n<th>MODEL<\/th>\n<th>Puissance utile<br \/>\n(Kw)<\/th>\n<th>Puissance utile<br \/>\n(Kcal\/h)<\/th>\n<th>Longueur<br \/>\n(L T mm)<\/th>\n<th>Longueur<br \/>\n(L mm)<\/th>\n<th>Longueur tronc<br \/>\n(cm)<\/th>\n<th>Capacit\u00e9 tronc<br \/>\n(mm)<\/th>\n<th>Eau Volum<br \/>\n(l)<\/th>\n<th>Poid<\/th>\n<th colspan=\"2\">Pas de br\u00fbleur<br \/>\nCode\/P.V.P<\/th>\n<th colspan=\"2\">Avec de br\u00fbleur<br \/>\nCode\/P.V.P<\/th>\n<\/tr>\n<\/thead>\n<tbody>\n<tr>\n<td style=\"color: #008000;\">CMX 25<\/td>\n<td>25<\/td>\n<td>21.500<\/td>\n<td>1029<\/td>\n<td>960<\/td>\n<td>567<\/td>\n<td>372X410<\/td>\n<td>116<\/td>\n<td>455<\/td>\n<td>2803<\/td>\n<td>2.985<\/td>\n<td>2800<\/td>\n<td>3.560<\/td>\n<\/tr>\n<tr>\n<td style=\"color: #008000;\">CMX 33<\/td>\n<td>33<\/td>\n<td>28.380<\/td>\n<td>1222<\/td>\n<td>951<\/td>\n<td>757<\/td>\n<td>372X410<\/td>\n<td>149<\/td>\n<td>535<\/td>\n<td>2804<\/td>\n<td>3.197<\/td>\n<td>2801<\/td>\n<td>3.760<\/td>\n<\/tr>\n<tr>\n<td style=\"color: #008000;\">CMX 40<\/td>\n<td>41<\/td>\n<td>35.260<\/td>\n<td>1412<\/td>\n<td>1141<\/td>\n<td>947<\/td>\n<td>372X410<\/td>\n<td>181<\/td>\n<td>615<\/td>\n<td>2805<\/td>\n<td>3.470<\/td>\n<td>2802<\/td>\n<td>3.997<\/td>\n<\/tr>\n<\/tbody>\n<\/table>\n","protected":false},"excerpt":{"rendered":"<p>Chaudi\u00e8re en acier polycombustible<br \/>\n(bois + oil)<\/p>\n","protected":false},"featured_media":551,"template":"","meta":{"site-sidebar-layout":"default","site-content-layout":"default","ast-site-content-layout":"","site-content-style":"default","site-sidebar-style":"default","ast-global-header-display":"","ast-banner-title-visibility":"","ast-main-header-display":"","ast-hfb-above-header-display":"","ast-hfb-below-header-display":"","ast-hfb-mobile-header-display":"","site-post-title":"","ast-breadcrumbs-content":"","ast-featured-img":"","footer-sml-layout":"","theme-transparent-header-meta":"default","adv-header-id-meta":"","stick-header-meta":"","header-above-stick-meta":"","header-main-stick-meta":"","header-below-stick-meta":"","astra-migrate-meta-layouts":""},"product_cat":[64,59,71],"product_tag":[],"class_list":["post-829","product","type-product","status-publish","has-post-thumbnail","hentry","product_cat-biomasse-et-solide","product_cat-gamme-domestique","product_cat-solides-et-bois","desktop-align-left","tablet-align-left","mobile-align-left"],"_links":{"self":[{"href":"https:\/\/carbonsdelclos.com\/fr\/wp-json\/wp\/v2\/product\/829","targetHints":{"allow":["GET"]}}],"collection":[{"href":"https:\/\/carbonsdelclos.com\/fr\/wp-json\/wp\/v2\/product"}],"about":[{"href":"https:\/\/carbonsdelclos.com\/fr\/wp-json\/wp\/v2\/types\/product"}],"wp:featuredmedia":[{"embeddable":true,"href":"https:\/\/carbonsdelclos.com\/fr\/wp-json\/wp\/v2\/media\/551"}],"wp:attachment":[{"href":"https:\/\/carbonsdelclos.com\/fr\/wp-json\/wp\/v2\/media?parent=829"}],"wp:term":[{"taxonomy":"product_cat","embeddable":true,"href":"https:\/\/carbonsdelclos.com\/fr\/wp-json\/wp\/v2\/product_cat?post=829"},{"taxonomy":"product_tag","embeddable":true,"href":"https:\/\/carbonsdelclos.com\/fr\/wp-json\/wp\/v2\/product_tag?post=829"}],"curies":[{"name":"wp","href":"https:\/\/api.w.org\/{rel}","templated":true}]}}