{"id":831,"date":"2022-06-27T13:12:30","date_gmt":"2022-06-27T13:12:30","guid":{"rendered":"https:\/\/carbonsdelclos.com\/producto\/megasolid\/"},"modified":"2022-06-27T13:12:30","modified_gmt":"2022-06-27T13:12:30","slug":"megasolid-2","status":"publish","type":"product","link":"https:\/\/carbonsdelclos.com\/fr\/produit\/megasolid-2\/","title":{"rendered":"MEGASOLID"},"content":{"rendered":"<p><strong>CARACT\u00c9RISTIQUES<\/strong><\/p>\n<p>&#8211; Chaudi\u00e8re en acier pour solide ( b\u00fbches ) appel\u00e9 invers\u00e9e ou de la gaz\u00e9ification, la combustion pyrolytique. Sa conception et sa grande surface de permettant l&rsquo;\u00e9change de chaleur, en combinaison avec gestion \u00e9lectronique qui module en permanence hotte de la vitesse du ventilateur, obtenir des rendements de 90%.<br \/>\n&#8211; De larges portes: A pour le chargement des grumes bois d\u00e9tecteur d&rsquo;ouverture, l&rsquo;autre pour l&rsquo;acc\u00e8s le br\u00fbleur et l&rsquo;allumage et inf\u00e9rieure pour collection de Ash, qui facilitent l&rsquo;op\u00e9ration le chargement et le nettoyage.<br \/>\n&#8211; Grande autonomie: Avec plein de carburant, il a une gamme de fonctionnement environ 5 \u00e0 8 heures (* ) dans tous les mod\u00e8les.<br \/>\n&#8211; \u00c9chappement Ventilation: Fonctionnement modulant, d&rsquo;augmenter le rendement de la combustion, d\u00e9panne prises dans les installations de chemin\u00e9es anciennes, et n&rsquo;est pas n\u00e9cessaire pour allumer la chaudi\u00e8re si vous avez un minimum braises.<br \/>\n&#8211; Pression de travail maximale: 3 bar<br \/>\n&#8211; Fonctionnement simple et entretien minimal divertissement.<\/p>\n<table class=\"table table-bordered\">\n<thead>\n<tr>\n<th>MODEL<\/th>\n<th>CODE<\/th>\n<th>Puissance utile<br \/>\n(KW)<\/th>\n<th>Puissance utile<br \/>\n(Kcal\/h)<\/th>\n<th>Rendement<\/th>\n<th>Longueur du tronc<br \/>\n(cm)<\/th>\n<th>Longueur du tronc<\/th>\n<th>Volume d&rsquo;eau<br \/>\n(l)<\/th>\n<th>Poid<\/th>\n<th>P.V.P<\/th>\n<\/tr>\n<\/thead>\n<tbody>\n<tr>\n<td style=\"color: #008000;\">MEGASOLID 30<\/td>\n<td>2850<\/td>\n<td>32<\/td>\n<td>27.520<\/td>\n<td>90<\/td>\n<td>55<\/td>\n<td>128,5<\/td>\n<td>100<\/td>\n<td>410<\/td>\n<td>3.590<\/td>\n<\/tr>\n<tr>\n<td style=\"color: #008000;\">MEGASOLID 40<\/td>\n<td>2851<\/td>\n<td>40<\/td>\n<td>34.400<\/td>\n<td>90<\/td>\n<td>70<\/td>\n<td>187,8<\/td>\n<td>110<\/td>\n<td>470<\/td>\n<td>3.985<\/td>\n<\/tr>\n<tr>\n<td style=\"color: #008000;\">MEGASOLID 50<\/td>\n<td>2852<\/td>\n<td>50<\/td>\n<td>43.000<\/td>\n<td>90<\/td>\n<td>80<\/td>\n<td>304,9<\/td>\n<td>132<\/td>\n<td>550<\/td>\n<td>4.410<\/td>\n<\/tr>\n<tr>\n<td style=\"color: #008000;\">MEGASOLID 70<\/td>\n<td>2853<\/td>\n<td>70<\/td>\n<td>60.200<\/td>\n<td>90<\/td>\n<td>95<\/td>\n<td>402,9<\/td>\n<td>170<\/td>\n<td>650<\/td>\n<td>5.110<\/td>\n<\/tr>\n<tr>\n<td style=\"color: #008000;\">MEGASOLID 100<\/td>\n<td>2854<\/td>\n<td>100<\/td>\n<td>86.000<\/td>\n<td>90<\/td>\n<td>110<\/td>\n<td>520<\/td>\n<td>215<\/td>\n<td>820<\/td>\n<td>6.675<\/td>\n<\/tr>\n<\/tbody>\n<\/table>\n","protected":false},"excerpt":{"rendered":"<p>Chaudiere acier solide<br \/>\n(bois) flamme investis<\/p>\n","protected":false},"featured_media":559,"template":"","meta":{"site-sidebar-layout":"default","site-content-layout":"default","ast-site-content-layout":"","site-content-style":"default","site-sidebar-style":"default","ast-global-header-display":"","ast-banner-title-visibility":"","ast-main-header-display":"","ast-hfb-above-header-display":"","ast-hfb-below-header-display":"","ast-hfb-mobile-header-display":"","site-post-title":"","ast-breadcrumbs-content":"","ast-featured-img":"","footer-sml-layout":"","theme-transparent-header-meta":"default","adv-header-id-meta":"","stick-header-meta":"","header-above-stick-meta":"","header-main-stick-meta":"","header-below-stick-meta":"","astra-migrate-meta-layouts":""},"product_cat":[64,59,71],"product_tag":[],"class_list":["post-831","product","type-product","status-publish","has-post-thumbnail","hentry","product_cat-biomasse-et-solide","product_cat-gamme-domestique","product_cat-solides-et-bois","desktop-align-left","tablet-align-left","mobile-align-left"],"_links":{"self":[{"href":"https:\/\/carbonsdelclos.com\/fr\/wp-json\/wp\/v2\/product\/831","targetHints":{"allow":["GET"]}}],"collection":[{"href":"https:\/\/carbonsdelclos.com\/fr\/wp-json\/wp\/v2\/product"}],"about":[{"href":"https:\/\/carbonsdelclos.com\/fr\/wp-json\/wp\/v2\/types\/product"}],"wp:featuredmedia":[{"embeddable":true,"href":"https:\/\/carbonsdelclos.com\/fr\/wp-json\/wp\/v2\/media\/559"}],"wp:attachment":[{"href":"https:\/\/carbonsdelclos.com\/fr\/wp-json\/wp\/v2\/media?parent=831"}],"wp:term":[{"taxonomy":"product_cat","embeddable":true,"href":"https:\/\/carbonsdelclos.com\/fr\/wp-json\/wp\/v2\/product_cat?post=831"},{"taxonomy":"product_tag","embeddable":true,"href":"https:\/\/carbonsdelclos.com\/fr\/wp-json\/wp\/v2\/product_tag?post=831"}],"curies":[{"name":"wp","href":"https:\/\/api.w.org\/{rel}","templated":true}]}}