{"id":833,"date":"2022-06-27T13:16:04","date_gmt":"2022-06-27T13:16:04","guid":{"rendered":"https:\/\/carbonsdelclos.com\/producto\/solimax-et-solimax-plus\/"},"modified":"2022-06-27T13:16:04","modified_gmt":"2022-06-27T13:16:04","slug":"solimax-et-solimax-plus","status":"publish","type":"product","link":"https:\/\/carbonsdelclos.com\/fr\/produit\/solimax-et-solimax-plus\/","title":{"rendered":"SOLIMAX et SOLIMAX Plus"},"content":{"rendered":"<p>Moulage corps du fer, constitu\u00e9 d&rsquo;\u00e9l\u00e9ments reli\u00e9s par des bagues d&rsquo;acier, un rendement thermique \u00e9lev\u00e9.<\/p>\n<p><strong>SOLIMAX:<\/strong><br \/>\n&#8211; Double porte avant et le nettoyage.<br \/>\n&#8211; Refroidi \u00e0 l&rsquo;eau grilles qui emp\u00eachent la d\u00e9t\u00e9rioration en particulier le charbon.<br \/>\n&#8211; R\u00e9glage de l&rsquo;air de combustion \u00e0 la fois \u00e0 l&rsquo;avant, comme une balle dans la chemin\u00e9e.<br \/>\n&#8211; Prise en charge de bois flott\u00e9 grand pour sa bouche grande charge 322 x 318 mm.<\/p>\n<p><strong>SOLIMAX PLUS:<\/strong><br \/>\n&#8211; Caract\u00e9ristiques similaires \u00e0 celles du SOLIMAX, mais avec le panneau \u00e9lectronique et le ventilateur de g\u00e9rer automatiquement la combustion.<br \/>\n&#8211; Corrections prises dans des installations avec des chemin\u00e9es anciennes.<\/p>\n<p><strong>CARACT\u00c9RISTIQUES<\/strong><br \/>\nPression: 4 bars.<\/p>\n<hr>\n<h4>SOLIMAX<\/h4>\n<table class=\"table table-bordered\">\n<thead>\n<tr>\n<th>MODEL<\/th>\n<th>CODE<\/th>\n<th>N\u00ba ELEMENTS<\/th>\n<th>Puissance utile du bois<br \/>\n(KW)<\/th>\n<th>Puissance utile du bois<br \/>\n(Kcal\/h)<\/th>\n<th>Puissance utile du charbon<br \/>\n(KW)<\/th>\n<th>Puissance utile du charbon<br \/>\n(Kcal\/h)<\/th>\n<th>Sortie de gaz<\/th>\n<th>Volume d&rsquo;eau<br \/>\n(l)<\/th>\n<th>Profondeur de chambre<br \/>\n(mm)<\/th>\n<th>Boca de charge de bois<br \/>\n(mm)<\/th>\n<th>Poid<\/th>\n<th>P.V.P<\/th>\n<\/tr>\n<\/thead>\n<tbody>\n<tr>\n<td style=\"color: #008000;\">SOLIMAX 20<\/td>\n<td>1829<\/td>\n<td>4<\/td>\n<td>23<\/td>\n<td>19.780<\/td>\n<td>27<\/td>\n<td>23.220<\/td>\n<td>175<\/td>\n<td>22<\/td>\n<td>320<\/td>\n<td>322&#215;318<\/td>\n<td>213<\/td>\n<td>1.280<\/td>\n<\/tr>\n<tr>\n<td style=\"color: #008000;\">SOLIMAX 30<\/td>\n<td>1830<\/td>\n<td>5<\/td>\n<td>30<\/td>\n<td>25.800<\/td>\n<td>34<\/td>\n<td>29.240<\/td>\n<td>175<\/td>\n<td>27<\/td>\n<td>420<\/td>\n<td>322&#215;318<\/td>\n<td>248<\/td>\n<td>1.460<\/td>\n<\/tr>\n<tr>\n<td style=\"color: #008000;\">SOLIMAX 40<\/td>\n<td>1831<\/td>\n<td>7<\/td>\n<td>43<\/td>\n<td>36.980<\/td>\n<td>48<\/td>\n<td>41.280<\/td>\n<td>175<\/td>\n<td>37<\/td>\n<td>620<\/td>\n<td>322&#215;318<\/td>\n<td>318<\/td>\n<td>1.800<\/td>\n<\/tr>\n<tr>\n<td style=\"color: #008000;\">SOLIMAX 50<\/td>\n<td>1832<\/td>\n<td>8<\/td>\n<td>51<\/td>\n<td>43.860<\/td>\n<td>56<\/td>\n<td>48.160<\/td>\n<td>175<\/td>\n<td>42<\/td>\n<td>720<\/td>\n<td>322&#215;318<\/td>\n<td>353<\/td>\n<td>2.000<\/td>\n<\/tr>\n<\/tbody>\n<\/table>\n<h4>SOLIMAX PLUS<\/h4>\n<table class=\"table table-bordered\">\n<thead>\n<tr>\n<th>MODEL<\/th>\n<th>CODE<\/th>\n<th>N\u00ba ELEMENTS<\/th>\n<th>Puissance utile du bois<br \/>\n(KW)<\/th>\n<th>Puissance utile du bois<br \/>\n(Kcal\/h)<\/th>\n<th>Puissance utile du charbon<br \/>\n(KW)<\/th>\n<th>Puissance utile du charbon<br \/>\n(Kcal\/h)<\/th>\n<th>Sortie de gaz<\/th>\n<th>Volume d&rsquo;eau<br \/>\n(l)<\/th>\n<th>Profondeur de chambre<br \/>\n(mm)<\/th>\n<th>Boca de charge de bois<br \/>\n(mm)<\/th>\n<th>Poid<\/th>\n<th>P.V.P<\/th>\n<\/tr>\n<\/thead>\n<tbody>\n<tr>\n<td style=\"color: #008000;\">SOLIMAX 30 PLUS<\/td>\n<td>1840<\/td>\n<td>5<\/td>\n<td>30<\/td>\n<td>25.800<\/td>\n<td>34<\/td>\n<td>29.240<\/td>\n<td>175<\/td>\n<td>27<\/td>\n<td>420<\/td>\n<td>322&#215;318<\/td>\n<td>253<\/td>\n<td>2.026<\/td>\n<\/tr>\n<tr>\n<td style=\"color: #008000;\">SOLIMAX 40 PLUS<\/td>\n<td>1841<\/td>\n<td>7<\/td>\n<td>43<\/td>\n<td>36.980<\/td>\n<td>48<\/td>\n<td>41.280<\/td>\n<td>175<\/td>\n<td>37<\/td>\n<td>620<\/td>\n<td>322&#215;318<\/td>\n<td>323<\/td>\n<td>2.380<\/td>\n<\/tr>\n<tr>\n<td style=\"color: #008000;\">SOLIMAX 50 PLUS<\/td>\n<td>1842<\/td>\n<td>8<\/td>\n<td>51<\/td>\n<td>43.860<\/td>\n<td>56<\/td>\n<td>48.160<\/td>\n<td>175<\/td>\n<td>42<\/td>\n<td>720<\/td>\n<td>322&#215;318<\/td>\n<td>358<\/td>\n<td>2.598<\/td>\n<\/tr>\n<tr>\n<td style=\"color: #008000;\">SOLIMAX 65 PLUS<\/td>\n<td>1843<\/td>\n<td>10<\/td>\n<td>65<\/td>\n<td>55.900<\/td>\n<td>70<\/td>\n<td>60.200<\/td>\n<td>175<\/td>\n<td>52<\/td>\n<td>920<\/td>\n<td>322&#215;318<\/td>\n<td>428<\/td>\n<td>2.976<\/td>\n<\/tr>\n<\/tbody>\n<\/table>\n","protected":false},"excerpt":{"rendered":"<p>Fonte chaudi\u00e8res combustibles solides (bois de feu et charbon de bois)<\/p>\n","protected":false},"featured_media":567,"template":"","meta":{"site-sidebar-layout":"default","site-content-layout":"default","ast-site-content-layout":"","site-content-style":"default","site-sidebar-style":"default","ast-global-header-display":"","ast-banner-title-visibility":"","ast-main-header-display":"","ast-hfb-above-header-display":"","ast-hfb-below-header-display":"","ast-hfb-mobile-header-display":"","site-post-title":"","ast-breadcrumbs-content":"","ast-featured-img":"","footer-sml-layout":"","theme-transparent-header-meta":"default","adv-header-id-meta":"","stick-header-meta":"","header-above-stick-meta":"","header-main-stick-meta":"","header-below-stick-meta":"","astra-migrate-meta-layouts":""},"product_cat":[64,59,71],"product_tag":[],"class_list":["post-833","product","type-product","status-publish","has-post-thumbnail","hentry","product_cat-biomasse-et-solide","product_cat-gamme-domestique","product_cat-solides-et-bois","desktop-align-left","tablet-align-left","mobile-align-left"],"_links":{"self":[{"href":"https:\/\/carbonsdelclos.com\/fr\/wp-json\/wp\/v2\/product\/833","targetHints":{"allow":["GET"]}}],"collection":[{"href":"https:\/\/carbonsdelclos.com\/fr\/wp-json\/wp\/v2\/product"}],"about":[{"href":"https:\/\/carbonsdelclos.com\/fr\/wp-json\/wp\/v2\/types\/product"}],"wp:featuredmedia":[{"embeddable":true,"href":"https:\/\/carbonsdelclos.com\/fr\/wp-json\/wp\/v2\/media\/567"}],"wp:attachment":[{"href":"https:\/\/carbonsdelclos.com\/fr\/wp-json\/wp\/v2\/media?parent=833"}],"wp:term":[{"taxonomy":"product_cat","embeddable":true,"href":"https:\/\/carbonsdelclos.com\/fr\/wp-json\/wp\/v2\/product_cat?post=833"},{"taxonomy":"product_tag","embeddable":true,"href":"https:\/\/carbonsdelclos.com\/fr\/wp-json\/wp\/v2\/product_tag?post=833"}],"curies":[{"name":"wp","href":"https:\/\/api.w.org\/{rel}","templated":true}]}}