{"id":835,"date":"2022-06-27T13:22:15","date_gmt":"2022-06-27T13:22:15","guid":{"rendered":"https:\/\/carbonsdelclos.com\/producto\/activa-et-activa-plus\/"},"modified":"2022-06-27T13:22:15","modified_gmt":"2022-06-27T13:22:15","slug":"activa-et-activa-plus","status":"publish","type":"product","link":"https:\/\/carbonsdelclos.com\/fr\/produit\/activa-et-activa-plus\/","title":{"rendered":"ACTIVA et ACTIVA Plus"},"content":{"rendered":"<h4>ACTIVA<\/h4>\n<p>&#8211; Haute efficacit\u00e9 \u00e9nerg\u00e9tique obtenue par l&rsquo; Caract\u00e9ristiques de construction du corps de LASIAN grande surface d&rsquo;\u00e9change thermique et la r\u00e9duction au minimum de les pertes d&rsquo;\u00e9nergie dans l&rsquo;unit\u00e9.<br \/>\n&#8211; Les gaz de sortie du syst\u00e8me de r\u00e8glement combustion constitu\u00e9e par des serviteurs chacun passage de la fum\u00e9e.<br \/>\n&#8211; Conception et construction con\u00e7u pour une utilisation facile entretien et le nettoyage.<br \/>\n&#8211; Les niveaux d&rsquo;\u00e9mission acoustique r\u00e9duire d\u00e9finir bruit.<br \/>\n&#8211; Bonne finition ext\u00e9rieure offrant une plus grande protection contre les agents de l&rsquo;environnement.<br \/>\n&#8211; La puissance de 27,2 kW et 37,5 kW de puissance.<br \/>\n&#8211; Deux versions disponibles dans les unit\u00e9s thermiques ACTIFS:<br \/>\nACTIVA C: Chauffer seulement<br \/>\nACTIVA A: Chauffage et eau chaude instantan\u00e9e<\/p>\n<table class=\"table table-bordered\">\n<thead>\n<tr>\n<th>MODEL<\/th>\n<th>CODE<\/th>\n<th>Version<\/th>\n<th>Puissance de utile<br \/>\n(KW)<\/th>\n<th>Puissance de utile<br \/>\n(Kcal\/h)<\/th>\n<th>Eau chaude<\/th>\n<th>Poid<\/th>\n<th>P.V.P<\/th>\n<\/tr>\n<\/thead>\n<tbody>\n<tr>\n<td style=\"color: #ff0000;\">ACTIVA 30 A<\/td>\n<td>1501<\/td>\n<td>Chauffage + ACS<\/td>\n<td>27,2<\/td>\n<td>23.375<\/td>\n<td>11,8<\/td>\n<td>115<\/td>\n<td>1.590<\/td>\n<\/tr>\n<tr>\n<td style=\"color: #ff0000;\">ACTIVA 30 C<\/td>\n<td>1502<\/td>\n<td>Seul Chauffage<\/td>\n<td>27,2<\/td>\n<td>23.375<\/td>\n<td>&#8211;<\/td>\n<td>104<\/td>\n<td>1.390<\/td>\n<\/tr>\n<tr>\n<td style=\"color: #ff0000;\">ACTIVA 40 A<\/td>\n<td>1503<\/td>\n<td>Chauffage + ACS<\/td>\n<td>37,5<\/td>\n<td>23.375<\/td>\n<td>14,4<\/td>\n<td>136<\/td>\n<td>1.785<\/td>\n<\/tr>\n<tr>\n<td style=\"color: #ff0000;\">ACTIVA 40 A<\/td>\n<td>1504<\/td>\n<td>Seul Chauffage<\/td>\n<td>37,5<\/td>\n<td>23.375<\/td>\n<td>&#8211;<\/td>\n<td>125<\/td>\n<td>1.583<\/td>\n<\/tr>\n<\/tbody>\n<\/table>\n<h4>ACTIVA PLUS<\/h4>\n<p>&#8211; Haute efficacit\u00e9 \u00e9nerg\u00e9tique obtenue par les caract\u00e9ristiques construction de grands organismes LASIAN surface d&rsquo;\u00e9change et de minimiser les pertes l&rsquo;\u00e9nergie dans l&rsquo;appareil.<br \/>\n&#8211; Les gaz de sortie du syst\u00e8me de r\u00e8glement combustion constitu\u00e9e par des serviteurs chacun passage de la fum\u00e9e.<br \/>\n&#8211; Fum\u00e9e standard est \u00e0 l&rsquo;arri\u00e8re de la groupe thermique. S&rsquo;il est sp\u00e9cifi\u00e9 dans la demande peuvent \u00eatre fournis avec sortie dans le mod\u00e8le haut de gamme seulement PLUS ACTIVE 30.<br \/>\n&#8211; Conception et construction con\u00e7u pour une utilisation facile entretien et le nettoyage.<br \/>\n&#8211; Les niveaux d&rsquo;\u00e9mission acoustique r\u00e9duire d\u00e9finir bruit.<br \/>\n&#8211; Bonne finition ext\u00e9rieure offrant une plus grande protection contre les agents de l&rsquo;environnement.<br \/>\n&#8211; La puissance de 27,2 kW et 37,5 kW de puissance.<\/p>\n<table class=\"table table-bordered\">\n<thead>\n<tr>\n<th>MODEL<\/th>\n<th>CODE<\/th>\n<th>Version<\/th>\n<th>Puissance de utile<br \/>\n(KW)<\/th>\n<th>Puissance de utile<br \/>\n(Kcal\/h)<\/th>\n<th>Eau chaude<\/th>\n<th>Poid<\/th>\n<th>P.V.P<\/th>\n<\/tr>\n<\/thead>\n<tbody>\n<tr>\n<td style=\"color: #ff0000;\">ACTIVA PLUS 30<\/td>\n<td>1507<\/td>\n<td>Chauffage + ACS<\/td>\n<td>27,2<\/td>\n<td>23.375<\/td>\n<td>11,8<\/td>\n<td>115<\/td>\n<td>1.755<\/td>\n<\/tr>\n<tr>\n<td style=\"color: #ff0000;\">ACTIVA PLUS 40<\/td>\n<td>1508<\/td>\n<td>Chauffage + ACS<\/td>\n<td>37,5<\/td>\n<td>23.375<\/td>\n<td>14,4<\/td>\n<td>136<\/td>\n<td>1.905<\/td>\n<\/tr>\n<\/tbody>\n<\/table>\n","protected":false},"excerpt":{"rendered":"<p>Performance du groupe en acier thermique<\/p>\n","protected":false},"featured_media":575,"template":"","meta":{"site-sidebar-layout":"default","site-content-layout":"default","ast-site-content-layout":"","site-content-style":"default","site-sidebar-style":"default","ast-global-header-display":"","ast-banner-title-visibility":"","ast-main-header-display":"","ast-hfb-above-header-display":"","ast-hfb-below-header-display":"","ast-hfb-mobile-header-display":"","site-post-title":"","ast-breadcrumbs-content":"","ast-featured-img":"","footer-sml-layout":"","theme-transparent-header-meta":"default","adv-header-id-meta":"","stick-header-meta":"","header-above-stick-meta":"","header-main-stick-meta":"","header-below-stick-meta":"","astra-migrate-meta-layouts":""},"product_cat":[59,74],"product_tag":[],"class_list":["post-835","product","type-product","status-publish","has-post-thumbnail","hentry","product_cat-gamme-domestique","product_cat-generateurs-thermiques-diesel","desktop-align-left","tablet-align-left","mobile-align-left"],"_links":{"self":[{"href":"https:\/\/carbonsdelclos.com\/fr\/wp-json\/wp\/v2\/product\/835","targetHints":{"allow":["GET"]}}],"collection":[{"href":"https:\/\/carbonsdelclos.com\/fr\/wp-json\/wp\/v2\/product"}],"about":[{"href":"https:\/\/carbonsdelclos.com\/fr\/wp-json\/wp\/v2\/types\/product"}],"wp:featuredmedia":[{"embeddable":true,"href":"https:\/\/carbonsdelclos.com\/fr\/wp-json\/wp\/v2\/media\/575"}],"wp:attachment":[{"href":"https:\/\/carbonsdelclos.com\/fr\/wp-json\/wp\/v2\/media?parent=835"}],"wp:term":[{"taxonomy":"product_cat","embeddable":true,"href":"https:\/\/carbonsdelclos.com\/fr\/wp-json\/wp\/v2\/product_cat?post=835"},{"taxonomy":"product_tag","embeddable":true,"href":"https:\/\/carbonsdelclos.com\/fr\/wp-json\/wp\/v2\/product_tag?post=835"}],"curies":[{"name":"wp","href":"https:\/\/api.w.org\/{rel}","templated":true}]}}