{"id":837,"date":"2022-06-27T13:26:42","date_gmt":"2022-06-27T13:26:42","guid":{"rendered":"https:\/\/carbonsdelclos.com\/producto\/climacomby-et-climacomby-s\/"},"modified":"2022-06-27T13:26:42","modified_gmt":"2022-06-27T13:26:42","slug":"climacomby-y-climacomby-s-2","status":"publish","type":"product","link":"https:\/\/carbonsdelclos.com\/fr\/produit\/climacomby-y-climacomby-s-2\/","title":{"rendered":"CLIMACOMBY et CLIMACOMBY-S"},"content":{"rendered":"<h3>CLIMACOMBY &#8211; GROUPE THERMIQUE AVEC COMMANDE ANALOGIQUE<\/h3>\n<p>&#8211; La production de chaleur pour le chauffage et instantan\u00e9e ACS avec une puissance de 23 220 kcal\/h.<br \/>\n&#8211; Construit d&rsquo;\u00e9l\u00e9ments en fonte de trois \u00e9tapes fumer qui optimisent l&rsquo;efficacit\u00e9 \u00e9nerg\u00e9tique la chaudi\u00e8re.<br \/>\n&#8211; Conception et construction con\u00e7u pour une utilisation facile entretien et le nettoyage.<br \/>\n&#8211; Comprend type de batterie de l&rsquo;\u00e9changeur pour ACS une plus grande autonomie de fonctionnement et de durabilit\u00e9.<br \/>\n&#8211; Thermiquement et acoustiquement isol\u00e9e.<br \/>\n&#8211; Finition optimale \u00e9trang\u00e8re fournissant une haute protection contre les attaques par des agents environnementaux externe.<br \/>\n&#8211; Unit\u00e9 de commande avec sticks analogiques et thermostats.<\/p>\n<table class=\"table table-bordered\">\n<thead>\n<tr>\n<th>MODEL<\/th>\n<th>CODE<\/th>\n<th>Version<\/th>\n<th>Puissance utile<br \/>\n(KW)<\/th>\n<th>Puissance utile<br \/>\n(Kcal\/h)<\/th>\n<th>Eau chaude<\/th>\n<th>P.V.P<\/th>\n<\/tr>\n<\/thead>\n<tbody>\n<tr>\n<td style=\"color: #ff0000;\">CLIMACOMBY 30 A<\/td>\n<td>1475<\/td>\n<td>27<\/td>\n<td>23.220<\/td>\n<td>13<\/td>\n<td>168<\/td>\n<td>1.590<\/td>\n<\/tr>\n<\/tbody>\n<\/table>\n<h3>CLIMACOMBY-S Chaudi\u00e8res avec r\u00e9gulation de ANALOGIC<\/h3>\n<p>&#8211; Chaudi\u00e8res sont constitu\u00e9s de:<br \/>\n&#8211; Corps en fonte<br \/>\n&#8211; Tableau de bord<br \/>\n&#8211; Bo\u00eetiers cheval<br \/>\n&#8211; J&rsquo;ai construit avec des \u00e9l\u00e9ments en fonte trois \u00e9tapes fumer qui optimisent l&rsquo;efficacit\u00e9 \u00e9nerg\u00e9tique.<br \/>\n&#8211; Isol\u00e9 thermiquement et acoustiquement.<br \/>\n&#8211; Finition optimale \u00e9trang\u00e8re fournissant une haute protection contre les attaques par des agents environnementaux externe.<br \/>\n&#8211; Unit\u00e9 de commande avec sticks analogiques et thermostats.<\/p>\n<table class=\"table table-bordered\">\n<thead>\n<tr>\n<th>MODEL<\/th>\n<th>CODE<\/th>\n<th>Version<\/th>\n<th>Puissance utile<br \/>\n(KW)<\/th>\n<th>Puissance utile<br \/>\n(Kcal\/h)<\/th>\n<th>Eau chaude<\/th>\n<th>P.V.P<\/th>\n<\/tr>\n<\/thead>\n<tbody>\n<tr>\n<td style=\"color: #ff0000;\">CLIMACOMBY-S 30<\/td>\n<td>1450<\/td>\n<td>27<\/td>\n<td>23.220<\/td>\n<td>123<\/td>\n<td>810<\/td>\n<td>1.190<\/td>\n<\/tr>\n<tr>\n<td style=\"color: #ff0000;\">CLIMACOMBY-S 40<\/td>\n<td>1451<\/td>\n<td>36<\/td>\n<td>30.960<\/td>\n<td>145<\/td>\n<td>910<\/td>\n<td>1.260<\/td>\n<\/tr>\n<tr>\n<td style=\"color: #ff0000;\">CLIMACOMBY-S 50<\/td>\n<td>1452<\/td>\n<td>46<\/td>\n<td>39.560<\/td>\n<td>167<\/td>\n<td>998<\/td>\n<td>1.368<\/td>\n<\/tr>\n<\/tbody>\n<\/table>\n","protected":false},"excerpt":{"rendered":"<p>Groupe de fonte de chaleur &#8211; Diesel<\/p>\n","protected":false},"featured_media":583,"template":"","meta":{"site-sidebar-layout":"default","site-content-layout":"default","ast-site-content-layout":"","site-content-style":"default","site-sidebar-style":"default","ast-global-header-display":"","ast-banner-title-visibility":"","ast-main-header-display":"","ast-hfb-above-header-display":"","ast-hfb-below-header-display":"","ast-hfb-mobile-header-display":"","site-post-title":"","ast-breadcrumbs-content":"","ast-featured-img":"","footer-sml-layout":"","theme-transparent-header-meta":"default","adv-header-id-meta":"","stick-header-meta":"","header-above-stick-meta":"","header-main-stick-meta":"","header-below-stick-meta":"","astra-migrate-meta-layouts":""},"product_cat":[59,74],"product_tag":[],"class_list":["post-837","product","type-product","status-publish","has-post-thumbnail","hentry","product_cat-gamme-domestique","product_cat-generateurs-thermiques-diesel","desktop-align-left","tablet-align-left","mobile-align-left"],"_links":{"self":[{"href":"https:\/\/carbonsdelclos.com\/fr\/wp-json\/wp\/v2\/product\/837","targetHints":{"allow":["GET"]}}],"collection":[{"href":"https:\/\/carbonsdelclos.com\/fr\/wp-json\/wp\/v2\/product"}],"about":[{"href":"https:\/\/carbonsdelclos.com\/fr\/wp-json\/wp\/v2\/types\/product"}],"wp:featuredmedia":[{"embeddable":true,"href":"https:\/\/carbonsdelclos.com\/fr\/wp-json\/wp\/v2\/media\/583"}],"wp:attachment":[{"href":"https:\/\/carbonsdelclos.com\/fr\/wp-json\/wp\/v2\/media?parent=837"}],"wp:term":[{"taxonomy":"product_cat","embeddable":true,"href":"https:\/\/carbonsdelclos.com\/fr\/wp-json\/wp\/v2\/product_cat?post=837"},{"taxonomy":"product_tag","embeddable":true,"href":"https:\/\/carbonsdelclos.com\/fr\/wp-json\/wp\/v2\/product_tag?post=837"}],"curies":[{"name":"wp","href":"https:\/\/api.w.org\/{rel}","templated":true}]}}