{"id":840,"date":"2022-06-27T13:30:55","date_gmt":"2022-06-27T13:30:55","guid":{"rendered":"https:\/\/carbonsdelclos.com\/producto\/climaterm-et-climaterm-av\/"},"modified":"2022-06-27T13:30:55","modified_gmt":"2022-06-27T13:30:55","slug":"climaterm-et-climaterm-av","status":"publish","type":"product","link":"https:\/\/carbonsdelclos.com\/fr\/produit\/climaterm-et-climaterm-av\/","title":{"rendered":"CLIMATERM et CLIMATERM AV"},"content":{"rendered":"<h3>CLIMATERM<\/h3>\n<p>&#8211; Haute efficacit\u00e9 \u00e9nerg\u00e9tique obtenue par l&rsquo; Caract\u00e9ristiques de construction du corps de LASIAN grande surface d&rsquo;\u00e9change thermique et la r\u00e9duction au minimum de les pertes d&rsquo;\u00e9nergie dans l&rsquo;unit\u00e9.<br \/>\n&#8211; Les gaz de sortie du syst\u00e8me de r\u00e8glement combustion constitu\u00e9e par des serviteurs chacun passage de la fum\u00e9e.<br \/>\n&#8211; Conception et construction con\u00e7u pour une utilisation facile entretien et le nettoyage.<br \/>\n&#8211; Les niveaux d&rsquo;\u00e9mission acoustique r\u00e9duire d\u00e9finir bruit.<br \/>\n&#8211; Bonne finition ext\u00e9rieure offrant une plus grande protection contre les agents de l&rsquo;environnement.<br \/>\n&#8211; La puissance de 27,2 kW et 37,5 kW de puissance.<br \/>\n&#8211; Deux versions disponibles dans les unit\u00e9s thermiques ACTIFS:<br \/>\n<strong>ACTIVA C:<\/strong> Chauffer seulement<br \/>\n<strong>ACTIVA A:<\/strong> Chauffage et eau chaude instantan\u00e9e<\/p>\n<table class=\"table table-bordered\">\n<thead>\n<tr>\n<th>MODEL<\/th>\n<th>CODE<\/th>\n<th>Version<\/th>\n<th>Puissance de utile<br \/>\n(KW)<\/th>\n<th>Puissance de utile<br \/>\n(Kcal\/h)<\/th>\n<th>Eau chaude<\/th>\n<th>Poid<\/th>\n<th>P.V.P<\/th>\n<\/tr>\n<\/thead>\n<tbody>\n<tr>\n<td style=\"color: #ff0000;\">CLIMATERM 30 A<\/td>\n<td>1460<\/td>\n<td rowspan=\"2\">Chauffage + ECS instantan\u00e9e<\/td>\n<td>27<\/td>\n<td>23.220<\/td>\n<td>13<\/td>\n<td>162<\/td>\n<td>1.660<\/td>\n<\/tr>\n<tr>\n<td style=\"color: #ff0000;\">CLIMATERM 40 A<\/td>\n<td>1465<\/td>\n<td>36<\/td>\n<td>30.960<\/td>\n<td>15,3<\/td>\n<td>202<\/td>\n<td>1.807<\/td>\n<\/tr>\n<tr>\n<td style=\"color: #ff0000;\">CLIMATERM 30 C<\/td>\n<td>1461<\/td>\n<td rowspan=\"2\">Chauffer seulement<\/td>\n<td>27<\/td>\n<td>23.220<\/td>\n<td>&#8211;<\/td>\n<td>150<\/td>\n<td>1.506<\/td>\n<\/tr>\n<tr>\n<td style=\"color: #ff0000;\">CLIMATERM40 C<\/td>\n<td>1466<\/td>\n<td>36<\/td>\n<td>30.960<\/td>\n<td>&#8211;<\/td>\n<td>190<\/td>\n<td>1.644<\/td>\n<\/tr>\n<\/tbody>\n<\/table>\n<h3>CLIMATERM AV<\/h3>\n<p>&#8211; Haute efficacit\u00e9 \u00e9nerg\u00e9tique obtenue par les caract\u00e9ristiques construction de grands organismes LASIAN surface d&rsquo;\u00e9change et de minimiser les pertes l&rsquo;\u00e9nergie dans l&rsquo;appareil.<br \/>\n&#8211; Les gaz de sortie du syst\u00e8me de r\u00e8glement combustion constitu\u00e9e par des serviteurs chacun passage de la fum\u00e9e.<br \/>\n&#8211; Fum\u00e9e standard est \u00e0 l&rsquo;arri\u00e8re de la groupe thermique. S&rsquo;il est sp\u00e9cifi\u00e9 dans la demande peuvent \u00eatre fournis avec sortie dans le mod\u00e8le haut de gamme seulement PLUS ACTIVE 30.<br \/>\n&#8211; Conception et construction con\u00e7u pour une utilisation facile entretien et le nettoyage.<br \/>\n&#8211; Les niveaux d&rsquo;\u00e9mission acoustique r\u00e9duire d\u00e9finir bruit.<br \/>\n&#8211; Bonne finition ext\u00e9rieure offrant une plus grande protection contre les agents de l&rsquo;environnement.<br \/>\n&#8211; La puissance de 27,2 kW et 37,5 kW de puissance.<br \/>\n&#8211; La carte \u00e9lectronique dispose de 3 modes de fonctionnement et dispose de fonctionnalit\u00e9s suppl\u00e9mentaires qui am\u00e9liorent les performances chaudi\u00e8re et permettre de plus grandes \u00e9conomies. L&rsquo;utilisateur sait tout temps les valeurs de temp\u00e9rature et de pression, et par La messagerie texte est inform\u00e9 de tout incident.<\/p>\n<table class=\"table table-bordered\">\n<thead>\n<tr>\n<th>MODEL<\/th>\n<th>CODE<\/th>\n<th>Version<\/th>\n<th>Puissance de utile<br \/>\n(KW)<\/th>\n<th>Puissance de utile<br \/>\n(Kcal\/h)<\/th>\n<th>Eau chaude<\/th>\n<th>Poid<\/th>\n<th>P.V.P<\/th>\n<\/tr>\n<\/thead>\n<tbody>\n<tr>\n<td style=\"color: #ff0000;\" rowspan=\"2\">CLIMATERM AV 30<\/td>\n<td>2150<\/td>\n<td>Vitrifi\u00e9<\/td>\n<td>27<\/td>\n<td>23.220<\/td>\n<td>720<\/td>\n<td>265<\/td>\n<td>2.134<\/td>\n<\/tr>\n<tr>\n<td>2151<\/td>\n<td>Inoxidable<\/td>\n<td>27<\/td>\n<td>23.220<\/td>\n<td>732<\/td>\n<td>265<\/td>\n<td>2.401<\/td>\n<\/tr>\n<tr>\n<td style=\"color: #ff0000;\" rowspan=\"2\">CLIMATERM AV 40<\/td>\n<td>2152<\/td>\n<td>Vitrifi\u00e9<\/td>\n<td>36<\/td>\n<td>30.960<\/td>\n<td>870<\/td>\n<td>277<\/td>\n<td>2.289<\/td>\n<\/tr>\n<tr>\n<td>2153<\/td>\n<td>Inoxidable<\/td>\n<td>36<\/td>\n<td>30.960<\/td>\n<td>912<\/td>\n<td>277<\/td>\n<td>2.495<\/td>\n<\/tr>\n<tr>\n<td style=\"color: #ff0000;\" rowspan=\"2\">CLIMATERM AV SR 30<\/td>\n<td>2154<\/td>\n<td>Vitrifi\u00e9<\/td>\n<td>27<\/td>\n<td>23.220<\/td>\n<td>720<\/td>\n<td>267<\/td>\n<td>2.580<\/td>\n<\/tr>\n<tr>\n<td>2155<\/td>\n<td>Inoxidable<\/td>\n<td>27<\/td>\n<td>23.220<\/td>\n<td>732<\/td>\n<td>267<\/td>\n<td>2.730<\/td>\n<\/tr>\n<tr>\n<td style=\"color: #ff0000;\" rowspan=\"2\">CLIMATERM AV SR 40<\/td>\n<td>2156<\/td>\n<td>Vitrifi\u00e9<\/td>\n<td>36<\/td>\n<td>30.960<\/td>\n<td>870<\/td>\n<td>279<\/td>\n<td>2.700<\/td>\n<\/tr>\n<tr>\n<td>2157<\/td>\n<td>Inoxidable<\/td>\n<td>36<\/td>\n<td>30.960<\/td>\n<td>912<\/td>\n<td>279<\/td>\n<td>2.820<\/td>\n<\/tr>\n<\/tbody>\n<\/table>\n","protected":false},"excerpt":{"rendered":"<p>Groupe de fonte de chaleur &#8211; Diesel<\/p>\n","protected":false},"featured_media":591,"template":"","meta":{"site-sidebar-layout":"default","site-content-layout":"default","ast-site-content-layout":"","site-content-style":"default","site-sidebar-style":"default","ast-global-header-display":"","ast-banner-title-visibility":"","ast-main-header-display":"","ast-hfb-above-header-display":"","ast-hfb-below-header-display":"","ast-hfb-mobile-header-display":"","site-post-title":"","ast-breadcrumbs-content":"","ast-featured-img":"","footer-sml-layout":"","theme-transparent-header-meta":"default","adv-header-id-meta":"","stick-header-meta":"","header-above-stick-meta":"","header-main-stick-meta":"","header-below-stick-meta":"","astra-migrate-meta-layouts":""},"product_cat":[59,74],"product_tag":[],"class_list":["post-840","product","type-product","status-publish","has-post-thumbnail","hentry","product_cat-gamme-domestique","product_cat-generateurs-thermiques-diesel","desktop-align-left","tablet-align-left","mobile-align-left"],"_links":{"self":[{"href":"https:\/\/carbonsdelclos.com\/fr\/wp-json\/wp\/v2\/product\/840","targetHints":{"allow":["GET"]}}],"collection":[{"href":"https:\/\/carbonsdelclos.com\/fr\/wp-json\/wp\/v2\/product"}],"about":[{"href":"https:\/\/carbonsdelclos.com\/fr\/wp-json\/wp\/v2\/types\/product"}],"wp:featuredmedia":[{"embeddable":true,"href":"https:\/\/carbonsdelclos.com\/fr\/wp-json\/wp\/v2\/media\/591"}],"wp:attachment":[{"href":"https:\/\/carbonsdelclos.com\/fr\/wp-json\/wp\/v2\/media?parent=840"}],"wp:term":[{"taxonomy":"product_cat","embeddable":true,"href":"https:\/\/carbonsdelclos.com\/fr\/wp-json\/wp\/v2\/product_cat?post=840"},{"taxonomy":"product_tag","embeddable":true,"href":"https:\/\/carbonsdelclos.com\/fr\/wp-json\/wp\/v2\/product_tag?post=840"}],"curies":[{"name":"wp","href":"https:\/\/api.w.org\/{rel}","templated":true}]}}