{"id":842,"date":"2022-06-27T13:37:26","date_gmt":"2022-06-27T13:37:26","guid":{"rendered":"https:\/\/carbonsdelclos.com\/producto\/climatronic-et-climatronic-av\/"},"modified":"2022-06-27T13:37:26","modified_gmt":"2022-06-27T13:37:26","slug":"climatronic-et-climatronic-av","status":"publish","type":"product","link":"https:\/\/carbonsdelclos.com\/fr\/produit\/climatronic-et-climatronic-av\/","title":{"rendered":"CLIMATRONIC et CLIMATRONIC AV"},"content":{"rendered":"<h3>CLIMATRONIC<\/h3>\n<p>&#8211; Unit\u00e9s thermiques construites avec des \u00e9l\u00e9ments en fonte Chaudi\u00e8re \u00e0 triple parcours qui permettent d&rsquo;optimiser l&rsquo;efficacit\u00e9 \u00e9nerg\u00e9tique. En outre, leurs caract\u00e9ristiques de construction vous offrent un excellente vue de la flamme de combustion.<br \/>\n&#8211; Conception et construction pour faciliter l&rsquo;entretien et le nettoyage.<br \/>\n&#8211; Diff\u00e9rentes versions pour un \u00e9ventail de pouvoirs utiles 23220-30690 kcal\/h.<br \/>\n<strong>CLIMATRONIC A:<\/strong> la production de chauffage +: instantan\u00e9e mixte ACS bobine de type instantan\u00e9 pour une plus grande autonomie fonctionnement et la durabilit\u00e9<br \/>\n<strong>CLIMATRONIC AC:<\/strong> chauffage + d&rsquo;eau chaude sanitaire avec eau chaude externe (non compris dans la livraison).<br \/>\n&#8211; Thermiquement et acoustiquement isol\u00e9e.<br \/>\n&#8211; Bonne finition ext\u00e9rieure offrant une haute protection contre les attaques par des agents environnementaux externes. &#8211; La carte \u00e9lectronique dispose de 3 modes de fonctionnement et dispose de fonctionnalit\u00e9s suppl\u00e9mentaires qui am\u00e9liorent les performances chaudi\u00e8re et permettre de plus grandes \u00e9conomies. L&rsquo;utilisateur sait tout temps les valeurs de temp\u00e9rature et de pression, et par La messagerie texte est inform\u00e9 de tout incident.<\/p>\n<table class=\"table table-bordered\">\n<thead>\n<tr>\n<th>MODEL<\/th>\n<th>CODE<\/th>\n<th>Version<\/th>\n<th>Puissance de utile<br \/>\n(KW)<\/th>\n<th>Puissance de utile<br \/>\n(Kcal\/h)<\/th>\n<th>Eau chaude<\/th>\n<th>Poid<\/th>\n<th>P.V.P<\/th>\n<\/tr>\n<\/thead>\n<tbody>\n<tr>\n<td style=\"color: #ff0000;\">CLIMATRONIC 30 A<\/td>\n<td>1462<\/td>\n<td rowspan=\"2\">Chauffage + ECS instantan\u00e9e<\/td>\n<td>27<\/td>\n<td>23.220<\/td>\n<td>  13<\/td>\n<td>  162<\/td>\n<td>1.730<\/td>\n<\/tr>\n<tr>\n<td style=\"color: #ff0000;\">CLIMATRONIC 40 A<\/td>\n<td>1467<\/td>\n<td>36<\/td>\n<td>30.960<\/td>\n<td>15,3<\/td>\n<td>202<\/td>\n<td>1.893<\/td>\n<\/tr>\n<tr>\n<td style=\"color: #ff0000;\">CLIMATRONIC 30 AC<\/td>\n<td>1463<\/td>\n<td rowspan=\"2\">Chauffage + ECS pour ballon de stockage externe<\/td>\n<td>27<\/td>\n<td>23.220<\/td>\n<td>&#8211;<\/td>\n<td>155<\/td>\n<td>1.678<\/td>\n<\/tr>\n<tr>\n<td style=\"color: #ff0000;\">CLIMATRONIC 40 AC<\/td>\n<td>1468<\/td>\n<td>36<\/td>\n<td>30.960<\/td>\n<td>&#8211;<\/td>\n<td>195<\/td>\n<td>1.850<\/td>\n<\/tr>\n<\/tbody>\n<\/table>\n<h3>CLIMATRONIC AV<\/h3>\n<p>&#8211; Unit\u00e9s thermiques con\u00e7us et construits sur le base incorporant une gamme CLIMATRONIC ACS syst\u00e8me d&rsquo;accumulation en incluant dans unit\u00e9, disposer de d\u00e9bits \u00e9lev\u00e9s service ACS.<br \/>\n&#8211; Pouvoirs de 23 220 votes et 30 960 kcal\/H.<br \/>\n&#8211; Deux versions de interacumulador vertical dans le TRONIC gamme AV. L&rsquo;utilisation de chaque type arriv\u00e9 recommand\u00e9 selon les caract\u00e9ristiques eau.<br \/>\n<strong>100 litres:<\/strong> en acier inox AISI 316 L.<br \/>\n<strong>100 litres:<\/strong> enduit vitrifi\u00e9 d&rsquo;anode magn\u00e9sium.<\/p>\n<table class=\"table table-bordered\">\n<thead>\n<tr>\n<th>MODEL<\/th>\n<th>CODE<\/th>\n<th>Version<\/th>\n<th>Puissance de utile<br \/>\n(KW)<\/th>\n<th>Puissance de utile<br \/>\n(Kcal\/h)<\/th>\n<th>Eau chaude<\/th>\n<th>Poid<\/th>\n<th>P.V.P<\/th>\n<\/tr>\n<\/thead>\n<tbody>\n<tr>\n<td style=\"color: #ff0000;\" rowspan=\"2\">CLIMATRONICAV 30<\/td>\n<td>2160<\/td>\n<td>Vitrifi\u00e9<\/td>\n<td>27<\/td>\n<td>23.220<\/td>\n<td>720<\/td>\n<td>265<\/td>\n<td>2.323<\/td>\n<\/tr>\n<tr>\n<td>2161<\/td>\n<td>Inoxidable<\/td>\n<td>27<\/td>\n<td>23.220<\/td>\n<td>732<\/td>\n<td>265<\/td>\n<td>2.521<\/td>\n<\/tr>\n<tr>\n<td style=\"color: #ff0000;\" rowspan=\"2\">CLIMATRONICAV 40<\/td>\n<td>2162<\/td>\n<td>Vitrifi\u00e9<\/td>\n<td>36<\/td>\n<td>30.960<\/td>\n<td>870<\/td>\n<td>277<\/td>\n<td>2.564<\/td>\n<\/tr>\n<tr>\n<td>2163<\/td>\n<td>Inoxidable<\/td>\n<td>36<\/td>\n<td>30.960<\/td>\n<td>912<\/td>\n<td>277<\/td>\n<td>2.754<\/td>\n<\/tr>\n<\/tbody>\n<\/table>\n","protected":false},"excerpt":{"rendered":"<p>Groupe de fonte de chaleur &#8211; Diesel<\/p>\n","protected":false},"featured_media":599,"template":"","meta":{"site-sidebar-layout":"default","site-content-layout":"default","ast-site-content-layout":"","site-content-style":"default","site-sidebar-style":"default","ast-global-header-display":"","ast-banner-title-visibility":"","ast-main-header-display":"","ast-hfb-above-header-display":"","ast-hfb-below-header-display":"","ast-hfb-mobile-header-display":"","site-post-title":"","ast-breadcrumbs-content":"","ast-featured-img":"","footer-sml-layout":"","theme-transparent-header-meta":"default","adv-header-id-meta":"","stick-header-meta":"","header-above-stick-meta":"","header-main-stick-meta":"","header-below-stick-meta":"","astra-migrate-meta-layouts":""},"product_cat":[59,74],"product_tag":[],"class_list":["post-842","product","type-product","status-publish","has-post-thumbnail","hentry","product_cat-gamme-domestique","product_cat-generateurs-thermiques-diesel","desktop-align-left","tablet-align-left","mobile-align-left"],"_links":{"self":[{"href":"https:\/\/carbonsdelclos.com\/fr\/wp-json\/wp\/v2\/product\/842","targetHints":{"allow":["GET"]}}],"collection":[{"href":"https:\/\/carbonsdelclos.com\/fr\/wp-json\/wp\/v2\/product"}],"about":[{"href":"https:\/\/carbonsdelclos.com\/fr\/wp-json\/wp\/v2\/types\/product"}],"wp:featuredmedia":[{"embeddable":true,"href":"https:\/\/carbonsdelclos.com\/fr\/wp-json\/wp\/v2\/media\/599"}],"wp:attachment":[{"href":"https:\/\/carbonsdelclos.com\/fr\/wp-json\/wp\/v2\/media?parent=842"}],"wp:term":[{"taxonomy":"product_cat","embeddable":true,"href":"https:\/\/carbonsdelclos.com\/fr\/wp-json\/wp\/v2\/product_cat?post=842"},{"taxonomy":"product_tag","embeddable":true,"href":"https:\/\/carbonsdelclos.com\/fr\/wp-json\/wp\/v2\/product_tag?post=842"}],"curies":[{"name":"wp","href":"https:\/\/api.w.org\/{rel}","templated":true}]}}